{"id":1228,"date":"2017-06-08T07:45:54","date_gmt":"2017-06-08T05:45:54","guid":{"rendered":"http:\/\/cpl14.fr\/?page_id=1228"},"modified":"2017-06-08T07:45:54","modified_gmt":"2017-06-08T05:45:54","slug":"1793-1","status":"publish","type":"page","link":"https:\/\/cpl14.fr\/?page_id=1228","title":{"rendered":"1793.1"},"content":{"rendered":"<h5><strong>La Marque Postale<\/strong><\/h5>\n<p><img loading=\"lazy\" decoding=\"async\" class=\"aligncenter size-full wp-image-1230\" src=\"http:\/\/cpl14.fr\/wp-content\/uploads\/2017\/06\/lettre-5.jpg\" alt=\"\" width=\"900\" height=\"658\" srcset=\"https:\/\/cpl14.fr\/wp-content\/uploads\/2017\/06\/lettre-5.jpg 900w, https:\/\/cpl14.fr\/wp-content\/uploads\/2017\/06\/lettre-5-300x219.jpg 300w, https:\/\/cpl14.fr\/wp-content\/uploads\/2017\/06\/lettre-5-768x561.jpg 768w\" sizes=\"auto, (max-width: 900px) 100vw, 900px\" \/><\/p>\n<p><u>#\u00a0\u00a0\u00a0\u00a0\u00a0\u00a0\u00a0\u00a0\u00a0\u00a0\u00a0\u00a0\u00a0\u00a0\u00a0\u00a0\u00a0\u00a0\u00a0\u00a0\u00a0\u00a0\u00a0 <\/u>13 \/ LISIEUX \u00a026\u00d78mm noir (n\u00b020b &#8211; 1793.1800)<\/p>\n<p><u>\u00a5\u00a0\u00a0\u00a0\u00a0\u00a0\u00a0\u00a0\u00a0\u00a0\u00a0\u00a0\u00a0\u00a0\u00a0\u00a0\u00a0\u00a0\u00a0\u00a0\u00a0\u00a0\u00a0\u00a0 <\/u>24 Frimaire An 2 = 14 Decembre 1793<\/p>\n<p><u>!\u00a0\u00a0\u00a0\u00a0\u00a0\u00a0\u00a0\u00a0\u00a0\u00a0\u00a0\u00a0 <\/u>Taxe 5 manuscrite pour Bernay<\/p>\n<p><u>T \u00a0 \u00a0\u00a0\u00a0\u00a0\u00a0\u00a0\u00a0\u00a0 <\/u>Tarif du 1 Janvier 1792 = voir d\u00e9tail tarifs de 1792 (photos jointes avec r\u00e9f\u00e9rences du catalogue\u00a0des tarifs postaux).<\/p>\n<p><img loading=\"lazy\" decoding=\"async\" class=\"aligncenter size-large wp-image-1231\" src=\"http:\/\/cpl14.fr\/wp-content\/uploads\/2017\/06\/tarif-2.jpg\" alt=\"\" width=\"787\" height=\"815\" srcset=\"https:\/\/cpl14.fr\/wp-content\/uploads\/2017\/06\/tarif-2.jpg 787w, https:\/\/cpl14.fr\/wp-content\/uploads\/2017\/06\/tarif-2-290x300.jpg 290w, https:\/\/cpl14.fr\/wp-content\/uploads\/2017\/06\/tarif-2-768x795.jpg 768w\" sizes=\"auto, (max-width: 787px) 100vw, 787px\" \/><\/p>\n<p><img loading=\"lazy\" decoding=\"async\" class=\"aligncenter size-large wp-image-1232\" src=\"http:\/\/cpl14.fr\/wp-content\/uploads\/2017\/06\/tarif-3.jpg\" alt=\"\" width=\"492\" height=\"815\" srcset=\"https:\/\/cpl14.fr\/wp-content\/uploads\/2017\/06\/tarif-3.jpg 492w, https:\/\/cpl14.fr\/wp-content\/uploads\/2017\/06\/tarif-3-181x300.jpg 181w\" sizes=\"auto, (max-width: 492px) 100vw, 492px\" \/><\/p>\n<p><u><\/u><u>\u25cb\u00a0\u00a0\u00a0\u00a0\u00a0\u00a0\u00a0\u00a0\u00a0\u00a0\u00a0 <\/u>conservez les r\u00e9f\u00e9rences utiles de ces tarifs!<\/p>\n<p>&nbsp;<\/p>\n<h5><strong>La Lettre<\/strong><\/h5>\n<p><u>\u2661<\/u><u> \u00a0\u00a0\u00a0\u00a0\u00a0\u00a0\u00a0\u00a0\u00a0\u00a0 <\/u>Le Villain et Beccard<\/p>\n<p><u>[ ] \u00a0 \u00a0\u00a0\u00a0\u00a0\u00a0\u00a0\u00a0 <\/u>Les Membres du Comit\u00e9 de Correspondance de la Soci\u00e9t\u00e9 Populaire de Lisieux<\/p>\n<p><u>\u2665 \u00a0 \u00a0\u00a0\u00a0\u00a0\u00a0\u00a0\u00a0\u00a0 <\/u>Aux citoyens composant la Soci\u00e9t\u00e9 Populaire \u00e0 Bernay<\/p>\n<p><u>= \u00a0 \u00a0\u00a0\u00a0\u00a0\u00a0\u00a0\u00a0\u00a0 <\/u>Demande de renseignements sur un membre de la Soci\u00e9t\u00e9 Populaire de Chambraye<\/p>\n<p><u>&gt; \u00a0\u00a0\u00a0\u00a0\u00a0\u00a0\u00a0\u00a0\u00a0\u00a0 <\/u>cette personne n&rsquo;est pas nomm\u00e9e Seuls noms: les signataires Et \u00ab\u00a0fr\u00e8res et amis sans-culottes\u00a0\u00bb<\/p>\n<p><u>&lt; \u00a0 \u00a0 \u00a0\u00a0\u00a0\u00a0\u00a0\u00a0 <\/u>Bernay, \u00a0Chambraye<\/p>\n<p><u>\u00a4 \u00a0 \u00a0 \u00a0\u00a0\u00a0\u00a0\u00a0\u00a0 <\/u>Sceau manquant<\/p>\n<p><u>\u2605<\/u><u> \u00a0 \u00a0\u00a0\u00a0\u00a0\u00a0\u00a0 <\/u>photos jointes<\/p>\n<p><img loading=\"lazy\" decoding=\"async\" class=\"aligncenter size-large wp-image-1233\" src=\"http:\/\/cpl14.fr\/wp-content\/uploads\/2017\/06\/texte-1-5-767x1024.jpg\" alt=\"\" width=\"767\" height=\"1024\" srcset=\"https:\/\/cpl14.fr\/wp-content\/uploads\/2017\/06\/texte-1-5-767x1024.jpg 767w, https:\/\/cpl14.fr\/wp-content\/uploads\/2017\/06\/texte-1-5-225x300.jpg 225w, https:\/\/cpl14.fr\/wp-content\/uploads\/2017\/06\/texte-1-5-768x1025.jpg 768w, https:\/\/cpl14.fr\/wp-content\/uploads\/2017\/06\/texte-1-5.jpg 900w\" sizes=\"auto, (max-width: 767px) 100vw, 767px\" \/><\/p>\n<p><img loading=\"lazy\" decoding=\"async\" class=\"aligncenter size-full wp-image-1234\" src=\"http:\/\/cpl14.fr\/wp-content\/uploads\/2017\/06\/texte-2-5.jpg\" alt=\"\" width=\"900\" height=\"482\" srcset=\"https:\/\/cpl14.fr\/wp-content\/uploads\/2017\/06\/texte-2-5.jpg 900w, https:\/\/cpl14.fr\/wp-content\/uploads\/2017\/06\/texte-2-5-300x161.jpg 300w, https:\/\/cpl14.fr\/wp-content\/uploads\/2017\/06\/texte-2-5-768x411.jpg 768w\" sizes=\"auto, (max-width: 900px) 100vw, 900px\" \/><\/p>\n<p>&nbsp;<\/p>\n<h5><strong>Le Papier<\/strong><\/h5>\n<p><u>\u25a1 \u00a0 \u00a0\u00a0\u00a0\u00a0\u00a0\u00a0\u00a0\u00a0 <\/u>37\u00d724,5 cm<\/p>\n<p><u>\u2606<\/u><u> \u00a0\u00a0\u00a0\u00a0\u00a0\u00a0\u00a0\u00a0 <\/u>filigrane de 3 anneaux dans un cadre circulaire dentel\u00e9 = anneaux 12mm &#8211; le cadre 62mm<\/p>\n<p><u>\u2605<\/u><u> \u00a0\u00a0\u00a0\u00a0\u00a0\u00a0\u00a0\u00a0 <\/u>\u00a0photo du filigrane<\/p>\n<p><img loading=\"lazy\" decoding=\"async\" class=\"aligncenter size-full wp-image-1235\" src=\"http:\/\/cpl14.fr\/wp-content\/uploads\/2017\/06\/filigrane-3.jpg\" alt=\"\" width=\"800\" height=\"883\" srcset=\"https:\/\/cpl14.fr\/wp-content\/uploads\/2017\/06\/filigrane-3.jpg 800w, https:\/\/cpl14.fr\/wp-content\/uploads\/2017\/06\/filigrane-3-272x300.jpg 272w, https:\/\/cpl14.fr\/wp-content\/uploads\/2017\/06\/filigrane-3-768x848.jpg 768w\" sizes=\"auto, (max-width: 800px) 100vw, 800px\" \/><\/p>\n<p><u>\u25cb \u00a0\u00a0\u00a0\u00a0\u00a0\u00a0\u00a0\u00a0\u00a0\u00a0 <\/u>Le filigrane aux anneaux est aussi dit \u00ab\u00a0Trois annelets\u00a0\u00bb ou \u00ab\u00a0\u00e9cu aux trois O\u00a0\u00bb et signal\u00e9 dans la G\u00e9n\u00e9ralit\u00e9\u00a0de Caen d\u00e8s 1731 (Gaudriault p.158.159). Diff\u00e9rents mod\u00e8les sont reproduits dans Gaudriault (pl.113.114)\u00a0souvent dans un \u00e9cu ou blason. Notre mod\u00e8le n&rsquo;y est pas.<\/p>\n<h5><\/h5>\n<p>&nbsp;<\/p>\n","protected":false},"excerpt":{"rendered":"<div class=\"mh-excerpt\"><p>La Marque Postale #\u00a0\u00a0\u00a0\u00a0\u00a0\u00a0\u00a0\u00a0\u00a0\u00a0\u00a0\u00a0\u00a0\u00a0\u00a0\u00a0\u00a0\u00a0\u00a0\u00a0\u00a0\u00a0\u00a0 13 \/ LISIEUX \u00a026\u00d78mm noir (n\u00b020b &#8211; 1793.1800) \u00a5\u00a0\u00a0\u00a0\u00a0\u00a0\u00a0\u00a0\u00a0\u00a0\u00a0\u00a0\u00a0\u00a0\u00a0\u00a0\u00a0\u00a0\u00a0\u00a0\u00a0\u00a0\u00a0\u00a0 24 Frimaire An 2 = 14 Decembre 1793 !\u00a0\u00a0\u00a0\u00a0\u00a0\u00a0\u00a0\u00a0\u00a0\u00a0\u00a0\u00a0 Taxe 5 manuscrite <a class=\"mh-excerpt-more\" href=\"https:\/\/cpl14.fr\/?page_id=1228\" title=\"1793.1\">[&#8230;]<\/a><\/p>\n<\/div>","protected":false},"author":1,"featured_media":1229,"parent":0,"menu_order":0,"comment_status":"closed","ping_status":"closed","template":"","meta":{"footnotes":""},"class_list":["post-1228","page","type-page","status-publish","has-post-thumbnail","hentry"],"_links":{"self":[{"href":"https:\/\/cpl14.fr\/index.php?rest_route=\/wp\/v2\/pages\/1228","targetHints":{"allow":["GET"]}}],"collection":[{"href":"https:\/\/cpl14.fr\/index.php?rest_route=\/wp\/v2\/pages"}],"about":[{"href":"https:\/\/cpl14.fr\/index.php?rest_route=\/wp\/v2\/types\/page"}],"author":[{"embeddable":true,"href":"https:\/\/cpl14.fr\/index.php?rest_route=\/wp\/v2\/users\/1"}],"replies":[{"embeddable":true,"href":"https:\/\/cpl14.fr\/index.php?rest_route=%2Fwp%2Fv2%2Fcomments&post=1228"}],"version-history":[{"count":2,"href":"https:\/\/cpl14.fr\/index.php?rest_route=\/wp\/v2\/pages\/1228\/revisions"}],"predecessor-version":[{"id":1238,"href":"https:\/\/cpl14.fr\/index.php?rest_route=\/wp\/v2\/pages\/1228\/revisions\/1238"}],"wp:featuredmedia":[{"embeddable":true,"href":"https:\/\/cpl14.fr\/index.php?rest_route=\/wp\/v2\/media\/1229"}],"wp:attachment":[{"href":"https:\/\/cpl14.fr\/index.php?rest_route=%2Fwp%2Fv2%2Fmedia&parent=1228"}],"curies":[{"name":"wp","href":"https:\/\/api.w.org\/{rel}","templated":true}]}}