{"id":1240,"date":"2017-06-08T07:57:56","date_gmt":"2017-06-08T05:57:56","guid":{"rendered":"http:\/\/cpl14.fr\/?page_id=1240"},"modified":"2017-06-08T07:57:56","modified_gmt":"2017-06-08T05:57:56","slug":"1797-1","status":"publish","type":"page","link":"https:\/\/cpl14.fr\/?page_id=1240","title":{"rendered":"1797.1"},"content":{"rendered":"<h5>La Marque Postale<\/h5>\n<p><img loading=\"lazy\" decoding=\"async\" class=\"aligncenter size-large wp-image-1242\" src=\"http:\/\/cpl14.fr\/wp-content\/uploads\/2017\/06\/lettre-6.jpg\" alt=\"\" width=\"900\" height=\"546\" srcset=\"https:\/\/cpl14.fr\/wp-content\/uploads\/2017\/06\/lettre-6.jpg 900w, https:\/\/cpl14.fr\/wp-content\/uploads\/2017\/06\/lettre-6-300x182.jpg 300w, https:\/\/cpl14.fr\/wp-content\/uploads\/2017\/06\/lettre-6-768x466.jpg 768w\" sizes=\"auto, (max-width: 900px) 100vw, 900px\" \/><\/p>\n<p># \u00a0marque 13 \/ LISIEUX (26\u00d78mm &#8211;\u00a0\u00a0noire &#8211; n\u00b020b)<\/p>\n<p>\u00a5 \u00a019 flor\u00e9al an V = 8 mai 1797<\/p>\n<p>! \u00a0 \u00a0En franchise pour Paris<\/p>\n<p>T \u00a0 Franchise Ministre de la Guerre<\/p>\n<p>&nbsp;<\/p>\n<h5>La Lettre<\/h5>\n<p>\u2661 \u00a0Lemonnier<\/p>\n<p>[ ] \u00a0 Agent municipal du Mesnil\u00a0Germain.<\/p>\n<p>\u2665 \u00a0 Ministre de la Guerre &#8211; Paris<\/p>\n<p>= \u00a0 \u00a0Re\u00e7u d&rsquo;une copie de jugement \u00a0militaire.<\/p>\n<p>&gt; \u00a0 \u00a0Pierre Luan (?).<\/p>\n<p>&lt; \u00a0 \u00a0Le Mesnil Germain et Fervacques \u00ab\u00a0FARVAQUES\u00a0\u00bb<\/p>\n<p>\u20a9 \u00a0En t\u00eate imprim\u00e9 DECLARATION D\u00e9partement de la Guerre, 2\u00b0 Division, \u00a0Bureau de la Police Militaire<\/p>\n<p>\u25cb \u00a0 Condamnation \u00e0 5 ans de Fers et au remboursement de 57\u00a0livres 5 sols pour \u00a0\u00bb d\u00e9sertion \u00e0 l&rsquo;int\u00e9rieur avec bagage \u00ab\u00a0. Le jugement est notifi\u00e9 \u00e0 la famille.<\/p>\n<p>\u2605 \u00a0 Voir photo du texte.<\/p>\n<p><img loading=\"lazy\" decoding=\"async\" class=\"aligncenter size-large wp-image-1243\" src=\"http:\/\/cpl14.fr\/wp-content\/uploads\/2017\/06\/texte-650x1024.jpg\" alt=\"\" width=\"650\" height=\"1024\" srcset=\"https:\/\/cpl14.fr\/wp-content\/uploads\/2017\/06\/texte-650x1024.jpg 650w, https:\/\/cpl14.fr\/wp-content\/uploads\/2017\/06\/texte-191x300.jpg 191w, https:\/\/cpl14.fr\/wp-content\/uploads\/2017\/06\/texte-768x1209.jpg 768w, https:\/\/cpl14.fr\/wp-content\/uploads\/2017\/06\/texte.jpg 900w\" sizes=\"auto, (max-width: 650px) 100vw, 650px\" \/><\/p>\n<p>\u00a4 \u00a0 \u00a0Marque administrative ovale,\u00a0 au verso, encre noire<\/p>\n<p>ADM.TION M.PALE DU CANTON, DE FARVAQUES, DPT DU CALVADOS, \u00a0Au centre orn\u00e9<\/p>\n<p>\u2605 voir photo du cachet<\/p>\n<p><img loading=\"lazy\" decoding=\"async\" class=\"aligncenter size-full wp-image-1244\" src=\"http:\/\/cpl14.fr\/wp-content\/uploads\/2017\/06\/cachet-au-verso.jpg\" alt=\"\" width=\"600\" height=\"680\" srcset=\"https:\/\/cpl14.fr\/wp-content\/uploads\/2017\/06\/cachet-au-verso.jpg 600w, https:\/\/cpl14.fr\/wp-content\/uploads\/2017\/06\/cachet-au-verso-265x300.jpg 265w\" sizes=\"auto, (max-width: 600px) 100vw, 600px\" \/><\/p>\n<p>&nbsp;<\/p>\n<h5>Le Papier<\/h5>\n<p>\u25a1 \u00a0 Feuille en partie imprim\u00e9e 32,5 \u00d7 21,5 cm<\/p>\n<p>\u2606 filigrane au centre, style armoirie, fin XVIIIe, cercle orn\u00e9 ?\u00a0Non identifi\u00e9<\/p>\n<p>\u2605 \u00a0voir photo du filigrane<\/p>\n<p><img loading=\"lazy\" decoding=\"async\" class=\"aligncenter size-large wp-image-1245\" src=\"http:\/\/cpl14.fr\/wp-content\/uploads\/2017\/06\/le-filigrane-576x1024.jpg\" alt=\"\" width=\"576\" height=\"1024\" srcset=\"https:\/\/cpl14.fr\/wp-content\/uploads\/2017\/06\/le-filigrane-576x1024.jpg 576w, https:\/\/cpl14.fr\/wp-content\/uploads\/2017\/06\/le-filigrane-169x300.jpg 169w, https:\/\/cpl14.fr\/wp-content\/uploads\/2017\/06\/le-filigrane.jpg 600w\" sizes=\"auto, (max-width: 576px) 100vw, 576px\" \/><\/p>\n","protected":false},"excerpt":{"rendered":"<div class=\"mh-excerpt\"><p>La Marque Postale # \u00a0marque 13 \/ LISIEUX (26\u00d78mm &#8211;\u00a0\u00a0noire &#8211; n\u00b020b) \u00a5 \u00a019 flor\u00e9al an V = 8 mai 1797 ! \u00a0 \u00a0En franchise <a class=\"mh-excerpt-more\" href=\"https:\/\/cpl14.fr\/?page_id=1240\" title=\"1797.1\">[&#8230;]<\/a><\/p>\n<\/div>","protected":false},"author":1,"featured_media":1241,"parent":0,"menu_order":0,"comment_status":"closed","ping_status":"closed","template":"","meta":{"footnotes":""},"class_list":["post-1240","page","type-page","status-publish","has-post-thumbnail","hentry"],"_links":{"self":[{"href":"https:\/\/cpl14.fr\/index.php?rest_route=\/wp\/v2\/pages\/1240","targetHints":{"allow":["GET"]}}],"collection":[{"href":"https:\/\/cpl14.fr\/index.php?rest_route=\/wp\/v2\/pages"}],"about":[{"href":"https:\/\/cpl14.fr\/index.php?rest_route=\/wp\/v2\/types\/page"}],"author":[{"embeddable":true,"href":"https:\/\/cpl14.fr\/index.php?rest_route=\/wp\/v2\/users\/1"}],"replies":[{"embeddable":true,"href":"https:\/\/cpl14.fr\/index.php?rest_route=%2Fwp%2Fv2%2Fcomments&post=1240"}],"version-history":[{"count":1,"href":"https:\/\/cpl14.fr\/index.php?rest_route=\/wp\/v2\/pages\/1240\/revisions"}],"predecessor-version":[{"id":1246,"href":"https:\/\/cpl14.fr\/index.php?rest_route=\/wp\/v2\/pages\/1240\/revisions\/1246"}],"wp:featuredmedia":[{"embeddable":true,"href":"https:\/\/cpl14.fr\/index.php?rest_route=\/wp\/v2\/media\/1241"}],"wp:attachment":[{"href":"https:\/\/cpl14.fr\/index.php?rest_route=%2Fwp%2Fv2%2Fmedia&parent=1240"}],"curies":[{"name":"wp","href":"https:\/\/api.w.org\/{rel}","templated":true}]}}