{"id":1248,"date":"2017-06-08T08:15:59","date_gmt":"2017-06-08T06:15:59","guid":{"rendered":"http:\/\/cpl14.fr\/?page_id=1248"},"modified":"2017-06-08T08:15:59","modified_gmt":"2017-06-08T06:15:59","slug":"1821-1","status":"publish","type":"page","link":"https:\/\/cpl14.fr\/?page_id=1248","title":{"rendered":"1821.1"},"content":{"rendered":"<h5>La marque postale<\/h5>\n<p><img loading=\"lazy\" decoding=\"async\" class=\"aligncenter size-full wp-image-1250\" src=\"http:\/\/cpl14.fr\/wp-content\/uploads\/2017\/06\/lettre-7.jpg\" alt=\"\" width=\"800\" height=\"472\" srcset=\"https:\/\/cpl14.fr\/wp-content\/uploads\/2017\/06\/lettre-7.jpg 800w, https:\/\/cpl14.fr\/wp-content\/uploads\/2017\/06\/lettre-7-300x177.jpg 300w, https:\/\/cpl14.fr\/wp-content\/uploads\/2017\/06\/lettre-7-768x453.jpg 768w\" sizes=\"auto, (max-width: 800px) 100vw, 800px\" \/><\/p>\n<p># \u00a0\u00ab\u00a0acquit\u00e9 \u00e0 Lisieux\u00a0\u00bb marque manuscrite, dite de \u00a0\u00bb d\u00e9bours\u00e9 \u00e9vit\u00e9\u00a0\u00bb\u00a0que nous ne connaissions pas pour Lisieux: va prendre le num\u00e9ro 38 de\u00a0notre catalogue.\u00a0Des explications d\u00e9taill\u00e9es vont suivre, car le sujet n&rsquo;est pas simple.<\/p>\n<p>\u00a5 \u00a0fin mai 1821 \u00a0L&rsquo;arriv\u00e9e \u00e0 Paris \u00e9tant du 1 Juin<\/p>\n<p>! \u00a0 Taxe 3, annul\u00e9e, \u00a0puis 4.<\/p>\n<p>T \u00a0 Tarif du 24 avril 1806, de bureau \u00e0 bureau, selon la route la plus courte du service de la Poste.\u00a03 \u00a0d\u00e9cimes jusqu&rsquo;\u00e0 100 kms.\u00a04 d\u00e9cimes jusqu&rsquo;\u00e0 200 kms.<\/p>\n<p>&amp; \u00a0d\u00e9part 59\/ALEN\u00c7ON , en port du (3 d\u00e9cimes) pour :<\/p>\n<ol>\n<li>De la Vogue\/ gendre de Mr de Jupilles\/\u00e0 Caen.<\/li>\n<\/ol>\n<p>\u2605 photo de la marque Alen\u00e7on.<\/p>\n<p><img loading=\"lazy\" decoding=\"async\" class=\"aligncenter size-full wp-image-1252\" src=\"http:\/\/cpl14.fr\/wp-content\/uploads\/2017\/06\/Photo-de-la-marque-Alen\u00e7on.jpg\" alt=\"\" width=\"494\" height=\"271\" srcset=\"https:\/\/cpl14.fr\/wp-content\/uploads\/2017\/06\/Photo-de-la-marque-Alen\u00e7on.jpg 494w, https:\/\/cpl14.fr\/wp-content\/uploads\/2017\/06\/Photo-de-la-marque-Alen\u00e7on-300x165.jpg 300w\" sizes=\"auto, (max-width: 494px) 100vw, 494px\" \/><\/p>\n<p>A CAEN, le destinataire est absent ou parti:\u00a0\u00a0Verso DEB.13\/CAEN (voir note\u00a0sur les d\u00e9bours\u00e9s)<\/p>\n<p>A ce moment l&rsquo;adresse est modifi\u00e9e:\u00a0\u00ab\u00a0Chez Mr Formage\/en fasse l&rsquo;Hotel Dieu\/Lisieux. La taxe est inchang\u00e9e.<\/p>\n<p>\u2605 \u00a0photo du D\u00e9bours\u00e9 de Caen.<\/p>\n<p><img loading=\"lazy\" decoding=\"async\" class=\"aligncenter size-full wp-image-1253\" src=\"http:\/\/cpl14.fr\/wp-content\/uploads\/2017\/06\/Photo-du-Deb-de-Caen.jpg\" alt=\"\" width=\"651\" height=\"347\" srcset=\"https:\/\/cpl14.fr\/wp-content\/uploads\/2017\/06\/Photo-du-Deb-de-Caen.jpg 651w, https:\/\/cpl14.fr\/wp-content\/uploads\/2017\/06\/Photo-du-Deb-de-Caen-300x160.jpg 300w\" sizes=\"auto, (max-width: 651px) 100vw, 651px\" \/><\/p>\n<p>A LISIEUX<\/p>\n<p>La taxe est modifi\u00e9e en 4 pour Paris (distance). Au lieu d&rsquo;effectuer \u00e0 nouveau un d\u00e9bours\u00e9, qui est une complication comptable minutieuse, le postier (ou le d\u00e9nomm\u00e9 Formage = bien connu \u00e0 Lisieux) fait \u00ab\u00a0l&rsquo;avance\u00a0\u00bb des 4 d\u00e9cimes! Ceci n&rsquo;est pas r\u00e9glementaire, mais bien plus facile pour le postier.<\/p>\n<p>C&rsquo;est cette op\u00e9ration de \u00a0\u00bb faire suivre\u00a0\u00bb comme on dirait de nos jours qui est nomm\u00e9e \u00ab\u00a0d\u00e9bours\u00e9 \u00e9vit\u00e9\u00a0\u00bb par les marcophiles&#8230;<\/p>\n<p>Suivons notre lettre:<\/p>\n<p>Une derni\u00e8re adresse est donc ajout\u00e9e (les pr\u00e9c\u00e9dentes ayant \u00e9t\u00e9 ray\u00e9es) et la lettre part pour Paris \u00e0 \u00ab\u00a0felix\u00a0\u00bb (de la Vogue) rue de bourbon n\u00b063\/faubourg St G\/Paris\u00a0\u00bb.<\/p>\n<p>A PARIS<\/p>\n<p>A l&rsquo;h\u00f4tel des Postes:<\/p>\n<p>\u25c7 le bureau des franchises v\u00e9rifie le port et appose donc son paraphe r\u00e9glementaire (Pothion n\u00b02073).<\/p>\n<p>\u2605 \u00a0photo du paraphe tampon.<\/p>\n<p><img loading=\"lazy\" decoding=\"async\" class=\"aligncenter size-full wp-image-1254\" src=\"http:\/\/cpl14.fr\/wp-content\/uploads\/2017\/06\/Photo-du-paraphe-de-Paris.jpg\" alt=\"\" width=\"326\" height=\"392\" srcset=\"https:\/\/cpl14.fr\/wp-content\/uploads\/2017\/06\/Photo-du-paraphe-de-Paris.jpg 326w, https:\/\/cpl14.fr\/wp-content\/uploads\/2017\/06\/Photo-du-paraphe-de-Paris-249x300.jpg 249w\" sizes=\"auto, (max-width: 326px) 100vw, 326px\" \/><\/p>\n<p>\u25c7 la lettre est confirm\u00e9e dans son port et acheminement par le bureau T 3e lev\u00e9e (Pothion n\u00b01146). Le timbre dateur est appos\u00e9 avant distribution le 1 Juin (Pothion\u00a0n\u00b01209). Le bureau T est aussi celui de la Grande Poste de Paris.<\/p>\n<p>\u2605 \u00a0photo bureau T et dateur.<\/p>\n<p><img loading=\"lazy\" decoding=\"async\" class=\"aligncenter size-full wp-image-1255\" src=\"http:\/\/cpl14.fr\/wp-content\/uploads\/2017\/06\/20150514_112354-1.jpg\" alt=\"\" width=\"548\" height=\"419\" srcset=\"https:\/\/cpl14.fr\/wp-content\/uploads\/2017\/06\/20150514_112354-1.jpg 548w, https:\/\/cpl14.fr\/wp-content\/uploads\/2017\/06\/20150514_112354-1-300x229.jpg 300w, https:\/\/cpl14.fr\/wp-content\/uploads\/2017\/06\/20150514_112354-1-80x60.jpg 80w\" sizes=\"auto, (max-width: 548px) 100vw, 548px\" \/><\/p>\n<p><img loading=\"lazy\" decoding=\"async\" class=\"aligncenter size-full wp-image-1251\" src=\"http:\/\/cpl14.fr\/wp-content\/uploads\/2017\/06\/20150506_162222-1.jpg\" alt=\"\" width=\"328\" height=\"330\" srcset=\"https:\/\/cpl14.fr\/wp-content\/uploads\/2017\/06\/20150506_162222-1.jpg 328w, https:\/\/cpl14.fr\/wp-content\/uploads\/2017\/06\/20150506_162222-1-150x150.jpg 150w, https:\/\/cpl14.fr\/wp-content\/uploads\/2017\/06\/20150506_162222-1-298x300.jpg 298w\" sizes=\"auto, (max-width: 328px) 100vw, 328px\" \/><\/p>\n<h5>@ autres contributions:<\/h5>\n<p>Ici du texte des feuilles marcophiles n\u00b0359 p 31 bas.<\/p>\n<p>\u2605 photo du texte des FM encadr\u00e9 sur les d\u00e9bours\u00e9s.<\/p>\n<p><img loading=\"lazy\" decoding=\"async\" class=\"aligncenter size-full wp-image-1256\" src=\"http:\/\/cpl14.fr\/wp-content\/uploads\/2017\/06\/20150514_113347-1.jpg\" alt=\"\" width=\"900\" height=\"438\" srcset=\"https:\/\/cpl14.fr\/wp-content\/uploads\/2017\/06\/20150514_113347-1.jpg 900w, https:\/\/cpl14.fr\/wp-content\/uploads\/2017\/06\/20150514_113347-1-300x146.jpg 300w, https:\/\/cpl14.fr\/wp-content\/uploads\/2017\/06\/20150514_113347-1-768x374.jpg 768w\" sizes=\"auto, (max-width: 900px) 100vw, 900px\" \/><\/p>\n<p>&nbsp;<\/p>\n<h5>La Lettre<\/h5>\n<p>\u2661 \u00a0Sign\u00e9e Des Essarts\u00a0\u00a0 Colonel charg\u00e9 du rec.t (recrutement) au dep.t de la Mayenne.<\/p>\n<p>[ ] \u00a0 Post\u00e9e \u00e0 Alen\u00e7on<\/p>\n<p>\u2665 \u00a0M. De Vogue (Felix?)<\/p>\n<p>= \u00a0 \u00a0Texte politique \u00e0 \u00e9tudier, bien que incomplet \u00ab\u00a0on me parle d&rsquo;ambition, de corruption, mais si ces hommes se sont laiss\u00e9s s\u00e9duire&#8230;\u00a0\u00bb<\/p>\n<p>&gt; \u00a0MM. \u00a0de Villele, de Corbi\u00e8res.<\/p>\n<p>&lt; \u00a0Caen, Lisieux, Paris (adresses)<\/p>\n<p>\u2605 Photo du texte<\/p>\n<p><img loading=\"lazy\" decoding=\"async\" class=\"aligncenter size-large wp-image-1257\" src=\"http:\/\/cpl14.fr\/wp-content\/uploads\/2017\/06\/texte-2-6-793x1024.jpg\" alt=\"\" width=\"793\" height=\"1024\" srcset=\"https:\/\/cpl14.fr\/wp-content\/uploads\/2017\/06\/texte-2-6-793x1024.jpg 793w, https:\/\/cpl14.fr\/wp-content\/uploads\/2017\/06\/texte-2-6-232x300.jpg 232w, https:\/\/cpl14.fr\/wp-content\/uploads\/2017\/06\/texte-2-6-768x992.jpg 768w, https:\/\/cpl14.fr\/wp-content\/uploads\/2017\/06\/texte-2-6.jpg 900w\" sizes=\"auto, (max-width: 793px) 100vw, 793px\" \/><\/p>\n<p>&nbsp;<\/p>\n<h5>Le papier<\/h5>\n<p>\u25a1 Sans sujet : une 1\/2 feuille d&rsquo;un texte incomplet non dat\u00e9 au d\u00e9part<\/p>\n<p>\u2606 \u00a0pas de filigrane visible.<\/p>\n","protected":false},"excerpt":{"rendered":"<div class=\"mh-excerpt\"><p>La marque postale # \u00a0\u00ab\u00a0acquit\u00e9 \u00e0 Lisieux\u00a0\u00bb marque manuscrite, dite de \u00a0\u00bb d\u00e9bours\u00e9 \u00e9vit\u00e9\u00a0\u00bb\u00a0que nous ne connaissions pas pour Lisieux: va prendre le num\u00e9ro 38 <a class=\"mh-excerpt-more\" href=\"https:\/\/cpl14.fr\/?page_id=1248\" title=\"1821.1\">[&#8230;]<\/a><\/p>\n<\/div>","protected":false},"author":1,"featured_media":1249,"parent":0,"menu_order":0,"comment_status":"closed","ping_status":"closed","template":"","meta":{"footnotes":""},"class_list":["post-1248","page","type-page","status-publish","has-post-thumbnail","hentry"],"_links":{"self":[{"href":"https:\/\/cpl14.fr\/index.php?rest_route=\/wp\/v2\/pages\/1248","targetHints":{"allow":["GET"]}}],"collection":[{"href":"https:\/\/cpl14.fr\/index.php?rest_route=\/wp\/v2\/pages"}],"about":[{"href":"https:\/\/cpl14.fr\/index.php?rest_route=\/wp\/v2\/types\/page"}],"author":[{"embeddable":true,"href":"https:\/\/cpl14.fr\/index.php?rest_route=\/wp\/v2\/users\/1"}],"replies":[{"embeddable":true,"href":"https:\/\/cpl14.fr\/index.php?rest_route=%2Fwp%2Fv2%2Fcomments&post=1248"}],"version-history":[{"count":4,"href":"https:\/\/cpl14.fr\/index.php?rest_route=\/wp\/v2\/pages\/1248\/revisions"}],"predecessor-version":[{"id":1261,"href":"https:\/\/cpl14.fr\/index.php?rest_route=\/wp\/v2\/pages\/1248\/revisions\/1261"}],"wp:featuredmedia":[{"embeddable":true,"href":"https:\/\/cpl14.fr\/index.php?rest_route=\/wp\/v2\/media\/1249"}],"wp:attachment":[{"href":"https:\/\/cpl14.fr\/index.php?rest_route=%2Fwp%2Fv2%2Fmedia&parent=1248"}],"curies":[{"name":"wp","href":"https:\/\/api.w.org\/{rel}","templated":true}]}}