{"id":1270,"date":"2017-06-08T09:44:49","date_gmt":"2017-06-08T07:44:49","guid":{"rendered":"http:\/\/cpl14.fr\/?page_id=1270"},"modified":"2020-03-27T12:13:39","modified_gmt":"2020-03-27T11:13:39","slug":"le-genre-mouchon","status":"publish","type":"page","link":"https:\/\/cpl14.fr\/?page_id=1270","title":{"rendered":"Le genre Mouchon"},"content":{"rendered":"<p><img loading=\"lazy\" decoding=\"async\" class=\"size-full wp-image-6627 aligncenter\" src=\"http:\/\/cpl14.fr\/wp-content\/uploads\/2020\/03\/mouchon.jpg\" alt=\"\" width=\"300\" height=\"361\" srcset=\"https:\/\/cpl14.fr\/wp-content\/uploads\/2020\/03\/mouchon.jpg 300w, https:\/\/cpl14.fr\/wp-content\/uploads\/2020\/03\/mouchon-249x300.jpg 249w\" sizes=\"auto, (max-width: 300px) 100vw, 300px\" \/><\/p>\n<p>Pour les timbres du genre Mouchon\u00a0de 1900 il existe 2 types g\u00e9n\u00e9raux:<\/p>\n<p>Ces 2 types sont la cons\u00e9quence d&rsquo;un changement de m\u00e9thode en cours d&rsquo;impression des timbres.<\/p>\n<p>Comme pour le genre Blanc, le poin\u00e7on primaire est sans valeur faciale.<\/p>\n<h4>Type I:<\/h4>\n<p>Pour les timbres au type I, toutes les valeurs sont imprim\u00e9es \u00e0 l&rsquo;aide d&rsquo;un galvano sans valeur faciale, puis la valeur faciale est imprim\u00e9e sur chaque feuille \u00e0 l&rsquo;aide d&rsquo;un galvano sans figurine. Cela concerne toute la s\u00e9rie \u00e0 l&rsquo;exception du\u00a015c.<\/p>\n<p>Il est reconnaissable \u00e0 la valeur faciale mal centr\u00e9e dans la case et \u00e0 l&rsquo;encre souvent de teinte l\u00e9g\u00e8rement diff\u00e9rente de la figurine.<\/p>\n<p><img loading=\"lazy\" decoding=\"async\" class=\"aligncenter wp-image-1273\" src=\"http:\/\/cpl14.fr\/wp-content\/uploads\/2017\/06\/I.jpg\" alt=\"\" width=\"350\" height=\"347\" srcset=\"https:\/\/cpl14.fr\/wp-content\/uploads\/2017\/06\/I.jpg 538w, https:\/\/cpl14.fr\/wp-content\/uploads\/2017\/06\/I-150x150.jpg 150w, https:\/\/cpl14.fr\/wp-content\/uploads\/2017\/06\/I-300x298.jpg 300w\" sizes=\"auto, (max-width: 350px) 100vw, 350px\" \/><\/p>\n<p>Ce mauvais centrage de la valeur a amen\u00e9 \u00e0 faire des r\u00e9pliques en cuivre \u00e9lectrolytique du poin\u00e7on primaire et \u00e0 y ajouter la valeur faciale de fa\u00e7on \u00e0 imprimer les timbres en 1 seule op\u00e9ration.<\/p>\n<p>&nbsp;<\/p>\n<h4>Type II:<\/h4>\n<p>Imprim\u00e9 en un seul passage avec des galvanos issus des poin\u00e7ons avec valeur faciale. Cela concerne uniquement les 10c, 15c et 25c.<\/p>\n<p>La valeur faciale est bien centr\u00e9e et de m\u00eame teinte que la figurine.<\/p>\n<p><img loading=\"lazy\" decoding=\"async\" class=\"aligncenter wp-image-1274\" src=\"http:\/\/cpl14.fr\/wp-content\/uploads\/2017\/06\/IIb.jpg\" alt=\"\" width=\"350\" height=\"377\" srcset=\"https:\/\/cpl14.fr\/wp-content\/uploads\/2017\/06\/IIb.jpg 701w, https:\/\/cpl14.fr\/wp-content\/uploads\/2017\/06\/IIb-278x300.jpg 278w\" sizes=\"auto, (max-width: 350px) 100vw, 350px\" \/><\/p>\n<p>Seuls les 10c et 25c existent donc aux 2 types. Il existe un autre moyen de les diff\u00e9rencier:<\/p>\n<p>&nbsp;<\/p>\n<h3>Le 10c rose type I et rouge type II<\/h3>\n<p>En plus de la teinte, la valeur faciale des 2 types n&rsquo;est pas identique<\/p>\n<p>type I: pied du 1 horizontal<\/p>\n<p><img loading=\"lazy\" decoding=\"async\" class=\"aligncenter wp-image-1275\" src=\"http:\/\/cpl14.fr\/wp-content\/uploads\/2017\/06\/I-1.jpg\" alt=\"\" width=\"349\" height=\"346\" srcset=\"https:\/\/cpl14.fr\/wp-content\/uploads\/2017\/06\/I-1.jpg 538w, https:\/\/cpl14.fr\/wp-content\/uploads\/2017\/06\/I-1-150x150.jpg 150w, https:\/\/cpl14.fr\/wp-content\/uploads\/2017\/06\/I-1-300x298.jpg 300w\" sizes=\"auto, (max-width: 349px) 100vw, 349px\" \/><\/p>\n<p>&nbsp;<\/p>\n<p>type II: pied du 1 courbe<\/p>\n<p><img loading=\"lazy\" decoding=\"async\" class=\"aligncenter wp-image-1276\" src=\"http:\/\/cpl14.fr\/wp-content\/uploads\/2017\/06\/II-1.jpg\" alt=\"\" width=\"351\" height=\"351\" srcset=\"https:\/\/cpl14.fr\/wp-content\/uploads\/2017\/06\/II-1.jpg 476w, https:\/\/cpl14.fr\/wp-content\/uploads\/2017\/06\/II-1-150x150.jpg 150w, https:\/\/cpl14.fr\/wp-content\/uploads\/2017\/06\/II-1-300x300.jpg 300w\" sizes=\"auto, (max-width: 351px) 100vw, 351px\" \/><\/p>\n<p>&nbsp;<\/p>\n<h3>Le 25c bleu\u00a0type I et type II<\/h3>\n<p>Pour le 25c, la teinte est la m\u00eame mais le cartouche diff\u00e8re:<\/p>\n<p>type I: base du P nette, ligne verticale du cartouche intacte<\/p>\n<p><img loading=\"lazy\" decoding=\"async\" class=\"aligncenter wp-image-1277\" src=\"http:\/\/cpl14.fr\/wp-content\/uploads\/2017\/06\/I-1-1.jpg\" alt=\"\" width=\"350\" height=\"437\" srcset=\"https:\/\/cpl14.fr\/wp-content\/uploads\/2017\/06\/I-1-1.jpg 479w, https:\/\/cpl14.fr\/wp-content\/uploads\/2017\/06\/I-1-1-240x300.jpg 240w\" sizes=\"auto, (max-width: 350px) 100vw, 350px\" \/><\/p>\n<p>&nbsp;<\/p>\n<p>type II: base du P parfois presque inexistante toujours imparfaite, ligne verticale du cartouche cass\u00e9e<\/p>\n<p><img loading=\"lazy\" decoding=\"async\" class=\"aligncenter wp-image-1278\" src=\"http:\/\/cpl14.fr\/wp-content\/uploads\/2017\/06\/II-1-1.jpg\" alt=\"\" width=\"350\" height=\"438\" srcset=\"https:\/\/cpl14.fr\/wp-content\/uploads\/2017\/06\/II-1-1.jpg 471w, https:\/\/cpl14.fr\/wp-content\/uploads\/2017\/06\/II-1-1-240x300.jpg 240w\" sizes=\"auto, (max-width: 350px) 100vw, 350px\" \/><\/p>\n<p>Collection BB Lisieux<\/p>\n<p>&nbsp;<\/p>\n<p style=\"text-align: right;\"><a href=\"http:\/\/cpl14.fr\/?p=1150\">Retour \u00e0 l&rsquo;article Types et Etats<\/a><\/p>\n","protected":false},"excerpt":{"rendered":"<div class=\"mh-excerpt\"><p>Pour les timbres du genre Mouchon\u00a0de 1900 il existe 2 types g\u00e9n\u00e9raux: Ces 2 types sont la cons\u00e9quence d&rsquo;un changement de m\u00e9thode en cours d&rsquo;impression <a class=\"mh-excerpt-more\" href=\"https:\/\/cpl14.fr\/?page_id=1270\" title=\"Le genre Mouchon\">[&#8230;]<\/a><\/p>\n<\/div>","protected":false},"author":1,"featured_media":0,"parent":0,"menu_order":0,"comment_status":"closed","ping_status":"closed","template":"","meta":{"footnotes":""},"class_list":["post-1270","page","type-page","status-publish","hentry"],"_links":{"self":[{"href":"https:\/\/cpl14.fr\/index.php?rest_route=\/wp\/v2\/pages\/1270","targetHints":{"allow":["GET"]}}],"collection":[{"href":"https:\/\/cpl14.fr\/index.php?rest_route=\/wp\/v2\/pages"}],"about":[{"href":"https:\/\/cpl14.fr\/index.php?rest_route=\/wp\/v2\/types\/page"}],"author":[{"embeddable":true,"href":"https:\/\/cpl14.fr\/index.php?rest_route=\/wp\/v2\/users\/1"}],"replies":[{"embeddable":true,"href":"https:\/\/cpl14.fr\/index.php?rest_route=%2Fwp%2Fv2%2Fcomments&post=1270"}],"version-history":[{"count":5,"href":"https:\/\/cpl14.fr\/index.php?rest_route=\/wp\/v2\/pages\/1270\/revisions"}],"predecessor-version":[{"id":6628,"href":"https:\/\/cpl14.fr\/index.php?rest_route=\/wp\/v2\/pages\/1270\/revisions\/6628"}],"wp:attachment":[{"href":"https:\/\/cpl14.fr\/index.php?rest_route=%2Fwp%2Fv2%2Fmedia&parent=1270"}],"curies":[{"name":"wp","href":"https:\/\/api.w.org\/{rel}","templated":true}]}}