{"id":1281,"date":"2017-06-08T14:32:45","date_gmt":"2017-06-08T12:32:45","guid":{"rendered":"http:\/\/cpl14.fr\/?page_id=1281"},"modified":"2020-03-27T12:19:52","modified_gmt":"2020-03-27T11:19:52","slug":"la-semeuse-lignee-10c-de-1903","status":"publish","type":"page","link":"https:\/\/cpl14.fr\/?page_id=1281","title":{"rendered":"La Semeuse lign\u00e9e 10c de 1903"},"content":{"rendered":"<p><img loading=\"lazy\" decoding=\"async\" class=\"size-full wp-image-6631 aligncenter\" src=\"http:\/\/cpl14.fr\/wp-content\/uploads\/2020\/03\/semeuse-lignee-129.jpg\" alt=\"\" width=\"300\" height=\"354\" srcset=\"https:\/\/cpl14.fr\/wp-content\/uploads\/2020\/03\/semeuse-lignee-129.jpg 300w, https:\/\/cpl14.fr\/wp-content\/uploads\/2020\/03\/semeuse-lignee-129-254x300.jpg 254w\" sizes=\"auto, (max-width: 300px) 100vw, 300px\" \/><\/p>\n<p>3 types pour ce timbre<\/p>\n<p>Contrairement \u00e0 ce qu&rsquo;indiquent Storch et Fran\u00e7on dans leur Monographie de 1973, des \u00e9tudes r\u00e9centes montrent que le type I est le moins courant (10%), le type II ne vient qu&rsquo;ensuite (15%) et le type III est tr\u00e8s courant (75%).<\/p>\n<h3>Le type I:<\/h3>\n<p>Imprim\u00e9 uniquement en 1903 (Mill\u00e9sime 3), le poin\u00e7on provient d&rsquo;une copie directe de \u00ab\u00a0l&rsquo;anc\u00eatre\u00a0\u00bb sans valeur faciale.<\/p>\n<p>Il est identifiable gr\u00e2ce \u00e0 4 particularit\u00e9s:<\/p>\n<p>-le 1 avec une base arrondie,\u00a03 lignes \u00e0 l&rsquo;int\u00e9rieur du C<\/p>\n<p><img loading=\"lazy\" decoding=\"async\" class=\"aligncenter wp-image-1282\" src=\"http:\/\/cpl14.fr\/wp-content\/uploads\/2017\/06\/10-Ia1.jpg\" alt=\"\" width=\"350\" height=\"317\" srcset=\"https:\/\/cpl14.fr\/wp-content\/uploads\/2017\/06\/10-Ia1.jpg 481w, https:\/\/cpl14.fr\/wp-content\/uploads\/2017\/06\/10-Ia1-300x272.jpg 300w\" sizes=\"auto, (max-width: 350px) 100vw, 350px\" \/><\/p>\n<p>-le R de R\u00e9publique ombr\u00e9 (attention, la case 46 ne comporte pas cette ombre)<\/p>\n<p><img loading=\"lazy\" decoding=\"async\" class=\"aligncenter wp-image-1283\" src=\"http:\/\/cpl14.fr\/wp-content\/uploads\/2017\/06\/10-Ib.jpg\" alt=\"\" width=\"349\" height=\"352\" srcset=\"https:\/\/cpl14.fr\/wp-content\/uploads\/2017\/06\/10-Ib.jpg 202w, https:\/\/cpl14.fr\/wp-content\/uploads\/2017\/06\/10-Ib-150x150.jpg 150w\" sizes=\"auto, (max-width: 349px) 100vw, 349px\" \/><\/p>\n<p>-1 trait isol\u00e9 dans la retomb\u00e9e de ceinture<\/p>\n<p><img loading=\"lazy\" decoding=\"async\" class=\"aligncenter wp-image-1284\" src=\"http:\/\/cpl14.fr\/wp-content\/uploads\/2017\/06\/10-Ic.jpg\" alt=\"\" width=\"351\" height=\"332\" srcset=\"https:\/\/cpl14.fr\/wp-content\/uploads\/2017\/06\/10-Ic.jpg 303w, https:\/\/cpl14.fr\/wp-content\/uploads\/2017\/06\/10-Ic-300x284.jpg 300w\" sizes=\"auto, (max-width: 351px) 100vw, 351px\" \/><\/p>\n<p>&nbsp;<\/p>\n<h3>Le type II:<\/h3>\n<p>En 1904, Mouchon retouche une copie du poin\u00e7on au type I. Le timbre est plus \u00ab\u00a0lumineux\u00a0\u00bb que le type I, et on pourrait penser que Mouchon a retouch\u00e9 les lignes de lumi\u00e8re&#8230; il n&rsquo;en est rien, c&rsquo;est juste l&rsquo;effet d&rsquo;une meilleure utilisation des coussinets (voir introduction). Uniquement en 1904 (Mill\u00e9sime 4).<\/p>\n<p>Les retouches portent sur 2 points:<\/p>\n<p>-retouche du trait de la retomb\u00e9e de ceinture, formant \u00ab\u00a0crochet\u00a0\u00bb sur le pli principal<\/p>\n<p><img loading=\"lazy\" decoding=\"async\" class=\"aligncenter wp-image-1285\" src=\"http:\/\/cpl14.fr\/wp-content\/uploads\/2017\/06\/10-IIa.jpg\" alt=\"\" width=\"350\" height=\"361\" srcset=\"https:\/\/cpl14.fr\/wp-content\/uploads\/2017\/06\/10-IIa.jpg 292w, https:\/\/cpl14.fr\/wp-content\/uploads\/2017\/06\/10-IIa-291x300.jpg 291w\" sizes=\"auto, (max-width: 350px) 100vw, 350px\" \/><\/p>\n<p>-effacement de l&rsquo;ombre du R<\/p>\n<p><img loading=\"lazy\" decoding=\"async\" class=\"aligncenter wp-image-1286\" src=\"http:\/\/cpl14.fr\/wp-content\/uploads\/2017\/06\/10-IIb.jpg\" alt=\"\" width=\"350\" height=\"350\" srcset=\"https:\/\/cpl14.fr\/wp-content\/uploads\/2017\/06\/10-IIb.jpg 250w, https:\/\/cpl14.fr\/wp-content\/uploads\/2017\/06\/10-IIb-150x150.jpg 150w\" sizes=\"auto, (max-width: 350px) 100vw, 350px\" \/><\/p>\n<p>&nbsp;<\/p>\n<h3>Le type III:<\/h3>\n<p>Fin 1904, Mouchon reprend une copie de \u00ab\u00a0l&rsquo;anc\u00eatre\u00a0\u00bb pour cr\u00e9er un 3e poin\u00e7on. Ce dernier type sera imprim\u00e9 jusqu&rsquo;en 1907 (Mill\u00e9sime 4, 5 et 6). C&rsquo;est ce timbre qui sera surcharg\u00e9 F.M. en 1906.<\/p>\n<p>Ce nouveau poin\u00e7on est identique au type I \u00e0 l&rsquo;exception de la valeur faciale puisque l&rsquo;anc\u00eatre n&rsquo;en poss\u00e8de pas et que Mouchon l&rsquo;ajoute.<\/p>\n<p>ses particularit\u00e9s:<\/p>\n<p>-pied du 1 carr\u00e9 (plus ou moins biseaut\u00e9 suivant les tirages), et 2 lignes \u00e0 l&rsquo;int\u00e9rieur de\u00a0C (C plus ombr\u00e9)<\/p>\n<p><img loading=\"lazy\" decoding=\"async\" class=\"aligncenter wp-image-1290\" src=\"http:\/\/cpl14.fr\/wp-content\/uploads\/2017\/06\/10-IIIa.jpg\" alt=\"\" width=\"350\" height=\"351\" srcset=\"https:\/\/cpl14.fr\/wp-content\/uploads\/2017\/06\/10-IIIa.jpg 500w, https:\/\/cpl14.fr\/wp-content\/uploads\/2017\/06\/10-IIIa-150x150.jpg 150w, https:\/\/cpl14.fr\/wp-content\/uploads\/2017\/06\/10-IIIa-300x300.jpg 300w\" sizes=\"auto, (max-width: 350px) 100vw, 350px\" \/><\/p>\n<p>Collection BB Lisieux<\/p>\n<p>&nbsp;<\/p>\n<p style=\"text-align: right;\"><a href=\"http:\/\/cpl14.fr\/?page_id=6309\">Retour au chapitre Semeuse<\/a><\/p>\n","protected":false},"excerpt":{"rendered":"<div class=\"mh-excerpt\"><p>3 types pour ce timbre Contrairement \u00e0 ce qu&rsquo;indiquent Storch et Fran\u00e7on dans leur Monographie de 1973, des \u00e9tudes r\u00e9centes montrent que le type I <a class=\"mh-excerpt-more\" href=\"https:\/\/cpl14.fr\/?page_id=1281\" title=\"La Semeuse lign\u00e9e 10c de 1903\">[&#8230;]<\/a><\/p>\n<\/div>","protected":false},"author":1,"featured_media":0,"parent":0,"menu_order":0,"comment_status":"closed","ping_status":"closed","template":"","meta":{"footnotes":""},"class_list":["post-1281","page","type-page","status-publish","hentry"],"_links":{"self":[{"href":"https:\/\/cpl14.fr\/index.php?rest_route=\/wp\/v2\/pages\/1281","targetHints":{"allow":["GET"]}}],"collection":[{"href":"https:\/\/cpl14.fr\/index.php?rest_route=\/wp\/v2\/pages"}],"about":[{"href":"https:\/\/cpl14.fr\/index.php?rest_route=\/wp\/v2\/types\/page"}],"author":[{"embeddable":true,"href":"https:\/\/cpl14.fr\/index.php?rest_route=\/wp\/v2\/users\/1"}],"replies":[{"embeddable":true,"href":"https:\/\/cpl14.fr\/index.php?rest_route=%2Fwp%2Fv2%2Fcomments&post=1281"}],"version-history":[{"count":10,"href":"https:\/\/cpl14.fr\/index.php?rest_route=\/wp\/v2\/pages\/1281\/revisions"}],"predecessor-version":[{"id":6632,"href":"https:\/\/cpl14.fr\/index.php?rest_route=\/wp\/v2\/pages\/1281\/revisions\/6632"}],"wp:attachment":[{"href":"https:\/\/cpl14.fr\/index.php?rest_route=%2Fwp%2Fv2%2Fmedia&parent=1281"}],"curies":[{"name":"wp","href":"https:\/\/api.w.org\/{rel}","templated":true}]}}