{"id":1295,"date":"2017-06-08T19:46:43","date_gmt":"2017-06-08T17:46:43","guid":{"rendered":"http:\/\/cpl14.fr\/?page_id=1295"},"modified":"2020-03-27T12:21:05","modified_gmt":"2020-03-27T11:21:05","slug":"la-semeuse-lignee-15c-de-1903","status":"publish","type":"page","link":"https:\/\/cpl14.fr\/?page_id=1295","title":{"rendered":"La Semeuse lign\u00e9e 15c de 1903"},"content":{"rendered":"<p><img loading=\"lazy\" decoding=\"async\" class=\"size-full wp-image-6633 aligncenter\" src=\"http:\/\/cpl14.fr\/wp-content\/uploads\/2020\/03\/semeuse-lignee-130.jpg\" alt=\"\" width=\"300\" height=\"351\" srcset=\"https:\/\/cpl14.fr\/wp-content\/uploads\/2020\/03\/semeuse-lignee-130.jpg 300w, https:\/\/cpl14.fr\/wp-content\/uploads\/2020\/03\/semeuse-lignee-130-256x300.jpg 256w\" sizes=\"auto, (max-width: 300px) 100vw, 300px\" \/><\/p>\n<p>6\u00a0types pour ce timbre.<\/p>\n<h3>Le type I:<\/h3>\n<p>Il est issu directement d&rsquo;une copie de \u00ab\u00a0l&rsquo;anc\u00eatre\u00a0\u00bb. Mouchon grave la valeur faciale sur\u00a0cette copie.\u00a0Le pont horizontal entre les 2 blocs de 25 est de 10.5mm.<\/p>\n<p>2 caract\u00e9ristiques principales \u00e0 ce timbre:<\/p>\n<p>-ligne de lumi\u00e8re sur la fesse en 2 parties<\/p>\n<p><img loading=\"lazy\" decoding=\"async\" class=\"aligncenter wp-image-1299\" src=\"http:\/\/cpl14.fr\/wp-content\/uploads\/2017\/06\/15-Ia.jpg\" alt=\"\" width=\"351\" height=\"349\" srcset=\"https:\/\/cpl14.fr\/wp-content\/uploads\/2017\/06\/15-Ia.jpg 301w, https:\/\/cpl14.fr\/wp-content\/uploads\/2017\/06\/15-Ia-150x150.jpg 150w, https:\/\/cpl14.fr\/wp-content\/uploads\/2017\/06\/15-Ia-300x298.jpg 300w\" sizes=\"auto, (max-width: 351px) 100vw, 351px\" \/><\/p>\n<p>-la signature Mouchon est intacte<\/p>\n<p><img loading=\"lazy\" decoding=\"async\" class=\"aligncenter wp-image-1300\" src=\"http:\/\/cpl14.fr\/wp-content\/uploads\/2017\/06\/15-Ib.jpg\" alt=\"\" width=\"351\" height=\"126\" srcset=\"https:\/\/cpl14.fr\/wp-content\/uploads\/2017\/06\/15-Ib.jpg 574w, https:\/\/cpl14.fr\/wp-content\/uploads\/2017\/06\/15-Ib-300x108.jpg 300w\" sizes=\"auto, (max-width: 351px) 100vw, 351px\" \/><\/p>\n<p>-le Y de Roty est tr\u00e8s ouvert en haut, ce trait est tr\u00e8s caract\u00e9ristique du type I<\/p>\n<p><img loading=\"lazy\" decoding=\"async\" class=\"aligncenter wp-image-1301\" src=\"http:\/\/cpl14.fr\/wp-content\/uploads\/2017\/06\/15-Ic.jpg\" alt=\"\" width=\"349\" height=\"181\" srcset=\"https:\/\/cpl14.fr\/wp-content\/uploads\/2017\/06\/15-Ic.jpg 363w, https:\/\/cpl14.fr\/wp-content\/uploads\/2017\/06\/15-Ic-300x155.jpg 300w\" sizes=\"auto, (max-width: 349px) 100vw, 349px\" \/><\/p>\n<p>&nbsp;<\/p>\n<h3>Le type II:<\/h3>\n<p>Pour\u00a0la confection d&rsquo;un nouveau galvano\u00a0type avec un pont plus large (11.5mm), Mouchon utilise une copie du poin\u00e7on type I.\u00a0Il (ou l&rsquo;Atelier?) modifie le Y de Roty, mais le nouveau poin\u00e7on subit un accident au niveau de\u00a0la signature Mouchon. \u00a0La jambe droite du M est plus courte et la cassure se poursuit dans le bas du O.<\/p>\n<p><img loading=\"lazy\" decoding=\"async\" class=\"aligncenter size-full wp-image-1303\" src=\"http:\/\/cpl14.fr\/wp-content\/uploads\/2017\/06\/15-IIb.jpg\" alt=\"\" width=\"349\" height=\"190\" srcset=\"https:\/\/cpl14.fr\/wp-content\/uploads\/2017\/06\/15-IIb.jpg 349w, https:\/\/cpl14.fr\/wp-content\/uploads\/2017\/06\/15-IIb-300x163.jpg 300w\" sizes=\"auto, (max-width: 349px) 100vw, 349px\" \/><\/p>\n<p><img loading=\"lazy\" decoding=\"async\" class=\"aligncenter size-full wp-image-1302\" src=\"http:\/\/cpl14.fr\/wp-content\/uploads\/2017\/06\/15-IIa.jpg\" alt=\"\" width=\"421\" height=\"110\" srcset=\"https:\/\/cpl14.fr\/wp-content\/uploads\/2017\/06\/15-IIa.jpg 421w, https:\/\/cpl14.fr\/wp-content\/uploads\/2017\/06\/15-IIa-300x78.jpg 300w\" sizes=\"auto, (max-width: 421px) 100vw, 421px\" \/><\/p>\n<p>&nbsp;<\/p>\n<p>&nbsp;<\/p>\n<h3>Le type III :<\/h3>\n<p>Une nouvelle copie du poin\u00e7on type I est r\u00e9alis\u00e9e pour cr\u00e9er le type III (ou IV, voir type IV ci-dessous). Mouchon en profite pour refaire les 2 signatures, et il accentue la ligne de lumi\u00e8re sur la fesse de la Semeuse. Le galvano a un pont horizontal de 10 3\/4mm. Ce timbre est le moins\u00a0courant des 5 premiers types.<br \/>\n<img loading=\"lazy\" decoding=\"async\" class=\"aligncenter wp-image-1305\" src=\"http:\/\/cpl14.fr\/wp-content\/uploads\/2017\/06\/15-IIIa.jpg\" alt=\"\" width=\"350\" height=\"352\" srcset=\"https:\/\/cpl14.fr\/wp-content\/uploads\/2017\/06\/15-IIIa.jpg 359w, https:\/\/cpl14.fr\/wp-content\/uploads\/2017\/06\/15-IIIa-150x150.jpg 150w, https:\/\/cpl14.fr\/wp-content\/uploads\/2017\/06\/15-IIIa-298x300.jpg 298w\" sizes=\"auto, (max-width: 350px) 100vw, 350px\" \/><\/p>\n<p>On le diff\u00e9rencie du type IV par le H de Mouchon partiellement bouch\u00e9 et le O de Roty moins rond que sur le type IV<\/p>\n<p><img loading=\"lazy\" decoding=\"async\" class=\"aligncenter wp-image-1306\" src=\"http:\/\/cpl14.fr\/wp-content\/uploads\/2017\/06\/15-IIIb.jpg\" alt=\"\" width=\"350\" height=\"168\" srcset=\"https:\/\/cpl14.fr\/wp-content\/uploads\/2017\/06\/15-IIIb.jpg 540w, https:\/\/cpl14.fr\/wp-content\/uploads\/2017\/06\/15-IIIb-300x144.jpg 300w\" sizes=\"auto, (max-width: 350px) 100vw, 350px\" \/><\/p>\n<p><img loading=\"lazy\" decoding=\"async\" class=\"aligncenter wp-image-1307\" src=\"http:\/\/cpl14.fr\/wp-content\/uploads\/2017\/06\/15-IIIc.jpg\" alt=\"\" width=\"350\" height=\"242\" srcset=\"https:\/\/cpl14.fr\/wp-content\/uploads\/2017\/06\/15-IIIc.jpg 388w, https:\/\/cpl14.fr\/wp-content\/uploads\/2017\/06\/15-IIIc-300x207.jpg 300w\" sizes=\"auto, (max-width: 350px) 100vw, 350px\" \/><\/p>\n<p>&nbsp;<\/p>\n<p>&nbsp;<\/p>\n<h3>Le type IV :<\/h3>\n<p>Le type le plus courant. Il appara\u00eet 4 mois avant le type III, l&rsquo;un \u00e9tant la copie de l&rsquo;autre. Ils sont en tous points semblables \u00e0 l&rsquo;exception du O de Roty (grand et rond) et du H de Mouchon (pas bouch\u00e9). Les feuilles du type IV ont un pont horizontal de 12 \u00e0 12,5mm.<\/p>\n<p><img loading=\"lazy\" decoding=\"async\" class=\"aligncenter size-full wp-image-1308\" src=\"http:\/\/cpl14.fr\/wp-content\/uploads\/2017\/06\/15-IVa.jpg\" alt=\"\" width=\"565\" height=\"241\" srcset=\"https:\/\/cpl14.fr\/wp-content\/uploads\/2017\/06\/15-IVa.jpg 565w, https:\/\/cpl14.fr\/wp-content\/uploads\/2017\/06\/15-IVa-300x128.jpg 300w\" sizes=\"auto, (max-width: 565px) 100vw, 565px\" \/><\/p>\n<p><img loading=\"lazy\" decoding=\"async\" class=\"aligncenter size-large wp-image-1309\" src=\"http:\/\/cpl14.fr\/wp-content\/uploads\/2017\/06\/15-IVb.jpg\" alt=\"\" width=\"437\" height=\"288\" srcset=\"https:\/\/cpl14.fr\/wp-content\/uploads\/2017\/06\/15-IVb.jpg 437w, https:\/\/cpl14.fr\/wp-content\/uploads\/2017\/06\/15-IVb-300x198.jpg 300w\" sizes=\"auto, (max-width: 437px) 100vw, 437px\" \/><\/p>\n<p>&nbsp;<\/p>\n<h3>Le type V\u00a0:<\/h3>\n<p>C&rsquo;est le type particulier des carnets.<\/p>\n<p>Pour ce type, pas de doute. C&rsquo;est bien un nouveau poin\u00e7on obtenu \u00e0 partir d&rsquo;une copie du type IV. Comme pour les types III et IV, il a la ligne post\u00e9rieur continue.<\/p>\n<p>Ses caract\u00e9ristiques sont:<\/p>\n<p>-pas d&rsquo;ombre sous le R<\/p>\n<p><img loading=\"lazy\" decoding=\"async\" class=\"aligncenter size-full wp-image-1310\" src=\"http:\/\/cpl14.fr\/wp-content\/uploads\/2017\/06\/15-Va.jpg\" alt=\"\" width=\"351\" height=\"348\" srcset=\"https:\/\/cpl14.fr\/wp-content\/uploads\/2017\/06\/15-Va.jpg 351w, https:\/\/cpl14.fr\/wp-content\/uploads\/2017\/06\/15-Va-150x150.jpg 150w, https:\/\/cpl14.fr\/wp-content\/uploads\/2017\/06\/15-Va-300x297.jpg 300w\" sizes=\"auto, (max-width: 351px) 100vw, 351px\" \/><\/p>\n<p>-le premier O de O. ROTY en forme de toupie<\/p>\n<p><img loading=\"lazy\" decoding=\"async\" class=\"aligncenter size-full wp-image-1311\" src=\"http:\/\/cpl14.fr\/wp-content\/uploads\/2017\/06\/15-Vb.jpg\" alt=\"\" width=\"415\" height=\"272\" srcset=\"https:\/\/cpl14.fr\/wp-content\/uploads\/2017\/06\/15-Vb.jpg 415w, https:\/\/cpl14.fr\/wp-content\/uploads\/2017\/06\/15-Vb-300x197.jpg 300w\" sizes=\"auto, (max-width: 415px) 100vw, 415px\" \/><\/p>\n<p>&nbsp;<\/p>\n<h3>Le type VI\u00a0:<\/h3>\n<p>Longtemps consid\u00e9r\u00e9 comme le\u00a0timbre le plus rare de France, c&rsquo;est le type des roulettes rotatives du 15c lign\u00e9. En 1973, Storch et Fran\u00e7on le qualifiaient de rarissime, mais depuis les chercheurs ont cherch\u00e9&#8230;et trouv\u00e9, il est rare mais pas rarissime!\u00a0Il n&rsquo;existe qu&rsquo;avec les dents massicot\u00e9es, ce qui permet de le rep\u00e9rer assez facilement.<\/p>\n<p><img loading=\"lazy\" decoding=\"async\" class=\"aligncenter size-large wp-image-1315\" src=\"http:\/\/cpl14.fr\/wp-content\/uploads\/2017\/06\/15-VIa-1024x768.jpg\" alt=\"\" width=\"1024\" height=\"768\" srcset=\"https:\/\/cpl14.fr\/wp-content\/uploads\/2017\/06\/15-VIa.jpg 1024w, https:\/\/cpl14.fr\/wp-content\/uploads\/2017\/06\/15-VIa-300x225.jpg 300w, https:\/\/cpl14.fr\/wp-content\/uploads\/2017\/06\/15-VIa-768x576.jpg 768w, https:\/\/cpl14.fr\/wp-content\/uploads\/2017\/06\/15-VIa-678x509.jpg 678w, https:\/\/cpl14.fr\/wp-content\/uploads\/2017\/06\/15-VIa-326x245.jpg 326w, https:\/\/cpl14.fr\/wp-content\/uploads\/2017\/06\/15-VIa-80x60.jpg 80w\" sizes=\"auto, (max-width: 1024px) 100vw, 1024px\" \/><\/p>\n<p>Ensuite, pour le diff\u00e9rencier des roulettes \u00e0 plat du type IV, il a des caract\u00e9ristiques tr\u00e8s particuli\u00e8res car il s&rsquo;agit un poin\u00e7on original et non d&rsquo;une \u00e9ni\u00e9me copie de l&rsquo;anc\u00eatre:<\/p>\n<p>-comme le type V, il n&rsquo;a pas d&rsquo;ombre sous le R (pas visible sur notre exemplaire \u00e0 cause de l&rsquo;oblit\u00e9ration)<\/p>\n<p>-il n&rsquo;y a aucun trait parasite dans le bonnet<\/p>\n<p><img loading=\"lazy\" decoding=\"async\" class=\"aligncenter wp-image-1312\" src=\"http:\/\/cpl14.fr\/wp-content\/uploads\/2017\/06\/15-VIc.jpg\" alt=\"\" width=\"350\" height=\"355\" srcset=\"https:\/\/cpl14.fr\/wp-content\/uploads\/2017\/06\/15-VIc.jpg 300w, https:\/\/cpl14.fr\/wp-content\/uploads\/2017\/06\/15-VIc-296x300.jpg 296w\" sizes=\"auto, (max-width: 350px) 100vw, 350px\" \/><\/p>\n<p>-il n&rsquo;y a que 4 hachures au coude<\/p>\n<p><img loading=\"lazy\" decoding=\"async\" class=\"aligncenter wp-image-1313\" src=\"http:\/\/cpl14.fr\/wp-content\/uploads\/2017\/06\/15-VIb.jpg\" alt=\"\" width=\"350\" height=\"349\" srcset=\"https:\/\/cpl14.fr\/wp-content\/uploads\/2017\/06\/15-VIb.jpg 299w, https:\/\/cpl14.fr\/wp-content\/uploads\/2017\/06\/15-VIb-150x150.jpg 150w\" sizes=\"auto, (max-width: 350px) 100vw, 350px\" \/><\/p>\n<p>-les rayons du soleil \u00a0sont diff\u00e9rents, surtout le 6e et le 9e (de gauche \u00e0 droite)<\/p>\n<p><img loading=\"lazy\" decoding=\"async\" class=\"aligncenter size-large wp-image-1316\" src=\"http:\/\/cpl14.fr\/wp-content\/uploads\/2017\/06\/15-VIa-1-1024x768.jpg\" alt=\"\" width=\"1024\" height=\"768\" srcset=\"https:\/\/cpl14.fr\/wp-content\/uploads\/2017\/06\/15-VIa-1.jpg 1024w, https:\/\/cpl14.fr\/wp-content\/uploads\/2017\/06\/15-VIa-1-300x225.jpg 300w, https:\/\/cpl14.fr\/wp-content\/uploads\/2017\/06\/15-VIa-1-768x576.jpg 768w, https:\/\/cpl14.fr\/wp-content\/uploads\/2017\/06\/15-VIa-1-678x509.jpg 678w, https:\/\/cpl14.fr\/wp-content\/uploads\/2017\/06\/15-VIa-1-326x245.jpg 326w, https:\/\/cpl14.fr\/wp-content\/uploads\/2017\/06\/15-VIa-1-80x60.jpg 80w\" sizes=\"auto, (max-width: 1024px) 100vw, 1024px\" \/><\/p>\n<p>-la barre m\u00e9diane du\u00a0E de POSTE est \u00e9paisse et r\u00e9guli\u00e8re<\/p>\n<p><img loading=\"lazy\" decoding=\"async\" class=\"aligncenter size-full wp-image-1314\" src=\"http:\/\/cpl14.fr\/wp-content\/uploads\/2017\/06\/15-VId.jpg\" alt=\"\" width=\"619\" height=\"303\" srcset=\"https:\/\/cpl14.fr\/wp-content\/uploads\/2017\/06\/15-VId.jpg 619w, https:\/\/cpl14.fr\/wp-content\/uploads\/2017\/06\/15-VId-300x147.jpg 300w\" sizes=\"auto, (max-width: 619px) 100vw, 619px\" \/><\/p>\n<p>\u00e0 gauche le type VI, \u00e0 droite le type V pour comparaison.<\/p>\n<p>Ci-dessous une Semeuse n\u00b0130 type VI sur une carte du\u00a0Bon March\u00e9, oblit\u00e9r\u00e9e Paris 80 \/ R.DUPIN<\/p>\n<p><img loading=\"lazy\" decoding=\"async\" class=\"aligncenter size-full wp-image-1343\" src=\"http:\/\/cpl14.fr\/wp-content\/uploads\/2017\/06\/roulette-rotative-type-VI.jpg\" alt=\"\" width=\"900\" height=\"560\" srcset=\"https:\/\/cpl14.fr\/wp-content\/uploads\/2017\/06\/roulette-rotative-type-VI.jpg 900w, https:\/\/cpl14.fr\/wp-content\/uploads\/2017\/06\/roulette-rotative-type-VI-300x187.jpg 300w, https:\/\/cpl14.fr\/wp-content\/uploads\/2017\/06\/roulette-rotative-type-VI-768x478.jpg 768w\" sizes=\"auto, (max-width: 900px) 100vw, 900px\" \/><\/p>\n<p>Il ne faut pas confondre ce type VI avec les roulettes imprim\u00e9es \u00e0 plat au type IV (ci-dessous):<\/p>\n<p><img loading=\"lazy\" decoding=\"async\" class=\"aligncenter size-full wp-image-1344\" src=\"http:\/\/cpl14.fr\/wp-content\/uploads\/2017\/06\/roulette-a-plat-IV.jpg\" alt=\"\" width=\"900\" height=\"733\" srcset=\"https:\/\/cpl14.fr\/wp-content\/uploads\/2017\/06\/roulette-a-plat-IV.jpg 900w, https:\/\/cpl14.fr\/wp-content\/uploads\/2017\/06\/roulette-a-plat-IV-300x244.jpg 300w, https:\/\/cpl14.fr\/wp-content\/uploads\/2017\/06\/roulette-a-plat-IV-768x625.jpg 768w\" sizes=\"auto, (max-width: 900px) 100vw, 900px\" \/><\/p>\n<p>Les timbres de roulettes au type IV et VI peuvent se rencontrer perfor\u00e9s:<\/p>\n<p><img loading=\"lazy\" decoding=\"async\" class=\"aligncenter size-full wp-image-1345\" src=\"http:\/\/cpl14.fr\/wp-content\/uploads\/2017\/06\/20170609_155054.jpg\" alt=\"\" width=\"900\" height=\"374\" srcset=\"https:\/\/cpl14.fr\/wp-content\/uploads\/2017\/06\/20170609_155054.jpg 900w, https:\/\/cpl14.fr\/wp-content\/uploads\/2017\/06\/20170609_155054-300x125.jpg 300w, https:\/\/cpl14.fr\/wp-content\/uploads\/2017\/06\/20170609_155054-768x319.jpg 768w\" sizes=\"auto, (max-width: 900px) 100vw, 900px\" \/><\/p>\n<p>Collection BB Lisieux<\/p>\n<p>et Collection SM C Lisieux pour les timbres de roulettes sur documents et perfor\u00e9s<\/p>\n<p>&nbsp;<\/p>\n<p style=\"text-align: right;\"><a href=\"http:\/\/cpl14.fr\/?page_id=6309\">Retour au chapitre Semeuse<\/a><\/p>\n<p>&nbsp;<\/p>\n","protected":false},"excerpt":{"rendered":"<div class=\"mh-excerpt\"><p>6\u00a0types pour ce timbre. Le type I: Il est issu directement d&rsquo;une copie de \u00ab\u00a0l&rsquo;anc\u00eatre\u00a0\u00bb. Mouchon grave la valeur faciale sur\u00a0cette copie.\u00a0Le pont horizontal entre <a class=\"mh-excerpt-more\" href=\"https:\/\/cpl14.fr\/?page_id=1295\" title=\"La Semeuse lign\u00e9e 15c de 1903\">[&#8230;]<\/a><\/p>\n<\/div>","protected":false},"author":1,"featured_media":0,"parent":0,"menu_order":0,"comment_status":"closed","ping_status":"closed","template":"","meta":{"footnotes":""},"class_list":["post-1295","page","type-page","status-publish","hentry"],"_links":{"self":[{"href":"https:\/\/cpl14.fr\/index.php?rest_route=\/wp\/v2\/pages\/1295","targetHints":{"allow":["GET"]}}],"collection":[{"href":"https:\/\/cpl14.fr\/index.php?rest_route=\/wp\/v2\/pages"}],"about":[{"href":"https:\/\/cpl14.fr\/index.php?rest_route=\/wp\/v2\/types\/page"}],"author":[{"embeddable":true,"href":"https:\/\/cpl14.fr\/index.php?rest_route=\/wp\/v2\/users\/1"}],"replies":[{"embeddable":true,"href":"https:\/\/cpl14.fr\/index.php?rest_route=%2Fwp%2Fv2%2Fcomments&post=1295"}],"version-history":[{"count":11,"href":"https:\/\/cpl14.fr\/index.php?rest_route=\/wp\/v2\/pages\/1295\/revisions"}],"predecessor-version":[{"id":6634,"href":"https:\/\/cpl14.fr\/index.php?rest_route=\/wp\/v2\/pages\/1295\/revisions\/6634"}],"wp:attachment":[{"href":"https:\/\/cpl14.fr\/index.php?rest_route=%2Fwp%2Fv2%2Fmedia&parent=1295"}],"curies":[{"name":"wp","href":"https:\/\/api.w.org\/{rel}","templated":true}]}}