{"id":1354,"date":"2017-06-10T09:51:46","date_gmt":"2017-06-10T07:51:46","guid":{"rendered":"http:\/\/cpl14.fr\/?page_id=1354"},"modified":"2020-03-25T05:15:48","modified_gmt":"2020-03-25T04:15:48","slug":"les-poudriers-ste-therese","status":"publish","type":"page","link":"https:\/\/cpl14.fr\/?page_id=1354","title":{"rendered":"Les Poudriers Ste Th\u00e9r\u00e9se"},"content":{"rendered":"<p>Les poudriers : ils sont tous au mod\u00e8le BASILIQUE, cependant tr\u00e8s vari\u00e9s de style, de mati\u00e8re\u00a0 et couleur.<br \/>\n9 mod\u00e8les, ici recto-verso, diam\u00e8tres de 60 \u00e0 75mm<\/p>\n<p><img loading=\"lazy\" decoding=\"async\" class=\"aligncenter size-large wp-image-1359\" src=\"http:\/\/cpl14.fr\/wp-content\/uploads\/2017\/06\/les-poudriers-2-1024x854.jpg\" alt=\"\" width=\"1024\" height=\"854\" srcset=\"https:\/\/cpl14.fr\/wp-content\/uploads\/2017\/06\/les-poudriers-2-1024x854.jpg 1024w, https:\/\/cpl14.fr\/wp-content\/uploads\/2017\/06\/les-poudriers-2-300x250.jpg 300w, https:\/\/cpl14.fr\/wp-content\/uploads\/2017\/06\/les-poudriers-2-768x641.jpg 768w, https:\/\/cpl14.fr\/wp-content\/uploads\/2017\/06\/les-poudriers-2.jpg 1200w\" sizes=\"auto, (max-width: 1024px) 100vw, 1024px\" \/><\/p>\n<p><img loading=\"lazy\" decoding=\"async\" class=\"aligncenter size-large wp-image-1358\" src=\"http:\/\/cpl14.fr\/wp-content\/uploads\/2017\/06\/les-poudriers-1-1024x829.jpg\" alt=\"\" width=\"1024\" height=\"829\" srcset=\"https:\/\/cpl14.fr\/wp-content\/uploads\/2017\/06\/les-poudriers-1-1024x829.jpg 1024w, https:\/\/cpl14.fr\/wp-content\/uploads\/2017\/06\/les-poudriers-1-300x243.jpg 300w, https:\/\/cpl14.fr\/wp-content\/uploads\/2017\/06\/les-poudriers-1-768x622.jpg 768w, https:\/\/cpl14.fr\/wp-content\/uploads\/2017\/06\/les-poudriers-1.jpg 1200w\" sizes=\"auto, (max-width: 1024px) 100vw, 1024px\" \/><\/p>\n<p>Le 1er d\u00e9taill\u00e9:<\/p>\n<p><img loading=\"lazy\" decoding=\"async\" class=\"aligncenter size-large wp-image-262\" src=\"http:\/\/cpl14.fr\/wp-content\/uploads\/2017\/05\/poudrier-1024x376.jpg\" alt=\"\" width=\"1024\" height=\"376\" srcset=\"https:\/\/cpl14.fr\/wp-content\/uploads\/2017\/05\/poudrier-1024x376.jpg 1024w, https:\/\/cpl14.fr\/wp-content\/uploads\/2017\/05\/poudrier-300x110.jpg 300w, https:\/\/cpl14.fr\/wp-content\/uploads\/2017\/05\/poudrier-768x282.jpg 768w, https:\/\/cpl14.fr\/wp-content\/uploads\/2017\/05\/poudrier.jpg 1515w\" sizes=\"auto, (max-width: 1024px) 100vw, 1024px\" \/><\/p>\n<p>en m\u00e9tal d&rsquo;alliage dor\u00e9, 75mm de diam\u00e8tre, \u00e9paisseur 8mm est orn\u00e9 d&rsquo;un m\u00e9daillon de la Basilique. Int\u00e9rieur \u00e0 miroir et poudrier\u00a0 (neuf); au pourtour du miroir la mention MADE IN FRANCE.<br \/>\nPas de nom de fabricant. La qualit\u00e9 de fabrication laisse penser aux meilleurs professionnels de la cosm\u00e9tique des\u00a0 ann\u00e9es 30 ?<\/p>\n<p>&nbsp;<\/p>\n<p style=\"text-align: right;\"><a href=\"http:\/\/cpl14.fr\/?p=259\">retour \u00e0 l&rsquo;article Ste Th\u00e9r\u00e9se<\/a><\/p>\n","protected":false},"excerpt":{"rendered":"<div class=\"mh-excerpt\"><p>Les poudriers : ils sont tous au mod\u00e8le BASILIQUE, cependant tr\u00e8s vari\u00e9s de style, de mati\u00e8re\u00a0 et couleur. 9 mod\u00e8les, ici recto-verso, diam\u00e8tres de 60 <a class=\"mh-excerpt-more\" href=\"https:\/\/cpl14.fr\/?page_id=1354\" title=\"Les Poudriers Ste Th\u00e9r\u00e9se\">[&#8230;]<\/a><\/p>\n<\/div>","protected":false},"author":1,"featured_media":0,"parent":0,"menu_order":0,"comment_status":"closed","ping_status":"closed","template":"","meta":{"footnotes":""},"class_list":["post-1354","page","type-page","status-publish","hentry"],"_links":{"self":[{"href":"https:\/\/cpl14.fr\/index.php?rest_route=\/wp\/v2\/pages\/1354","targetHints":{"allow":["GET"]}}],"collection":[{"href":"https:\/\/cpl14.fr\/index.php?rest_route=\/wp\/v2\/pages"}],"about":[{"href":"https:\/\/cpl14.fr\/index.php?rest_route=\/wp\/v2\/types\/page"}],"author":[{"embeddable":true,"href":"https:\/\/cpl14.fr\/index.php?rest_route=\/wp\/v2\/users\/1"}],"replies":[{"embeddable":true,"href":"https:\/\/cpl14.fr\/index.php?rest_route=%2Fwp%2Fv2%2Fcomments&post=1354"}],"version-history":[{"count":2,"href":"https:\/\/cpl14.fr\/index.php?rest_route=\/wp\/v2\/pages\/1354\/revisions"}],"predecessor-version":[{"id":6367,"href":"https:\/\/cpl14.fr\/index.php?rest_route=\/wp\/v2\/pages\/1354\/revisions\/6367"}],"wp:attachment":[{"href":"https:\/\/cpl14.fr\/index.php?rest_route=%2Fwp%2Fv2%2Fmedia&parent=1354"}],"curies":[{"name":"wp","href":"https:\/\/api.w.org\/{rel}","templated":true}]}}