{"id":1623,"date":"2017-06-13T08:55:31","date_gmt":"2017-06-13T06:55:31","guid":{"rendered":"http:\/\/cpl14.fr\/?page_id=1623"},"modified":"2020-03-25T05:20:44","modified_gmt":"2020-03-25T04:20:44","slug":"e-mfa","status":"publish","type":"page","link":"https:\/\/cpl14.fr\/?page_id=1623","title":{"rendered":"E. MFA"},"content":{"rendered":"<h4>L&rsquo;Ecart de Moult<\/h4>\n<p>La ligne Moult \u00e0 Le Fresne d&rsquo;Argences, d\u00e9clar\u00e9e d&rsquo;utilit\u00e9 publique en 1907, \u00e9tait destin\u00e9e \u00e0 relier le bourg d&rsquo;Argences \u00e0 la ligne de Paris-Cherbourg \u00e0 Moult. Mise en service en 1912, elle servait par sa prolongation, de d\u00e9bouch\u00e9\u00a0 \u00e0 la fabrique de briques et tuiles du Fresne d&rsquo;Argences (Total 4 kms).<br \/>\nEn 1931 transformation\u00a0 du trafic voyageurs en routier, puis supprim\u00e9 en 1936.<br \/>\nA fonctionn\u00e9 en marchandises jusqu&rsquo;\u00e0 1966.<\/p>\n<p>Le profil de la ligne est tr\u00e8s succin sur le plan de 1957:<\/p>\n<p><img loading=\"lazy\" decoding=\"async\" class=\"aligncenter size-full wp-image-1624\" src=\"http:\/\/cpl14.fr\/wp-content\/uploads\/2017\/06\/20161102_110111.jpg\" alt=\"\" width=\"300\" height=\"202\" \/><\/p>\n<p>&nbsp;<\/p>\n<p>La gare de Moult sur la ligne Lisieux \u00e0 Caen:<\/p>\n<p><img loading=\"lazy\" decoding=\"async\" class=\"aligncenter size-large wp-image-1626\" src=\"http:\/\/cpl14.fr\/wp-content\/uploads\/2017\/06\/EMFA-1-1-moult.jpg\" alt=\"\" width=\"900\" height=\"570\" srcset=\"https:\/\/cpl14.fr\/wp-content\/uploads\/2017\/06\/EMFA-1-1-moult.jpg 900w, https:\/\/cpl14.fr\/wp-content\/uploads\/2017\/06\/EMFA-1-1-moult-300x190.jpg 300w, https:\/\/cpl14.fr\/wp-content\/uploads\/2017\/06\/EMFA-1-1-moult-768x486.jpg 768w\" sizes=\"auto, (max-width: 900px) 100vw, 900px\" \/><\/p>\n<p><img loading=\"lazy\" decoding=\"async\" class=\"aligncenter size-large wp-image-1627\" src=\"http:\/\/cpl14.fr\/wp-content\/uploads\/2017\/06\/EMFA-1-2-moult.jpg\" alt=\"\" width=\"900\" height=\"569\" srcset=\"https:\/\/cpl14.fr\/wp-content\/uploads\/2017\/06\/EMFA-1-2-moult.jpg 900w, https:\/\/cpl14.fr\/wp-content\/uploads\/2017\/06\/EMFA-1-2-moult-300x190.jpg 300w, https:\/\/cpl14.fr\/wp-content\/uploads\/2017\/06\/EMFA-1-2-moult-768x486.jpg 768w\" sizes=\"auto, (max-width: 900px) 100vw, 900px\" \/><\/p>\n<p>&nbsp;<\/p>\n<p>La station de Moult sur l&rsquo;\u00e9cart vers Argences (au second plan, la gare \u00ab\u00a0grande ligne\u00a0\u00bb):<\/p>\n<p><img loading=\"lazy\" decoding=\"async\" class=\"aligncenter size-large wp-image-1628\" src=\"http:\/\/cpl14.fr\/wp-content\/uploads\/2017\/06\/EMFA-1-3-moult.jpg\" alt=\"\" width=\"900\" height=\"579\" srcset=\"https:\/\/cpl14.fr\/wp-content\/uploads\/2017\/06\/EMFA-1-3-moult.jpg 900w, https:\/\/cpl14.fr\/wp-content\/uploads\/2017\/06\/EMFA-1-3-moult-300x193.jpg 300w, https:\/\/cpl14.fr\/wp-content\/uploads\/2017\/06\/EMFA-1-3-moult-768x494.jpg 768w\" sizes=\"auto, (max-width: 900px) 100vw, 900px\" \/><\/p>\n<p>&nbsp;<\/p>\n<p>La station d&rsquo;Argences :<\/p>\n<p><img loading=\"lazy\" decoding=\"async\" class=\"aligncenter size-large wp-image-1629\" src=\"http:\/\/cpl14.fr\/wp-content\/uploads\/2017\/06\/EMFA-2-1-argence.jpg\" alt=\"\" width=\"900\" height=\"576\" srcset=\"https:\/\/cpl14.fr\/wp-content\/uploads\/2017\/06\/EMFA-2-1-argence.jpg 900w, https:\/\/cpl14.fr\/wp-content\/uploads\/2017\/06\/EMFA-2-1-argence-300x192.jpg 300w, https:\/\/cpl14.fr\/wp-content\/uploads\/2017\/06\/EMFA-2-1-argence-768x492.jpg 768w\" sizes=\"auto, (max-width: 900px) 100vw, 900px\" \/><\/p>\n<p><img loading=\"lazy\" decoding=\"async\" class=\"aligncenter size-large wp-image-1630\" src=\"http:\/\/cpl14.fr\/wp-content\/uploads\/2017\/06\/EMFA-2-2-argence.jpg\" alt=\"\" width=\"900\" height=\"578\" srcset=\"https:\/\/cpl14.fr\/wp-content\/uploads\/2017\/06\/EMFA-2-2-argence.jpg 900w, https:\/\/cpl14.fr\/wp-content\/uploads\/2017\/06\/EMFA-2-2-argence-300x193.jpg 300w, https:\/\/cpl14.fr\/wp-content\/uploads\/2017\/06\/EMFA-2-2-argence-768x493.jpg 768w\" sizes=\"auto, (max-width: 900px) 100vw, 900px\" \/><\/p>\n<p>&nbsp;<\/p>\n<p>Service de voiture \u00e0\u00a0Argences (avant la cr\u00e9ation de l&rsquo;\u00e9cart?):<\/p>\n<p><img loading=\"lazy\" decoding=\"async\" class=\"aligncenter size-large wp-image-1631\" src=\"http:\/\/cpl14.fr\/wp-content\/uploads\/2017\/06\/EMFA-3-1-fresnes-dargence.jpg\" alt=\"\" width=\"900\" height=\"599\" srcset=\"https:\/\/cpl14.fr\/wp-content\/uploads\/2017\/06\/EMFA-3-1-fresnes-dargence.jpg 900w, https:\/\/cpl14.fr\/wp-content\/uploads\/2017\/06\/EMFA-3-1-fresnes-dargence-300x200.jpg 300w, https:\/\/cpl14.fr\/wp-content\/uploads\/2017\/06\/EMFA-3-1-fresnes-dargence-768x511.jpg 768w\" sizes=\"auto, (max-width: 900px) 100vw, 900px\" \/><\/p>\n<p>&nbsp;<\/p>\n<p style=\"margin: 0cm; margin-bottom: .0001pt; line-height: 15.6pt; background: white;\"><span style=\"font-size: 9.0pt; font-family: 'Arial','sans-serif'; color: #444444;\">Action au porteur de 100F (1921) pour un capital de 300.000F soit 3000 actions.<br \/>\nAttention \u00e0 ne pas confondre (erreur tr\u00e8s commun\u00e9ment entendue) Action et Obligation !<br \/>\nL&rsquo;Obligation dont le visuel est assez semblable est un emprunt dont les porteurs\u00a0 (pr\u00eateurs) per\u00e7oivent des int\u00e9r\u00eats annuels dont le taux est connu d&rsquo;avance ainsi que la date de remboursement \u00ab\u00a0in fine\u00a0\u00bb. (Voir une obligation\u00a0 au Chemin de Fer de Caen \u00e0 la Mer).\u00a0<\/span><span style=\"font-size: 9.0pt; font-family: 'Arial','sans-serif'; color: #444444;\">L&rsquo;Action est une part de la Soci\u00e9t\u00e9, un pourcentage du capital total qui ouvre droit au partage de la part distribuable des\u00a0 b\u00e9n\u00e9fices\u00a0 (mais aussi des pertes \u00e9ventuelles !). Ce partage, le plus souvent annuel est concr\u00e9tis\u00e9 comme ici par des \u00ab\u00a0coupons \u00a0\u00bb d\u00e9tachables. Chaque ann\u00e9e un coupon est d\u00e9tach\u00e9.<span class=\"apple-converted-space\">\u00a0<\/span>Nous voyons ici que l&rsquo;optimisme de l&rsquo;entreprise avait\u00a0 esp\u00e9r\u00e9 40 ann\u00e9es de b\u00e9n\u00e9fices\u00a0 (on ne recule devant rien pour vendre ) : l&rsquo;absence totale de d\u00e9tachement laisse supposer qu&rsquo;il n&rsquo;y eut jamais de b\u00e9n\u00e9fice, ou que le porteur soit mort dans l&rsquo;anonymat total sans avoir eu le temps de vendre son titre, ou de le transmettre.<span class=\"apple-converted-space\">\u00a0<\/span><\/span><\/p>\n<p><img loading=\"lazy\" decoding=\"async\" class=\"aligncenter size-large wp-image-1711\" src=\"http:\/\/cpl14.fr\/wp-content\/uploads\/2017\/06\/action-1-1-697x1024.jpg\" alt=\"\" width=\"697\" height=\"1024\" srcset=\"https:\/\/cpl14.fr\/wp-content\/uploads\/2017\/06\/action-1-1-697x1024.jpg 697w, https:\/\/cpl14.fr\/wp-content\/uploads\/2017\/06\/action-1-1-204x300.jpg 204w, https:\/\/cpl14.fr\/wp-content\/uploads\/2017\/06\/action-1-1-768x1129.jpg 768w, https:\/\/cpl14.fr\/wp-content\/uploads\/2017\/06\/action-1-1.jpg 1200w\" sizes=\"auto, (max-width: 697px) 100vw, 697px\" \/><\/p>\n<p>&nbsp;<\/p>\n<p style=\"text-align: right;\"><a href=\"http:\/\/cpl14.fr\/?p=343\">retour \u00e0 l&rsquo;article Chemin de Fer<\/a><\/p>\n<p>&nbsp;<\/p>\n","protected":false},"excerpt":{"rendered":"<div class=\"mh-excerpt\"><p>L&rsquo;Ecart de Moult La ligne Moult \u00e0 Le Fresne d&rsquo;Argences, d\u00e9clar\u00e9e d&rsquo;utilit\u00e9 publique en 1907, \u00e9tait destin\u00e9e \u00e0 relier le bourg d&rsquo;Argences \u00e0 la ligne <a class=\"mh-excerpt-more\" href=\"https:\/\/cpl14.fr\/?page_id=1623\" title=\"E. MFA\">[&#8230;]<\/a><\/p>\n<\/div>","protected":false},"author":1,"featured_media":0,"parent":0,"menu_order":0,"comment_status":"closed","ping_status":"closed","template":"","meta":{"footnotes":""},"class_list":["post-1623","page","type-page","status-publish","hentry"],"_links":{"self":[{"href":"https:\/\/cpl14.fr\/index.php?rest_route=\/wp\/v2\/pages\/1623","targetHints":{"allow":["GET"]}}],"collection":[{"href":"https:\/\/cpl14.fr\/index.php?rest_route=\/wp\/v2\/pages"}],"about":[{"href":"https:\/\/cpl14.fr\/index.php?rest_route=\/wp\/v2\/types\/page"}],"author":[{"embeddable":true,"href":"https:\/\/cpl14.fr\/index.php?rest_route=\/wp\/v2\/users\/1"}],"replies":[{"embeddable":true,"href":"https:\/\/cpl14.fr\/index.php?rest_route=%2Fwp%2Fv2%2Fcomments&post=1623"}],"version-history":[{"count":4,"href":"https:\/\/cpl14.fr\/index.php?rest_route=\/wp\/v2\/pages\/1623\/revisions"}],"predecessor-version":[{"id":6372,"href":"https:\/\/cpl14.fr\/index.php?rest_route=\/wp\/v2\/pages\/1623\/revisions\/6372"}],"wp:attachment":[{"href":"https:\/\/cpl14.fr\/index.php?rest_route=%2Fwp%2Fv2%2Fmedia&parent=1623"}],"curies":[{"name":"wp","href":"https:\/\/api.w.org\/{rel}","templated":true}]}}