{"id":1651,"date":"2017-06-13T09:59:37","date_gmt":"2017-06-13T07:59:37","guid":{"rendered":"http:\/\/cpl14.fr\/?page_id=1651"},"modified":"2019-01-17T10:23:00","modified_gmt":"2019-01-17T09:23:00","slug":"1845-1","status":"publish","type":"page","link":"https:\/\/cpl14.fr\/?page_id=1651","title":{"rendered":"1845.1"},"content":{"rendered":"<p><strong>La marque postale<\/strong><\/p>\n<p><img loading=\"lazy\" decoding=\"async\" class=\"aligncenter size-full wp-image-1655\" src=\"http:\/\/cpl14.fr\/wp-content\/uploads\/2017\/06\/lettre-1-1.jpg\" alt=\"\" width=\"900\" height=\"628\" srcset=\"https:\/\/cpl14.fr\/wp-content\/uploads\/2017\/06\/lettre-1-1.jpg 900w, https:\/\/cpl14.fr\/wp-content\/uploads\/2017\/06\/lettre-1-1-300x209.jpg 300w, https:\/\/cpl14.fr\/wp-content\/uploads\/2017\/06\/lettre-1-1-768x536.jpg 768w\" sizes=\"auto, (max-width: 900px) 100vw, 900px\" \/><\/p>\n<p><img loading=\"lazy\" decoding=\"async\" class=\"aligncenter size-large wp-image-1652\" src=\"http:\/\/cpl14.fr\/wp-content\/uploads\/2017\/06\/lettre-2-1-1024x298.jpg\" alt=\"\" width=\"1024\" height=\"298\" srcset=\"https:\/\/cpl14.fr\/wp-content\/uploads\/2017\/06\/lettre-2-1-1024x298.jpg 1024w, https:\/\/cpl14.fr\/wp-content\/uploads\/2017\/06\/lettre-2-1-300x87.jpg 300w, https:\/\/cpl14.fr\/wp-content\/uploads\/2017\/06\/lettre-2-1-768x223.jpg 768w, https:\/\/cpl14.fr\/wp-content\/uploads\/2017\/06\/lettre-2-1.jpg 1200w\" sizes=\"auto, (max-width: 1024px) 100vw, 1024px\" \/><\/p>\n<p># \u00a0timbre \u00e0 date type 13 de LISIEUX noir (n\u00b055- 1838.1848)<\/p>\n<p>\u00a5 \u00a010 septembre 1845<\/p>\n<p>! \u00a0 \u00a0Taxe 5 pour Paris<\/p>\n<p>T \u00a0 Tarif de 1828, de 150 \u00e0 220 km = 5 d\u00e9cimes pour 7g. Le poids a \u00e9t\u00e9 v\u00e9rifi\u00e9 7g manuscrit rouge en haut \u00e0 gauche.<\/p>\n<p>&amp; \u00a0 Les autres marques demandent un d\u00e9veloppement accompagn\u00e9 de plusieurs photos, la lettre n&rsquo;ayant pas trouv\u00e9 son destinataire est all\u00e9e aux rebuts.<\/p>\n<p>1\u00b0) au verso INCONNU A L&rsquo;APPEL bleu (26\u00d713mm &#8211; Pothion\/Paris n\u00b01830) indique \u00ab\u00a0l&rsquo;appel des facteurs\u00a0\u00bb = ce moment du tri o\u00f9 le facteur chef appelle \u00e0 haute voie une adresse inconnue, les facteurs pr\u00e9sents devant tous r\u00e9pondre!<\/p>\n<p>\u2605 photo de la griffe<\/p>\n<p><img loading=\"lazy\" decoding=\"async\" class=\"aligncenter size-full wp-image-1653\" src=\"http:\/\/cpl14.fr\/wp-content\/uploads\/2017\/06\/tampon.jpg\" alt=\"\" width=\"700\" height=\"363\" srcset=\"https:\/\/cpl14.fr\/wp-content\/uploads\/2017\/06\/tampon.jpg 700w, https:\/\/cpl14.fr\/wp-content\/uploads\/2017\/06\/tampon-300x156.jpg 300w\" sizes=\"auto, (max-width: 700px) 100vw, 700px\" \/><\/p>\n<p>\u2605 \u00a0 Voyez aussi sur la vue verso le petit J11, cachet du facteur du bureau J (Recette Principale de Paris) qui prend la lettre en charge de recherche. Le 11 est le quanti\u00e8me (11e jour du mois)<\/p>\n<p>Voyez autre Rebut \u00e0 \u00ab\u00a0<a href=\"http:\/\/cpl14.fr\/?page_id=4775\">lettre de 1840.1<\/a>\u00a0\u00bb pour explication d\u00e9taill\u00e9e de ces cachets de facteurs de Paris.<\/p>\n<p><img loading=\"lazy\" decoding=\"async\" class=\"aligncenter size-full wp-image-1654\" src=\"http:\/\/cpl14.fr\/wp-content\/uploads\/2017\/06\/lettre-verso.jpg\" alt=\"\" width=\"448\" height=\"319\" srcset=\"https:\/\/cpl14.fr\/wp-content\/uploads\/2017\/06\/lettre-verso.jpg 448w, https:\/\/cpl14.fr\/wp-content\/uploads\/2017\/06\/lettre-verso-300x214.jpg 300w\" sizes=\"auto, (max-width: 448px) 100vw, 448px\" \/><\/p>\n<p>2\u00b0) La lettre est dirig\u00e9e vers les Rebuts (qui se trouvent aussi \u00e0 la Recette Principale = simple changement de service).<\/p>\n<p>\u2605 \u00a0verso griffe cursive rouge: Don gle des Postes\/ Ouverte pr Renseignems (Pothion n\u00b01932)<\/p>\n<p><img loading=\"lazy\" decoding=\"async\" class=\"aligncenter size-full wp-image-1656\" src=\"http:\/\/cpl14.fr\/wp-content\/uploads\/2017\/06\/Suite-\u2605-rebuts.jpg\" alt=\"\" width=\"800\" height=\"283\" srcset=\"https:\/\/cpl14.fr\/wp-content\/uploads\/2017\/06\/Suite-\u2605-rebuts.jpg 800w, https:\/\/cpl14.fr\/wp-content\/uploads\/2017\/06\/Suite-\u2605-rebuts-300x106.jpg 300w, https:\/\/cpl14.fr\/wp-content\/uploads\/2017\/06\/Suite-\u2605-rebuts-768x272.jpg 768w\" sizes=\"auto, (max-width: 800px) 100vw, 800px\" \/><\/p>\n<p>\u2605 \u00a0recto griffe cursive rouge Rebuts (Pothion n\u00b01925)<\/p>\n<p><img loading=\"lazy\" decoding=\"async\" class=\"aligncenter size-full wp-image-1657\" src=\"http:\/\/cpl14.fr\/wp-content\/uploads\/2017\/06\/Suite-\u2605-rebuts-1.jpg\" alt=\"\" width=\"800\" height=\"290\" srcset=\"https:\/\/cpl14.fr\/wp-content\/uploads\/2017\/06\/Suite-\u2605-rebuts-1.jpg 800w, https:\/\/cpl14.fr\/wp-content\/uploads\/2017\/06\/Suite-\u2605-rebuts-1-300x109.jpg 300w, https:\/\/cpl14.fr\/wp-content\/uploads\/2017\/06\/Suite-\u2605-rebuts-1-768x278.jpg 768w\" sizes=\"auto, (max-width: 800px) 100vw, 800px\" \/><\/p>\n<p>&nbsp;<\/p>\n<p>3\u00b0) Les rebuts d\u00e9tectent une erreur d&rsquo;adresse: ils rayent Paris pour Rouen, manuscrit bleu.<\/p>\n<p>Puis au verso type 15 bleu 14\/PARIS\/14 (cachet de route du Havre) = la lettre est remise dans le service le 11, et arriv\u00e9e type 15 de Rouen le 14.<\/p>\n<p>\u25cb il est peu commun que les lettres des Rebuts trouvent ainsi un destinataire quand il s&rsquo;agit d&rsquo;une erreur de ville.<\/p>\n<p>Non identifi\u00e9s les Rebuts \u00e9taient d\u00e9truits.<\/p>\n<p>&nbsp;<\/p>\n<p><strong>La Lettre<\/strong><\/p>\n<p><img loading=\"lazy\" decoding=\"async\" class=\"aligncenter size-large wp-image-1658\" src=\"http:\/\/cpl14.fr\/wp-content\/uploads\/2017\/06\/texte-4-791x1024.jpg\" alt=\"\" width=\"791\" height=\"1024\" srcset=\"https:\/\/cpl14.fr\/wp-content\/uploads\/2017\/06\/texte-4-791x1024.jpg 791w, https:\/\/cpl14.fr\/wp-content\/uploads\/2017\/06\/texte-4-232x300.jpg 232w, https:\/\/cpl14.fr\/wp-content\/uploads\/2017\/06\/texte-4-768x994.jpg 768w, https:\/\/cpl14.fr\/wp-content\/uploads\/2017\/06\/texte-4.jpg 900w\" sizes=\"auto, (max-width: 791px) 100vw, 791px\" \/><\/p>\n<p>\u2661 signature de Olympe Dolbecq<\/p>\n<p>[ ] \u00a0Lisieux<\/p>\n<p>\u2665 \u00a0MM. ABBY fr\u00e8res n\u00e9gociants, rue de la joie (?) N\u00b07 Paris \/ puis Rouen<\/p>\n<p>= \u00a0commande de ouates, noires et blanches.<\/p>\n<p>&gt; \u00a0DUGAY, messager qui descend H\u00f4tel de Rennes.<\/p>\n<p>&lt; \u00a0H\u00f4tel de Rennes. Lisieux, Paris, Rouen.<\/p>\n<p>\u00a4 \u00a0sceau de fermeture cire rouge: DIRECTION G\u00c9N\u00c9RALE DES POSTES \/ DEPOT DES REBUTS.<\/p>\n<p>\u2605 photo de ce cachet incomplet attestant le contr\u00f4le de la lettre ouverte par les rebuts.<\/p>\n<p><img loading=\"lazy\" decoding=\"async\" class=\"aligncenter size-full wp-image-1659\" src=\"http:\/\/cpl14.fr\/wp-content\/uploads\/2017\/06\/sceau-3.jpg\" alt=\"\" width=\"600\" height=\"735\" srcset=\"https:\/\/cpl14.fr\/wp-content\/uploads\/2017\/06\/sceau-3.jpg 600w, https:\/\/cpl14.fr\/wp-content\/uploads\/2017\/06\/sceau-3-245x300.jpg 245w\" sizes=\"auto, (max-width: 600px) 100vw, 600px\" \/><\/p>\n<p>&nbsp;<\/p>\n<p>&nbsp;<\/p>\n<p><strong>Le Papier<\/strong><\/p>\n<p>\u25a1 \u00a0feuille 21x27cm<\/p>\n<p>\u2606 n\u00e9ant.<\/p>\n<p>\u25cb \u00a0 Apr\u00e8s 1830 les papiers verg\u00e9s et \u00e9pais vont dispara\u00eetre rapidement et avec eux les filigranes. Ils sont remplac\u00e9s par l&rsquo;arriv\u00e9e de nouveaux papiers fins d&rsquo;origine d&rsquo;abord anglaise. Ces papiers qui all\u00e8gent le poids des lettres vont envahir le march\u00e9.<\/p>\n<p>Progressivement, apr\u00e8s 1850 et jusqu&rsquo;au XXe si\u00e8cle, les papetiers vont retrouver de l&rsquo;int\u00e9r\u00eat pour les filigranes: en particulier pour les imprim\u00e9s commerciaux, les factures et les papiers \u00e0 lettres de qualit\u00e9.<\/p>\n<p>Nous aurons donc plus tard, encore le plaisir de vous faire d\u00e9couvrir ces belles images qui sont le coeur artistique de la feuille de papier.<\/p>\n<p>&nbsp;<\/p>\n","protected":false},"excerpt":{"rendered":"<div class=\"mh-excerpt\"><p>La marque postale # \u00a0timbre \u00e0 date type 13 de LISIEUX noir (n\u00b055- 1838.1848) \u00a5 \u00a010 septembre 1845 ! \u00a0 \u00a0Taxe 5 pour Paris T <a class=\"mh-excerpt-more\" href=\"https:\/\/cpl14.fr\/?page_id=1651\" title=\"1845.1\">[&#8230;]<\/a><\/p>\n<\/div>","protected":false},"author":1,"featured_media":0,"parent":0,"menu_order":0,"comment_status":"closed","ping_status":"closed","template":"","meta":{"footnotes":""},"class_list":["post-1651","page","type-page","status-publish","hentry"],"_links":{"self":[{"href":"https:\/\/cpl14.fr\/index.php?rest_route=\/wp\/v2\/pages\/1651","targetHints":{"allow":["GET"]}}],"collection":[{"href":"https:\/\/cpl14.fr\/index.php?rest_route=\/wp\/v2\/pages"}],"about":[{"href":"https:\/\/cpl14.fr\/index.php?rest_route=\/wp\/v2\/types\/page"}],"author":[{"embeddable":true,"href":"https:\/\/cpl14.fr\/index.php?rest_route=\/wp\/v2\/users\/1"}],"replies":[{"embeddable":true,"href":"https:\/\/cpl14.fr\/index.php?rest_route=%2Fwp%2Fv2%2Fcomments&post=1651"}],"version-history":[{"count":3,"href":"https:\/\/cpl14.fr\/index.php?rest_route=\/wp\/v2\/pages\/1651\/revisions"}],"predecessor-version":[{"id":4835,"href":"https:\/\/cpl14.fr\/index.php?rest_route=\/wp\/v2\/pages\/1651\/revisions\/4835"}],"wp:attachment":[{"href":"https:\/\/cpl14.fr\/index.php?rest_route=%2Fwp%2Fv2%2Fmedia&parent=1651"}],"curies":[{"name":"wp","href":"https:\/\/api.w.org\/{rel}","templated":true}]}}