{"id":1669,"date":"2017-06-13T10:20:01","date_gmt":"2017-06-13T08:20:01","guid":{"rendered":"http:\/\/cpl14.fr\/?page_id=1669"},"modified":"2017-06-13T10:20:01","modified_gmt":"2017-06-13T08:20:01","slug":"1849-3","status":"publish","type":"page","link":"https:\/\/cpl14.fr\/?page_id=1669","title":{"rendered":"1849.3"},"content":{"rendered":"<p><strong>La Marque Postale<\/strong><\/p>\n<p><img loading=\"lazy\" decoding=\"async\" class=\"aligncenter size-full wp-image-1670\" src=\"http:\/\/cpl14.fr\/wp-content\/uploads\/2017\/06\/20160614_100932-1.jpg\" alt=\"\" width=\"900\" height=\"608\" srcset=\"https:\/\/cpl14.fr\/wp-content\/uploads\/2017\/06\/20160614_100932-1.jpg 900w, https:\/\/cpl14.fr\/wp-content\/uploads\/2017\/06\/20160614_100932-1-300x203.jpg 300w, https:\/\/cpl14.fr\/wp-content\/uploads\/2017\/06\/20160614_100932-1-768x519.jpg 768w\" sizes=\"auto, (max-width: 900px) 100vw, 900px\" \/><\/p>\n<p># \u00a0Lettre affranchie d&rsquo;un 20c noir\u00a0(N\u00b03 de France) oblit\u00e9ration grille. A c\u00f4t\u00e9: timbre \u00e0 date type 15 \u00a0\u00a0LE HAVRE \/ BATEAU A VAPr<\/p>\n<p>La grille et le tad sont appos\u00e9s \u00e0 Honfleur. (@).\u00a0(Salles fig.313. Poste Maritime Francaise tome 1)<\/p>\n<p>\u00a5 \u00a05 juillet 1849 (dat\u00e9e du 4, Havre ou tr\u00e9s proche).<\/p>\n<p>T \u00a0tarif lettre simple \u00e0 20c jusqu&rsquo;\u00e0 7g 1\/2 (1 Janvier 1849).<\/p>\n<p>&amp; \u00a0Au verso: tad t.15 HONFLEUR et\u00a0LISIEUX: m\u00eame date.<\/p>\n<p>~ \u00a0bas \u00e0 droite : double signature \u00a0de R.Calves (expert).<\/p>\n<p>\u25cb \u00a0voir en fin @\u00a0\u00a0Une note d\u00e9taill\u00e9e sur cette rare oblit\u00e9ration (Pi\u00e8ce unique !).<\/p>\n<p>\u2605 \u00a0Photo compl\u00e8te avec verso<\/p>\n<p><img loading=\"lazy\" decoding=\"async\" class=\"aligncenter size-large wp-image-1671\" src=\"http:\/\/cpl14.fr\/wp-content\/uploads\/2017\/06\/20160614_100923-1-796x1024.jpg\" alt=\"\" width=\"796\" height=\"1024\" srcset=\"https:\/\/cpl14.fr\/wp-content\/uploads\/2017\/06\/20160614_100923-1-796x1024.jpg 796w, https:\/\/cpl14.fr\/wp-content\/uploads\/2017\/06\/20160614_100923-1-233x300.jpg 233w, https:\/\/cpl14.fr\/wp-content\/uploads\/2017\/06\/20160614_100923-1-768x988.jpg 768w, https:\/\/cpl14.fr\/wp-content\/uploads\/2017\/06\/20160614_100923-1.jpg 900w\" sizes=\"auto, (max-width: 796px) 100vw, 796px\" \/><\/p>\n<p>&nbsp;<\/p>\n<p>&nbsp;<\/p>\n<p><strong>La Lettre<\/strong><\/p>\n<p><img loading=\"lazy\" decoding=\"async\" class=\"aligncenter size-large wp-image-1672\" src=\"http:\/\/cpl14.fr\/wp-content\/uploads\/2017\/06\/20160614_101020-1-757x1024.jpg\" alt=\"\" width=\"757\" height=\"1024\" srcset=\"https:\/\/cpl14.fr\/wp-content\/uploads\/2017\/06\/20160614_101020-1-757x1024.jpg 757w, https:\/\/cpl14.fr\/wp-content\/uploads\/2017\/06\/20160614_101020-1-222x300.jpg 222w, https:\/\/cpl14.fr\/wp-content\/uploads\/2017\/06\/20160614_101020-1-768x1039.jpg 768w, https:\/\/cpl14.fr\/wp-content\/uploads\/2017\/06\/20160614_101020-1.jpg 900w\" sizes=\"auto, (max-width: 757px) 100vw, 757px\" \/><\/p>\n<p>\u2661 \u00a0inconnu. La Lettre est sign\u00e9e.\u00a0\u00a0Voyez la photo.<\/p>\n<p>[ ] \u00a0 Le lieu n&rsquo;est pas nomm\u00e9,\u00a0suppos\u00e9 Le Havre ou tr\u00e9s proche<\/p>\n<p>\u2665 \u00a0M.Daumesnil, rue Navarin \u00e0\u00a0Lisieux.<\/p>\n<p>= \u00a0 \u00a0Correspondance d&rsquo;affaires. On y\u00a0lit en bas:\u00a0\u00ab\u00a0C&rsquo;est Mr Laignel qui nous dirige\u00a0\u00bb<\/p>\n<p>&gt; \u00a0 \u00a0M. LAIGNEL, et signataire et\u00a0exp\u00e9diteur.<\/p>\n<p>&lt; \u00a0 adresse Lisieux.<\/p>\n<p>\u25cb \u00a0M.Daumesnil est agent d&rsquo;affaires bien connu \u00e0 Lisieux: il est cit\u00e9 dans plusieurs almanachs de Lisieux (imp. Vve Tissot ou Durand): on le trouve entre autres:<\/p>\n<p>&#8211; 39 rue Pont-Mortain (1839.40)<\/p>\n<p>&#8211; rue Condorcet (1846)<\/p>\n<p>&nbsp;<\/p>\n<p><strong>Le Papier<\/strong><\/p>\n<p>\u25a1 simple pli 12x7cm, d\u00e9pli\u00e9 double feuille environ 24x15cm.<\/p>\n<p>Pas de particularit\u00e9 de papier<\/p>\n<p>Feuillet l\u00e9ger, standard du commerce.<\/p>\n<p>&nbsp;<\/p>\n<p><strong>@ Les Bateaux \u00e0 Vapeur<\/strong><\/p>\n<p>Le transport des correspondances par bateau \u00e0 vapeur, bien connu des sp\u00e9cialistes, n\u00e9cessite pour la majorit\u00e9 des lecteurs quelques explications d\u00e9taill\u00e9es, sans refaire toute l&rsquo;histoire maritime fran\u00e7aise! (Nous donnerons quelques sources pour aller plus loin si affinit\u00e9s).<\/p>\n<p>Pour \u00e9viter de longs trajets routiers, il est apparu assez t\u00f4t que les bateaux \u00e0 vapeur permettaient de raccourcir le trajet, et le \u00ab\u00a0temps du courrier\u00a0\u00bb entre le Havre et diff\u00e9rents ports de la Manche: Honfleur, Trouville, Caen etc. jusqu&rsquo;en Bretagne. Le syst\u00e8me expliqu\u00e9 ici pour cette lettre dans la Manche est \u00a0aussi valable pour d&rsquo;autres ports de France (Atlantique, estuaire de la Loire et M\u00e9diterran\u00e9e avec la Corse et l&rsquo;Afrique du Nord).<\/p>\n<p>R\u00e9sumons: au lieu d&rsquo;aller \u00e0 la Poste, les exp\u00e9diteurs avaient la possibilit\u00e9 d&rsquo;apporter leur lettre directement au bateau. A cette effet, une boite postale dite \u00ab\u00a0boite mobile\u00a0\u00bb \u00e9tait \u00e0 leur disposition pr\u00e8s du quai. Avant le d\u00e9part (on dit 1\/4 d&rsquo;heure? Mais rien n&rsquo;a jamais \u00e9t\u00e9 chronom\u00e9tr\u00e9!) la boite est d\u00e9croch\u00e9e, mise sur le bateau et emport\u00e9e \u00e0 destination o\u00f9 seul un employ\u00e9 des Postes pr\u00e9sent \u00e0 quai sera habilit\u00e9 \u00e0 l&rsquo;ouvrir, \u00ab\u00a0lever\u00a0\u00bb le courrier et l&#8217;emporter au bureau de Poste afin qu&rsquo;il soit oblit\u00e9r\u00e9, v\u00e9rifi\u00e9 (et tax\u00e9 si n\u00e9cessaire) puis achemin\u00e9.<\/p>\n<p>La boite elle, reste \u00e0 quai pour le prochain voyage inverse. A certaines \u00e9poques, la boite \u00e9tant l\u00e9g\u00e8re et munie d&rsquo;une poign\u00e9e, le pr\u00e9pos\u00e9 pouvait aussi l&#8217;emporter directement au bureau, en laissant une vide \u00e0 la place.<\/p>\n<p>\u2605 photo d&rsquo;un exemple de boite mobile (ici terrestre, mais il n&rsquo;appara\u00eet pas qu&rsquo;il y ait eu un mod\u00e8le sp\u00e9cifique aux maritimes).<\/p>\n<p><img loading=\"lazy\" decoding=\"async\" class=\"aligncenter size-large wp-image-1673\" src=\"http:\/\/cpl14.fr\/wp-content\/uploads\/2017\/06\/exemple-de-boite-mobile-690x1024.jpg\" alt=\"\" width=\"690\" height=\"1024\" srcset=\"https:\/\/cpl14.fr\/wp-content\/uploads\/2017\/06\/exemple-de-boite-mobile-690x1024.jpg 690w, https:\/\/cpl14.fr\/wp-content\/uploads\/2017\/06\/exemple-de-boite-mobile-202x300.jpg 202w, https:\/\/cpl14.fr\/wp-content\/uploads\/2017\/06\/exemple-de-boite-mobile.jpg 700w\" sizes=\"auto, (max-width: 690px) 100vw, 690px\" \/><\/p>\n<p>Ref. Mus\u00e9e de la Poste<\/p>\n<p>Les feuilles marcophiles n\u00b0314 suppl\u00e9ment \u00ab\u00a0les boites mobiles de la voie de terre\u00a0\u00bb par Jean Lissarague et Herv\u00e9 Tanter (ouvrage visible \u00e0 la ShL).<\/p>\n<p>Le nom de la ville sur le timbre \u00e0 date est donc toujours le nom de provenance, il est appos\u00e9 par le bureau qui l\u00e8ve la boite.<\/p>\n<p>La Lettre ici pr\u00e9sent\u00e9e est donc jet\u00e9e dans la boite du bateau au Havre le 4 ou 5 au matin, lev\u00e9e \u00e0 Honfleur, oblit\u00e9r\u00e9e de la grille pour annuler le timbre, et du timbre \u00e0 date pour justifier la provenance.<\/p>\n<p>Au verso le tad Honfleur du m\u00eame jour indique qu&rsquo;elle repart aussit\u00f4t dans la d\u00e9p\u00eache de Lisieux.<\/p>\n<p>Les almanachs nous indiquent que (exemple en 1846) la d\u00e9p\u00eache de Honfleur est assur\u00e9e \u00e0 Lisieux par Revel, tous les jours \u00e0 4h du matin, retour \u00e0 6h le soir.<\/p>\n<p>Des Messageries effectuent \u00e9galement la correspondance des colis ou des passagers pour les bateaux du Havre.<\/p>\n<p>\u2605 photo almanach de Lisieux<\/p>\n<p><img loading=\"lazy\" decoding=\"async\" class=\"aligncenter size-large wp-image-1674\" src=\"http:\/\/cpl14.fr\/wp-content\/uploads\/2017\/06\/20160617_101311-1-509x1024.jpg\" alt=\"\" width=\"509\" height=\"1024\" srcset=\"https:\/\/cpl14.fr\/wp-content\/uploads\/2017\/06\/20160617_101311-1-509x1024.jpg 509w, https:\/\/cpl14.fr\/wp-content\/uploads\/2017\/06\/20160617_101311-1-149x300.jpg 149w, https:\/\/cpl14.fr\/wp-content\/uploads\/2017\/06\/20160617_101311-1-768x1546.jpg 768w, https:\/\/cpl14.fr\/wp-content\/uploads\/2017\/06\/20160617_101311-1.jpg 800w\" sizes=\"auto, (max-width: 509px) 100vw, 509px\" \/><\/p>\n<p>(Durand 1846)<\/p>\n<p>Ref. Collection Sylvie &amp; Michel CATHERINE (Lisieux).<\/p>\n<p>&nbsp;<\/p>\n<p>Le tad Lisieux du 5 indique qu&rsquo;elle a aussi \u00e9t\u00e9 re\u00e7ue et distribu\u00e9e ce jour.<\/p>\n<p>Si les bateaux \u00e0 vapeur sont bien connus, celui-ci est unique:<\/p>\n<p>Salles signalait pour cette ligne la possibilit\u00e9 de 1849, et ne connaissait, en 1850 comme premi\u00e8re date, que des lettres non affranchies. Cette pi\u00e8ce postale affranchie du premier timbre de France en 1849 est donc d&rsquo;une insigne raret\u00e9.<\/p>\n<p>\u2606 remercions ici notre aimable coll\u00e8gue qui nous l&rsquo;a confi\u00e9e.<\/p>\n<p>&nbsp;<\/p>\n<p>Pour aller un peu plus loin:<\/p>\n<p>\u25c7 Notre ami Herv\u00e9 Tanter (grand chercheur passionn\u00e9) nous avait confi\u00e9 autrefois \u00e0 Trouville une partie de ses notes. \u00a0Il avait relev\u00e9 entre autres informations, dans la Presse locale&#8230;<\/p>\n<p>\u25c7 \u00c9cho Honfleurais du 19.11.1848<\/p>\n<p>Pose d&rsquo;une boite contre l&rsquo;h\u00f4tel du Cheval Blanc o\u00f9 \u00ab\u00a0l&rsquo;on pourra jeter jusqu&rsquo;au dernier moment du d\u00e9part, les lettres pour le Havre. Une semblable bo\u00eete est mise au Havre pr\u00e8s du bateau \u00e0 vapeur\u00a0\u00bb.<\/p>\n<p>\u2605 \u00a0Photo du lieu \u00e0 Honfleur<\/p>\n<p><img loading=\"lazy\" decoding=\"async\" class=\"aligncenter size-full wp-image-1675\" src=\"http:\/\/cpl14.fr\/wp-content\/uploads\/2017\/06\/bateau-a-honfleur.jpg\" alt=\"\" width=\"900\" height=\"593\" srcset=\"https:\/\/cpl14.fr\/wp-content\/uploads\/2017\/06\/bateau-a-honfleur.jpg 900w, https:\/\/cpl14.fr\/wp-content\/uploads\/2017\/06\/bateau-a-honfleur-300x198.jpg 300w, https:\/\/cpl14.fr\/wp-content\/uploads\/2017\/06\/bateau-a-honfleur-768x506.jpg 768w\" sizes=\"auto, (max-width: 900px) 100vw, 900px\" \/><\/p>\n<p>(Quoique tr\u00e8s post\u00e9rieures les cartes postales sont de bonnes illustrations de ces services maritimes).<\/p>\n<p>On distingue \u00e9galement sur la fa\u00e7ade de l&rsquo;h\u00f4tel les enseignes des Chemins de Fer ainsi que de l&rsquo;omnibus de Trouville.<\/p>\n<p>Les bateaux de Trouville et Honfleur, vus \u00e0 l&#8217;embarcad\u00e8re du Havre.<\/p>\n<p><img loading=\"lazy\" decoding=\"async\" class=\"aligncenter size-full wp-image-1676\" src=\"http:\/\/cpl14.fr\/wp-content\/uploads\/2017\/06\/bateau-a-le-havre.jpg\" alt=\"\" width=\"900\" height=\"696\" srcset=\"https:\/\/cpl14.fr\/wp-content\/uploads\/2017\/06\/bateau-a-le-havre.jpg 900w, https:\/\/cpl14.fr\/wp-content\/uploads\/2017\/06\/bateau-a-le-havre-300x232.jpg 300w, https:\/\/cpl14.fr\/wp-content\/uploads\/2017\/06\/bateau-a-le-havre-768x594.jpg 768w\" sizes=\"auto, (max-width: 900px) 100vw, 900px\" \/><\/p>\n<p>&nbsp;<\/p>\n<p>&nbsp;<\/p>\n<p>Bibliographie:<\/p>\n<p>&#8211; incontournable Poste Maritime Fran\u00e7aise (ici le tome 1) de Raymond Salles.<\/p>\n<p>&#8211; Les feuilles marcophiles, revue de l&rsquo;Union Marcophile.<\/p>\n<p>&#8211; Les notes et relev\u00e9s de Herv\u00e9 Tanter (nombreuses, elles peuvent \u00eatre consult\u00e9es sur rendez-vous \u00e0 la ShL).<\/p>\n<p>&#8211; La collection de notre ami discret que nous pouvons consulter chaque fois que besoin.<\/p>\n<p>&#8211; Nos notes et souvenirs personnels puisque LA POSTE AU HAVRE et LES BATEAUX A VAPEUR furent notre premi\u00e8re collection de jeunesse, expos\u00e9e \u00e0 Honfleur en 1970 \u00a0Lisieux en 1971, en Nationale \u00e0 St Brieuc en 1972 et m\u00e9daill\u00e9e, \u00a0encore en Nationale, \u00e0 Colmar en 1974.<\/p>\n<p>Pour conclure, nous osons ici une photo souvenir personnelle, puisqu&rsquo;elle est compl\u00e8tement dans le sujet!<\/p>\n<p>\u2605 photos Presse Honfleur 1970<\/p>\n<p><img loading=\"lazy\" decoding=\"async\" class=\"aligncenter size-full wp-image-1677\" src=\"http:\/\/cpl14.fr\/wp-content\/uploads\/2017\/06\/20160617_091838-1.jpg\" alt=\"\" width=\"900\" height=\"612\" srcset=\"https:\/\/cpl14.fr\/wp-content\/uploads\/2017\/06\/20160617_091838-1.jpg 900w, https:\/\/cpl14.fr\/wp-content\/uploads\/2017\/06\/20160617_091838-1-300x204.jpg 300w, https:\/\/cpl14.fr\/wp-content\/uploads\/2017\/06\/20160617_091838-1-768x522.jpg 768w\" sizes=\"auto, (max-width: 900px) 100vw, 900px\" \/> <img loading=\"lazy\" decoding=\"async\" class=\"aligncenter size-large wp-image-1678\" src=\"http:\/\/cpl14.fr\/wp-content\/uploads\/2017\/06\/20160617_091854-1.jpg\" alt=\"\" width=\"900\" height=\"961\" srcset=\"https:\/\/cpl14.fr\/wp-content\/uploads\/2017\/06\/20160617_091854-1.jpg 900w, https:\/\/cpl14.fr\/wp-content\/uploads\/2017\/06\/20160617_091854-1-281x300.jpg 281w, https:\/\/cpl14.fr\/wp-content\/uploads\/2017\/06\/20160617_091854-1-768x820.jpg 768w\" sizes=\"auto, (max-width: 900px) 100vw, 900px\" \/> <img loading=\"lazy\" decoding=\"async\" class=\"aligncenter size-large wp-image-1679\" src=\"http:\/\/cpl14.fr\/wp-content\/uploads\/2017\/06\/20160617_092429-1.jpg\" alt=\"\" width=\"900\" height=\"291\" srcset=\"https:\/\/cpl14.fr\/wp-content\/uploads\/2017\/06\/20160617_092429-1.jpg 900w, https:\/\/cpl14.fr\/wp-content\/uploads\/2017\/06\/20160617_092429-1-300x97.jpg 300w, https:\/\/cpl14.fr\/wp-content\/uploads\/2017\/06\/20160617_092429-1-768x248.jpg 768w\" sizes=\"auto, (max-width: 900px) 100vw, 900px\" \/><\/p>\n<p>On voit au centre Marcel Liabastre, de la Chambre de Commerce, Pr\u00e9sident du Club Philat\u00e9lique honfleurais.<\/p>\n<p>&nbsp;<\/p>\n","protected":false},"excerpt":{"rendered":"<div class=\"mh-excerpt\"><p>La Marque Postale # \u00a0Lettre affranchie d&rsquo;un 20c noir\u00a0(N\u00b03 de France) oblit\u00e9ration grille. A c\u00f4t\u00e9: timbre \u00e0 date type 15 \u00a0\u00a0LE HAVRE \/ BATEAU A <a class=\"mh-excerpt-more\" href=\"https:\/\/cpl14.fr\/?page_id=1669\" title=\"1849.3\">[&#8230;]<\/a><\/p>\n<\/div>","protected":false},"author":1,"featured_media":0,"parent":0,"menu_order":0,"comment_status":"closed","ping_status":"closed","template":"","meta":{"footnotes":""},"class_list":["post-1669","page","type-page","status-publish","hentry"],"_links":{"self":[{"href":"https:\/\/cpl14.fr\/index.php?rest_route=\/wp\/v2\/pages\/1669","targetHints":{"allow":["GET"]}}],"collection":[{"href":"https:\/\/cpl14.fr\/index.php?rest_route=\/wp\/v2\/pages"}],"about":[{"href":"https:\/\/cpl14.fr\/index.php?rest_route=\/wp\/v2\/types\/page"}],"author":[{"embeddable":true,"href":"https:\/\/cpl14.fr\/index.php?rest_route=\/wp\/v2\/users\/1"}],"replies":[{"embeddable":true,"href":"https:\/\/cpl14.fr\/index.php?rest_route=%2Fwp%2Fv2%2Fcomments&post=1669"}],"version-history":[{"count":1,"href":"https:\/\/cpl14.fr\/index.php?rest_route=\/wp\/v2\/pages\/1669\/revisions"}],"predecessor-version":[{"id":1680,"href":"https:\/\/cpl14.fr\/index.php?rest_route=\/wp\/v2\/pages\/1669\/revisions\/1680"}],"wp:attachment":[{"href":"https:\/\/cpl14.fr\/index.php?rest_route=%2Fwp%2Fv2%2Fmedia&parent=1669"}],"curies":[{"name":"wp","href":"https:\/\/api.w.org\/{rel}","templated":true}]}}