{"id":1681,"date":"2017-06-13T10:27:32","date_gmt":"2017-06-13T08:27:32","guid":{"rendered":"http:\/\/cpl14.fr\/?page_id=1681"},"modified":"2017-06-13T10:27:32","modified_gmt":"2017-06-13T08:27:32","slug":"1850-1","status":"publish","type":"page","link":"https:\/\/cpl14.fr\/?page_id=1681","title":{"rendered":"1850.1"},"content":{"rendered":"<p><strong>La Marque Postale<\/strong><\/p>\n<p><img loading=\"lazy\" decoding=\"async\" class=\"aligncenter size-full wp-image-1682\" src=\"http:\/\/cpl14.fr\/wp-content\/uploads\/2017\/06\/lettre-11.jpg\" alt=\"\" width=\"900\" height=\"374\" srcset=\"https:\/\/cpl14.fr\/wp-content\/uploads\/2017\/06\/lettre-11.jpg 900w, https:\/\/cpl14.fr\/wp-content\/uploads\/2017\/06\/lettre-11-300x125.jpg 300w, https:\/\/cpl14.fr\/wp-content\/uploads\/2017\/06\/lettre-11-768x319.jpg 768w\" sizes=\"auto, (max-width: 900px) 100vw, 900px\" \/><\/p>\n<p><u>#\u00a0\u00a0\u00a0\u00a0\u00a0\u00a0\u00a0\u00a0\u00a0\u00a0\u00a0\u00a0\u00a0\u00a0\u00a0\u00a0\u00a0\u00a0\u00a0\u00a0\u00a0\u00a0\u00a0 <\/u>lettre avec 25c bleu (yvert n\u00b04)\u00a0oblit\u00e9r\u00e9 Grille (n\u00b058 de notre\u00a0catalogue. A c\u00f4t\u00e9 timbre \u00e0 date\u00a0type 15 de Lisieux.<\/p>\n<p><u>\u00a5\u00a0\u00a0\u00a0\u00a0\u00a0\u00a0\u00a0\u00a0\u00a0\u00a0\u00a0 \u00a0\u00a0\u00a0\u00a0\u00a0\u00a0\u00a0\u00a0\u00a0\u00a0\u00a0 <\/u>29 Novembre 1850<\/p>\n<p><u>!\u00a0\u00a0\u00a0\u00a0\u00a0\u00a0\u00a0\u00a0\u00a0\u00a0\u00a0\u00a0 <\/u>25c pour Rouen<\/p>\n<p><u>T \u00a0 \u00a0\u00a0\u00a0\u00a0\u00a0\u00a0\u00a0\u00a0 <\/u>Tarif du 1 juillet 1850 Lettre de bureau \u00e0 bureau<\/p>\n<p><u>&amp; \u00a0 \u00a0\u00a0\u00a0\u00a0\u00a0\u00a0\u00a0 <\/u>Verso arriv\u00e9e t.15 Rouen du 30<\/p>\n<p><u>~ \u00a0 \u00a0\u00a0\u00a0\u00a0\u00a0\u00a0\u00a0\u00a0 <\/u>n\u00e9ant<\/p>\n<p><u>\u25cb\u00a0\u00a0\u00a0\u00a0\u00a0\u00a0\u00a0\u00a0\u00a0\u00a0\u00a0 <\/u>n\u00e9ant.<\/p>\n<p>&nbsp;<\/p>\n<p><strong>La Lettre<\/strong><\/p>\n<p><img loading=\"lazy\" decoding=\"async\" class=\"aligncenter size-large wp-image-1683\" src=\"http:\/\/cpl14.fr\/wp-content\/uploads\/2017\/06\/1850.1d-625x1024.jpg\" alt=\"\" width=\"625\" height=\"1024\" srcset=\"https:\/\/cpl14.fr\/wp-content\/uploads\/2017\/06\/1850.1d-625x1024.jpg 625w, https:\/\/cpl14.fr\/wp-content\/uploads\/2017\/06\/1850.1d-183x300.jpg 183w, https:\/\/cpl14.fr\/wp-content\/uploads\/2017\/06\/1850.1d-768x1259.jpg 768w, https:\/\/cpl14.fr\/wp-content\/uploads\/2017\/06\/1850.1d.jpg 900w\" sizes=\"auto, (max-width: 625px) 100vw, 625px\" \/><\/p>\n<p><u>\u2661<\/u><u> \u00a0\u00a0\u00a0\u00a0\u00a0\u00a0\u00a0\u00a0\u00a0\u00a0 <\/u>Pigeon.<\/p>\n<p><u>[ ] \u00a0 \u00a0\u00a0\u00a0\u00a0\u00a0\u00a0\u00a0 <\/u>huissier \u00e0 Lisieux<\/p>\n<p><u>\u2665 \u00a0 \u00a0\u00a0\u00a0\u00a0\u00a0\u00a0\u00a0\u00a0 <\/u>M. LECARDONNEL marchand de vins rue St Etienne des Tonneliers \u00e0 Rouen<\/p>\n<p><u>= \u00a0 \u00a0\u00a0\u00a0\u00a0\u00a0\u00a0\u00a0\u00a0 <\/u>Affaires courantes.<\/p>\n<p><u>&gt; \u00a0\u00a0\u00a0\u00a0\u00a0\u00a0\u00a0\u00a0\u00a0\u00a0 <\/u>M. Levavasseur<\/p>\n<p><u>&lt; \u00a0 \u00a0 \u00a0\u00a0\u00a0\u00a0\u00a0\u00a0 <\/u>n\u00e9ant.<\/p>\n<p><u>\u20a9 \u00a0\u00a0\u00a0\u00a0\u00a0\u00a0\u00a0\u00a0 <\/u>n\u00e9ant<\/p>\n<p><u>\u00a4 \u00a0 \u00a0 \u00a0\u00a0\u00a0\u00a0\u00a0\u00a0 <\/u>n\u00e9ant<\/p>\n<p>&nbsp;<\/p>\n<p><strong>Le Papier<\/strong><\/p>\n<p><u>\u25a1 \u00a0 \u00a0\u00a0\u00a0\u00a0\u00a0\u00a0\u00a0\u00a0 <\/u>feuille 26x21cm pli\u00e9e<\/p>\n<p><u>\u2606<\/u><u> \u00a0\u00a0\u00a0\u00a0\u00a0\u00a0\u00a0\u00a0 <\/u>n\u00e9ant<\/p>\n<p><u>\u2605<\/u><u> \u00a0\u00a0\u00a0\u00a0\u00a0\u00a0\u00a0\u00a0 <\/u>voir photos ci-dessous:\u00a0 Ent\u00eate et exemple de pince \u00e0 gaufrer.<\/p>\n<p><img loading=\"lazy\" decoding=\"async\" class=\"aligncenter size-full wp-image-1684\" src=\"http:\/\/cpl14.fr\/wp-content\/uploads\/2017\/06\/1850.1a.jpg\" alt=\"\" width=\"700\" height=\"427\" srcset=\"https:\/\/cpl14.fr\/wp-content\/uploads\/2017\/06\/1850.1a.jpg 700w, https:\/\/cpl14.fr\/wp-content\/uploads\/2017\/06\/1850.1a-300x183.jpg 300w\" sizes=\"auto, (max-width: 700px) 100vw, 700px\" \/><\/p>\n<p><img loading=\"lazy\" decoding=\"async\" class=\"aligncenter size-full wp-image-1685\" src=\"http:\/\/cpl14.fr\/wp-content\/uploads\/2017\/06\/1850.1b.jpg\" alt=\"\" width=\"1000\" height=\"880\" srcset=\"https:\/\/cpl14.fr\/wp-content\/uploads\/2017\/06\/1850.1b.jpg 1000w, https:\/\/cpl14.fr\/wp-content\/uploads\/2017\/06\/1850.1b-300x264.jpg 300w, https:\/\/cpl14.fr\/wp-content\/uploads\/2017\/06\/1850.1b-768x676.jpg 768w\" sizes=\"auto, (max-width: 1000px) 100vw, 1000px\" \/> <img loading=\"lazy\" decoding=\"async\" class=\"aligncenter size-large wp-image-1686\" src=\"http:\/\/cpl14.fr\/wp-content\/uploads\/2017\/06\/1850.1c.jpg\" alt=\"\" width=\"1000\" height=\"921\" srcset=\"https:\/\/cpl14.fr\/wp-content\/uploads\/2017\/06\/1850.1c.jpg 1000w, https:\/\/cpl14.fr\/wp-content\/uploads\/2017\/06\/1850.1c-300x276.jpg 300w, https:\/\/cpl14.fr\/wp-content\/uploads\/2017\/06\/1850.1c-768x707.jpg 768w\" sizes=\"auto, (max-width: 1000px) 100vw, 1000px\" \/><\/p>\n<p><u>\u25a0 \u00a0 \u00a0\u00a0\u00a0\u00a0\u00a0\u00a0\u00a0\u00a0 <\/u>n\u00e9ant.<\/p>\n<p><u>\u25cb \u00a0\u00a0\u00a0\u00a0\u00a0\u00a0\u00a0\u00a0\u00a0\u00a0 <\/u>\u00a0l&rsquo;ent\u00eate de l&rsquo;huissier marqu\u00e9 en\u00a0haut \u00e0 gauche en gaufrage \u00e0 l&rsquo;aide d&rsquo;une pince \u00e0 gaufrer le papier.<\/p>\n","protected":false},"excerpt":{"rendered":"<div class=\"mh-excerpt\"><p>La Marque Postale #\u00a0\u00a0\u00a0\u00a0\u00a0\u00a0\u00a0\u00a0\u00a0\u00a0\u00a0\u00a0\u00a0\u00a0\u00a0\u00a0\u00a0\u00a0\u00a0\u00a0\u00a0\u00a0\u00a0 lettre avec 25c bleu (yvert n\u00b04)\u00a0oblit\u00e9r\u00e9 Grille (n\u00b058 de notre\u00a0catalogue. A c\u00f4t\u00e9 timbre \u00e0 date\u00a0type 15 de Lisieux. \u00a5\u00a0\u00a0\u00a0\u00a0\u00a0\u00a0\u00a0\u00a0\u00a0\u00a0\u00a0 \u00a0\u00a0\u00a0\u00a0\u00a0\u00a0\u00a0\u00a0\u00a0\u00a0\u00a0 29 <a class=\"mh-excerpt-more\" href=\"https:\/\/cpl14.fr\/?page_id=1681\" title=\"1850.1\">[&#8230;]<\/a><\/p>\n<\/div>","protected":false},"author":1,"featured_media":0,"parent":0,"menu_order":0,"comment_status":"closed","ping_status":"closed","template":"","meta":{"footnotes":""},"class_list":["post-1681","page","type-page","status-publish","hentry"],"_links":{"self":[{"href":"https:\/\/cpl14.fr\/index.php?rest_route=\/wp\/v2\/pages\/1681","targetHints":{"allow":["GET"]}}],"collection":[{"href":"https:\/\/cpl14.fr\/index.php?rest_route=\/wp\/v2\/pages"}],"about":[{"href":"https:\/\/cpl14.fr\/index.php?rest_route=\/wp\/v2\/types\/page"}],"author":[{"embeddable":true,"href":"https:\/\/cpl14.fr\/index.php?rest_route=\/wp\/v2\/users\/1"}],"replies":[{"embeddable":true,"href":"https:\/\/cpl14.fr\/index.php?rest_route=%2Fwp%2Fv2%2Fcomments&post=1681"}],"version-history":[{"count":1,"href":"https:\/\/cpl14.fr\/index.php?rest_route=\/wp\/v2\/pages\/1681\/revisions"}],"predecessor-version":[{"id":1687,"href":"https:\/\/cpl14.fr\/index.php?rest_route=\/wp\/v2\/pages\/1681\/revisions\/1687"}],"wp:attachment":[{"href":"https:\/\/cpl14.fr\/index.php?rest_route=%2Fwp%2Fv2%2Fmedia&parent=1681"}],"curies":[{"name":"wp","href":"https:\/\/api.w.org\/{rel}","templated":true}]}}