{"id":1719,"date":"2017-06-21T08:45:24","date_gmt":"2017-06-21T06:45:24","guid":{"rendered":"http:\/\/cpl14.fr\/?page_id=1719"},"modified":"2020-03-25T05:11:12","modified_gmt":"2020-03-25T04:11:12","slug":"statuettes-et-figurines","status":"publish","type":"page","link":"https:\/\/cpl14.fr\/?page_id=1719","title":{"rendered":"Statuettes et figurines"},"content":{"rendered":"<p>Les statuettes et figurines sont, avec les m\u00e9dailles, les objets qui furent les plus fabriqu\u00e9s.<br \/>\nIci la plus classique est la version \u00ab\u00a0en couleur\u00a0\u00bb de Th\u00e9r\u00e8se en pied, Christ et roses sur le c\u0153ur.<br \/>\nElles sont en g\u00e9n\u00e9ral en pl\u00e2tre ou alliage (avec du gypse?) . On en conna\u00eet de toutes tailles jusqu&rsquo;\u00e0 l&rsquo;\u00e9chelle 1, et leur version moderne est en vente aux magasins du P\u00e8lerinage.<\/p>\n<p>Au d\u00e9but les collectionneurs vont \u00e9videmment se pencher sur des mod\u00e8les plus curieux&#8230;<\/p>\n<p><img loading=\"lazy\" decoding=\"async\" class=\"aligncenter size-full wp-image-1720\" src=\"http:\/\/cpl14.fr\/wp-content\/uploads\/2017\/06\/statuette-1.jpg\" alt=\"\" width=\"454\" height=\"900\" srcset=\"https:\/\/cpl14.fr\/wp-content\/uploads\/2017\/06\/statuette-1.jpg 454w, https:\/\/cpl14.fr\/wp-content\/uploads\/2017\/06\/statuette-1-151x300.jpg 151w\" sizes=\"auto, (max-width: 454px) 100vw, 454px\" \/><\/p>\n<p>&nbsp;<\/p>\n<p>Celle ci est en buste, trouv\u00e9e ainsi avec sa m\u00e9daille d&rsquo;une rose autour du cou!<\/p>\n<p><img loading=\"lazy\" decoding=\"async\" class=\"aligncenter size-full wp-image-1721\" src=\"http:\/\/cpl14.fr\/wp-content\/uploads\/2017\/06\/statuette-2.jpg\" alt=\"\" width=\"632\" height=\"900\" srcset=\"https:\/\/cpl14.fr\/wp-content\/uploads\/2017\/06\/statuette-2.jpg 632w, https:\/\/cpl14.fr\/wp-content\/uploads\/2017\/06\/statuette-2-211x300.jpg 211w\" sizes=\"auto, (max-width: 632px) 100vw, 632px\" \/><\/p>\n<p>&nbsp;<\/p>\n<p>Observez bien ces 2 mod\u00e8les ? Remarquez vous quelque-chose ?<br \/>\nUne figurine en pied et un buste repr\u00e9sentent la m\u00eame erreur&#8230; elle provient certainement de fabrications de second rang, ou copies d&rsquo;apr\u00e8s des gravures *<br \/>\nL&rsquo;erreur est que le Christ est \u00e0 droite ! On en voit\u00a0 tr\u00e8s peu. Apr\u00e8s ces d\u00e9couvertes, nous avons questionn\u00e9 le magasin du Sanctuaire: ils ne s&rsquo;en \u00e9taient pas aper\u00e7u ! Et il arrive qu&rsquo;ils en aient quelques unes dans leurs rayons.<br \/>\n* Nous pensons, pour avoir vu des images et gravures ainsi tir\u00e9es \u00e0 l&rsquo;envers, qu&rsquo;il s&rsquo;agit d&rsquo;ateliers n&rsquo;ayant pas vu la \u00ab\u00a0version originale\u00a0\u00bb de la repr\u00e9sentation de Th\u00e9r\u00e8se qui est, \u00e0 notre avis, la peinture de C\u00e9line.<\/p>\n<p><img loading=\"lazy\" decoding=\"async\" class=\"aligncenter size-full wp-image-1722\" src=\"http:\/\/cpl14.fr\/wp-content\/uploads\/2017\/06\/statuette-3.jpg\" alt=\"\" width=\"675\" height=\"900\" srcset=\"https:\/\/cpl14.fr\/wp-content\/uploads\/2017\/06\/statuette-3.jpg 675w, https:\/\/cpl14.fr\/wp-content\/uploads\/2017\/06\/statuette-3-225x300.jpg 225w\" sizes=\"auto, (max-width: 675px) 100vw, 675px\" \/><\/p>\n<p>&nbsp;<\/p>\n<p>Un mod\u00e8le peu commun est ici repr\u00e9sent\u00e9 devant un monument o\u00f9 Th\u00e9r\u00e8se est aur\u00e9ol\u00e9e. Sa particularit\u00e9 int\u00e9ressante est qu&rsquo;elle est sign\u00e9e au verso du cachet de L&rsquo;ATELIER ST JOSEPH A\u00a0 LISIEUX.<br \/>\nDimensions socle 70x165mm hauteur 190mm<\/p>\n<p><img loading=\"lazy\" decoding=\"async\" class=\"aligncenter size-large wp-image-1723\" src=\"http:\/\/cpl14.fr\/wp-content\/uploads\/2017\/06\/statuette-4-1024x705.jpg\" alt=\"\" width=\"1024\" height=\"705\" srcset=\"https:\/\/cpl14.fr\/wp-content\/uploads\/2017\/06\/statuette-4-1024x705.jpg 1024w, https:\/\/cpl14.fr\/wp-content\/uploads\/2017\/06\/statuette-4-300x206.jpg 300w, https:\/\/cpl14.fr\/wp-content\/uploads\/2017\/06\/statuette-4-768x529.jpg 768w, https:\/\/cpl14.fr\/wp-content\/uploads\/2017\/06\/statuette-4.jpg 1100w\" sizes=\"auto, (max-width: 1024px) 100vw, 1024px\" \/><\/p>\n<p>&nbsp;<\/p>\n<p>Cette grande statuette (hauteur 300mm) est moul\u00e9e en plein dans un m\u00e9lange gypseux (plus lourd que pl\u00e2tre )\u00a0 qui semble affin\u00e9 \u00e0 la main dans ses d\u00e9tails de visage, main et roses ?<br \/>\nAu verso cette statuette est sign\u00e9e d&rsquo;un cachet avec initiales et num\u00e9ro.<\/p>\n<p><img loading=\"lazy\" decoding=\"async\" class=\"aligncenter size-large wp-image-1724\" src=\"http:\/\/cpl14.fr\/wp-content\/uploads\/2017\/06\/statuette-5-887x1024.jpg\" alt=\"\" width=\"887\" height=\"1024\" srcset=\"https:\/\/cpl14.fr\/wp-content\/uploads\/2017\/06\/statuette-5-887x1024.jpg 887w, https:\/\/cpl14.fr\/wp-content\/uploads\/2017\/06\/statuette-5-260x300.jpg 260w, https:\/\/cpl14.fr\/wp-content\/uploads\/2017\/06\/statuette-5-768x887.jpg 768w, https:\/\/cpl14.fr\/wp-content\/uploads\/2017\/06\/statuette-5.jpg 1100w\" sizes=\"auto, (max-width: 887px) 100vw, 887px\" \/><\/p>\n<p>&nbsp;<\/p>\n<p>Les figurines en m\u00e9tal ne sont pas les plus courantes, et certaines tr\u00e8s d\u00e9grad\u00e9es ou us\u00e9es. On se contentera de ne conserver que du bon \u00e9tat.\u00a0 Bronze, cuivre ou r\u00e9gule, nature, argent\u00e9 ou dor\u00e9 : tout est possible.<br \/>\nLa plus petite = 32mm<\/p>\n<p><img loading=\"lazy\" decoding=\"async\" class=\"aligncenter size-full wp-image-1725\" src=\"http:\/\/cpl14.fr\/wp-content\/uploads\/2017\/06\/statuette-6.jpg\" alt=\"\" width=\"900\" height=\"675\" srcset=\"https:\/\/cpl14.fr\/wp-content\/uploads\/2017\/06\/statuette-6.jpg 900w, https:\/\/cpl14.fr\/wp-content\/uploads\/2017\/06\/statuette-6-300x225.jpg 300w, https:\/\/cpl14.fr\/wp-content\/uploads\/2017\/06\/statuette-6-768x576.jpg 768w, https:\/\/cpl14.fr\/wp-content\/uploads\/2017\/06\/statuette-6-678x509.jpg 678w, https:\/\/cpl14.fr\/wp-content\/uploads\/2017\/06\/statuette-6-326x245.jpg 326w, https:\/\/cpl14.fr\/wp-content\/uploads\/2017\/06\/statuette-6-80x60.jpg 80w\" sizes=\"auto, (max-width: 900px) 100vw, 900px\" \/><\/p>\n<p>Pour terminer,\u00a0 toujours avec le sourire, voici la belle \u00ab\u00a0dame blanche\u00a0\u00bb fluorescente ! Laissez-la \u00e0 la lumi\u00e8re, puis regardez dans le noir, elle s&rsquo;illumine.<br \/>\nCeci pour ajouter qu&rsquo;il existe aussi des mod\u00e8les \u00e9clairants, \u00e0 guirlandes et m\u00eame clignotantes !<br \/>\nDimensions ici:<br \/>\n. 65mm la petite, 220mm avec socle la grande.<\/p>\n<p><img loading=\"lazy\" decoding=\"async\" class=\"aligncenter size-full wp-image-1730\" src=\"http:\/\/cpl14.fr\/wp-content\/uploads\/2017\/06\/statuette-7.jpg\" alt=\"\" width=\"929\" height=\"601\" srcset=\"https:\/\/cpl14.fr\/wp-content\/uploads\/2017\/06\/statuette-7.jpg 929w, https:\/\/cpl14.fr\/wp-content\/uploads\/2017\/06\/statuette-7-300x194.jpg 300w, https:\/\/cpl14.fr\/wp-content\/uploads\/2017\/06\/statuette-7-768x497.jpg 768w\" sizes=\"auto, (max-width: 929px) 100vw, 929px\" \/><\/p>\n<p>&nbsp;<\/p>\n<p style=\"text-align: right;\"><a href=\"http:\/\/cpl14.fr\/?p=259\">retour \u00e0 l&rsquo;article Ste Th\u00e9r\u00e9se<\/a><\/p>\n<p>&nbsp;<\/p>\n<p>&nbsp;<\/p>\n","protected":false},"excerpt":{"rendered":"<div class=\"mh-excerpt\"><p>Les statuettes et figurines sont, avec les m\u00e9dailles, les objets qui furent les plus fabriqu\u00e9s. Ici la plus classique est la version \u00ab\u00a0en couleur\u00a0\u00bb de <a class=\"mh-excerpt-more\" href=\"https:\/\/cpl14.fr\/?page_id=1719\" title=\"Statuettes et figurines\">[&#8230;]<\/a><\/p>\n<\/div>","protected":false},"author":1,"featured_media":0,"parent":0,"menu_order":0,"comment_status":"closed","ping_status":"closed","template":"","meta":{"footnotes":""},"class_list":["post-1719","page","type-page","status-publish","hentry"],"_links":{"self":[{"href":"https:\/\/cpl14.fr\/index.php?rest_route=\/wp\/v2\/pages\/1719","targetHints":{"allow":["GET"]}}],"collection":[{"href":"https:\/\/cpl14.fr\/index.php?rest_route=\/wp\/v2\/pages"}],"about":[{"href":"https:\/\/cpl14.fr\/index.php?rest_route=\/wp\/v2\/types\/page"}],"author":[{"embeddable":true,"href":"https:\/\/cpl14.fr\/index.php?rest_route=\/wp\/v2\/users\/1"}],"replies":[{"embeddable":true,"href":"https:\/\/cpl14.fr\/index.php?rest_route=%2Fwp%2Fv2%2Fcomments&post=1719"}],"version-history":[{"count":5,"href":"https:\/\/cpl14.fr\/index.php?rest_route=\/wp\/v2\/pages\/1719\/revisions"}],"predecessor-version":[{"id":6361,"href":"https:\/\/cpl14.fr\/index.php?rest_route=\/wp\/v2\/pages\/1719\/revisions\/6361"}],"wp:attachment":[{"href":"https:\/\/cpl14.fr\/index.php?rest_route=%2Fwp%2Fv2%2Fmedia&parent=1719"}],"curies":[{"name":"wp","href":"https:\/\/api.w.org\/{rel}","templated":true}]}}