{"id":1745,"date":"2017-06-21T09:47:18","date_gmt":"2017-06-21T07:47:18","guid":{"rendered":"http:\/\/cpl14.fr\/?page_id=1745"},"modified":"2017-06-29T07:30:35","modified_gmt":"2017-06-29T05:30:35","slug":"1885-1","status":"publish","type":"page","link":"https:\/\/cpl14.fr\/?page_id=1745","title":{"rendered":"1885.c1"},"content":{"rendered":"<p dir=\"ltr\"><img loading=\"lazy\" decoding=\"async\" class=\"aligncenter size-large wp-image-1746\" src=\"http:\/\/cpl14.fr\/wp-content\/uploads\/2017\/06\/20170620_051644-1024x980.jpg\" alt=\"\" width=\"1024\" height=\"980\" srcset=\"https:\/\/cpl14.fr\/wp-content\/uploads\/2017\/06\/20170620_051644-1024x980.jpg 1024w, https:\/\/cpl14.fr\/wp-content\/uploads\/2017\/06\/20170620_051644-300x287.jpg 300w, https:\/\/cpl14.fr\/wp-content\/uploads\/2017\/06\/20170620_051644-768x735.jpg 768w, https:\/\/cpl14.fr\/wp-content\/uploads\/2017\/06\/20170620_051644.jpg 1200w\" sizes=\"auto, (max-width: 1024px) 100vw, 1024px\" \/><\/p>\n<p dir=\"ltr\">Calendrier publicitaire de la maison AU GAGNE PETIT, de Perigueux: ce nom de magasin n&rsquo;est pas une cha\u00eene de succursales, il \u00e9tait assez commun \u00e0 la fin du XIXe si\u00e8cle pour ce m\u00e9tier des Nouveaut\u00e9s et Confections. On le retrouve dans toutes les grandes villes de France.<br \/>\nUne assiette en carton (\u25cb\/24cm ) d\u00e9cor\u00e9e d&rsquo;une impression chromo-lithographique: au centre un b\u00e9b\u00e9 dans le panier joue avec le chat, autour guirlande de fleurs avec longue liste des sp\u00e9cialit\u00e9s, au marli les 12 mois du calendrier de 1885. En bas nom du fabricant et lithographe\u00a0 A.JANNIOT et Cie \/ PARIS Bt\u00e9 SGDG. (Au verso son \u00e9tiquette ).<\/p>\n<p dir=\"ltr\"><img loading=\"lazy\" decoding=\"async\" class=\"aligncenter size-full wp-image-1747\" src=\"http:\/\/cpl14.fr\/wp-content\/uploads\/2017\/06\/20170620_051605.jpg\" alt=\"\" width=\"500\" height=\"375\" srcset=\"https:\/\/cpl14.fr\/wp-content\/uploads\/2017\/06\/20170620_051605.jpg 500w, https:\/\/cpl14.fr\/wp-content\/uploads\/2017\/06\/20170620_051605-300x225.jpg 300w, https:\/\/cpl14.fr\/wp-content\/uploads\/2017\/06\/20170620_051605-326x245.jpg 326w, https:\/\/cpl14.fr\/wp-content\/uploads\/2017\/06\/20170620_051605-80x60.jpg 80w\" sizes=\"auto, (max-width: 500px) 100vw, 500px\" \/><\/p>\n<p dir=\"ltr\">Les gens \u00e9taient peu collectionneurs \u00e0 cette \u00e9poque :<br \/>\nTrous de fixation dans le chat et le P de Petit !<br \/>\n\u00c9pingl\u00e9 ou clou\u00e9 au mur, puis au 31 d\u00e9cembre = poubelle ?<br \/>\nCeci explique une certaine raret\u00e9 suppos\u00e9e\u00a0 de ces mod\u00e8les \u00ab\u00a0assiette en carton\u00a0\u00bb (et pourquoi pas un pique-nique chic !) qui est le seul que nous avons vu ces 50 derni\u00e8res ann\u00e9es &#8230;<\/p>\n<p dir=\"ltr\">Collection priv\u00e9e LISIEUX<\/p>\n","protected":false},"excerpt":{"rendered":"<div class=\"mh-excerpt\"><p>Calendrier publicitaire de la maison AU GAGNE PETIT, de Perigueux: ce nom de magasin n&rsquo;est pas une cha\u00eene de succursales, il \u00e9tait assez commun \u00e0 <a class=\"mh-excerpt-more\" href=\"https:\/\/cpl14.fr\/?page_id=1745\" title=\"1885.c1\">[&#8230;]<\/a><\/p>\n<\/div>","protected":false},"author":1,"featured_media":0,"parent":0,"menu_order":0,"comment_status":"closed","ping_status":"closed","template":"","meta":{"footnotes":""},"class_list":["post-1745","page","type-page","status-publish","hentry"],"_links":{"self":[{"href":"https:\/\/cpl14.fr\/index.php?rest_route=\/wp\/v2\/pages\/1745","targetHints":{"allow":["GET"]}}],"collection":[{"href":"https:\/\/cpl14.fr\/index.php?rest_route=\/wp\/v2\/pages"}],"about":[{"href":"https:\/\/cpl14.fr\/index.php?rest_route=\/wp\/v2\/types\/page"}],"author":[{"embeddable":true,"href":"https:\/\/cpl14.fr\/index.php?rest_route=\/wp\/v2\/users\/1"}],"replies":[{"embeddable":true,"href":"https:\/\/cpl14.fr\/index.php?rest_route=%2Fwp%2Fv2%2Fcomments&post=1745"}],"version-history":[{"count":3,"href":"https:\/\/cpl14.fr\/index.php?rest_route=\/wp\/v2\/pages\/1745\/revisions"}],"predecessor-version":[{"id":1965,"href":"https:\/\/cpl14.fr\/index.php?rest_route=\/wp\/v2\/pages\/1745\/revisions\/1965"}],"wp:attachment":[{"href":"https:\/\/cpl14.fr\/index.php?rest_route=%2Fwp%2Fv2%2Fmedia&parent=1745"}],"curies":[{"name":"wp","href":"https:\/\/api.w.org\/{rel}","templated":true}]}}