{"id":1762,"date":"2017-06-21T13:13:22","date_gmt":"2017-06-21T11:13:22","guid":{"rendered":"http:\/\/cpl14.fr\/?page_id=1762"},"modified":"2017-06-21T13:13:22","modified_gmt":"2017-06-21T11:13:22","slug":"1850-2","status":"publish","type":"page","link":"https:\/\/cpl14.fr\/?page_id=1762","title":{"rendered":"1850.2"},"content":{"rendered":"<p><strong>La Marque Postale<\/strong><\/p>\n<p><img loading=\"lazy\" decoding=\"async\" class=\"aligncenter size-full wp-image-1763\" src=\"http:\/\/cpl14.fr\/wp-content\/uploads\/2017\/06\/20140930_103919-1.jpg\" alt=\"\" width=\"900\" height=\"430\" srcset=\"https:\/\/cpl14.fr\/wp-content\/uploads\/2017\/06\/20140930_103919-1.jpg 900w, https:\/\/cpl14.fr\/wp-content\/uploads\/2017\/06\/20140930_103919-1-300x143.jpg 300w, https:\/\/cpl14.fr\/wp-content\/uploads\/2017\/06\/20140930_103919-1-768x367.jpg 768w\" sizes=\"auto, (max-width: 900px) 100vw, 900px\" \/><\/p>\n<p># Lettre (devant) oblit\u00e9ration GRILLE\u00a0de Lisieux avec type 15 (n\u00b058 de\u00a0notre catalogue) sur paire de 20c\u00a0Noir n\u00b03 et paire du 1F carmin n\u00b06\u00a0Soit 2F40 (1850).<\/p>\n<p>\u00a5 1 Janvier 1850<\/p>\n<p>! \u00a0 2F40 pour la Grande Bretagne:\u00a0Ici Belfast (Irlande).<\/p>\n<p>T \u00a0 Cet affranchissement est insuffisant et n\u00e9cessite quelques<\/p>\n<p>explications.<\/p>\n<p>&amp; \u00a0 22 1\/2 \u00e0 gauche est le poids qui\u00a0a \u00e9t\u00e9 v\u00e9rifi\u00e9.\u00a0\u00a0 \u00a0Affranch-t insuffisant en rouge\u00a0est appos\u00e9 par le bureau central de Paris qui v\u00e9rifie le poids.\u00a0Dans notre cas la griffe simple est frapp\u00e9e 2 fois donnant\u00a0l&rsquo;aspect d&rsquo;une griffe double!\u00a0(Pothion n\u00b02953).\u00a0\u00a0 2\/6 est la taxe anglaise<\/p>\n<p>~ \u00a0 \u00a0recto sign\u00e9e Calves au crayon\u00a0et Roumet au cachet,\u00a0\u00a0les 2 en bas droite.<\/p>\n<p><strong>@ explication du tarif<\/strong><\/p>\n<p>du\u00a01 Aout 1849 pour Angleterre. \u00a0Le poids v\u00e9rifi\u00e9 est de 22 1\/2 gr. \u00a0Application tr\u00e8s stricte et\u00a0pointilleuse du terme postal\u00a0\u00a0\u00ab\u00a0Jusqu&rsquo;\u00e0\u00a0\u00bb qui signifie que si on\u00a0touche, on d\u00e9passe! La fraction\u00a0de port \u00e9tant de 7g 1\/2, on a bien\u00a0l\u00e0 un 4e \u00e9chelon = 4 ports. \u00a0Le port anglais 80c \u00d7 4 = 3F20.\u00a0\u00a0Pas de doute il en manque et il\u00a0faut aussi savoir que: la lettre\u00a0part, \u00a0mais est consid\u00e9r\u00e9e\u00a0comme non affranchie!<\/p>\n<p><strong>Calcul de la taxe<\/strong><\/p>\n<p>Cette lettre qui fut autrefois\u00a0vendue comme une taxe 26 ! Est\u00a0en fait un pi\u00e8ge&#8230; que nous\u00a0allons expliquer: La taxe anglaise doit se lire ici 2\/6\u00a0soit 2 shillings et 6 pence.<\/p>\n<p>A cette \u00e9poque la valeur des monnaies correspond au poids des pi\u00e8ces. Le shilling variait \u00e0 cette \u00e9poque entre 1F20 et 1F25, le calcul ici nous am\u00e8ne \u00e0 une parit\u00e9 de 1F24. Pour ajouter \u00e0 la complication du calcul, pour certains pays (\u00e7a n&rsquo;est pas le cas de l&rsquo;Angleterre) il fallait aussi tenir compte du titre d&rsquo;or des pi\u00e8ces de r\u00e9f\u00e9rence!<\/p>\n<p>Pour \u00e9viter ces conversions complexes, une loi (4 Avril 1870) viendra plus tard fixer la Livre (20 shillings) \u00e0 25.2213 soit 1F2610 par shilling. \u00a0On n&rsquo;\u00e9tait pas si loin en 1850.<\/p>\n<p>&nbsp;<\/p>\n<p><strong>La Lettre<\/strong><\/p>\n<p>Il s&rsquo;agit de ce qu&rsquo;on appelle en marcophilie un \u00ab\u00a0devant de lettre\u00a0\u00bb.<\/p>\n<p>Nous n&rsquo;avons que le dessus d&rsquo;une grosse enveloppe. Vu son poids elle contenait plusieurs documents, courrier, facture, relev\u00e9s et souvent des \u00a0\u00bb effets de commerce \u00ab\u00a0.<\/p>\n<p>\u2665 \u00a0les destinataires: Mess. C.Duffin\u00a0&amp; C\u00b0 \u00a0Belfast \u00a0Irelande.\u00a0Probablement banquiers, ou\u00a0courtiers de Commerce?\u00a0\u00a0Possible aussi qu&rsquo;il s&rsquo;agisse de fournisseurs?<\/p>\n<p>&nbsp;<\/p>\n<p><strong>@ Autres contributions<\/strong><\/p>\n<p>Allons un peu plus loin dans l&rsquo;histoire. Sur des lettres anglaises, ou pour l&rsquo;Angleterre, et aussi des cartes postales au XXe si\u00e8cle, vous pouvez rencontrer des TAXES au tampon libell\u00e9es en shillings et pence dont le PENNY est abr\u00e9g\u00e9 \u00ab\u00a0d\u00a0\u00bb.\u00a0Il en est de m\u00eame sur les timbres-postes britanniques, inclus les nombreuses Colonies.<\/p>\n<p>\u2605 voir photos ci-dessous<\/p>\n<p><img loading=\"lazy\" decoding=\"async\" class=\"aligncenter size-large wp-image-1764\" src=\"http:\/\/cpl14.fr\/wp-content\/uploads\/2017\/06\/20150409_152708-1-1024x379.jpg\" alt=\"\" width=\"1024\" height=\"379\" srcset=\"https:\/\/cpl14.fr\/wp-content\/uploads\/2017\/06\/20150409_152708-1-1024x379.jpg 1024w, https:\/\/cpl14.fr\/wp-content\/uploads\/2017\/06\/20150409_152708-1-300x111.jpg 300w, https:\/\/cpl14.fr\/wp-content\/uploads\/2017\/06\/20150409_152708-1-768x284.jpg 768w, https:\/\/cpl14.fr\/wp-content\/uploads\/2017\/06\/20150409_152708-1.jpg 1200w\" sizes=\"auto, (max-width: 1024px) 100vw, 1024px\" \/><\/p>\n<p style=\"text-align: center;\">L\u00e9gende: exemple de taxes anglaises et timbre-poste dont le penny est abr\u00e9g\u00e9 \u00ab\u00a0d\u00a0\u00bb<\/p>\n<p><img loading=\"lazy\" decoding=\"async\" class=\"aligncenter size-large wp-image-1765\" src=\"http:\/\/cpl14.fr\/wp-content\/uploads\/2017\/06\/20150409_153436-1-1.jpg\" alt=\"\" width=\"800\" height=\"523\" srcset=\"https:\/\/cpl14.fr\/wp-content\/uploads\/2017\/06\/20150409_153436-1-1.jpg 800w, https:\/\/cpl14.fr\/wp-content\/uploads\/2017\/06\/20150409_153436-1-1-300x196.jpg 300w, https:\/\/cpl14.fr\/wp-content\/uploads\/2017\/06\/20150409_153436-1-1-768x502.jpg 768w\" sizes=\"auto, (max-width: 800px) 100vw, 800px\" \/><\/p>\n<p style=\"text-align: center;\">Carte postale de Trouville (1921) \u00a0Indication anglaise de taxe par 2 griffes diff\u00e9rentes 1d et 1\/2 d.\u00a0La taxe per\u00e7ue par 2 timbres taxe\u00a0\u00e9quivalents, oblit\u00e9r\u00e9s de Ramsgate. \u00a0Les timbres sont aussi libell\u00e9s en penny \u00ab\u00a0d\u00a0\u00bb.<\/p>\n<p>&nbsp;<\/p>\n<p>Histoire: cette abr\u00e9viation est l&rsquo;h\u00e9ritage conserv\u00e9 de la monnaie avant la division Livre\/shilling\/penny qui \u00e9tait autrefois (avant la decimalisation) Livre\/sou\/ denier. \u00a0Le denier \u00e9tant la conservation de l&rsquo;Antique DENIER des romains qui envahirent l&rsquo;Angleterre (Britannia) \u00e0 partir de 43 (apr\u00e8s JC) sous le commandement de Claude 1er (Claudius et Britannicus).<\/p>\n<p>\u2605 pour conclure ainsi, 2 photos de deniers de l&rsquo;Empire romain, \u00a0Claude et Adrien (Hadrianus) c\u00e9l\u00e8bre pour le mur qu&rsquo;il fit construire \u00e0 travers l&rsquo;Angleterre, \u00a0pour tenter de se prot\u00e9ger des attaques du Nord.<\/p>\n<p>(La souche linguistique du denier romain se retrouve dans de nombreuses autres monnaies).<\/p>\n<p><img loading=\"lazy\" decoding=\"async\" class=\"aligncenter size-full wp-image-1766\" src=\"http:\/\/cpl14.fr\/wp-content\/uploads\/2017\/06\/A.jpg\" alt=\"\" width=\"700\" height=\"353\" srcset=\"https:\/\/cpl14.fr\/wp-content\/uploads\/2017\/06\/A.jpg 700w, https:\/\/cpl14.fr\/wp-content\/uploads\/2017\/06\/A-300x151.jpg 300w\" sizes=\"auto, (max-width: 700px) 100vw, 700px\" \/><\/p>\n<p style=\"text-align: center;\">Photo A: CLAUDE 1er (Claudius 41-54 apr\u00e8s JC) envahisseur de l&rsquo;Angleterre: denier d&rsquo;argent de 3,26g (Cohen 51-Vente Platt n\u00b097, Mai 2011)<\/p>\n<p><img loading=\"lazy\" decoding=\"async\" class=\"aligncenter size-large wp-image-1767\" src=\"http:\/\/cpl14.fr\/wp-content\/uploads\/2017\/06\/B.jpg\" alt=\"\" width=\"600\" height=\"305\" srcset=\"https:\/\/cpl14.fr\/wp-content\/uploads\/2017\/06\/B.jpg 600w, https:\/\/cpl14.fr\/wp-content\/uploads\/2017\/06\/B-300x153.jpg 300w\" sizes=\"auto, (max-width: 600px) 100vw, 600px\" \/><\/p>\n<p>&nbsp;<\/p>\n<p>&nbsp;<\/p>\n<p>&nbsp;<\/p>\n<p>Photo B:\u00a0ADRIEN (Hadrianus 117-138) denier d&rsquo;argent de 3,08g (Cohen 456- Vente Platt n\u00b0187, \u00e9t\u00e9 2012)<\/p>\n<p>La Maison Platt, rue de Richelieu\/Paris\u00a0est une des plus anciennes maisons de Numismatique en France, publie des catalogues de vente \u00e0 prix net.<\/p>\n<p>&nbsp;<\/p>\n","protected":false},"excerpt":{"rendered":"<div class=\"mh-excerpt\"><p>La Marque Postale # Lettre (devant) oblit\u00e9ration GRILLE\u00a0de Lisieux avec type 15 (n\u00b058 de\u00a0notre catalogue) sur paire de 20c\u00a0Noir n\u00b03 et paire du 1F carmin <a class=\"mh-excerpt-more\" href=\"https:\/\/cpl14.fr\/?page_id=1762\" title=\"1850.2\">[&#8230;]<\/a><\/p>\n<\/div>","protected":false},"author":1,"featured_media":0,"parent":0,"menu_order":0,"comment_status":"closed","ping_status":"closed","template":"","meta":{"footnotes":""},"class_list":["post-1762","page","type-page","status-publish","hentry"],"_links":{"self":[{"href":"https:\/\/cpl14.fr\/index.php?rest_route=\/wp\/v2\/pages\/1762","targetHints":{"allow":["GET"]}}],"collection":[{"href":"https:\/\/cpl14.fr\/index.php?rest_route=\/wp\/v2\/pages"}],"about":[{"href":"https:\/\/cpl14.fr\/index.php?rest_route=\/wp\/v2\/types\/page"}],"author":[{"embeddable":true,"href":"https:\/\/cpl14.fr\/index.php?rest_route=\/wp\/v2\/users\/1"}],"replies":[{"embeddable":true,"href":"https:\/\/cpl14.fr\/index.php?rest_route=%2Fwp%2Fv2%2Fcomments&post=1762"}],"version-history":[{"count":1,"href":"https:\/\/cpl14.fr\/index.php?rest_route=\/wp\/v2\/pages\/1762\/revisions"}],"predecessor-version":[{"id":1768,"href":"https:\/\/cpl14.fr\/index.php?rest_route=\/wp\/v2\/pages\/1762\/revisions\/1768"}],"wp:attachment":[{"href":"https:\/\/cpl14.fr\/index.php?rest_route=%2Fwp%2Fv2%2Fmedia&parent=1762"}],"curies":[{"name":"wp","href":"https:\/\/api.w.org\/{rel}","templated":true}]}}