{"id":1772,"date":"2017-06-21T13:20:55","date_gmt":"2017-06-21T11:20:55","guid":{"rendered":"http:\/\/cpl14.fr\/?page_id=1772"},"modified":"2017-06-21T13:20:55","modified_gmt":"2017-06-21T11:20:55","slug":"1852-1","status":"publish","type":"page","link":"https:\/\/cpl14.fr\/?page_id=1772","title":{"rendered":"1852.1"},"content":{"rendered":"<p><strong>La Marque Postale<\/strong><\/p>\n<p><img loading=\"lazy\" decoding=\"async\" class=\"aligncenter size-full wp-image-1773\" src=\"http:\/\/cpl14.fr\/wp-content\/uploads\/2017\/06\/lettre-13.jpg\" alt=\"\" width=\"900\" height=\"463\" srcset=\"https:\/\/cpl14.fr\/wp-content\/uploads\/2017\/06\/lettre-13.jpg 900w, https:\/\/cpl14.fr\/wp-content\/uploads\/2017\/06\/lettre-13-300x154.jpg 300w, https:\/\/cpl14.fr\/wp-content\/uploads\/2017\/06\/lettre-13-768x395.jpg 768w\" sizes=\"auto, (max-width: 900px) 100vw, 900px\" \/><\/p>\n<p><u>#\u00a0\u00a0\u00a0\u00a0\u00a0\u00a0\u00a0\u00a0\u00a0\u00a0\u00a0\u00a0\u00a0\u00a0\u00a0\u00a0\u00a0\u00a0\u00a0\u00a0\u00a0\u00a0\u00a0 <\/u>Enveloppe affranchie du 10c\u00a0bistre (Yvert n\u00b01) oblit\u00e9r\u00e9 Petit\u00a0Chiffre 1738 de Lisieux (n\u00b059 de\u00a0notre catalogue). \u00a0A c\u00f4t\u00e9 timbre \u00e0 date type 15.<\/p>\n<p><u>\u00a5\u00a0\u00a0\u00a0\u00a0\u00a0\u00a0\u00a0\u00a0\u00a0\u00a0\u00a0\u00a0\u00a0\u00a0\u00a0\u00a0\u00a0\u00a0\u00a0\u00a0\u00a0\u00a0\u00a0 <\/u>8 ao\u00fbt 1852<\/p>\n<p><u>!\u00a0\u00a0\u00a0\u00a0\u00a0\u00a0\u00a0\u00a0\u00a0\u00a0\u00a0\u00a0 <\/u>10c de Lisieux pour Lisieux<\/p>\n<p><u>T \u00a0 \u00a0\u00a0\u00a0\u00a0\u00a0\u00a0\u00a0\u00a0 <\/u>tarif de la lettre locale, inchang\u00e9 depuis 1829 (1 d\u00e9cime) pour\u00a07g1\/2.<\/p>\n<p><u>&amp; \u00a0 \u00a0\u00a0\u00a0\u00a0\u00a0\u00a0\u00a0 <\/u>n\u00e9ant<\/p>\n<p><u>~ \u00a0 \u00a0\u00a0\u00a0\u00a0\u00a0\u00a0\u00a0\u00a0 <\/u>signature Baudot au crayon\u00a0\u00e0 c\u00f4t\u00e9 du timbre.<\/p>\n<p><u>\u25cb\u00a0\u00a0\u00a0\u00a0\u00a0\u00a0\u00a0\u00a0\u00a0\u00a0\u00a0 <\/u>noter la num\u00e9rotation des timbres\u00a0qui peut diff\u00e9rer suivant les\u00a0catalogues: Yvert est la r\u00e9f\u00e9rence\u00a0mais il faut noter que le 10c \u00e9mis\u00a0en 1850 (12 Sept.) n&rsquo;est que le\u00a05e timbre dans la chronologie.<\/p>\n<p>&nbsp;<\/p>\n<p><strong>La Lettre<\/strong><\/p>\n<p><u>\u2661<\/u><u> \u00a0\u00a0\u00a0\u00a0\u00a0\u00a0\u00a0\u00a0\u00a0\u00a0 <\/u>L&rsquo;enveloppe est sans texte ni\u00a0trace de l&rsquo;exp\u00e9diteur.<\/p>\n<p><u>\u00a0[ ] \u00a0 \u00a0\u00a0\u00a0\u00a0\u00a0\u00a0 <\/u>n\u00e9ant<\/p>\n<p><u>\u2665 \u00a0 \u00a0\u00a0\u00a0\u00a0\u00a0\u00a0\u00a0\u00a0 <\/u>A Monsieur Augustin Directeur de la Poste aux Lettres \u00e0 Lisieux<\/p>\n","protected":false},"excerpt":{"rendered":"<div class=\"mh-excerpt\"><p>La Marque Postale #\u00a0\u00a0\u00a0\u00a0\u00a0\u00a0\u00a0\u00a0\u00a0\u00a0\u00a0\u00a0\u00a0\u00a0\u00a0\u00a0\u00a0\u00a0\u00a0\u00a0\u00a0\u00a0\u00a0 Enveloppe affranchie du 10c\u00a0bistre (Yvert n\u00b01) oblit\u00e9r\u00e9 Petit\u00a0Chiffre 1738 de Lisieux (n\u00b059 de\u00a0notre catalogue). \u00a0A c\u00f4t\u00e9 timbre \u00e0 date type 15. <a class=\"mh-excerpt-more\" href=\"https:\/\/cpl14.fr\/?page_id=1772\" title=\"1852.1\">[&#8230;]<\/a><\/p>\n<\/div>","protected":false},"author":1,"featured_media":0,"parent":0,"menu_order":0,"comment_status":"closed","ping_status":"closed","template":"","meta":{"footnotes":""},"class_list":["post-1772","page","type-page","status-publish","hentry"],"_links":{"self":[{"href":"https:\/\/cpl14.fr\/index.php?rest_route=\/wp\/v2\/pages\/1772","targetHints":{"allow":["GET"]}}],"collection":[{"href":"https:\/\/cpl14.fr\/index.php?rest_route=\/wp\/v2\/pages"}],"about":[{"href":"https:\/\/cpl14.fr\/index.php?rest_route=\/wp\/v2\/types\/page"}],"author":[{"embeddable":true,"href":"https:\/\/cpl14.fr\/index.php?rest_route=\/wp\/v2\/users\/1"}],"replies":[{"embeddable":true,"href":"https:\/\/cpl14.fr\/index.php?rest_route=%2Fwp%2Fv2%2Fcomments&post=1772"}],"version-history":[{"count":1,"href":"https:\/\/cpl14.fr\/index.php?rest_route=\/wp\/v2\/pages\/1772\/revisions"}],"predecessor-version":[{"id":1774,"href":"https:\/\/cpl14.fr\/index.php?rest_route=\/wp\/v2\/pages\/1772\/revisions\/1774"}],"wp:attachment":[{"href":"https:\/\/cpl14.fr\/index.php?rest_route=%2Fwp%2Fv2%2Fmedia&parent=1772"}],"curies":[{"name":"wp","href":"https:\/\/api.w.org\/{rel}","templated":true}]}}