{"id":1775,"date":"2017-06-21T13:34:20","date_gmt":"2017-06-21T11:34:20","guid":{"rendered":"http:\/\/cpl14.fr\/?page_id=1775"},"modified":"2017-06-21T13:34:20","modified_gmt":"2017-06-21T11:34:20","slug":"1857-1","status":"publish","type":"page","link":"https:\/\/cpl14.fr\/?page_id=1775","title":{"rendered":"1857.1"},"content":{"rendered":"<p><strong>La Marque Postale<\/strong><\/p>\n<p><img loading=\"lazy\" decoding=\"async\" class=\"aligncenter size-full wp-image-1777\" src=\"http:\/\/cpl14.fr\/wp-content\/uploads\/2017\/06\/20160322_101911-2.jpg\" alt=\"\" width=\"900\" height=\"577\" srcset=\"https:\/\/cpl14.fr\/wp-content\/uploads\/2017\/06\/20160322_101911-2.jpg 900w, https:\/\/cpl14.fr\/wp-content\/uploads\/2017\/06\/20160322_101911-2-300x192.jpg 300w, https:\/\/cpl14.fr\/wp-content\/uploads\/2017\/06\/20160322_101911-2-768x492.jpg 768w\" sizes=\"auto, (max-width: 900px) 100vw, 900px\" \/><\/p>\n<p># \u00a0sur une bande non affranchie, timbre \u00e0 date type 15 de Caen<\/p>\n<p>\u00a5 \u00a029 octobre 1857<\/p>\n<p>! \u00a0 D&rsquo;abord en franchise puis tax\u00e9e \u00e0 \u00a030 taxe double trait.<\/p>\n<p>T \u00a0tarif simple du 1 Juillet 1854, non\u00a0affranchi, jusqu&rsquo;\u00e0 7g1\/2.<\/p>\n<p>&amp; \u00a0les indications postales sont nombreuses, elles sont d\u00e9velopp\u00e9es en d\u00e9tail ci-dessous rubrique \u25cb<\/p>\n<p>~ \u00a0au verso timbre \u00e0 date de \u00a0 l&rsquo;ambulant de jour CHERBOURG A PARIS I\u00b0 \/ E du 29 Oct. 1857 + une mention manuscrite avec paraphe.<\/p>\n<p>\u25cb \u00a0 Cette pi\u00e8ce postale tr\u00e9s particuli\u00e8re n\u00e9cessite quelques explications.<\/p>\n<p>&#8211; d&rsquo;abord exp\u00e9di\u00e9e en franchise avec l&rsquo;indication en haut \u00e0 droite \u00ab\u00a0Postes\u00a0\u00bb cette bande contenait probablement, un imprim\u00e9, ou un texte administratif, auquel \u00e9tait joint un ou deux \u00ab\u00a0mandat de paiement\u00a0\u00bb.<\/p>\n<p>&#8211; Le paraphe dit \u00ab\u00a0contre-seing\u00a0\u00bb est appos\u00e9 \u00e0 Caen par l&rsquo;inspecteur des postes: sa griffe + des postes + signature (un inspecteur du Calvados s&rsquo;est appel\u00e9 Goussu? A v\u00e9rifier pour 1857, simple hypoth\u00e8se).<\/p>\n<p>\u2605 photo du contre-seing<\/p>\n<p><img loading=\"lazy\" decoding=\"async\" class=\"aligncenter  wp-image-1781\" src=\"http:\/\/cpl14.fr\/wp-content\/uploads\/2017\/06\/le-contre-seing.jpg\" alt=\"\" width=\"500\" height=\"355\" srcset=\"https:\/\/cpl14.fr\/wp-content\/uploads\/2017\/06\/le-contre-seing.jpg 800w, https:\/\/cpl14.fr\/wp-content\/uploads\/2017\/06\/le-contre-seing-300x213.jpg 300w, https:\/\/cpl14.fr\/wp-content\/uploads\/2017\/06\/le-contre-seing-768x545.jpg 768w\" sizes=\"auto, (max-width: 500px) 100vw, 500px\" \/><\/p>\n<p>Nous ne pouvons que \u00ab\u00a0supposer\u00a0\u00bb car nous n&rsquo;avons pas l&rsquo;exp\u00e9diteur, ni le contenu. (L&rsquo;exp\u00e9diteur est-il l&rsquo;inspecteur lui m\u00eame, on peut le croire).<\/p>\n<p>\u2605 ci-dessous photo du texte r\u00e9glementaire concernant la v\u00e9rification des franchises.\u00a0(J.P.Alexandre = ed. Brun 1996).<\/p>\n<p><img loading=\"lazy\" decoding=\"async\" class=\"aligncenter size-large wp-image-1779\" src=\"http:\/\/cpl14.fr\/wp-content\/uploads\/2017\/06\/20160327_110835-1-638x1024.jpg\" alt=\"\" width=\"638\" height=\"1024\" srcset=\"https:\/\/cpl14.fr\/wp-content\/uploads\/2017\/06\/20160327_110835-1-638x1024.jpg 638w, https:\/\/cpl14.fr\/wp-content\/uploads\/2017\/06\/20160327_110835-1-187x300.jpg 187w, https:\/\/cpl14.fr\/wp-content\/uploads\/2017\/06\/20160327_110835-1-768x1234.jpg 768w, https:\/\/cpl14.fr\/wp-content\/uploads\/2017\/06\/20160327_110835-1.jpg 800w\" sizes=\"auto, (max-width: 638px) 100vw, 638px\" \/><\/p>\n<p><img loading=\"lazy\" decoding=\"async\" class=\"aligncenter  wp-image-1780\" src=\"http:\/\/cpl14.fr\/wp-content\/uploads\/2017\/06\/20160327_110854-1-645x1024.jpg\" alt=\"\" width=\"299\" height=\"475\" srcset=\"https:\/\/cpl14.fr\/wp-content\/uploads\/2017\/06\/20160327_110854-1-645x1024.jpg 645w, https:\/\/cpl14.fr\/wp-content\/uploads\/2017\/06\/20160327_110854-1-189x300.jpg 189w, https:\/\/cpl14.fr\/wp-content\/uploads\/2017\/06\/20160327_110854-1-768x1219.jpg 768w, https:\/\/cpl14.fr\/wp-content\/uploads\/2017\/06\/20160327_110854-1.jpg 800w\" sizes=\"auto, (max-width: 299px) 100vw, 299px\" \/><\/p>\n<p>&nbsp;<\/p>\n<p>&#8211; A Lisieux la Poste constate une anomalie par la pr\u00e9sence de mandat et applique le processus r\u00e9glementaire en frappant en rouge de la griffe \u00ab\u00a0ORDONNANCE&#8230;1844\u00a0\u00bb ainsi que de la griffe de service LISIEUX \u00e9galement du m\u00eame rouge.<\/p>\n<p>Et la taxe 30 qui sera donc pay\u00e9e par le destinataire. Au verso une indication manuscrite, constatant le contenu.<\/p>\n<p>\u2605 photo du verso<\/p>\n<p><img loading=\"lazy\" decoding=\"async\" class=\"aligncenter size-full wp-image-1778\" src=\"http:\/\/cpl14.fr\/wp-content\/uploads\/2017\/06\/20160322_102021-1.jpg\" alt=\"\" width=\"600\" height=\"365\" srcset=\"https:\/\/cpl14.fr\/wp-content\/uploads\/2017\/06\/20160322_102021-1.jpg 600w, https:\/\/cpl14.fr\/wp-content\/uploads\/2017\/06\/20160322_102021-1-300x183.jpg 300w\" sizes=\"auto, (max-width: 600px) 100vw, 600px\" \/><\/p>\n<p>Le texte reproduit ci-dessus m\u00e9rite toute votre attention, il indique clairement les conditions dans lesquelles l&rsquo;irr\u00e9gularit\u00e9 peut \u00eatre corrig\u00e9e, en cours de transport ou ici \u00e0 l&rsquo;arriv\u00e9e.<\/p>\n<p>&#8211; Concernant cette griffe, voyez aussi notre note @ autre contribution, en fin du sujet.<\/p>\n<p>&nbsp;<\/p>\n<p><strong>Le Texte (peu d&rsquo;\u00e9l\u00e9ments)<\/strong><\/p>\n<p>\u2661 \u00a0La Poste (suppos\u00e9e).<\/p>\n<p>[ ] \u00a0 Caen. \u00a0L&rsquo;inspecteur du Calvados<\/p>\n<p>\u2665 \u00a0Monsieur Marque\/entrepreneur<\/p>\n<p>De service\/\u00e0 Lisieux. (Travaillait-il pour la Poste?)<\/p>\n<p>= \u00a0 Envoi de mandat (s)<\/p>\n<p>&gt; \u00a0 L&rsquo;inspecteur des Postes(?)<\/p>\n<ol>\n<li>Marque<\/li>\n<\/ol>\n<p>&lt; \u00a0 Caen et Lisieux<\/p>\n<p>Cherbourg et Paris pour l&rsquo;ambulant.<\/p>\n<p>&nbsp;<\/p>\n<p><strong>Le Papier<\/strong><\/p>\n<p>\u25a1 \u00a0au format d&rsquo;une bande type imprim\u00e9s 11x7cm (environ= une partie semble manquer?)<\/p>\n<p>\u25cb \u00a0Le papier est fibreux (genre main brune, papier de doublage) assez \u00e9pais et de couleur jaune. \u00a0Cette couleur peut rappeler certains documents administratifs de la Poste.<\/p>\n<p>&nbsp;<\/p>\n<p><strong>@ \u00a0autres contributions.<\/strong><\/p>\n<p>Nous avons la chance de poss\u00e9der dans nos collections le cachet authentique de la rare griffe de l&rsquo;Ordonnance de 1844.<\/p>\n<p>11,5cm de haut, manche en bois serti dans l&rsquo;anneau de la griffe en bronze. La griffe 32x18mm au cadre.<\/p>\n<p>\u2605 3 photos de ce cachet<\/p>\n<p><img loading=\"lazy\" decoding=\"async\" class=\"aligncenter size-large wp-image-1782\" src=\"http:\/\/cpl14.fr\/wp-content\/uploads\/2017\/06\/20160327_110954-1-1024x623.jpg\" alt=\"\" width=\"1024\" height=\"623\" srcset=\"https:\/\/cpl14.fr\/wp-content\/uploads\/2017\/06\/20160327_110954-1-1024x623.jpg 1024w, https:\/\/cpl14.fr\/wp-content\/uploads\/2017\/06\/20160327_110954-1-300x182.jpg 300w, https:\/\/cpl14.fr\/wp-content\/uploads\/2017\/06\/20160327_110954-1-768x467.jpg 768w, https:\/\/cpl14.fr\/wp-content\/uploads\/2017\/06\/20160327_110954-1.jpg 1110w\" sizes=\"auto, (max-width: 1024px) 100vw, 1024px\" \/><\/p>\n<p>(Ref. Collection Sylvie &amp; Michel CATHERINE \u00e0 Lisieux).<\/p>\n<p>&nbsp;<\/p>\n<p><strong>@ Catalogue des marques postales de Lisieux:<\/strong><\/p>\n<p>La griffe ainsi que la lin\u00e9aire LISIEUX sont ajout\u00e9es \u00e0 notre catalogue, rubrique \u00ab\u00a0Les marques annexes\u00a0\u00bb sous la r\u00e9f\u00e9rence A5.<\/p>\n","protected":false},"excerpt":{"rendered":"<div class=\"mh-excerpt\"><p>La Marque Postale # \u00a0sur une bande non affranchie, timbre \u00e0 date type 15 de Caen \u00a5 \u00a029 octobre 1857 ! \u00a0 D&rsquo;abord en franchise <a class=\"mh-excerpt-more\" href=\"https:\/\/cpl14.fr\/?page_id=1775\" title=\"1857.1\">[&#8230;]<\/a><\/p>\n<\/div>","protected":false},"author":1,"featured_media":0,"parent":0,"menu_order":0,"comment_status":"closed","ping_status":"closed","template":"","meta":{"footnotes":""},"class_list":["post-1775","page","type-page","status-publish","hentry"],"_links":{"self":[{"href":"https:\/\/cpl14.fr\/index.php?rest_route=\/wp\/v2\/pages\/1775","targetHints":{"allow":["GET"]}}],"collection":[{"href":"https:\/\/cpl14.fr\/index.php?rest_route=\/wp\/v2\/pages"}],"about":[{"href":"https:\/\/cpl14.fr\/index.php?rest_route=\/wp\/v2\/types\/page"}],"author":[{"embeddable":true,"href":"https:\/\/cpl14.fr\/index.php?rest_route=\/wp\/v2\/users\/1"}],"replies":[{"embeddable":true,"href":"https:\/\/cpl14.fr\/index.php?rest_route=%2Fwp%2Fv2%2Fcomments&post=1775"}],"version-history":[{"count":2,"href":"https:\/\/cpl14.fr\/index.php?rest_route=\/wp\/v2\/pages\/1775\/revisions"}],"predecessor-version":[{"id":1783,"href":"https:\/\/cpl14.fr\/index.php?rest_route=\/wp\/v2\/pages\/1775\/revisions\/1783"}],"wp:attachment":[{"href":"https:\/\/cpl14.fr\/index.php?rest_route=%2Fwp%2Fv2%2Fmedia&parent=1775"}],"curies":[{"name":"wp","href":"https:\/\/api.w.org\/{rel}","templated":true}]}}