{"id":1784,"date":"2017-06-21T13:51:11","date_gmt":"2017-06-21T11:51:11","guid":{"rendered":"http:\/\/cpl14.fr\/?page_id=1784"},"modified":"2017-06-21T13:51:11","modified_gmt":"2017-06-21T11:51:11","slug":"1862-1","status":"publish","type":"page","link":"https:\/\/cpl14.fr\/?page_id=1784","title":{"rendered":"1862.1"},"content":{"rendered":"<p><strong>La Marque Postale<\/strong><\/p>\n<p><img loading=\"lazy\" decoding=\"async\" class=\"aligncenter size-full wp-image-1785\" src=\"http:\/\/cpl14.fr\/wp-content\/uploads\/2017\/06\/lettre-14.jpg\" alt=\"\" width=\"900\" height=\"525\" srcset=\"https:\/\/cpl14.fr\/wp-content\/uploads\/2017\/06\/lettre-14.jpg 900w, https:\/\/cpl14.fr\/wp-content\/uploads\/2017\/06\/lettre-14-300x175.jpg 300w, https:\/\/cpl14.fr\/wp-content\/uploads\/2017\/06\/lettre-14-768x448.jpg 768w\" sizes=\"auto, (max-width: 900px) 100vw, 900px\" \/><\/p>\n<p><u>#\u00a0\u00a0\u00a0\u00a0\u00a0\u00a0\u00a0\u00a0\u00a0\u00a0\u00a0\u00a0\u00a0\u00a0\u00a0\u00a0\u00a0\u00a0\u00a0\u00a0\u00a0\u00a0\u00a0 <\/u>Petit chiffre 1738 (n\u00b059 de notre catalogue SHL 1852-1862). Sur 20c bleu Empire non laur\u00e9, \u00e0 c\u00f4t\u00e9 timbre \u00e0 date type 15 de Lisieux.<\/p>\n<p><u>\u00a5\u00a0\u00a0\u00a0\u00a0\u00a0\u00a0\u00a0\u00a0\u00a0\u00a0\u00a0 \u00a0\u00a0\u00a0\u00a0\u00a0\u00a0\u00a0\u00a0\u00a0\u00a0\u00a0 <\/u>13 Novembre 1862 \u00a0Repr\u00e9sente un usage tr\u00e9s tardif du petit chiffre, alors que le Gros chiffre est d\u00e9j\u00e0 en service.<\/p>\n<p><u>!\u00a0\u00a0\u00a0\u00a0\u00a0\u00a0\u00a0\u00a0\u00a0\u00a0\u00a0\u00a0\u00a0\u00a0\u00a0\u00a0\u00a0\u00a0\u00a0\u00a0\u00a0\u00a0\u00a0\u00a0 <\/u>20c. pour Reims<\/p>\n<p><u>T \u00a0 \u00a0\u00a0\u00a0\u00a0\u00a0\u00a0\u00a0\u00a0 <\/u>Tarif du 1 Janvier 1862, lettre de bureau \u00e0 bureau, 1er echelon (jusqu&rsquo;\u00e0 10g) affranchie.<\/p>\n<p><u>&amp; \u00a0 \u00a0\u00a0\u00a0\u00a0\u00a0\u00a0\u00a0 <\/u>Au verso : ambulant nuit type 1 CHERBOURG A PARIS puis jour PARIS A GIVET 1\u00b0,<\/p>\n<p>et arriv\u00e9e t.15 Reims le 14.<\/p>\n<p><u>~ \u00a0 \u00a0\u00a0\u00a0\u00a0\u00a0\u00a0\u00a0\u00a0 <\/u>n\u00e9ant<\/p>\n<p><u>\u25cb\u00a0\u00a0\u00a0\u00a0\u00a0\u00a0\u00a0\u00a0\u00a0\u00a0\u00a0 <\/u>Arr\u00eatons nous un instant sur le timbre: on y remarque un massicotage tr\u00e9s net de la dentelure. \u00a0Cet indice est caract\u00e9ristique de l&rsquo;usage, tr\u00e9s rare \u00e0 cette date, d&rsquo;une \u00ab\u00a0machine\u00a0\u00bb de bureau (en bois pour celle que nous connaissons) destin\u00e9e \u00e0 la distribution et d\u00e9coupage facile des timbres! Les timbres des feuilles coup\u00e9es en bandes, mises bout \u00e0 bout coll\u00e9es par la bordure (on dit \u00ab\u00a0rabout\u00e9es\u00a0\u00bb) \u00e9taient ins\u00e9r\u00e9es dans cet esp\u00e8ce d&rsquo;escargot, o\u00f9 une lame permettait de les \u00e9grener un \u00e0 un. On parle ici en langage philat\u00e9lique de \u00ab\u00a0pr\u00e9curseurs de roulettes\u00a0\u00bb.<\/p>\n<p><u>\u2605<\/u><u> \u00a0 \u00a0\u00a0\u00a0\u00a0\u00a0\u00a0 <\/u>photo agrandissement du timbre<\/p>\n<p><img loading=\"lazy\" decoding=\"async\" class=\"aligncenter  wp-image-1786\" src=\"http:\/\/cpl14.fr\/wp-content\/uploads\/2017\/06\/timbre.jpg\" alt=\"\" width=\"451\" height=\"497\" srcset=\"https:\/\/cpl14.fr\/wp-content\/uploads\/2017\/06\/timbre.jpg 887w, https:\/\/cpl14.fr\/wp-content\/uploads\/2017\/06\/timbre-272x300.jpg 272w, https:\/\/cpl14.fr\/wp-content\/uploads\/2017\/06\/timbre-768x847.jpg 768w\" sizes=\"auto, (max-width: 451px) 100vw, 451px\" \/><\/p>\n<p>photo distributeur de timbres (clich\u00e9 Maury, catalogue Jean STORCH = Les roulettes, timbres pour appareils distributeurs p.14)<\/p>\n<p><img loading=\"lazy\" decoding=\"async\" class=\"aligncenter size-large wp-image-1787\" src=\"http:\/\/cpl14.fr\/wp-content\/uploads\/2017\/06\/roulette-1024x705.jpg\" alt=\"\" width=\"1024\" height=\"705\" srcset=\"https:\/\/cpl14.fr\/wp-content\/uploads\/2017\/06\/roulette-1024x705.jpg 1024w, https:\/\/cpl14.fr\/wp-content\/uploads\/2017\/06\/roulette-300x206.jpg 300w, https:\/\/cpl14.fr\/wp-content\/uploads\/2017\/06\/roulette-768x529.jpg 768w, https:\/\/cpl14.fr\/wp-content\/uploads\/2017\/06\/roulette.jpg 1402w\" sizes=\"auto, (max-width: 1024px) 100vw, 1024px\" \/><\/p>\n<p>&nbsp;<\/p>\n<p><strong>La Lettre<\/strong><\/p>\n<p><u>\u2661<\/u><u> \u00a0\u00a0\u00a0\u00a0\u00a0\u00a0\u00a0\u00a0\u00a0\u00a0 <\/u>Urbain ADELINE<\/p>\n<p><u>[ ] \u00a0 \u00a0\u00a0\u00a0\u00a0\u00a0\u00a0\u00a0 <\/u>\u00a0Lisieux = Fabrique de Draperies<\/p>\n<p><u>\u2665 \u00a0 \u00a0\u00a0\u00a0\u00a0\u00a0\u00a0\u00a0\u00a0 <\/u>MM. MARTINET COGNET n\u00e9gociants, fabricants de chaussures \u00e0 Reims.<\/p>\n<p><u>= \u00a0 \u00a0\u00a0\u00a0\u00a0\u00a0\u00a0\u00a0\u00a0 <\/u>Castor noir percaline extra<\/p>\n<p><u>&gt; \u00a0\u00a0\u00a0\u00a0\u00a0\u00a0\u00a0\u00a0\u00a0\u00a0 <\/u>Exp\u00e9diteur et destinataire<\/p>\n<p><u>&lt; \u00a0 \u00a0 \u00a0\u00a0\u00a0\u00a0\u00a0\u00a0 <\/u>Lisieux et Reims<\/p>\n<p><u>\u20a9 \u00a0\u00a0\u00a0\u00a0\u00a0\u00a0\u00a0\u00a0 <\/u>cette facture pr\u00e9sente un ent\u00eate remarquable, d&rsquo;une lithographie de Durand \u00e0 Lisieux et qui m\u00e9rite une description d\u00e9taill\u00e9e plus loin au chapitre\u00a0Le Papier.<\/p>\n<p><u>\u00a4 \u00a0 \u00a0 \u00a0\u00a0\u00a0\u00a0\u00a0\u00a0 <\/u>n\u00e9ant<\/p>\n<p><u>\u2605<\/u><u> \u00a0 \u00a0\u00a0\u00a0\u00a0\u00a0\u00a0 <\/u>photo g\u00e9n\u00e9rale facture et ent\u00eate.<\/p>\n<p><img loading=\"lazy\" decoding=\"async\" class=\"aligncenter size-large wp-image-1788\" src=\"http:\/\/cpl14.fr\/wp-content\/uploads\/2017\/06\/facture-821x1024.jpg\" alt=\"\" width=\"821\" height=\"1024\" srcset=\"https:\/\/cpl14.fr\/wp-content\/uploads\/2017\/06\/facture-821x1024.jpg 821w, https:\/\/cpl14.fr\/wp-content\/uploads\/2017\/06\/facture-240x300.jpg 240w, https:\/\/cpl14.fr\/wp-content\/uploads\/2017\/06\/facture-768x958.jpg 768w, https:\/\/cpl14.fr\/wp-content\/uploads\/2017\/06\/facture.jpg 1383w\" sizes=\"auto, (max-width: 821px) 100vw, 821px\" \/><\/p>\n<p>&nbsp;<\/p>\n<p><strong>Le Papier<\/strong><\/p>\n<p><u>\u25a1 \u00a0 \u00a0\u00a0\u00a0\u00a0\u00a0\u00a0\u00a0\u00a0 <\/u>feuille facture de format 21\u00d726,5cm. L&rsquo; impression lign\u00e9e horizontale et verticale se nomme en imprimerie \u00ab\u00a0r\u00e9glure\u00a0\u00bb. Ce terme est le m\u00eame pour les livres de comptabilit\u00e9 ou les cahiers d&rsquo;\u00e9coliers par exemple. Le papier est gris bleut\u00e9.<\/p>\n<p><u>\u2606<\/u><u> \u00a0\u00a0\u00a0\u00a0\u00a0\u00a0\u00a0\u00a0 <\/u>n\u00e9ant<\/p>\n<p><u>\u2605<\/u><u> \u00a0\u00a0\u00a0\u00a0\u00a0\u00a0\u00a0\u00a0 <\/u>Photos de l&rsquo;ent\u00eate et agrandissement de la m\u00e9daille et de la signature du lithographe.\u00a0.<\/p>\n<p><img loading=\"lazy\" decoding=\"async\" class=\"aligncenter size-large wp-image-1789\" src=\"http:\/\/cpl14.fr\/wp-content\/uploads\/2017\/06\/entete-3-1024x497.jpg\" alt=\"\" width=\"1024\" height=\"497\" srcset=\"https:\/\/cpl14.fr\/wp-content\/uploads\/2017\/06\/entete-3-1024x497.jpg 1024w, https:\/\/cpl14.fr\/wp-content\/uploads\/2017\/06\/entete-3-300x145.jpg 300w, https:\/\/cpl14.fr\/wp-content\/uploads\/2017\/06\/entete-3-768x372.jpg 768w, https:\/\/cpl14.fr\/wp-content\/uploads\/2017\/06\/entete-3.jpg 1322w\" sizes=\"auto, (max-width: 1024px) 100vw, 1024px\" \/><\/p>\n<p><img loading=\"lazy\" decoding=\"async\" class=\"aligncenter size-large wp-image-1790\" src=\"http:\/\/cpl14.fr\/wp-content\/uploads\/2017\/06\/entete-1024x386.jpg\" alt=\"\" width=\"1024\" height=\"386\" srcset=\"https:\/\/cpl14.fr\/wp-content\/uploads\/2017\/06\/entete-1024x386.jpg 1024w, https:\/\/cpl14.fr\/wp-content\/uploads\/2017\/06\/entete-300x113.jpg 300w, https:\/\/cpl14.fr\/wp-content\/uploads\/2017\/06\/entete-768x289.jpg 768w, https:\/\/cpl14.fr\/wp-content\/uploads\/2017\/06\/entete.jpg 1200w\" sizes=\"auto, (max-width: 1024px) 100vw, 1024px\" \/><\/p>\n<p>&nbsp;<\/p>\n<p><u>\u25a0 \u00a0 \u00a0\u00a0\u00a0\u00a0\u00a0\u00a0\u00a0\u00a0 <\/u>n\u00e9ant.<\/p>\n<p><u>\u25cb \u00a0\u00a0\u00a0\u00a0\u00a0\u00a0\u00a0\u00a0\u00a0\u00a0 <\/u>\u00a0Ent\u00eate en lithographie au centre du nom et titre de la Maison. Entour\u00e9 de part et d&rsquo;autre des 2 faces d&rsquo;une superbe m\u00e9daille d&rsquo;argent (52mm) de l&rsquo; Exposition r\u00e9gionale de Rouen en 1859.<\/p>\n<p>A l&rsquo;avers: La Science (au centre) guide l&rsquo;essor de l&rsquo;Art (\u00e0 droite avec sculpture) et de l&rsquo;industrie (\u00e0 gauche avec marteau).<\/p>\n<p>Au revers: La Soci\u00e9t\u00e9 libre d&rsquo;\u00e9mulation du Commerce et de l&rsquo;industrie de la Seine Inf.re, Pierre Corneille en m\u00e9daillon ovale est entour\u00e9 de nombreux symboles artistiques ou artisanaux, palette, marteau, compas etc. Dans une couronne de lauriers.<\/p>\n<p>&nbsp;<\/p>\n<p><strong><u>@<\/u><u> \u00a0\u00a0\u00a0\u00a0\u00a0\u00a0\u00a0\u00a0 <\/u>Autres Contributions<\/strong><\/p>\n<p>&#8211; Durand lithographe, est imprimeur 67 Grande Rue et l&rsquo;on conna\u00eet de lui :Almanach de Lisieux 1844 (et autres dates).<\/p>\n<p><u>\u2605 \u00a0\u00a0\u00a0\u00a0\u00a0\u00a0 <\/u>Adeline : photo d&rsquo;une autre facture et renseignements divers, dont adresse Rue des Tanneurs en 1876<\/p>\n<p><img loading=\"lazy\" decoding=\"async\" class=\"aligncenter size-full wp-image-1791\" src=\"http:\/\/cpl14.fr\/wp-content\/uploads\/2017\/06\/adeline.jpg\" alt=\"\" width=\"375\" height=\"486\" srcset=\"https:\/\/cpl14.fr\/wp-content\/uploads\/2017\/06\/adeline.jpg 375w, https:\/\/cpl14.fr\/wp-content\/uploads\/2017\/06\/adeline-231x300.jpg 231w\" sizes=\"auto, (max-width: 375px) 100vw, 375px\" \/><\/p>\n<p>En 1876,\u00a0<strong>un Adeline poss\u00e9dait une filature de laine rue des Tanneurs<\/strong>\u00a0(actuelle Caroline Duchemin,) source D Fournier. Je pense qu&rsquo;il s&rsquo;agit d&rsquo;\u00a0Urbain. (voir facture ci dessous)<\/p>\n<p><strong>Dans Le Lexovien 08 f\u00e9vrier 1868 page n\u00b003<\/strong>\u00a0:<\/p>\n<p>D&rsquo;un acte sous seing priv\u00e9, en date du premier f\u00e9vrier courant, enregistr\u00e9 \u00e0 Lisieux, le trois du m\u00eame mois, folio cent soixante-dix-neuf, recto case premi\u00e8re, d\u00e9pos\u00e9 aux greffes du tribunal de commerce de Lisieux et de la justice de paix du deuxi\u00e8me canton de la m\u00eame ville ce jourd&rsquo;hui, il appert que :<\/p>\n<p><strong>Monsieur Urbain Adeline, n\u00e9gociant, demeurant au Mesnil-Guillaume<\/strong>,\u00a0<strong>et pr\u00e9c\u00e9demment \u00e0 Lisieux.<\/strong><\/p>\n<p>Et monsieur Eug\u00e8ne Adeline, commis de n\u00e9gociant, demeurant \u00e0 Lisieux,<\/p>\n<p>Ont arr\u00eat\u00e9 ce qui suit :<\/p>\n<p>Messieurs Adeline forment entre eux une association collective pour la fabrication et le commerce des draps; elle existera sous la raison sociale Urbain Adeline et neveu. Le si\u00e8ge social sera \u00e0 Lisieux<\/p>\n<p>Les deux associ\u00e9s auront la signature sociale ; ils ach\u00e8teront et vendront l&rsquo;un et l&rsquo;autre pour le mieux des int\u00e9r\u00eats de l&rsquo;association.<\/p>\n<p>Une usine Adeline existait aussi\u00a0dans les ann\u00e9es 1920 au 19 rue St Dominique.<\/p>\n","protected":false},"excerpt":{"rendered":"<div class=\"mh-excerpt\"><p>La Marque Postale #\u00a0\u00a0\u00a0\u00a0\u00a0\u00a0\u00a0\u00a0\u00a0\u00a0\u00a0\u00a0\u00a0\u00a0\u00a0\u00a0\u00a0\u00a0\u00a0\u00a0\u00a0\u00a0\u00a0 Petit chiffre 1738 (n\u00b059 de notre catalogue SHL 1852-1862). Sur 20c bleu Empire non laur\u00e9, \u00e0 c\u00f4t\u00e9 timbre \u00e0 date type <a class=\"mh-excerpt-more\" href=\"https:\/\/cpl14.fr\/?page_id=1784\" title=\"1862.1\">[&#8230;]<\/a><\/p>\n<\/div>","protected":false},"author":1,"featured_media":0,"parent":0,"menu_order":0,"comment_status":"closed","ping_status":"closed","template":"","meta":{"footnotes":""},"class_list":["post-1784","page","type-page","status-publish","hentry"],"_links":{"self":[{"href":"https:\/\/cpl14.fr\/index.php?rest_route=\/wp\/v2\/pages\/1784","targetHints":{"allow":["GET"]}}],"collection":[{"href":"https:\/\/cpl14.fr\/index.php?rest_route=\/wp\/v2\/pages"}],"about":[{"href":"https:\/\/cpl14.fr\/index.php?rest_route=\/wp\/v2\/types\/page"}],"author":[{"embeddable":true,"href":"https:\/\/cpl14.fr\/index.php?rest_route=\/wp\/v2\/users\/1"}],"replies":[{"embeddable":true,"href":"https:\/\/cpl14.fr\/index.php?rest_route=%2Fwp%2Fv2%2Fcomments&post=1784"}],"version-history":[{"count":1,"href":"https:\/\/cpl14.fr\/index.php?rest_route=\/wp\/v2\/pages\/1784\/revisions"}],"predecessor-version":[{"id":1792,"href":"https:\/\/cpl14.fr\/index.php?rest_route=\/wp\/v2\/pages\/1784\/revisions\/1792"}],"wp:attachment":[{"href":"https:\/\/cpl14.fr\/index.php?rest_route=%2Fwp%2Fv2%2Fmedia&parent=1784"}],"curies":[{"name":"wp","href":"https:\/\/api.w.org\/{rel}","templated":true}]}}