{"id":1806,"date":"2017-06-22T08:45:59","date_gmt":"2017-06-22T06:45:59","guid":{"rendered":"http:\/\/cpl14.fr\/?page_id=1806"},"modified":"2017-06-22T08:45:59","modified_gmt":"2017-06-22T06:45:59","slug":"1873-1","status":"publish","type":"page","link":"https:\/\/cpl14.fr\/?page_id=1806","title":{"rendered":"1873.1"},"content":{"rendered":"<p><strong>La Marque Postale<\/strong><\/p>\n<p><img loading=\"lazy\" decoding=\"async\" class=\"aligncenter size-full wp-image-1845\" src=\"http:\/\/cpl14.fr\/wp-content\/uploads\/2017\/06\/20150722_091748-1.jpg\" alt=\"\" width=\"900\" height=\"408\" srcset=\"https:\/\/cpl14.fr\/wp-content\/uploads\/2017\/06\/20150722_091748-1.jpg 900w, https:\/\/cpl14.fr\/wp-content\/uploads\/2017\/06\/20150722_091748-1-300x136.jpg 300w, https:\/\/cpl14.fr\/wp-content\/uploads\/2017\/06\/20150722_091748-1-768x348.jpg 768w\" sizes=\"auto, (max-width: 900px) 100vw, 900px\" \/><\/p>\n<p># \u00a0TROUVILLE-SUR-MER, timbre \u00e0 date type 17 (num\u00e9ro de d\u00e9partement 13 en bas).<\/p>\n<p>\u00a5 \u00a03 juin 1873 \u00a0(1873.06.03)<\/p>\n<p>! \u00a0 Taxe 40 dite \u00ab\u00a0double trait\u00a0\u00bb pour Eu.\u00a0 \u00a0L&rsquo;affranchissement n&rsquo;est pas obligatoire \u00e0 cette \u00e9poque&#8230;<\/p>\n<p>T \u00a0Mais les lettres non affranchies paient 40 au lieu de 25! \u00a0Tarif du 1 Septembre 1871, bureau \u00e0 bureau: 1e \u00e9chelon jusqu&rsquo;\u00e0 10g.<\/p>\n<p>\u2605 \u00a0ci-dessous photo du tarif<\/p>\n<p>(Catalogue des tarifs postaux Alexandre, Joany, Desarnaud etc.).<\/p>\n<p><img loading=\"lazy\" decoding=\"async\" class=\"aligncenter size-full wp-image-1846\" src=\"http:\/\/cpl14.fr\/wp-content\/uploads\/2017\/06\/20150722_092045-1.jpg\" alt=\"\" width=\"700\" height=\"397\" srcset=\"https:\/\/cpl14.fr\/wp-content\/uploads\/2017\/06\/20150722_092045-1.jpg 700w, https:\/\/cpl14.fr\/wp-content\/uploads\/2017\/06\/20150722_092045-1-300x170.jpg 300w\" sizes=\"auto, (max-width: 700px) 100vw, 700px\" \/><\/p>\n<p>&nbsp;<\/p>\n<p>&amp; \u00a0Cette lettre pr\u00e9sente de nombreuses indications postales de son parcours. C&rsquo;est ce qui justifie son \u00e9tude d\u00e9taill\u00e9e et la num\u00e9rotation sur la photo ci-dessous.<\/p>\n<p>\u2605 photo num\u00e9rot\u00e9e.<\/p>\n<p><img loading=\"lazy\" decoding=\"async\" class=\"aligncenter size-full wp-image-1847\" src=\"http:\/\/cpl14.fr\/wp-content\/uploads\/2017\/06\/20150722_091959-1.jpg\" alt=\"\" width=\"900\" height=\"781\" srcset=\"https:\/\/cpl14.fr\/wp-content\/uploads\/2017\/06\/20150722_091959-1.jpg 900w, https:\/\/cpl14.fr\/wp-content\/uploads\/2017\/06\/20150722_091959-1-300x260.jpg 300w, https:\/\/cpl14.fr\/wp-content\/uploads\/2017\/06\/20150722_091959-1-768x666.jpg 768w\" sizes=\"auto, (max-width: 900px) 100vw, 900px\" \/><\/p>\n<p>&nbsp;<\/p>\n<p>Il faut rappeler qu&rsquo;en mati\u00e8re postale seules les personnes qui \u00ab\u00a0manipulent\u00a0\u00bb la lettre sont habilit\u00e9es \u00e0 y apposer une marque. Et en principe, \u00e0 chaque op\u00e9ration.<\/p>\n<p>Voici donc le parcours de cette lettre amusante qui, tout en passant par LISIEUX n&rsquo;en porte aucune trace visible!<\/p>\n<ol>\n<li>D\u00e9part de Trouville (t17 et taxe 40). C&rsquo;est le bureau de Trouville qui taxe la lettre, et en d\u00e9finit le parcours selon sa documentation interne: ici pour Eu (Seine Inferieure) la direction par Chemin de Fer est l&#8217;embranchement de Serquigny sur la ligne Cherbourg Paris. C&rsquo;est ici que tout s&rsquo;explique. Pour les non marcophiles, \u00a0le d\u00e9tail est important: c&rsquo;est la compr\u00e9hension de ce m\u00e9canisme qui est la base de l&rsquo;\u00e9tude de toute lettre, en particulier dans les parcours ferroviaires compliqu\u00e9s.<\/li>\n<\/ol>\n<p>Trouville inclut la lettre dans une DEPECHE: La d\u00e9p\u00eache est une enveloppe administrative ferm\u00e9e, incluant une ou plusieurs lettres, pour une destination finale OU interm\u00e9diaire = ainsi la lettre n&rsquo;est manipul\u00e9e QUE lorsque c&rsquo;est indispensable, pour changement de direction. L&rsquo;adresse de cette d\u00e9p\u00eache pourrait \u00eatre \u00ab\u00a0Lisieux\/Ambulant de Paris\u00a0\u00bb?<\/p>\n<p>\u2605 photo d&rsquo;une enveloppe type D\u00e9p\u00eache<\/p>\n<p><img loading=\"lazy\" decoding=\"async\" class=\"aligncenter size-full wp-image-1848\" src=\"http:\/\/cpl14.fr\/wp-content\/uploads\/2017\/06\/20150722_094531-1.jpg\" alt=\"\" width=\"900\" height=\"718\" srcset=\"https:\/\/cpl14.fr\/wp-content\/uploads\/2017\/06\/20150722_094531-1.jpg 900w, https:\/\/cpl14.fr\/wp-content\/uploads\/2017\/06\/20150722_094531-1-300x239.jpg 300w, https:\/\/cpl14.fr\/wp-content\/uploads\/2017\/06\/20150722_094531-1-768x613.jpg 768w\" sizes=\"auto, (max-width: 900px) 100vw, 900px\" \/><\/p>\n<p>Continuons notre parcours.<\/p>\n<p>Dans sa d\u00e9p\u00eache notre pli prend le train \u00e0 la gare TROUVILLE-DEAUVILLE en direction de LISIEUX.<\/p>\n<p>Dans le convoyeur-station de cette ligne, un manipulateur apposera probablement son cachet sur l&rsquo;enveloppe d\u00e9p\u00eache (mais nous ne le verrons jamais, notre pli est \u00e0 l&rsquo;int\u00e9rieur!).<\/p>\n<p>A Lisieux il remet la d\u00e9p\u00eache au pr\u00e9pos\u00e9 du Bureau \u00a0de la Gare nomm\u00e9 Entreposeur en Gare ou Bureau de Passe. (Suivant les \u00e9poques = Ceci sera \u00e9tudi\u00e9 en d\u00e9tails dans la prochaine partie du catalogue de Lisieux).<\/p>\n<p>@ pour comprendre les Entreposeurs en Gare on peut consulter l&rsquo;article de G.Chouteau sur Angers (Feuilles Marcophiles n\u00b0361 juin 2015).<\/p>\n<p>LISIEUX qui n&rsquo;ouvre pas la d\u00e9p\u00eache la remet donc \u00e0 l&rsquo;ambulant.<\/p>\n<p>&nbsp;<\/p>\n<ol start=\"2\">\n<li>L&rsquo;ambulant ouvre la d\u00e9p\u00eache: il manipule donc le pli et appose au verso son timbre \u00e0 date CHERBOURG A PARIS\/C<\/li>\n<\/ol>\n<p>Noter: centre rond = nuit \u00a0 \u00a0 \u00a0 \u00a0 \u00a0 \u00a0 Centre octogonal = \u00a0 jour<\/p>\n<p>La lettre en bas est l&rsquo;indicatif de la brigade A\/B\/C etc. Chaque brigade a son timbre \u00e0 date.\u00a0Cet ambulant remet la lettre dans une nouvelle d\u00e9p\u00eache afin qu&rsquo;elle s&rsquo;arr\u00eate \u00e0 Serquigny.<\/p>\n<p>&nbsp;<\/p>\n<ol start=\"3\">\n<li>A Serquigny elle est remise au plus vite \u00e0 un nouvel ambulant qui appose sur la lettre au recto: SERQUIGNY A ROUEN\/A<\/li>\n<\/ol>\n<p>Il refait une d\u00e9p\u00eache Eu pour ses coll\u00e8gues de Rouen.\u00a0Pendant ce temps nous changeons de date, mais sommes toujours de NUIT.<\/p>\n<p>&nbsp;<\/p>\n<ol start=\"4\">\n<li>A Rouen la lettre est prise en charge par un nouvel ambulant qui appose au verso: PARIS AU HAVRE 2\u00b0\/D Le 4 Juin au matin.<\/li>\n<\/ol>\n<p>Il composera la derni\u00e8re d\u00e9p\u00eache d\u00e9finitive jusqu&rsquo;\u00e0 l&rsquo;arriv\u00e9e \u00e0 Eu (probablement par Cl\u00e8res puis Dieppe). Les pi\u00e8ces manquantes du puzzle figurant sur les enveloppes d\u00e9p\u00eaches ne sont pas \u00e0 notre disposition.<\/p>\n<p>&nbsp;<\/p>\n<ol start=\"5\">\n<li>A Eu la lettre est distribu\u00e9e le 4 . \u00a0Au verso timbre \u00e0 date type 17 de Eu = 2e lev\u00e9e.<\/li>\n<\/ol>\n<p>C&rsquo;est ainsi qu&rsquo;une lettre pass\u00e9e par Lisieux et sa gare, n&rsquo;en garde aucune trace!<\/p>\n<p>&nbsp;<\/p>\n<p><strong>La Lettre<\/strong><\/p>\n<p><img loading=\"lazy\" decoding=\"async\" class=\"aligncenter size-large wp-image-1849\" src=\"http:\/\/cpl14.fr\/wp-content\/uploads\/2017\/06\/20150722_091821-1-651x1024.jpg\" alt=\"\" width=\"651\" height=\"1024\" srcset=\"https:\/\/cpl14.fr\/wp-content\/uploads\/2017\/06\/20150722_091821-1-651x1024.jpg 651w, https:\/\/cpl14.fr\/wp-content\/uploads\/2017\/06\/20150722_091821-1-191x300.jpg 191w, https:\/\/cpl14.fr\/wp-content\/uploads\/2017\/06\/20150722_091821-1-768x1207.jpg 768w, https:\/\/cpl14.fr\/wp-content\/uploads\/2017\/06\/20150722_091821-1.jpg 900w\" sizes=\"auto, (max-width: 651px) 100vw, 651px\" \/><\/p>\n<p><img loading=\"lazy\" decoding=\"async\" class=\"aligncenter  wp-image-1855\" src=\"http:\/\/cpl14.fr\/wp-content\/uploads\/2017\/06\/20150722_091841-1.jpg\" alt=\"\" width=\"653\" height=\"436\" srcset=\"https:\/\/cpl14.fr\/wp-content\/uploads\/2017\/06\/20150722_091841-1.jpg 900w, https:\/\/cpl14.fr\/wp-content\/uploads\/2017\/06\/20150722_091841-1-300x200.jpg 300w, https:\/\/cpl14.fr\/wp-content\/uploads\/2017\/06\/20150722_091841-1-768x512.jpg 768w\" sizes=\"auto, (max-width: 653px) 100vw, 653px\" \/><\/p>\n<p>\u2661 \u00a0A.CHAMPION notaire \u00e0 Trouville<\/p>\n<p>\u2665 \u00a0Tragin, notaire \u00e0 Eu<\/p>\n<p>= \u00a0 \u00a0Information locale concernant une succession. (Voir note @ sur ces 2 personnes).<\/p>\n<p>&gt; \u00a0 Nicolas Lev\u00e9 marin p\u00eacheur \u00e0 Trouville.<\/p>\n<p>Sieur Olivier, Ma\u00eetre de barque.<\/p>\n<p>&lt; \u00a0 Trouville, \u00a0Dieppe<\/p>\n<p>\u20a9 \u00a0vignette imprim\u00e9e du notaire au type dit \u00ab\u00a0manteau imp\u00e9rial\u00a0\u00bb dans un petit encadrement orn\u00e9.<\/p>\n<p>On note que le symbole imp\u00e9rial est biff\u00e9 de 3 traits d&rsquo;encre! Pas de g\u00e2chis, on utilise l&rsquo;ancien papier. Et en cas de changement de r\u00e9gime!<\/p>\n<p>\u2605 photo de la vignette agrandie.<\/p>\n<p><img loading=\"lazy\" decoding=\"async\" class=\"aligncenter size-full wp-image-1850\" src=\"http:\/\/cpl14.fr\/wp-content\/uploads\/2017\/06\/20150722_091858-1.jpg\" alt=\"\" width=\"500\" height=\"703\" srcset=\"https:\/\/cpl14.fr\/wp-content\/uploads\/2017\/06\/20150722_091858-1.jpg 500w, https:\/\/cpl14.fr\/wp-content\/uploads\/2017\/06\/20150722_091858-1-213x300.jpg 213w\" sizes=\"auto, (max-width: 500px) 100vw, 500px\" \/><\/p>\n<p>&nbsp;<\/p>\n<p><strong>Le Papier<\/strong><\/p>\n<p>\u25a1 feuille simple 21&#215;27 sans marque de fabrication ni filigrane.<\/p>\n<p>Pliure classique<\/p>\n<p>Format du pli 13&#215;5,8<\/p>\n<p>&nbsp;<\/p>\n<p><strong>@ autres contributions<\/strong><\/p>\n<p>Nicolas D\u00e9sir\u00e9 LEV\u00c9 \u00a0est n\u00e9 au Tr\u00e9port le\u00a09 Avril 1824.\u00a0Mari\u00e9 20 Juin 1849.\u00a0D\u00e9c\u00e9d\u00e9 \u00e0 Dieppe 22 Juillet 1869.<\/p>\n<p>\u2605 photos 3 actes<\/p>\n<p><img loading=\"lazy\" decoding=\"async\" class=\"aligncenter size-full wp-image-1853\" src=\"http:\/\/cpl14.fr\/wp-content\/uploads\/2017\/06\/mariage.png\" alt=\"\" width=\"672\" height=\"582\" srcset=\"https:\/\/cpl14.fr\/wp-content\/uploads\/2017\/06\/mariage.png 672w, https:\/\/cpl14.fr\/wp-content\/uploads\/2017\/06\/mariage-300x260.png 300w\" sizes=\"auto, (max-width: 672px) 100vw, 672px\" \/><br \/>\n<img loading=\"lazy\" decoding=\"async\" class=\"aligncenter size-large wp-image-1854\" src=\"http:\/\/cpl14.fr\/wp-content\/uploads\/2017\/06\/n-fille.png\" alt=\"\" width=\"641\" height=\"619\" srcset=\"https:\/\/cpl14.fr\/wp-content\/uploads\/2017\/06\/n-fille.png 641w, https:\/\/cpl14.fr\/wp-content\/uploads\/2017\/06\/n-fille-300x290.png 300w\" sizes=\"auto, (max-width: 641px) 100vw, 641px\" \/><\/p>\n<p><img loading=\"lazy\" decoding=\"async\" class=\"aligncenter size-full wp-image-1852\" src=\"http:\/\/cpl14.fr\/wp-content\/uploads\/2017\/06\/acte-deces.png\" alt=\"\" width=\"493\" height=\"617\" srcset=\"https:\/\/cpl14.fr\/wp-content\/uploads\/2017\/06\/acte-deces.png 493w, https:\/\/cpl14.fr\/wp-content\/uploads\/2017\/06\/acte-deces-240x300.png 240w\" sizes=\"auto, (max-width: 493px) 100vw, 493px\" \/><\/p>\n<p>&nbsp;<\/p>\n<p>Pierre Louis Eug\u00e8ne \u00a0OLIVIER.\u00a0N\u00e9 \u00e0 Dieppe 7 F\u00e9vrier 1830.\u00a0Demeurant \u00e0 Trouville<\/p>\n<p>\u2605 photo acte de mariage<\/p>\n<p><img loading=\"lazy\" decoding=\"async\" class=\"aligncenter size-full wp-image-1851\" src=\"http:\/\/cpl14.fr\/wp-content\/uploads\/2017\/06\/mariage-oliv.png\" alt=\"\" width=\"617\" height=\"671\" srcset=\"https:\/\/cpl14.fr\/wp-content\/uploads\/2017\/06\/mariage-oliv.png 617w, https:\/\/cpl14.fr\/wp-content\/uploads\/2017\/06\/mariage-oliv-276x300.png 276w\" sizes=\"auto, (max-width: 617px) 100vw, 617px\" \/><\/p>\n<p>&nbsp;<\/p>\n<p>Contribution Jean CATHERINE.<\/p>\n<p>&nbsp;<\/p>\n<p>( Ceux qui s&rsquo;int\u00e9ressent aux p\u00eacheurs trouvillais peuvent aussi visiter avec grand int\u00e9r\u00eat le site \u00ab\u00a0Les Ostendais\u00a0\u00bb).<\/p>\n<p>Ci-dessous le lien internet des Ostendais: \u00a0 \u00a0 https:\/\/sites.google.com\/site\/lesostendais\/home<\/p>\n<p>&nbsp;<\/p>\n<p>&nbsp;<\/p>\n","protected":false},"excerpt":{"rendered":"<div class=\"mh-excerpt\"><p>La Marque Postale # \u00a0TROUVILLE-SUR-MER, timbre \u00e0 date type 17 (num\u00e9ro de d\u00e9partement 13 en bas). \u00a5 \u00a03 juin 1873 \u00a0(1873.06.03) ! \u00a0 Taxe 40 <a class=\"mh-excerpt-more\" href=\"https:\/\/cpl14.fr\/?page_id=1806\" title=\"1873.1\">[&#8230;]<\/a><\/p>\n<\/div>","protected":false},"author":1,"featured_media":0,"parent":0,"menu_order":0,"comment_status":"closed","ping_status":"closed","template":"","meta":{"footnotes":""},"class_list":["post-1806","page","type-page","status-publish","hentry"],"_links":{"self":[{"href":"https:\/\/cpl14.fr\/index.php?rest_route=\/wp\/v2\/pages\/1806","targetHints":{"allow":["GET"]}}],"collection":[{"href":"https:\/\/cpl14.fr\/index.php?rest_route=\/wp\/v2\/pages"}],"about":[{"href":"https:\/\/cpl14.fr\/index.php?rest_route=\/wp\/v2\/types\/page"}],"author":[{"embeddable":true,"href":"https:\/\/cpl14.fr\/index.php?rest_route=\/wp\/v2\/users\/1"}],"replies":[{"embeddable":true,"href":"https:\/\/cpl14.fr\/index.php?rest_route=%2Fwp%2Fv2%2Fcomments&post=1806"}],"version-history":[{"count":2,"href":"https:\/\/cpl14.fr\/index.php?rest_route=\/wp\/v2\/pages\/1806\/revisions"}],"predecessor-version":[{"id":1856,"href":"https:\/\/cpl14.fr\/index.php?rest_route=\/wp\/v2\/pages\/1806\/revisions\/1856"}],"wp:attachment":[{"href":"https:\/\/cpl14.fr\/index.php?rest_route=%2Fwp%2Fv2%2Fmedia&parent=1806"}],"curies":[{"name":"wp","href":"https:\/\/api.w.org\/{rel}","templated":true}]}}