{"id":1830,"date":"2017-06-22T08:31:40","date_gmt":"2017-06-22T06:31:40","guid":{"rendered":"http:\/\/cpl14.fr\/?page_id=1830"},"modified":"2017-06-22T08:31:40","modified_gmt":"2017-06-22T06:31:40","slug":"1874-1","status":"publish","type":"page","link":"https:\/\/cpl14.fr\/?page_id=1830","title":{"rendered":"1874.1"},"content":{"rendered":"<p><strong>La Marque Postale<\/strong><\/p>\n<p><img loading=\"lazy\" decoding=\"async\" class=\"aligncenter size-full wp-image-1832\" src=\"http:\/\/cpl14.fr\/wp-content\/uploads\/2017\/06\/recto.jpg\" alt=\"\" width=\"900\" height=\"588\" srcset=\"https:\/\/cpl14.fr\/wp-content\/uploads\/2017\/06\/recto.jpg 900w, https:\/\/cpl14.fr\/wp-content\/uploads\/2017\/06\/recto-300x196.jpg 300w, https:\/\/cpl14.fr\/wp-content\/uploads\/2017\/06\/recto-768x502.jpg 768w\" sizes=\"auto, (max-width: 900px) 100vw, 900px\" \/><\/p>\n<p># \u00a0Lettre affranchie de Lisieux avec\u00a0timbres Empire laur\u00e9 et C\u00e9r\u00e9s\u00a0(n\u00b0 31 + 59 + 60&#215;3) oblit\u00e9r\u00e9s du\u00a0GC 2056 et timbre \u00e0 date t.17 de\u00a0Lisieux.<\/p>\n<p>\u00a5 \u00a0 28 janvier 1874<\/p>\n<p>! \u00a0 \u00a0Affranchissement \u00e0 1F30 pour\u00a0Valparaiso au Chili.<\/p>\n<p>T \u00a0 \u00a0Tarif du 1 juillet 1871: entre 1857\u00a0et 1875, cette voie postale est<\/p>\n<p>dite \u00ab\u00a0totalement anglaise\u00a0\u00bb\u00a0Atlantique et Pacifique, dans les 2 sens. Convention de Poste franco-britannique du 24 septembre 1856<\/p>\n<p>(D\u00e9cret du 3 dec. Application 1 janvier 1857) ici au tarif du 1 juillet 1871 \u00e0 1F30 par 10g. (Affranchissement obligatoire dans le sens France\/Chili).<\/p>\n<p>Ref. Guy Dutau: voir @ 1<\/p>\n<p>&amp; \u00a0Dans l&rsquo;ordre de leur apposition:<\/p>\n<p>\u25c7 P.P. appos\u00e9 \u00e0 Lisieux indique que \u00a0\u00a0le port est pay\u00e9.<\/p>\n<p>\u25c7 Verso tad ambulant de nuit CHERBOURG A PARIS\/B<\/p>\n<p>\u25c7 Verso tad ambulant de jour\u00a0PARIS A CALAIS I\u00b0 \/ A . Le bureau d&rsquo;\u00e9change de Calais remet la lettre aux services anglais.<\/p>\n<p>\u2605 voir ci-dessous photo du verso<\/p>\n<p><img loading=\"lazy\" decoding=\"async\" class=\"aligncenter size-full wp-image-1833\" src=\"http:\/\/cpl14.fr\/wp-content\/uploads\/2017\/06\/verso.jpg\" alt=\"\" width=\"900\" height=\"570\" srcset=\"https:\/\/cpl14.fr\/wp-content\/uploads\/2017\/06\/verso.jpg 900w, https:\/\/cpl14.fr\/wp-content\/uploads\/2017\/06\/verso-300x190.jpg 300w, https:\/\/cpl14.fr\/wp-content\/uploads\/2017\/06\/verso-768x486.jpg 768w\" sizes=\"auto, (max-width: 900px) 100vw, 900px\" \/><\/p>\n<p>&nbsp;<\/p>\n<p>\u25c7 Au recto on retrouve ensuite tad LONDON\/PAID en rouge, transit avec contr\u00f4le du port \u00e0 Londres.<\/p>\n<p>\u25c7 La lettre mise sous d\u00e9p\u00eache pour les paquebots qui partent de Southampton, ne sera plus manipul\u00e9e avant Valparaiso. \u00a0(Elle passe \u00a0par Panama: seuls les plis inverses vers l&rsquo;Europe portent des cachets de transit de la voie anglaise \u00e0 Panama. \u00a0Voyez @4).<\/p>\n<p>\u25c7 A l&rsquo;arriv\u00e9e taxe 15 rouge = 15 centavos repr\u00e9sente le port chilien, il sera pay\u00e9 par le destinataire.<\/p>\n<p>\u25cb ref. Lettre de la collection H.M.\u00a0Deauville.<\/p>\n<p>@ \u00a0voyez aussi @4 pour quelques images de lettres \u00e0 comparer.<\/p>\n<p>&nbsp;<\/p>\n<p><strong>La Lettre<\/strong><\/p>\n<p><img loading=\"lazy\" decoding=\"async\" class=\"aligncenter size-large wp-image-1834\" src=\"http:\/\/cpl14.fr\/wp-content\/uploads\/2017\/06\/20160614_101355-1-771x1024.jpg\" alt=\"\" width=\"771\" height=\"1024\" srcset=\"https:\/\/cpl14.fr\/wp-content\/uploads\/2017\/06\/20160614_101355-1-771x1024.jpg 771w, https:\/\/cpl14.fr\/wp-content\/uploads\/2017\/06\/20160614_101355-1-226x300.jpg 226w, https:\/\/cpl14.fr\/wp-content\/uploads\/2017\/06\/20160614_101355-1-768x1020.jpg 768w, https:\/\/cpl14.fr\/wp-content\/uploads\/2017\/06\/20160614_101355-1.jpg 900w\" sizes=\"auto, (max-width: 771px) 100vw, 771px\" \/><\/p>\n<p>\u2661 \u00a0Louis Duquesne\u00a0\u00a0Bien que la signature soit difficile\u00a0nous lisons ce nom.<\/p>\n<p>[ ] \u00a0 Le Boullay ( est un lieu-dit de la\u00a0commune de St Germain-de-Livet).<\/p>\n<p>\u2665 \u00a0MM. \u00a0L.La chambre, Gautreau &amp;\u00a0C \u00b0 \u00e0 Valparaiso, Chili.<\/p>\n<p>= \u00a0 Il s&rsquo;agit d&rsquo;une correspondance\u00a0financi\u00e8re, peu bavarde et assez\u00a0discr\u00e8te, et concernant une\u00a0affaire dont la somme est\u00a0importante. D&rsquo;o\u00f9 probablement le\u00a0c\u00f4t\u00e9 assez myst\u00e9rieux du texte.\u00a0Une somme de 8457 francs a \u00e9t\u00e9\u00a0re\u00e7ue et accept\u00e9e par\u00a0\u00ab\u00a0qui de droit\u00a0\u00bb . Le texte ne permet\u00a0pas d&rsquo;aller plus loin dans les\u00a0suppositions, affaires directes,\u00a0importation, ou simple placement\u00a0financier?<\/p>\n<p>&gt; \u00a0 Louis Duquesne (signataire),\u00a0La Chambre, Gautreau.<\/p>\n<p>&lt; \u00a0 Le Boullay, Lisieux, Valparaiso<\/p>\n<p>Concernant ces lieux et familles, \u00a0voyez en fin @2 et @3<\/p>\n<p>&nbsp;<\/p>\n<p><strong>Le Papier<\/strong><\/p>\n<p>\u25a1 aucune particularit\u00e9 pour cette feuille, l\u00e9g\u00e8re, commerciale, plis au standard de l&rsquo;\u00e9poque.<\/p>\n<p>La photo pr\u00e9c\u00e9dente le montre compl\u00e8tement.<\/p>\n<p>&nbsp;<\/p>\n<p><strong>@1.\u00a0<\/strong><\/p>\n<p>Ref. Guy Dutau (Toulouse).<\/p>\n<p>Relations postales franco-chiliennes des origines \u00e0 1883 (Collection d&rsquo;histoire postale de haut niveau qui fut plusieurs fois prim\u00e9e en comp\u00e9tition = voir site de la F\u00e9d\u00e9ration Fran\u00e7aise de Philat\u00e9lie).<\/p>\n<p>Une copie de cette importante \u00e9tude in\u00e9dite (\u00e9dition du groupe philat\u00e9lique Midi &#8211; Pyr\u00e9n\u00e9es) qui nous fut offerte par notre ami Guy est remise au rayon biblioth\u00e8que marcophile de la ShL. Cela signifie que vous pouvez d\u00e9sormais consulter cet ouvrage aux permanences du mercredi.<\/p>\n<p>&nbsp;<\/p>\n<p><strong>@2.<\/strong><\/p>\n<p>Le Boullay : lieu-dit de la commune de St Germain-de-Livet, on y trouve \u00e0 cette \u00e9poque une filature de lin (qui devint ensuite petite m\u00e9tallurgie) peu de chance que cette entreprise ait un lien avec le Chili? Mais aussi le Ch\u00e2teau du Boullay, propri\u00e9t\u00e9 de la famille Thillaye du Boullay.<\/p>\n<p>\u2605 \u00a0voir ci-dessous une carte postale du Ch\u00e2teau<\/p>\n<p><img loading=\"lazy\" decoding=\"async\" class=\"aligncenter size-full wp-image-1835\" src=\"http:\/\/cpl14.fr\/wp-content\/uploads\/2017\/06\/boullay-1.jpg\" alt=\"\" width=\"800\" height=\"511\" srcset=\"https:\/\/cpl14.fr\/wp-content\/uploads\/2017\/06\/boullay-1.jpg 800w, https:\/\/cpl14.fr\/wp-content\/uploads\/2017\/06\/boullay-1-300x192.jpg 300w, https:\/\/cpl14.fr\/wp-content\/uploads\/2017\/06\/boullay-1-768x491.jpg 768w\" sizes=\"auto, (max-width: 800px) 100vw, 800px\" \/><\/p>\n<p>Louis Duquesne serait l&rsquo;homme d&rsquo;affaires, ou l&rsquo;homme de confiance de ces correspondants suppos\u00e9s.<\/p>\n<p>Alfred Louis Antoine du Boullay (1816. 1887) est tr\u00e9s li\u00e9 aux affaires financi\u00e8res : Consul de Rouen, Pr\u00e9sident du Tribunal de Commerce (1868.1872) mari\u00e9 en 1880 \u00e0 Agathe Rapp, fille du courtier maritime Jean Isidore Rapp&#8230;<\/p>\n<p>&nbsp;<\/p>\n<p><strong>@ 3.<\/strong> La Chambre &amp; Gautreau<\/p>\n<p>\u25c7 \u00a0LA CHAMBRE: Charles Emile La Chambre (n\u00e9 en 1816 \u00e0 Saint Malo)<\/p>\n<p>Banquier \u00e0 Paris, il acquit une fortune consid\u00e9rable dans les affaires commerciales en Am\u00e9rique du Sud et principalement dans le commerce du guano. (Engrais naturel animal extrait d&rsquo;excr\u00e9ments des oiseaux marins, riche en azote et phosphates. Le Chili relativement prosp\u00e8re \u00e0 cette \u00e9poque est aussi riche en minerais divers et salp\u00eatre.\u00a0Le guano l&rsquo;am\u00e8nera m\u00eame \u00e0 plusieurs conflits arm\u00e9s, avec la Bolivie, puis avec le P\u00e9rou).\u00a0La guerre Bolivie, P\u00e9rou, Chili (1879.1884) fut aussi appel\u00e9e guerre du salp\u00eatre, mais le guano \u00e9tait aussi largement en jeu, ainsi que l&rsquo;acc\u00e8s \u00e0 la mer de la Bolivie).\u00a0Voyez sur ce th\u00e8me plusieurs sites internet tr\u00e8s d\u00e9velopp\u00e9s au titre:\u00a0\u00a0\u00ab\u00a0Guerre du Pacifique\u00a0\u00bb<\/p>\n<p>La Chambre fit aussi une carri\u00e8re politique (d\u00e9put\u00e9 d&rsquo;Ille-et-Vilaine, St Malo 1876).<\/p>\n<p>D&rsquo;abord Thomas, Lachambre &amp; C\u00b0 jusqu&rsquo;en 1872 (voir \u00e0 Gautreau) cette importante Soci\u00e9t\u00e9 se retrouve dans toutes les correspondances d&rsquo;affaires avec les pays d&rsquo;Am\u00e9rique du Sud. A la fois banquiers, courtiers et interm\u00e9diaires, ces gens dont les bureaux sont partout sur ce continent, sont incontournables pour qui veut prosp\u00e9rer dans les affaires &#8230;<\/p>\n<p>Cette \u00ab\u00a0archive\u00a0\u00bb bien connue des collectionneurs pour ses nombreuses pi\u00e8ces remarquables, est apparue (de m\u00e9moire personnelle, ne valant pas preuve certaine) sur le march\u00e9 fran\u00e7ais dans les ann\u00e9es 50\/60, par un n\u00e9gociant parisien honorablement r\u00e9put\u00e9.<\/p>\n<p>Voyez les photos @4<\/p>\n<p>&nbsp;<\/p>\n<p>\u25c7 \u00a0GAUTREAU : Louis Emile Gautreau (n\u00e9 en 1839) n\u00e9gociant, import-export, armateur, courtier, banquier et administrateur de plusieurs compagnies maritimes (dont la Compagnie G\u00e9n\u00e9rale Transatlantique).<\/p>\n<p>. Employ\u00e9 de Thomas, La Chambre &amp; C\u00b0 (1858.1868).<\/p>\n<p>. Associ\u00e9 g\u00e9rant de la m\u00eame maison (1868.1873)<\/p>\n<p>. Devient La Chambre, Gautreau &amp; C\u00b0\u00a0apr\u00e8s le retrait de Thomas.<\/p>\n<p>Ref. Voyez \u00ab\u00a0qui \u00eates vous\u00a0\u00bb dans google.book<\/p>\n<p>Vous pouvez aussi vous plonger dans les sites de g\u00e9n\u00e9alogie (bon courage pas toujours simple?) dont geneanet (lien familial aussi de Gautreau avec La Chambre : sa m\u00e8re est n\u00e9e La Chambre).<\/p>\n<p>Enfin, pour de belles images de cette famille (\u00e9galement li\u00e9e Le Pomellec) nous vous conseillons un tr\u00e9s bel album photo d&rsquo;\u00e9poque sur gallica:<\/p>\n<p>http:\/\/gallica.bnf.fr\/ark\/12148\/btv1b84386451<\/p>\n<p>&nbsp;<\/p>\n<p>@4 \u00a0Sans les commenter en d\u00e9tail (elles ne sont pas de Lisieux) nous proposons au plaisir de la comparaison quelques images de lettres en lien avec notre sujet France- Am\u00e9rique du Sud et Thomas, Lachambre &amp; C\u00b0:<\/p>\n<p>\u2605 photos Thomas, La Chambre<\/p>\n<p><img loading=\"lazy\" decoding=\"async\" class=\"aligncenter size-full wp-image-1842\" src=\"http:\/\/cpl14.fr\/wp-content\/uploads\/2017\/06\/@4.6-1.jpg\" alt=\"\" width=\"600\" height=\"375\" srcset=\"https:\/\/cpl14.fr\/wp-content\/uploads\/2017\/06\/@4.6-1.jpg 600w, https:\/\/cpl14.fr\/wp-content\/uploads\/2017\/06\/@4.6-1-300x188.jpg 300w\" sizes=\"auto, (max-width: 600px) 100vw, 600px\" \/><\/p>\n<p>&nbsp;<\/p>\n<p><strong>@4.1<\/strong><\/p>\n<p>\u2605 \u00a0 de Paris \u00e0 Lima, P\u00e9rou, 1852\u00a0\u00a0(Ref. n\u00e9goce philat\u00e9lique)<\/p>\n<p><img loading=\"lazy\" decoding=\"async\" class=\"aligncenter size-full wp-image-1836\" src=\"http:\/\/cpl14.fr\/wp-content\/uploads\/2017\/06\/@-4.1.jpg\" alt=\"\" width=\"900\" height=\"564\" srcset=\"https:\/\/cpl14.fr\/wp-content\/uploads\/2017\/06\/@-4.1.jpg 900w, https:\/\/cpl14.fr\/wp-content\/uploads\/2017\/06\/@-4.1-300x188.jpg 300w, https:\/\/cpl14.fr\/wp-content\/uploads\/2017\/06\/@-4.1-768x481.jpg 768w\" sizes=\"auto, (max-width: 900px) 100vw, 900px\" \/><\/p>\n<p>&nbsp;<\/p>\n<p><strong>@4.2<\/strong><\/p>\n<p>\u2605 \u00a0de Nantes \u00e0 Valparaiso, Chili,\u00a01873.\u00a0 \u00a0 (Ref. n\u00e9goce philatelique. Dans Collection Guy\u00a0 Dutau, voir plusieurs pi\u00e8ces\u00a0m\u00eame p\u00e9riode).<\/p>\n<p><img loading=\"lazy\" decoding=\"async\" class=\"aligncenter size-full wp-image-1837\" src=\"http:\/\/cpl14.fr\/wp-content\/uploads\/2017\/06\/@-4.2.jpg\" alt=\"\" width=\"900\" height=\"504\" srcset=\"https:\/\/cpl14.fr\/wp-content\/uploads\/2017\/06\/@-4.2.jpg 900w, https:\/\/cpl14.fr\/wp-content\/uploads\/2017\/06\/@-4.2-300x168.jpg 300w, https:\/\/cpl14.fr\/wp-content\/uploads\/2017\/06\/@-4.2-768x430.jpg 768w, https:\/\/cpl14.fr\/wp-content\/uploads\/2017\/06\/@-4.2-678x381.jpg 678w\" sizes=\"auto, (max-width: 900px) 100vw, 900px\" \/><\/p>\n<p>&nbsp;<\/p>\n<p>Les 4 derni\u00e8res du P\u00e9rou de la Collection Sylvie &amp; Michel CATHERINE (ref. Album P\u00e9rou 1).<\/p>\n<p><strong>@4.3<\/strong><\/p>\n<p>\u2605 \u00a0de Islay pour Lima, 1859\u00a0\u00a0 \u00a0TOMAS !<\/p>\n<p><img loading=\"lazy\" decoding=\"async\" class=\"aligncenter size-full wp-image-1838\" src=\"http:\/\/cpl14.fr\/wp-content\/uploads\/2017\/06\/@4.3.jpg\" alt=\"\" width=\"900\" height=\"557\" srcset=\"https:\/\/cpl14.fr\/wp-content\/uploads\/2017\/06\/@4.3.jpg 900w, https:\/\/cpl14.fr\/wp-content\/uploads\/2017\/06\/@4.3-300x186.jpg 300w, https:\/\/cpl14.fr\/wp-content\/uploads\/2017\/06\/@4.3-768x475.jpg 768w\" sizes=\"auto, (max-width: 900px) 100vw, 900px\" \/><\/p>\n<p>&nbsp;<\/p>\n<p><strong>@4.4<\/strong><\/p>\n<p>\u2605 de Pasco pour Lima, 1862<\/p>\n<p><img loading=\"lazy\" decoding=\"async\" class=\"aligncenter size-full wp-image-1839\" src=\"http:\/\/cpl14.fr\/wp-content\/uploads\/2017\/06\/@4.4.jpg\" alt=\"\" width=\"900\" height=\"498\" srcset=\"https:\/\/cpl14.fr\/wp-content\/uploads\/2017\/06\/@4.4.jpg 900w, https:\/\/cpl14.fr\/wp-content\/uploads\/2017\/06\/@4.4-300x166.jpg 300w, https:\/\/cpl14.fr\/wp-content\/uploads\/2017\/06\/@4.4-768x425.jpg 768w\" sizes=\"auto, (max-width: 900px) 100vw, 900px\" \/><\/p>\n<p>&nbsp;<\/p>\n<p><strong>@ 4.5<\/strong><\/p>\n<p>\u2605 de Arequipa pour Lima, 1864\u00a0 \u00a0La marque ovale est typique\u00a0de Lima, elle indique la gratuit\u00e9\u00a0de la remise des lettres \u00e0 Lima\u00a0\u00e0 l&rsquo;arriv\u00e9e. Connue seulement de nov.1863 \u00e0 Sept. 1864.<\/p>\n<p><img loading=\"lazy\" decoding=\"async\" class=\"aligncenter size-full wp-image-1840\" src=\"http:\/\/cpl14.fr\/wp-content\/uploads\/2017\/06\/@4.5.jpg\" alt=\"\" width=\"900\" height=\"542\" srcset=\"https:\/\/cpl14.fr\/wp-content\/uploads\/2017\/06\/@4.5.jpg 900w, https:\/\/cpl14.fr\/wp-content\/uploads\/2017\/06\/@4.5-300x181.jpg 300w, https:\/\/cpl14.fr\/wp-content\/uploads\/2017\/06\/@4.5-768x463.jpg 768w\" sizes=\"auto, (max-width: 900px) 100vw, 900px\" \/><\/p>\n<p>&nbsp;<\/p>\n<p><strong>@ 4.6<\/strong><\/p>\n<p>\u2605 de Lima pour Bordeaux,\u00a0 par la voie anglaise, 1865.<\/p>\n<p><img loading=\"lazy\" decoding=\"async\" class=\"aligncenter size-full wp-image-1841\" src=\"http:\/\/cpl14.fr\/wp-content\/uploads\/2017\/06\/@4.6.jpg\" alt=\"\" width=\"900\" height=\"544\" srcset=\"https:\/\/cpl14.fr\/wp-content\/uploads\/2017\/06\/@4.6.jpg 900w, https:\/\/cpl14.fr\/wp-content\/uploads\/2017\/06\/@4.6-300x181.jpg 300w, https:\/\/cpl14.fr\/wp-content\/uploads\/2017\/06\/@4.6-768x464.jpg 768w\" sizes=\"auto, (max-width: 900px) 100vw, 900px\" \/><\/p>\n<p>&nbsp;<\/p>\n<p>Pour aller plus loin: un article de Gilbert Favretto dans Timbres Magazine\/avril 2002.<\/p>\n","protected":false},"excerpt":{"rendered":"<div class=\"mh-excerpt\"><p>La Marque Postale # \u00a0Lettre affranchie de Lisieux avec\u00a0timbres Empire laur\u00e9 et C\u00e9r\u00e9s\u00a0(n\u00b0 31 + 59 + 60&#215;3) oblit\u00e9r\u00e9s du\u00a0GC 2056 et timbre \u00e0 date <a class=\"mh-excerpt-more\" href=\"https:\/\/cpl14.fr\/?page_id=1830\" title=\"1874.1\">[&#8230;]<\/a><\/p>\n<\/div>","protected":false},"author":1,"featured_media":0,"parent":0,"menu_order":0,"comment_status":"closed","ping_status":"closed","template":"","meta":{"footnotes":""},"class_list":["post-1830","page","type-page","status-publish","hentry"],"_links":{"self":[{"href":"https:\/\/cpl14.fr\/index.php?rest_route=\/wp\/v2\/pages\/1830","targetHints":{"allow":["GET"]}}],"collection":[{"href":"https:\/\/cpl14.fr\/index.php?rest_route=\/wp\/v2\/pages"}],"about":[{"href":"https:\/\/cpl14.fr\/index.php?rest_route=\/wp\/v2\/types\/page"}],"author":[{"embeddable":true,"href":"https:\/\/cpl14.fr\/index.php?rest_route=\/wp\/v2\/users\/1"}],"replies":[{"embeddable":true,"href":"https:\/\/cpl14.fr\/index.php?rest_route=%2Fwp%2Fv2%2Fcomments&post=1830"}],"version-history":[{"count":2,"href":"https:\/\/cpl14.fr\/index.php?rest_route=\/wp\/v2\/pages\/1830\/revisions"}],"predecessor-version":[{"id":1843,"href":"https:\/\/cpl14.fr\/index.php?rest_route=\/wp\/v2\/pages\/1830\/revisions\/1843"}],"wp:attachment":[{"href":"https:\/\/cpl14.fr\/index.php?rest_route=%2Fwp%2Fv2%2Fmedia&parent=1830"}],"curies":[{"name":"wp","href":"https:\/\/api.w.org\/{rel}","templated":true}]}}