{"id":214,"date":"2017-05-20T12:11:57","date_gmt":"2017-05-20T10:11:57","guid":{"rendered":"http:\/\/cpl14.fr\/?page_id=214"},"modified":"2021-12-19T13:46:39","modified_gmt":"2021-12-19T12:46:39","slug":"le-club","status":"publish","type":"page","link":"https:\/\/cpl14.fr\/?page_id=214","title":{"rendered":"Le Cercle"},"content":{"rendered":"<h4>Bureau:<\/h4>\n<p>Pr\u00e9sident: \u00a0 \u00a0Jean-Louis NOE<\/p>\n<p>Vice-Pr\u00e9sident: Claude LOGRE<\/p>\n<p>Secr\u00e9taire: Mireille LEFEVRE<\/p>\n<p>Tr\u00e9sorier:<\/p>\n<h4><\/h4>\n<h4>R\u00e9unions:<\/h4>\n<p>-le dernier dimanche de chaque mois, de septembre \u00e0 juin, de 9h \u00e0 12h, Salle Mozart, 2\u00e9me centre commercial de Hauteville<\/p>\n<p>-chaque mercredi, de septembre \u00e0 juin, permanence \u00e0 la Salle Multi-Activit\u00e9s, Rue Victorine Magne, de 17h \u00e0 18h<\/p>\n<h4><\/h4>\n<h4>Services:<\/h4>\n<p><strong>-service Biblioth\u00e8que:<\/strong> \u00e0 chaque permanence, \u00e0 la salle Multi-Activit\u00e9s, responsable: G\u00e9rard GRENIER<\/p>\n<p>pour emprunter un catalogue, un ouvrage sp\u00e9cialis\u00e9 ou un outil (voir \u00e0 l&rsquo;onglet Biblioth\u00e8que dans la barre d&rsquo;Accueil)<\/p>\n<p><span style=\"color: #000000;\"><strong>-service Circulations:<\/strong><\/span> \u00e0 chaque r\u00e9union mensuelle et permanence,\u00a0responsable: Bruno BONNET<\/p>\n<p>pour\u00a0emprunter des pochettes de carnets de circulation de timbres, et y choisir les timbres qui manquent \u00e0 votre collection, tranquillement, chez vous.<\/p>\n<p><strong>-service Fournitures:<\/strong>\u00a0\u00e0 chaque r\u00e9union mensuelle et permanence, responsable: G\u00e9rard GRENIER<\/p>\n<p>pour commander toutes fournitures et mat\u00e9riels pour la philat\u00e9lie, la marcophilie, la cartophilie, la numismatique, la placomusiphilie&#8230;<\/p>\n<p><strong>-service Nouveaut\u00e9s:<\/strong> \u00e0 chaque r\u00e9union mensuelle et permanence, responsable: Jean-Luc HAMELET<\/p>\n<p>pour prendre livraison des timbres du mois correspondants \u00e0 votre abonnement<\/p>\n<p>Pour les commandes et la gestion de votre abonnement, responsable: Yves JAOUEN<\/p>\n<p><strong>-service Site Internet:<\/strong> \u00e0 chaque r\u00e9union mensuelle, responsable: Bruno BONNET<\/p>\n<p>pour contribuer aux articles du site internet<\/p>\n<h4><\/h4>\n<h4>Historique:<\/h4>\n<p>Cr\u00e9\u00e9 en 1938, le Cercle Philat\u00e9lique Lexovien&#8230;&#8230;<\/p>\n<p>mais pourquoi refaire l&rsquo;historique? puisque Claude LOGRE l&rsquo;a d\u00e9j\u00e0 fait pour le 50e anniversaire en 1988:<\/p>\n<p><img loading=\"lazy\" decoding=\"async\" class=\"aligncenter size-large wp-image-2611\" src=\"http:\/\/cpl14.fr\/wp-content\/uploads\/2017\/05\/006-1-746x1024.jpg\" alt=\"\" width=\"746\" height=\"1024\" srcset=\"https:\/\/cpl14.fr\/wp-content\/uploads\/2017\/05\/006-1-746x1024.jpg 746w, https:\/\/cpl14.fr\/wp-content\/uploads\/2017\/05\/006-1-219x300.jpg 219w, https:\/\/cpl14.fr\/wp-content\/uploads\/2017\/05\/006-1-768x1054.jpg 768w, https:\/\/cpl14.fr\/wp-content\/uploads\/2017\/05\/006-1.jpg 1000w\" sizes=\"auto, (max-width: 746px) 100vw, 746px\" \/> <img loading=\"lazy\" decoding=\"async\" class=\"aligncenter size-large wp-image-2612\" src=\"http:\/\/cpl14.fr\/wp-content\/uploads\/2017\/05\/007-1-746x1024.jpg\" alt=\"\" width=\"746\" height=\"1024\" srcset=\"https:\/\/cpl14.fr\/wp-content\/uploads\/2017\/05\/007-1-746x1024.jpg 746w, https:\/\/cpl14.fr\/wp-content\/uploads\/2017\/05\/007-1-219x300.jpg 219w, https:\/\/cpl14.fr\/wp-content\/uploads\/2017\/05\/007-1-768x1054.jpg 768w, https:\/\/cpl14.fr\/wp-content\/uploads\/2017\/05\/007-1.jpg 1000w\" sizes=\"auto, (max-width: 746px) 100vw, 746px\" \/> <img loading=\"lazy\" decoding=\"async\" class=\"aligncenter size-large wp-image-2613\" src=\"http:\/\/cpl14.fr\/wp-content\/uploads\/2017\/05\/008-1-746x1024.jpg\" alt=\"\" width=\"746\" height=\"1024\" srcset=\"https:\/\/cpl14.fr\/wp-content\/uploads\/2017\/05\/008-1-746x1024.jpg 746w, https:\/\/cpl14.fr\/wp-content\/uploads\/2017\/05\/008-1-219x300.jpg 219w, https:\/\/cpl14.fr\/wp-content\/uploads\/2017\/05\/008-1-768x1054.jpg 768w, https:\/\/cpl14.fr\/wp-content\/uploads\/2017\/05\/008-1.jpg 1000w\" sizes=\"auto, (max-width: 746px) 100vw, 746px\" \/> <img loading=\"lazy\" decoding=\"async\" class=\"aligncenter size-large wp-image-2614\" src=\"http:\/\/cpl14.fr\/wp-content\/uploads\/2017\/05\/009-1-746x1024.jpg\" alt=\"\" width=\"746\" height=\"1024\" srcset=\"https:\/\/cpl14.fr\/wp-content\/uploads\/2017\/05\/009-1-746x1024.jpg 746w, https:\/\/cpl14.fr\/wp-content\/uploads\/2017\/05\/009-1-219x300.jpg 219w, https:\/\/cpl14.fr\/wp-content\/uploads\/2017\/05\/009-1-768x1054.jpg 768w, https:\/\/cpl14.fr\/wp-content\/uploads\/2017\/05\/009-1.jpg 1000w\" sizes=\"auto, (max-width: 746px) 100vw, 746px\" \/><\/p>\n<p>&nbsp;<\/p>\n<p>&nbsp;<\/p>\n<p>&nbsp;<\/p>\n","protected":false},"excerpt":{"rendered":"<div class=\"mh-excerpt\"><p>Bureau: Pr\u00e9sident: \u00a0 \u00a0Jean-Louis NOE Vice-Pr\u00e9sident: Claude LOGRE Secr\u00e9taire: Mireille LEFEVRE Tr\u00e9sorier: R\u00e9unions: -le dernier dimanche de chaque mois, de septembre \u00e0 juin, de 9h <a class=\"mh-excerpt-more\" href=\"https:\/\/cpl14.fr\/?page_id=214\" title=\"Le Cercle\">[&#8230;]<\/a><\/p>\n<\/div>","protected":false},"author":1,"featured_media":0,"parent":0,"menu_order":0,"comment_status":"closed","ping_status":"closed","template":"","meta":{"footnotes":""},"class_list":["post-214","page","type-page","status-publish","hentry"],"_links":{"self":[{"href":"https:\/\/cpl14.fr\/index.php?rest_route=\/wp\/v2\/pages\/214","targetHints":{"allow":["GET"]}}],"collection":[{"href":"https:\/\/cpl14.fr\/index.php?rest_route=\/wp\/v2\/pages"}],"about":[{"href":"https:\/\/cpl14.fr\/index.php?rest_route=\/wp\/v2\/types\/page"}],"author":[{"embeddable":true,"href":"https:\/\/cpl14.fr\/index.php?rest_route=\/wp\/v2\/users\/1"}],"replies":[{"embeddable":true,"href":"https:\/\/cpl14.fr\/index.php?rest_route=%2Fwp%2Fv2%2Fcomments&post=214"}],"version-history":[{"count":20,"href":"https:\/\/cpl14.fr\/index.php?rest_route=\/wp\/v2\/pages\/214\/revisions"}],"predecessor-version":[{"id":8180,"href":"https:\/\/cpl14.fr\/index.php?rest_route=\/wp\/v2\/pages\/214\/revisions\/8180"}],"wp:attachment":[{"href":"https:\/\/cpl14.fr\/index.php?rest_route=%2Fwp%2Fv2%2Fmedia&parent=214"}],"curies":[{"name":"wp","href":"https:\/\/api.w.org\/{rel}","templated":true}]}}