{"id":223,"date":"2017-05-20T15:48:53","date_gmt":"2017-05-20T13:48:53","guid":{"rendered":"http:\/\/cpl14.fr\/?page_id=223"},"modified":"2017-05-20T16:40:49","modified_gmt":"2017-05-20T14:40:49","slug":"legende","status":"publish","type":"page","link":"https:\/\/cpl14.fr\/?page_id=223","title":{"rendered":"L\u00e9gende"},"content":{"rendered":"<p>Dans la sous-cat\u00e9gorie \u00ab\u00a0<strong>Histoire Postale de Lisieux<\/strong>\u00ab\u00a0, chaque lettre est d\u00e9taill\u00e9e suivant un ordre pr\u00e9-\u00e9tabli.<\/p>\n<p>Des symboles correspondent \u00e0 chaque point d\u00e9taill\u00e9. Voici la l\u00e9gende de ces symboles.<\/p>\n<p>Vous trouverez en bas de cette page le PDF imprimable de cette l\u00e9gende.<\/p>\n<h4><strong>La Marque Postale<\/strong><\/h4>\n<p><u># \u00a0 \u00a0 \u00a0 \u00a0 \u00a0 \u00a0marque postale, dimension, couleur (num\u00e9ro, fourchette dates)<\/u><\/p>\n<p><u>\u00a5 \u00a0 \u00a0 \u00a0 \u00a0 \u00a0 \u00a0date exacte de la pi\u00e8ce<\/u><\/p>\n<p><u>!\u00a0\u00a0\u00a0\u00a0\u00a0\u00a0\u00a0\u00a0\u00a0\u00a0\u00a0\u00a0 taxe avec destination<\/u><\/p>\n<p><u>T \u00a0 \u00a0\u00a0\u00a0\u00a0\u00a0\u00a0\u00a0\u00a0 tarif, \u00a0si possible justification\u00a0(date, \u00a0poids, \u00a0distance\u00a0)<\/u><\/p>\n<p><u>&amp; \u00a0 \u00a0\u00a0\u00a0\u00a0\u00a0\u00a0\u00a0 autres indications postales<\/u><\/p>\n<p><u>~ \u00a0 \u00a0\u00a0\u00a0\u00a0\u00a0\u00a0\u00a0\u00a0 verso, \u00a0marque collection ou expert<\/u><\/p>\n<p><u>\u25cb\u00a0\u00a0\u00a0\u00a0\u00a0\u00a0\u00a0\u00a0\u00a0\u00a0\u00a0 autres observations.<\/u><\/p>\n<h4><strong>La Lettre<\/strong><\/h4>\n<p><u>\u2661<\/u><u> \u00a0\u00a0\u00a0\u00a0\u00a0\u00a0\u00a0\u00a0\u00a0\u00a0 exp\u00e9diteur<\/u><\/p>\n<p><u>[ ] \u00a0 \u00a0\u00a0\u00a0\u00a0\u00a0\u00a0\u00a0 lieu exact, \u00a0adresse, \u00a0m\u00e9tier<\/u><\/p>\n<p><u>\u2665 \u00a0 \u00a0\u00a0\u00a0\u00a0\u00a0\u00a0\u00a0\u00a0 destinataire<\/u><\/p>\n<p><u>= \u00a0 \u00a0\u00a0\u00a0\u00a0\u00a0\u00a0\u00a0\u00a0 objet de la correspondance<\/u><\/p>\n<p><u>&gt; \u00a0\u00a0\u00a0\u00a0\u00a0\u00a0\u00a0\u00a0\u00a0\u00a0 noms de personnes cit\u00e9es<\/u><\/p>\n<p><u>&lt; \u00a0 \u00a0 \u00a0\u00a0\u00a0\u00a0\u00a0\u00a0 noms de lieux cit\u00e9s<\/u><\/p>\n<p><u>\u20a9 \u00a0\u00a0\u00a0\u00a0\u00a0\u00a0\u00a0\u00a0 voir Vignette ou en t\u00eate.\u00a0<\/u><\/p>\n<p><u>\u00a4 \u00a0 \u00a0 \u00a0\u00a0\u00a0\u00a0\u00a0\u00a0 sceau de fermeture<\/u><\/p>\n<p><u>\u2605<\/u><u> \u00a0 \u00a0\u00a0\u00a0\u00a0\u00a0\u00a0 photos jointes<\/u><\/p>\n<p>@ \u00a0 \u00a0 \u00a0 \u00a0 \u00a0autres contributions<\/p>\n<h4><strong>Le Papier<\/strong><\/h4>\n<p><u>\u25a1 \u00a0 \u00a0\u00a0\u00a0\u00a0\u00a0\u00a0\u00a0\u00a0 format total ouvert (arrondi au demi cm)<\/u><\/p>\n<p><u>\u2606<\/u><u> \u00a0\u00a0\u00a0\u00a0\u00a0\u00a0\u00a0\u00a0 filigrane (description, si possible mesure, \u00a0en mm)<\/u><\/p>\n<p><u>\u2605<\/u><u> \u00a0\u00a0\u00a0\u00a0\u00a0\u00a0\u00a0\u00a0 photo du filigrane<\/u><\/p>\n<p><u>\u25a0 \u00a0 \u00a0\u00a0\u00a0\u00a0\u00a0\u00a0\u00a0\u00a0 ou calque<\/u><\/p>\n<p><u>\u25cb \u00a0\u00a0\u00a0\u00a0\u00a0\u00a0\u00a0\u00a0\u00a0\u00a0 autres observations ou \u00e9ventuels\u00a0d\u00e9fauts.\u00a0<\/u><\/p>\n<h3><a href=\"http:\/\/cpl14.fr\/wp-content\/uploads\/2017\/05\/l\u00e9gende-des-lettres-de-lisieux.pdf\">l\u00e9gende des lettres de lisieux<\/a>\u00a0(fichier PDF imprimable)<\/h3>\n","protected":false},"excerpt":{"rendered":"<div class=\"mh-excerpt\"><p>Dans la sous-cat\u00e9gorie \u00ab\u00a0Histoire Postale de Lisieux\u00ab\u00a0, chaque lettre est d\u00e9taill\u00e9e suivant un ordre pr\u00e9-\u00e9tabli. Des symboles correspondent \u00e0 chaque point d\u00e9taill\u00e9. Voici la l\u00e9gende <a class=\"mh-excerpt-more\" href=\"https:\/\/cpl14.fr\/?page_id=223\" title=\"L\u00e9gende\">[&#8230;]<\/a><\/p>\n<\/div>","protected":false},"author":1,"featured_media":0,"parent":0,"menu_order":0,"comment_status":"closed","ping_status":"closed","template":"","meta":{"footnotes":""},"class_list":["post-223","page","type-page","status-publish","hentry"],"_links":{"self":[{"href":"https:\/\/cpl14.fr\/index.php?rest_route=\/wp\/v2\/pages\/223","targetHints":{"allow":["GET"]}}],"collection":[{"href":"https:\/\/cpl14.fr\/index.php?rest_route=\/wp\/v2\/pages"}],"about":[{"href":"https:\/\/cpl14.fr\/index.php?rest_route=\/wp\/v2\/types\/page"}],"author":[{"embeddable":true,"href":"https:\/\/cpl14.fr\/index.php?rest_route=\/wp\/v2\/users\/1"}],"replies":[{"embeddable":true,"href":"https:\/\/cpl14.fr\/index.php?rest_route=%2Fwp%2Fv2%2Fcomments&post=223"}],"version-history":[{"count":6,"href":"https:\/\/cpl14.fr\/index.php?rest_route=\/wp\/v2\/pages\/223\/revisions"}],"predecessor-version":[{"id":231,"href":"https:\/\/cpl14.fr\/index.php?rest_route=\/wp\/v2\/pages\/223\/revisions\/231"}],"wp:attachment":[{"href":"https:\/\/cpl14.fr\/index.php?rest_route=%2Fwp%2Fv2%2Fmedia&parent=223"}],"curies":[{"name":"wp","href":"https:\/\/api.w.org\/{rel}","templated":true}]}}