{"id":2239,"date":"2017-07-20T06:22:28","date_gmt":"2017-07-20T04:22:28","guid":{"rendered":"http:\/\/cpl14.fr\/?page_id=2239"},"modified":"2020-04-05T09:55:52","modified_gmt":"2020-04-05T07:55:52","slug":"les-semeuse-camees-10c","status":"publish","type":"page","link":"https:\/\/cpl14.fr\/?page_id=2239","title":{"rendered":"Les Semeuse cam\u00e9es 10c"},"content":{"rendered":"<p><img loading=\"lazy\" decoding=\"async\" class=\"size-full wp-image-6641 aligncenter\" src=\"http:\/\/cpl14.fr\/wp-content\/uploads\/2020\/03\/10c.jpg\" alt=\"\" width=\"891\" height=\"355\" srcset=\"https:\/\/cpl14.fr\/wp-content\/uploads\/2020\/03\/10c.jpg 891w, https:\/\/cpl14.fr\/wp-content\/uploads\/2020\/03\/10c-300x120.jpg 300w, https:\/\/cpl14.fr\/wp-content\/uploads\/2020\/03\/10c-768x306.jpg 768w\" sizes=\"auto, (max-width: 891px) 100vw, 891px\" \/><\/p>\n<p>Les Semeuse \u00e0 10c se pr\u00e9sentent sous 3 couleurs: rouge, vert\u00a0et outremer.<\/p>\n<p>Elles comportent 4\u00a0types: IA, IC, II, IB, III et IV (dans l&rsquo;ordre chronologique de leurs \u00e9missions*).<\/p>\n<p><em>*: les noms des types leur ont \u00e9t\u00e9 donn\u00e9 au fur et \u00e0 mesure de leur notification dans les catalogues. Dans le cas ci-dessus, cela veut dire que le type IB a \u00e9t\u00e9 identifi\u00e9 avant le type IC alors que l&rsquo;\u00e9mission du type IB est post\u00e9rieure au type IC.\u00a0<\/em><\/p>\n<h4>Le Type IA:<\/h4>\n<p>Ce type correspond\u00a0aux feuilles et aux roulettes imprim\u00e9es \u00e0 plat, grav\u00e9 par Lhomme:<\/p>\n<p>-10c rouge (n\u00b0138 feuilles de 1907, roulettes de 1908)<\/p>\n<p>-10c vert (n\u00b0159 roulettes de 1921, feuilles de 1922)<\/p>\n<p>Les 2 principales caract\u00e9ristiques sont le B de R\u00e9publique qui est horizontale\u00a0et les hachures de la main qui sont compl\u00e8tes<\/p>\n<p><img loading=\"lazy\" decoding=\"async\" class=\"aligncenter wp-image-2242\" src=\"http:\/\/cpl14.fr\/wp-content\/uploads\/2017\/07\/10-IA.jpg\" alt=\"\" width=\"501\" height=\"503\" srcset=\"https:\/\/cpl14.fr\/wp-content\/uploads\/2017\/07\/10-IA.jpg 532w, https:\/\/cpl14.fr\/wp-content\/uploads\/2017\/07\/10-IA-150x150.jpg 150w, https:\/\/cpl14.fr\/wp-content\/uploads\/2017\/07\/10-IA-300x300.jpg 300w\" sizes=\"auto, (max-width: 501px) 100vw, 501px\" \/><\/p>\n<p><strong>Attention:\u00a0<\/strong>La queue du Q est en principe un trait, mais sur certains tirages ce trait est parfois r\u00e9duit \u00e0 un petit point qui am\u00e8ne les non-sp\u00e9cialistes \u00e0 le confondre avec le type II pour le 10c rouge ou le type IB pour le 10c vert (voir les caract\u00e9ristiques du n\u00b0138 type II et du n\u00b0159 type IB).<\/p>\n<p><img loading=\"lazy\" decoding=\"async\" class=\"aligncenter size-full wp-image-2243\" src=\"http:\/\/cpl14.fr\/wp-content\/uploads\/2017\/07\/q1.jpg\" alt=\"\" width=\"645\" height=\"299\" srcset=\"https:\/\/cpl14.fr\/wp-content\/uploads\/2017\/07\/q1.jpg 645w, https:\/\/cpl14.fr\/wp-content\/uploads\/2017\/07\/q1-300x139.jpg 300w\" sizes=\"auto, (max-width: 645px) 100vw, 645px\" \/><\/p>\n<p>&nbsp;<\/p>\n<h5>Les 14 \u00e9tats de la Semeuse 10c rouge IA<\/h5>\n<p>Pour le type IA, les galvanos types et galvanos de services ont \u00e9t\u00e9 affect\u00e9s de plusieurs accidents qui ont donn\u00e9 naissance \u00e0 des \u00e9tats.<\/p>\n<p>pour cela voir notre article \u00ab\u00a0<a href=\"http:\/\/cpl14.fr\/?p=250\">Les vari\u00e9t\u00e9s constantes des Semeuse<\/a>\u00a0\u00bb<\/p>\n<h4><\/h4>\n<h4>Le Type IC:<\/h4>\n<p>C&rsquo;est le type des <strong>carnets de 20 timbres<\/strong> imprim\u00e9s \u00e0 plat, sans publicit\u00e9 du 10c rouge n\u00b0138 de 1910 et du 10c vert n\u00b0159 de 1922. La gravure est de Lhomme.<\/p>\n<p>Les 2 principales caract\u00e9ristiques sont\u00a0le B de R\u00e9publique dont la barre m\u00e9diane est inclin\u00e9e\u00a0et la 3e hachure de la main qui s\u00e8me est plus courte<\/p>\n<p><img loading=\"lazy\" decoding=\"async\" class=\"aligncenter wp-image-2244\" src=\"http:\/\/cpl14.fr\/wp-content\/uploads\/2017\/07\/10-IC.jpg\" alt=\"\" width=\"502\" height=\"504\" srcset=\"https:\/\/cpl14.fr\/wp-content\/uploads\/2017\/07\/10-IC.jpg 396w, https:\/\/cpl14.fr\/wp-content\/uploads\/2017\/07\/10-IC-150x150.jpg 150w, https:\/\/cpl14.fr\/wp-content\/uploads\/2017\/07\/10-IC-298x300.jpg 298w\" sizes=\"auto, (max-width: 502px) 100vw, 502px\" \/><\/p>\n<p><strong>Attention:\u00a0<\/strong>Il existe une vari\u00e9t\u00e9 du type IA avec la 3e\u00a0hachure de la main qui s\u00e8me est plus courte, ou d&rsquo;un type IC avec la barre du B non inclin\u00e9&#8230;il faut donc la conjonction de la main et du\u00a0B de R\u00e9publique pour certifier un type IC.<\/p>\n<p><img loading=\"lazy\" decoding=\"async\" class=\"aligncenter wp-image-2245\" src=\"http:\/\/cpl14.fr\/wp-content\/uploads\/2017\/07\/IA-pour-IC.jpg\" alt=\"\" width=\"400\" height=\"300\" srcset=\"https:\/\/cpl14.fr\/wp-content\/uploads\/2017\/07\/IA-pour-IC.jpg 300w, https:\/\/cpl14.fr\/wp-content\/uploads\/2017\/07\/IA-pour-IC-80x60.jpg 80w\" sizes=\"auto, (max-width: 400px) 100vw, 400px\" \/><\/p>\n<p style=\"text-align: center;\">B comme IA et main comme IC<\/p>\n<h4 style=\"text-align: left;\">L&rsquo;isol\u00e9 de la case 13, le Type IA des carnets \u00e0 plat au Type IC<\/h4>\n<p>Le galvano-type (GT) des carnet comprend 2 blocs de 40 timbres (2 carnets). Le galvano de service (GS) est constitu\u00e9 de 3 reports du GT soit 120 timbres (6 carnets).<\/p>\n<p>Lors de la fabrication du GT, pour une raison non expliqu\u00e9e, la 3eme case de la 2e rang\u00e9e du bloc du haut (case 13 du carnet du haut) a \u00e9t\u00e9 pr\u00e9lev\u00e9e et remplac\u00e9e par une empreinte au type IA. Cette case au type IA se retrouve donc sur le GS aux cases 13 des carnets 1, 3 et 5 de la feuille de 6 carnets!<\/p>\n<p>Il est possible d&rsquo;identifier ce timbre isol\u00e9 si on est<strong> tr\u00e8s attentif.<\/strong> Si vous avez un timbre au type IA avec un bord de feuille d&rsquo;environ 5mm sous le timbre, et que le timbre parait imprim\u00e9 de travers&#8230; c&rsquo;est un type IA de la case 13 du carnet! Car lors de l&rsquo;assemblage, la case n&rsquo;a pas \u00e9t\u00e9 mont\u00e9 parfaitement align\u00e9e sur ces voisines.<\/p>\n<p><img loading=\"lazy\" decoding=\"async\" class=\"aligncenter size-full wp-image-2246\" src=\"http:\/\/cpl14.fr\/wp-content\/uploads\/2017\/07\/case-13.jpg\" alt=\"\" width=\"500\" height=\"568\" srcset=\"https:\/\/cpl14.fr\/wp-content\/uploads\/2017\/07\/case-13.jpg 500w, https:\/\/cpl14.fr\/wp-content\/uploads\/2017\/07\/case-13-264x300.jpg 264w\" sizes=\"auto, (max-width: 500px) 100vw, 500px\" \/><\/p>\n<h5>Les 7 \u00e9tats de la Semeuse 10c rouge IC<\/h5>\n<p>Pour le type IC, les galvanos type et galvanos de services ont \u00e9t\u00e9 affect\u00e9s de plusieurs accidents qui ont donn\u00e9 naissance \u00e0 des \u00e9tats.<\/p>\n<p>pour cela voir notre article \u00ab\u00a0<a href=\"http:\/\/cpl14.fr\/?p=250\">Les vari\u00e9t\u00e9s constantes des Semeuse<\/a>\u00a0\u00bb<\/p>\n<p>&nbsp;<\/p>\n<h4>Le Type II<\/h4>\n<p>Ce type ne concerne que le 10c rouge n\u00b0138. C&rsquo;est le type des <strong>carnets de 30 timbres<\/strong>, grav\u00e9 par Lhomme imprim\u00e9s \u00e0 plat en 1914, mais commercialis\u00e9 uniquement \u00e0 partir de 1919.<\/p>\n<p>Il est rare, mais facilement identifiable car il a 2 caract\u00e9ristiques tr\u00e8s particuli\u00e8res:<\/p>\n<p>-le Q est pourvu d&rsquo;<strong>un gros point<\/strong> (au lieu d&rsquo;un trait ou d&rsquo;un petit point, voir note du type IA)<\/p>\n<p>-la <strong>5e hachure de la joue est plus courte<\/strong> (au niveau du menton)<\/p>\n<p><img loading=\"lazy\" decoding=\"async\" class=\"aligncenter wp-image-2248\" src=\"http:\/\/cpl14.fr\/wp-content\/uploads\/2017\/07\/10-II.jpg\" alt=\"\" width=\"500\" height=\"497\" srcset=\"https:\/\/cpl14.fr\/wp-content\/uploads\/2017\/07\/10-II.jpg 771w, https:\/\/cpl14.fr\/wp-content\/uploads\/2017\/07\/10-II-150x150.jpg 150w, https:\/\/cpl14.fr\/wp-content\/uploads\/2017\/07\/10-II-300x298.jpg 300w, https:\/\/cpl14.fr\/wp-content\/uploads\/2017\/07\/10-II-768x764.jpg 768w\" sizes=\"auto, (max-width: 500px) 100vw, 500px\" \/><\/p>\n<p>&nbsp;<\/p>\n<p>&nbsp;<\/p>\n<h4>Le Type IB<\/h4>\n<p>Ce type n&rsquo;existe que pour le 10c vert.<\/p>\n<p>Le 10c vert n\u00b0159 type IB est le 1er timbre imprim\u00e9 en France sur rotative en 1922.\u00a0C&rsquo;est le timbre le plus difficile \u00e0 identifier parmi les Semeuse cam\u00e9es car la diff\u00e9rence avec le Type IA est tr\u00e8s subtile, il provient d&rsquo;une copie du poin\u00e7on\u00a0de Lhomme retouch\u00e9e par Guillemain.<\/p>\n<p>Les 2 caract\u00e9ristiques de ce timbre sont:<\/p>\n<p>-la pr\u00e9sence d&rsquo;un point moyen sous le Q, mais nous avons vu plus haut que le trait sous le Q du type IA\u00a0n&rsquo;est malheureusement pas une constante fiable.<\/p>\n<p>-la forme du C de centime est ovo\u00efde avec la boucle du haut plus grande que celle du bas, alors que le C du type IA est \u00e0 dos plat avec boucles \u00e9quivalentes. Les 2 branches du C sont align\u00e9es verticalement comme pour le Type IA.<\/p>\n<p>En voici l&rsquo;illustration par comparaison:<\/p>\n<p><img loading=\"lazy\" decoding=\"async\" class=\"aligncenter size-full wp-image-2254\" src=\"http:\/\/cpl14.fr\/wp-content\/uploads\/2017\/07\/IA.jpg\" alt=\"\" width=\"621\" height=\"299\" srcset=\"https:\/\/cpl14.fr\/wp-content\/uploads\/2017\/07\/IA.jpg 621w, https:\/\/cpl14.fr\/wp-content\/uploads\/2017\/07\/IA-300x144.jpg 300w\" sizes=\"auto, (max-width: 621px) 100vw, 621px\" \/><\/p>\n<p style=\"text-align: center;\">Type IA \u00a0 \u00a0 \u00a0 \u00a0 \u00a0 \u00a0 \u00a0 \u00a0 \u00a0 \u00a0 \u00a0 \u00a0 \u00a0 \u00a0 \u00a0 \u00a0 \u00a0 \u00a0 \u00a0 \u00a0 \u00a0 \u00a0 \u00a0Type IB<\/p>\n<p>&nbsp;<\/p>\n<h4>Le Type III<\/h4>\n<p>Le Type III est le type de la\u00a02e s\u00e9rie de feuille rotative n\u00b0159 vert de 1923 et des feuilles du n\u00b0279 outremer de 1932. C&rsquo;est un nouveau poin\u00e7on\u00a0de Guillemain sur une copie du poin\u00e7on du 25c type III.<\/p>\n<p>Pour diff\u00e9rencier les 2 poin\u00e7ons (Lhomme et Guillemain), se r\u00e9f\u00e9rer \u00e0 la ligne de lumi\u00e8re de l&rsquo;arri\u00e8re de la semeuse:<\/p>\n<p style=\"text-align: center;\"><img loading=\"lazy\" decoding=\"async\" class=\"aligncenter wp-image-2285\" src=\"http:\/\/cpl14.fr\/wp-content\/uploads\/2017\/07\/10-1-3.jpg\" alt=\"\" width=\"750\" height=\"375\" srcset=\"https:\/\/cpl14.fr\/wp-content\/uploads\/2017\/07\/10-1-3.jpg 801w, https:\/\/cpl14.fr\/wp-content\/uploads\/2017\/07\/10-1-3-300x150.jpg 300w, https:\/\/cpl14.fr\/wp-content\/uploads\/2017\/07\/10-1-3-768x384.jpg 768w\" sizes=\"auto, (max-width: 750px) 100vw, 750px\" \/>types IA et IB \u00a0 \u00a0 \u00a0 \u00a0 \u00a0 \u00a0 \u00a0 \u00a0 \u00a0 \u00a0 \u00a0 \u00a0 \u00a0 \u00a0 \u00a0 \u00a0 \u00a0 \u00a0 \u00a0 \u00a0 \u00a0 \u00a0 \u00a0 \u00a0 \u00a0 \u00a0 \u00a0 \u00a0 \u00a0 \u00a0 \u00a0 \u00a0 \u00a0 \u00a0 \u00a0 \u00a0 \u00a0 \u00a0 \u00a0 \u00a0 \u00a0 \u00a0 \u00a0 \u00a0 \u00a0types III et IV<\/p>\n<p>C&rsquo;est le plus courant des 10c verts. On l&rsquo;identifie \u00e0 la forme du C de centimes \u00e0\u00a0dos rond et dont la branche inf\u00e9rieure plus courte que la branche sup\u00e9rieure:<\/p>\n<p><img loading=\"lazy\" decoding=\"async\" class=\"aligncenter size-full wp-image-2252\" src=\"http:\/\/cpl14.fr\/wp-content\/uploads\/2017\/07\/III.jpg\" alt=\"\" width=\"301\" height=\"303\" srcset=\"https:\/\/cpl14.fr\/wp-content\/uploads\/2017\/07\/III.jpg 301w, https:\/\/cpl14.fr\/wp-content\/uploads\/2017\/07\/III-150x150.jpg 150w, https:\/\/cpl14.fr\/wp-content\/uploads\/2017\/07\/III-298x300.jpg 298w\" sizes=\"auto, (max-width: 301px) 100vw, 301px\" \/><\/p>\n<p>&nbsp;<\/p>\n<p>&nbsp;<\/p>\n<h4>Le Type IV<\/h4>\n<p>Et le Type IV est celui des roulettes\u00a0rotatives du n\u00b0159 vert de 1925 et n\u00b0279 outremer\u00a0de 1933, toujours sur copie du poin\u00e7on du 25c type III\u00a0par Guillemain.<\/p>\n<p>On peut trouver des Type IV sans dents massicot\u00e9es car des feuilles ont \u00e9t\u00e9 commercialis\u00e9es au guichet des bureaux de poste.<\/p>\n<p>Sa caract\u00e9ristique est le C de centime \u00e0 dos rond et dont la branche inf\u00e9rieure est plus longue que la branche sup\u00e9rieure:<\/p>\n<p><img loading=\"lazy\" decoding=\"async\" class=\"aligncenter size-full wp-image-2253\" src=\"http:\/\/cpl14.fr\/wp-content\/uploads\/2017\/07\/IV-2.jpg\" alt=\"\" width=\"298\" height=\"300\" srcset=\"https:\/\/cpl14.fr\/wp-content\/uploads\/2017\/07\/IV-2.jpg 298w, https:\/\/cpl14.fr\/wp-content\/uploads\/2017\/07\/IV-2-150x150.jpg 150w\" sizes=\"auto, (max-width: 298px) 100vw, 298px\" \/><\/p>\n<p>Collection BB Lisieux<\/p>\n<p>&nbsp;<\/p>\n<p style=\"text-align: right;\"><a href=\"http:\/\/cpl14.fr\/?page_id=6309\">Retour au chapitre Semeuse<\/a><\/p>\n","protected":false},"excerpt":{"rendered":"<div class=\"mh-excerpt\"><p>Les Semeuse \u00e0 10c se pr\u00e9sentent sous 3 couleurs: rouge, vert\u00a0et outremer. Elles comportent 4\u00a0types: IA, IC, II, IB, III et IV (dans l&rsquo;ordre chronologique <a class=\"mh-excerpt-more\" href=\"https:\/\/cpl14.fr\/?page_id=2239\" title=\"Les Semeuse cam\u00e9es 10c\">[&#8230;]<\/a><\/p>\n<\/div>","protected":false},"author":1,"featured_media":0,"parent":0,"menu_order":0,"comment_status":"closed","ping_status":"closed","template":"","meta":{"footnotes":""},"class_list":["post-2239","page","type-page","status-publish","hentry"],"_links":{"self":[{"href":"https:\/\/cpl14.fr\/index.php?rest_route=\/wp\/v2\/pages\/2239","targetHints":{"allow":["GET"]}}],"collection":[{"href":"https:\/\/cpl14.fr\/index.php?rest_route=\/wp\/v2\/pages"}],"about":[{"href":"https:\/\/cpl14.fr\/index.php?rest_route=\/wp\/v2\/types\/page"}],"author":[{"embeddable":true,"href":"https:\/\/cpl14.fr\/index.php?rest_route=\/wp\/v2\/users\/1"}],"replies":[{"embeddable":true,"href":"https:\/\/cpl14.fr\/index.php?rest_route=%2Fwp%2Fv2%2Fcomments&post=2239"}],"version-history":[{"count":12,"href":"https:\/\/cpl14.fr\/index.php?rest_route=\/wp\/v2\/pages\/2239\/revisions"}],"predecessor-version":[{"id":6997,"href":"https:\/\/cpl14.fr\/index.php?rest_route=\/wp\/v2\/pages\/2239\/revisions\/6997"}],"wp:attachment":[{"href":"https:\/\/cpl14.fr\/index.php?rest_route=%2Fwp%2Fv2%2Fmedia&parent=2239"}],"curies":[{"name":"wp","href":"https:\/\/api.w.org\/{rel}","templated":true}]}}