{"id":2277,"date":"2017-07-26T11:12:25","date_gmt":"2017-07-26T09:12:25","guid":{"rendered":"http:\/\/cpl14.fr\/?page_id=2277"},"modified":"2020-03-27T12:39:08","modified_gmt":"2020-03-27T11:39:08","slug":"les-semeuse-camees-15c","status":"publish","type":"page","link":"https:\/\/cpl14.fr\/?page_id=2277","title":{"rendered":"Les Semeuse cam\u00e9es 15c"},"content":{"rendered":"<p><img loading=\"lazy\" decoding=\"async\" class=\"size-full wp-image-6643 aligncenter\" src=\"http:\/\/cpl14.fr\/wp-content\/uploads\/2020\/03\/semeuse-camee-189.jpg\" alt=\"\" width=\"300\" height=\"355\" srcset=\"https:\/\/cpl14.fr\/wp-content\/uploads\/2020\/03\/semeuse-camee-189.jpg 300w, https:\/\/cpl14.fr\/wp-content\/uploads\/2020\/03\/semeuse-camee-189-254x300.jpg 254w\" sizes=\"auto, (max-width: 300px) 100vw, 300px\" \/><\/p>\n<p>Une seule couleur\u00a0mais 2 types pour cette Semeuse brun-lilas \u00e0 15c.<\/p>\n<p>Les 2 types proviennent de copies du poin\u00e7on du 25c type III\u00a0grav\u00e9 par\u00a0Guillemain en 1923, sur lesquels ce dernier \u00e0 modifi\u00e9 la valeur faciale. Les caract\u00e9ristiques portent donc uniquement sur cette valeur faciale.<\/p>\n<h4>Le Type I:<\/h4>\n<p>Ce type correspond aux feuilles et carnets imprim\u00e9s \u00e0 plat, et aux roulettes imprim\u00e9es sur rotative.<\/p>\n<p>-la barre du 5 forme un triangle, la queue de la boucle du 5 est ronde<\/p>\n<p>-la boucle basse du C remonte vers le haut<\/p>\n<p><img loading=\"lazy\" decoding=\"async\" class=\"aligncenter wp-image-2278\" src=\"http:\/\/cpl14.fr\/wp-content\/uploads\/2017\/07\/15-1.jpg\" alt=\"\" width=\"499\" height=\"469\" srcset=\"https:\/\/cpl14.fr\/wp-content\/uploads\/2017\/07\/15-1.jpg 397w, https:\/\/cpl14.fr\/wp-content\/uploads\/2017\/07\/15-1-300x282.jpg 300w\" sizes=\"auto, (max-width: 499px) 100vw, 499px\" \/><\/p>\n<p>&nbsp;<\/p>\n<h4>Le Type II:<\/h4>\n<p>Ce type est celui des feuilles imprim\u00e9es sur rotative \u00e0 partir de 1936.<\/p>\n<p>-la barre du 5 forme une pointe, la queue de la boucle du 5 est\u00a0creus\u00e9e<\/p>\n<p>-la boucle basse du C ne remonte pas vers le haut<\/p>\n<p><img loading=\"lazy\" decoding=\"async\" class=\"aligncenter wp-image-2279\" src=\"http:\/\/cpl14.fr\/wp-content\/uploads\/2017\/07\/15-2.jpg\" alt=\"\" width=\"499\" height=\"462\" srcset=\"https:\/\/cpl14.fr\/wp-content\/uploads\/2017\/07\/15-2.jpg 400w, https:\/\/cpl14.fr\/wp-content\/uploads\/2017\/07\/15-2-300x278.jpg 300w\" sizes=\"auto, (max-width: 499px) 100vw, 499px\" \/><\/p>\n<p>Collection BB Lisieux<\/p>\n<p>&nbsp;<\/p>\n<p style=\"text-align: right;\"><a href=\"http:\/\/cpl14.fr\/?page_id=6309\">Retour au chapitre Semeuse<\/a><\/p>\n","protected":false},"excerpt":{"rendered":"<div class=\"mh-excerpt\"><p>Une seule couleur\u00a0mais 2 types pour cette Semeuse brun-lilas \u00e0 15c. Les 2 types proviennent de copies du poin\u00e7on du 25c type III\u00a0grav\u00e9 par\u00a0Guillemain en <a class=\"mh-excerpt-more\" href=\"https:\/\/cpl14.fr\/?page_id=2277\" title=\"Les Semeuse cam\u00e9es 15c\">[&#8230;]<\/a><\/p>\n<\/div>","protected":false},"author":1,"featured_media":0,"parent":0,"menu_order":0,"comment_status":"closed","ping_status":"closed","template":"","meta":{"footnotes":""},"class_list":["post-2277","page","type-page","status-publish","hentry"],"_links":{"self":[{"href":"https:\/\/cpl14.fr\/index.php?rest_route=\/wp\/v2\/pages\/2277","targetHints":{"allow":["GET"]}}],"collection":[{"href":"https:\/\/cpl14.fr\/index.php?rest_route=\/wp\/v2\/pages"}],"about":[{"href":"https:\/\/cpl14.fr\/index.php?rest_route=\/wp\/v2\/types\/page"}],"author":[{"embeddable":true,"href":"https:\/\/cpl14.fr\/index.php?rest_route=\/wp\/v2\/users\/1"}],"replies":[{"embeddable":true,"href":"https:\/\/cpl14.fr\/index.php?rest_route=%2Fwp%2Fv2%2Fcomments&post=2277"}],"version-history":[{"count":6,"href":"https:\/\/cpl14.fr\/index.php?rest_route=\/wp\/v2\/pages\/2277\/revisions"}],"predecessor-version":[{"id":6644,"href":"https:\/\/cpl14.fr\/index.php?rest_route=\/wp\/v2\/pages\/2277\/revisions\/6644"}],"wp:attachment":[{"href":"https:\/\/cpl14.fr\/index.php?rest_route=%2Fwp%2Fv2%2Fmedia&parent=2277"}],"curies":[{"name":"wp","href":"https:\/\/api.w.org\/{rel}","templated":true}]}}