{"id":2281,"date":"2017-09-04T17:51:09","date_gmt":"2017-09-04T15:51:09","guid":{"rendered":"http:\/\/cpl14.fr\/?page_id=2281"},"modified":"2020-03-27T12:44:03","modified_gmt":"2020-03-27T11:44:03","slug":"les-semeuse-camees-20c","status":"publish","type":"page","link":"https:\/\/cpl14.fr\/?page_id=2281","title":{"rendered":"Les Semeuse cam\u00e9es 20c"},"content":{"rendered":"<p><img loading=\"lazy\" decoding=\"async\" class=\"size-full wp-image-6645 aligncenter\" src=\"http:\/\/cpl14.fr\/wp-content\/uploads\/2020\/03\/20c-copie.jpg\" alt=\"\" width=\"586\" height=\"345\" srcset=\"https:\/\/cpl14.fr\/wp-content\/uploads\/2020\/03\/20c-copie.jpg 586w, https:\/\/cpl14.fr\/wp-content\/uploads\/2020\/03\/20c-copie-300x177.jpg 300w\" sizes=\"auto, (max-width: 586px) 100vw, 586px\" \/><\/p>\n<p>Les Semeuse cam\u00e9es 20c\u00a0se pr\u00e9sentent sous 2 couleurs, le 20c brun de l&rsquo;\u00e9mission de 1907 et 20c lilas-rose de l&rsquo;\u00e9mission de 1926.<\/p>\n<p>Il y a 6 types, de I \u00e0 VI, mais le type II ne concerne que les entiers carte-postale. Les types ayant \u00e9t\u00e9 d\u00e9couverts dans l&rsquo;ordre de leurs \u00e9missions, nous les pr\u00e9sentons dans l&rsquo;ordre.<\/p>\n<h4>Le Type I:<\/h4>\n<p>Ce type n&rsquo;existe que pour le 20c brun n\u00b0139, c&rsquo;est le type des feuilles imprim\u00e9es \u00e0 plat entre 1907 et 1923. Le poin\u00e7on est issu d&rsquo;une copie du poin\u00e7on L2 grav\u00e9 par Lhomme comme toute la s\u00e9rie de 1907.<\/p>\n<p>Ses principales caract\u00e9ristiques sont les 1re et 2e hachures jointes \u00e0\u00a0la main qui s\u00e8me, et la pr\u00e9sence d&rsquo;un trait parasite dans le bas du pan de la ceinture.<\/p>\n<p><img loading=\"lazy\" decoding=\"async\" class=\"aligncenter wp-image-2461\" src=\"http:\/\/cpl14.fr\/wp-content\/uploads\/2017\/09\/20I-3.jpg\" alt=\"\" width=\"800\" height=\"395\" srcset=\"https:\/\/cpl14.fr\/wp-content\/uploads\/2017\/09\/20I-3.jpg 814w, https:\/\/cpl14.fr\/wp-content\/uploads\/2017\/09\/20I-3-300x148.jpg 300w, https:\/\/cpl14.fr\/wp-content\/uploads\/2017\/09\/20I-3-768x379.jpg 768w\" sizes=\"auto, (max-width: 800px) 100vw, 800px\" \/><\/p>\n<p>&nbsp;<\/p>\n<h4>Le Type III:<\/h4>\n<p>Ce type est celui des feuilles imprim\u00e9es sur rotatives de 1923 \u00e0 1926 pour le 20c brun n\u00b0139, et des 1\u00e9res feuilles imprim\u00e9es sur rotatives de 1926 \u00e0 1935 pour le 20c lilas-rose n\u00b0190. Il est \u00e9galement issu d&rsquo;une copie du poin\u00e7on L2 de Lhomme, mais retouch\u00e9 par Guillemain.<\/p>\n<p>Ses caract\u00e9ristiques sont\u00a0les 1re et 2e hachures s\u00e9par\u00e9es\u00a0\u00e0\u00a0la main qui s\u00e8me, et l&rsquo;absence du\u00a0trait parasite dans le bas du pan de la ceinture.<\/p>\n<p><img loading=\"lazy\" decoding=\"async\" class=\"aligncenter wp-image-2462\" src=\"http:\/\/cpl14.fr\/wp-content\/uploads\/2017\/09\/20III-1.jpg\" alt=\"\" width=\"801\" height=\"394\" srcset=\"https:\/\/cpl14.fr\/wp-content\/uploads\/2017\/09\/20III-1.jpg 815w, https:\/\/cpl14.fr\/wp-content\/uploads\/2017\/09\/20III-1-300x148.jpg 300w, https:\/\/cpl14.fr\/wp-content\/uploads\/2017\/09\/20III-1-768x378.jpg 768w\" sizes=\"auto, (max-width: 801px) 100vw, 801px\" \/><\/p>\n<p style=\"text-align: center;\"><strong>Attention, ces caract\u00e9ristiques sont communes aux types III, IV, V et VI<\/strong><\/p>\n<p style=\"text-align: left;\">Nous verrons plus loin que les types V et VI sont particuliers, pour diff\u00e9rencier le type III et le type IV il faut regarder la 3e particularit\u00e9: un trait parasite dans le haut du pan de la ceinture:<\/p>\n<p style=\"text-align: left;\">(mais cette particularit\u00e9 n&rsquo;est pas constante, donc si le trait est absent mais que les dents ne sont pas massicot\u00e9es, c&rsquo;est un type III)<\/p>\n<p style=\"text-align: left;\"><img loading=\"lazy\" decoding=\"async\" class=\"aligncenter wp-image-2463\" src=\"http:\/\/cpl14.fr\/wp-content\/uploads\/2017\/09\/20III-2.jpg\" alt=\"\" width=\"401\" height=\"404\" srcset=\"https:\/\/cpl14.fr\/wp-content\/uploads\/2017\/09\/20III-2.jpg 399w, https:\/\/cpl14.fr\/wp-content\/uploads\/2017\/09\/20III-2-150x150.jpg 150w, https:\/\/cpl14.fr\/wp-content\/uploads\/2017\/09\/20III-2-298x300.jpg 298w\" sizes=\"auto, (max-width: 401px) 100vw, 401px\" \/><\/p>\n<h4 style=\"text-align: left;\">Le Type IV:<\/h4>\n<p style=\"text-align: left;\">Issu d&rsquo;une copie du poin\u00e7on du type III, le type IV est celui des roulettes imprim\u00e9es sur rotative entre 1924 et 1925 pour le n\u00b0139 brun, et entre 1935 et 1938 pour le n\u00b0190 lilas-rose.<\/p>\n<p style=\"text-align: left;\"><strong>En plus des dents verticales massicot\u00e9es<\/strong>, caract\u00e9ristique des timbres de roulettes, le type IV ne poss\u00e8de pas le trait parasite en haut du pan de la ceinture:<\/p>\n<p style=\"text-align: left;\"><img loading=\"lazy\" decoding=\"async\" class=\"aligncenter size-full wp-image-2464\" src=\"http:\/\/cpl14.fr\/wp-content\/uploads\/2017\/09\/20IV-1.jpg\" alt=\"\" width=\"400\" height=\"400\" srcset=\"https:\/\/cpl14.fr\/wp-content\/uploads\/2017\/09\/20IV-1.jpg 400w, https:\/\/cpl14.fr\/wp-content\/uploads\/2017\/09\/20IV-1-150x150.jpg 150w, https:\/\/cpl14.fr\/wp-content\/uploads\/2017\/09\/20IV-1-300x300.jpg 300w\" sizes=\"auto, (max-width: 400px) 100vw, 400px\" \/><\/p>\n<h4 style=\"text-align: left;\">Le Type V:<\/h4>\n<p>C&rsquo;est le type des secondes feuilles imprim\u00e9es sur rotative du n\u00b0190 lilas-rose entre 1935 et 1939. Il est issu d&rsquo;une copie du poin\u00e7on G grav\u00e9 par Guillemain entre 1921 et 1923.<\/p>\n<p>Ce type est tr\u00e8s reconnaissable car le 2 et le c de la valeur faciale sont\u00a0tr\u00e8s diff\u00e9rents de ceux des autres timbres n\u00b0190:<\/p>\n<p><img loading=\"lazy\" decoding=\"async\" class=\"aligncenter size-full wp-image-2465\" src=\"http:\/\/cpl14.fr\/wp-content\/uploads\/2017\/09\/20V-1.jpg\" alt=\"\" width=\"800\" height=\"401\" srcset=\"https:\/\/cpl14.fr\/wp-content\/uploads\/2017\/09\/20V-1.jpg 800w, https:\/\/cpl14.fr\/wp-content\/uploads\/2017\/09\/20V-1-300x150.jpg 300w, https:\/\/cpl14.fr\/wp-content\/uploads\/2017\/09\/20V-1-768x385.jpg 768w\" sizes=\"auto, (max-width: 800px) 100vw, 800px\" \/><\/p>\n<p style=\"text-align: center;\">autres types \u00a0 \u00a0 \u00a0 \u00a0 \u00a0 \u00a0 \u00a0 \u00a0 \u00a0 \u00a0 \u00a0 \u00a0 \u00a0 \u00a0 \u00a0 \u00a0 \u00a0 \u00a0 \u00a0 \u00a0 \u00a0 \u00a0 \u00a0 \u00a0 \u00a0 \u00a0 \u00a0 \u00a0 \u00a0 \u00a0 \u00a0 \u00a0 \u00a0 \u00a0 \u00a0 \u00a0 \u00a0 \u00a0 \u00a0 \u00a0 \u00a0 \u00a0 \u00a0 \u00a0 \u00a0 \u00a0 \u00a0 \u00a0 \u00a0 \u00a0 \u00a0 type V<\/p>\n<h4 style=\"text-align: left;\">Le Type VI:<\/h4>\n<p>Ce dernier type est celui des carnets du n\u00b0190 lilas-rose entre 1937 et 1938. issu d&rsquo;un poin\u00e7on grav\u00e9 par Guillemain, c&rsquo;est le plus difficile \u00e0 identifier.<\/p>\n<p>Sa caract\u00e9ristique principale est la hauteur du timbre de 23mm (pour 22,5mm pour les autres timbres), seul moyen de le diff\u00e9rencier du type IV.<\/p>\n<p>A l&rsquo;\u0153il nu, on peut le rep\u00e9rer car le cadre touche les dents en haut et en bas si il est bien centr\u00e9. Si il est mal centr\u00e9, comme dans notre exemple, le cadre semble normal en bas et les dents sont color\u00e9es en haut (ou l&rsquo;inverse).<\/p>\n<p><img loading=\"lazy\" decoding=\"async\" class=\"aligncenter wp-image-2466\" src=\"http:\/\/cpl14.fr\/wp-content\/uploads\/2017\/09\/20VI-1.jpg\" alt=\"\" width=\"698\" height=\"568\" srcset=\"https:\/\/cpl14.fr\/wp-content\/uploads\/2017\/09\/20VI-1.jpg 700w, https:\/\/cpl14.fr\/wp-content\/uploads\/2017\/09\/20VI-1-300x244.jpg 300w\" sizes=\"auto, (max-width: 698px) 100vw, 698px\" \/><\/p>\n<p style=\"text-align: center;\">autres types \u00a0 \u00a0 \u00a0 \u00a0 \u00a0 \u00a0 \u00a0 \u00a0 \u00a0 \u00a0 \u00a0 \u00a0 \u00a0 \u00a0 \u00a0 \u00a0 \u00a0 \u00a0 \u00a0 \u00a0 \u00a0 \u00a0 \u00a0 \u00a0 \u00a0 \u00a0 \u00a0 \u00a0 \u00a0 \u00a0 \u00a0 \u00a0 \u00a0 \u00a0 \u00a0 \u00a0 \u00a0 \u00a0types VI<\/p>\n<p>Collection BB Lisieux<\/p>\n<p>&nbsp;<\/p>\n<p style=\"text-align: right;\"><a href=\"http:\/\/cpl14.fr\/?page_id=6309\">retour au chapitre Semeuse<\/a><\/p>\n","protected":false},"excerpt":{"rendered":"<div class=\"mh-excerpt\"><p>Les Semeuse cam\u00e9es 20c\u00a0se pr\u00e9sentent sous 2 couleurs, le 20c brun de l&rsquo;\u00e9mission de 1907 et 20c lilas-rose de l&rsquo;\u00e9mission de 1926. Il y a <a class=\"mh-excerpt-more\" href=\"https:\/\/cpl14.fr\/?page_id=2281\" title=\"Les Semeuse cam\u00e9es 20c\">[&#8230;]<\/a><\/p>\n<\/div>","protected":false},"author":1,"featured_media":0,"parent":0,"menu_order":0,"comment_status":"closed","ping_status":"closed","template":"","meta":{"footnotes":""},"class_list":["post-2281","page","type-page","status-publish","hentry"],"_links":{"self":[{"href":"https:\/\/cpl14.fr\/index.php?rest_route=\/wp\/v2\/pages\/2281","targetHints":{"allow":["GET"]}}],"collection":[{"href":"https:\/\/cpl14.fr\/index.php?rest_route=\/wp\/v2\/pages"}],"about":[{"href":"https:\/\/cpl14.fr\/index.php?rest_route=\/wp\/v2\/types\/page"}],"author":[{"embeddable":true,"href":"https:\/\/cpl14.fr\/index.php?rest_route=\/wp\/v2\/users\/1"}],"replies":[{"embeddable":true,"href":"https:\/\/cpl14.fr\/index.php?rest_route=%2Fwp%2Fv2%2Fcomments&post=2281"}],"version-history":[{"count":7,"href":"https:\/\/cpl14.fr\/index.php?rest_route=\/wp\/v2\/pages\/2281\/revisions"}],"predecessor-version":[{"id":6646,"href":"https:\/\/cpl14.fr\/index.php?rest_route=\/wp\/v2\/pages\/2281\/revisions\/6646"}],"wp:attachment":[{"href":"https:\/\/cpl14.fr\/index.php?rest_route=%2Fwp%2Fv2%2Fmedia&parent=2281"}],"curies":[{"name":"wp","href":"https:\/\/api.w.org\/{rel}","templated":true}]}}