{"id":2387,"date":"2017-07-29T09:58:55","date_gmt":"2017-07-29T07:58:55","guid":{"rendered":"http:\/\/cpl14.fr\/?page_id=2387"},"modified":"2020-03-25T05:27:44","modified_gmt":"2020-03-25T04:27:44","slug":"les-tramways-de-leure","status":"publish","type":"page","link":"https:\/\/cpl14.fr\/?page_id=2387","title":{"rendered":"Les Tramways de l&rsquo;Eure"},"content":{"rendered":"<p>En 1878 un grand projet est mis en discussion par les Maires de l&rsquo;arrondissement de Pont-Audemer . L&rsquo;id\u00e9e \u00e9tant de mettre en oeuvre un grand r\u00e9seau de plusieurs \u00ab\u00a0tramways\u00a0\u00bb \u00e0 voies \u00e9troites et en grande partie routiers. C&rsquo;est la grande mode de cette \u00e9poque qui veut au mieux des int\u00e9r\u00eats de chacun, relier tous les cantons de l&rsquo;Eure \u00e0 la ligne de Honfleur \u00e0 Lisieux via Pont L&rsquo;\u00e9v\u00eaque&#8230; le projet va se heurter au projet de la ligne de Chemin de Fer de Honfleur \u00e0 Glos-Montfort, d\u00e9j\u00e0 bien engag\u00e9.<\/p>\n<div dir=\"auto\">Le document que nous pr\u00e9sentons est essentiel dans la compr\u00e9hension de ce sujet complexe. Ce proc\u00e8s verbal imprim\u00e9 de 20 pages transcrit les d\u00e9bats d\u00e9taill\u00e9s d&rsquo;une r\u00e9union le 22 Mai 1878, \u00e0 Pont-Audemer sur convocation du Pr\u00e9fet.<\/div>\n<div dir=\"auto\">Nous vous invitons \u00e0 le lire en d\u00e9tails, chacun exprimant ses int\u00e9r\u00eats, et constater avec nous que le r\u00e9sultat historique fut assez loin finalement de tous les espoirs, si l&rsquo;on excepte bien sur le \u00a0\u00bb train de Cormeilles\u00a0\u00bb qui verra le jour plus tard, sur un trajet un peu diff\u00e9rent de Pont L&rsquo;Ev\u00eaque jusqu&rsquo; \u00e0 Bernay.<\/div>\n<div dir=\"auto\">Vous remarquerez notamment les principaux soucis de l&rsquo;\u00e9poque comme:<\/div>\n<div dir=\"auto\">. La question des personnes \u00ab\u00a0comp\u00e9tentes\u00a0\u00bb ?<\/div>\n<div dir=\"auto\">. Le c\u00f4t\u00e9 technique difficile \u00e0 cerner, le mat\u00e9riel, la \u00a0vitesse, les pentes&#8230;<\/div>\n<div dir=\"auto\">. Les co\u00fbts d&rsquo;expropriation<\/div>\n<div dir=\"auto\">. Les usines des industriels<\/div>\n<div dir=\"auto\">. Les dangers d&rsquo;accidents sur routes et chemins \u00e9troits<\/div>\n<div dir=\"auto\">. Le transport des bestiaux<\/div>\n<div dir=\"auto\">. Les march\u00e9s et les transactions commerciales<\/div>\n<div dir=\"auto\">Etc. Nous vous laissons le plaisir d&rsquo;en d\u00e9couvrir les d\u00e9tails !<\/div>\n<div dir=\"auto\">Est joint un brouillon de lettre manuscrite \u00a0qui \u00e9tait inclus dans notre document : du Maire de Thiberville au Pr\u00e9fet&#8230; un peu confus et sans date mais faisant partie int\u00e9grante du sujet !<\/div>\n<div dir=\"auto\"><img loading=\"lazy\" decoding=\"async\" class=\"aligncenter wp-image-2388\" src=\"http:\/\/cpl14.fr\/wp-content\/uploads\/2017\/07\/1-1-738x1024.jpg\" alt=\"\" width=\"700\" height=\"971\" srcset=\"https:\/\/cpl14.fr\/wp-content\/uploads\/2017\/07\/1-1-738x1024.jpg 738w, https:\/\/cpl14.fr\/wp-content\/uploads\/2017\/07\/1-1-216x300.jpg 216w, https:\/\/cpl14.fr\/wp-content\/uploads\/2017\/07\/1-1-768x1066.jpg 768w, https:\/\/cpl14.fr\/wp-content\/uploads\/2017\/07\/1-1.jpg 1000w\" sizes=\"auto, (max-width: 700px) 100vw, 700px\" \/><\/div>\n<div dir=\"auto\"><\/div>\n<div dir=\"auto\"><img loading=\"lazy\" decoding=\"async\" class=\"aligncenter wp-image-2389\" src=\"http:\/\/cpl14.fr\/wp-content\/uploads\/2017\/07\/2-637x1024.jpg\" alt=\"\" width=\"700\" height=\"1125\" srcset=\"https:\/\/cpl14.fr\/wp-content\/uploads\/2017\/07\/2-637x1024.jpg 637w, https:\/\/cpl14.fr\/wp-content\/uploads\/2017\/07\/2-187x300.jpg 187w, https:\/\/cpl14.fr\/wp-content\/uploads\/2017\/07\/2-768x1235.jpg 768w, https:\/\/cpl14.fr\/wp-content\/uploads\/2017\/07\/2.jpg 1000w\" sizes=\"auto, (max-width: 700px) 100vw, 700px\" \/><\/div>\n<div dir=\"auto\"><\/div>\n<div dir=\"auto\"><img loading=\"lazy\" decoding=\"async\" class=\"aligncenter wp-image-2390\" src=\"http:\/\/cpl14.fr\/wp-content\/uploads\/2017\/07\/3-656x1024.jpg\" alt=\"\" width=\"700\" height=\"1093\" srcset=\"https:\/\/cpl14.fr\/wp-content\/uploads\/2017\/07\/3-656x1024.jpg 656w, https:\/\/cpl14.fr\/wp-content\/uploads\/2017\/07\/3-192x300.jpg 192w, https:\/\/cpl14.fr\/wp-content\/uploads\/2017\/07\/3-768x1200.jpg 768w, https:\/\/cpl14.fr\/wp-content\/uploads\/2017\/07\/3.jpg 1000w\" sizes=\"auto, (max-width: 700px) 100vw, 700px\" \/><\/div>\n<div dir=\"auto\"><\/div>\n<div dir=\"auto\"><img loading=\"lazy\" decoding=\"async\" class=\"aligncenter wp-image-2391\" src=\"http:\/\/cpl14.fr\/wp-content\/uploads\/2017\/07\/4-631x1024.jpg\" alt=\"\" width=\"700\" height=\"1136\" srcset=\"https:\/\/cpl14.fr\/wp-content\/uploads\/2017\/07\/4-631x1024.jpg 631w, https:\/\/cpl14.fr\/wp-content\/uploads\/2017\/07\/4-185x300.jpg 185w, https:\/\/cpl14.fr\/wp-content\/uploads\/2017\/07\/4-768x1246.jpg 768w, https:\/\/cpl14.fr\/wp-content\/uploads\/2017\/07\/4.jpg 1000w\" sizes=\"auto, (max-width: 700px) 100vw, 700px\" \/><\/div>\n<div dir=\"auto\"><\/div>\n<div dir=\"auto\"><img loading=\"lazy\" decoding=\"async\" class=\"aligncenter wp-image-2392\" src=\"http:\/\/cpl14.fr\/wp-content\/uploads\/2017\/07\/5-633x1024.jpg\" alt=\"\" width=\"700\" height=\"1132\" srcset=\"https:\/\/cpl14.fr\/wp-content\/uploads\/2017\/07\/5-633x1024.jpg 633w, https:\/\/cpl14.fr\/wp-content\/uploads\/2017\/07\/5-185x300.jpg 185w, https:\/\/cpl14.fr\/wp-content\/uploads\/2017\/07\/5-768x1243.jpg 768w, https:\/\/cpl14.fr\/wp-content\/uploads\/2017\/07\/5.jpg 1000w\" sizes=\"auto, (max-width: 700px) 100vw, 700px\" \/><\/div>\n<div dir=\"auto\"><\/div>\n<div dir=\"auto\"><img loading=\"lazy\" decoding=\"async\" class=\"aligncenter wp-image-2393\" src=\"http:\/\/cpl14.fr\/wp-content\/uploads\/2017\/07\/6-625x1024.jpg\" alt=\"\" width=\"700\" height=\"1147\" srcset=\"https:\/\/cpl14.fr\/wp-content\/uploads\/2017\/07\/6-625x1024.jpg 625w, https:\/\/cpl14.fr\/wp-content\/uploads\/2017\/07\/6-183x300.jpg 183w, https:\/\/cpl14.fr\/wp-content\/uploads\/2017\/07\/6-768x1259.jpg 768w, https:\/\/cpl14.fr\/wp-content\/uploads\/2017\/07\/6.jpg 1000w\" sizes=\"auto, (max-width: 700px) 100vw, 700px\" \/><\/div>\n<div dir=\"auto\"><\/div>\n<div dir=\"auto\"><img loading=\"lazy\" decoding=\"async\" class=\"aligncenter wp-image-2394\" src=\"http:\/\/cpl14.fr\/wp-content\/uploads\/2017\/07\/7-642x1024.jpg\" alt=\"\" width=\"700\" height=\"1117\" srcset=\"https:\/\/cpl14.fr\/wp-content\/uploads\/2017\/07\/7-642x1024.jpg 642w, https:\/\/cpl14.fr\/wp-content\/uploads\/2017\/07\/7-188x300.jpg 188w, https:\/\/cpl14.fr\/wp-content\/uploads\/2017\/07\/7-768x1225.jpg 768w, https:\/\/cpl14.fr\/wp-content\/uploads\/2017\/07\/7.jpg 1000w\" sizes=\"auto, (max-width: 700px) 100vw, 700px\" \/><\/div>\n<div dir=\"auto\"><\/div>\n<div dir=\"auto\"><img loading=\"lazy\" decoding=\"async\" class=\"aligncenter wp-image-2395\" src=\"http:\/\/cpl14.fr\/wp-content\/uploads\/2017\/07\/8-632x1024.jpg\" alt=\"\" width=\"700\" height=\"1134\" srcset=\"https:\/\/cpl14.fr\/wp-content\/uploads\/2017\/07\/8-632x1024.jpg 632w, https:\/\/cpl14.fr\/wp-content\/uploads\/2017\/07\/8-185x300.jpg 185w, https:\/\/cpl14.fr\/wp-content\/uploads\/2017\/07\/8-768x1244.jpg 768w, https:\/\/cpl14.fr\/wp-content\/uploads\/2017\/07\/8.jpg 1000w\" sizes=\"auto, (max-width: 700px) 100vw, 700px\" \/><\/div>\n<div dir=\"auto\"><\/div>\n<div dir=\"auto\"><img loading=\"lazy\" decoding=\"async\" class=\"aligncenter wp-image-2396\" src=\"http:\/\/cpl14.fr\/wp-content\/uploads\/2017\/07\/9-638x1024.jpg\" alt=\"\" width=\"700\" height=\"1124\" srcset=\"https:\/\/cpl14.fr\/wp-content\/uploads\/2017\/07\/9-638x1024.jpg 638w, https:\/\/cpl14.fr\/wp-content\/uploads\/2017\/07\/9-187x300.jpg 187w, https:\/\/cpl14.fr\/wp-content\/uploads\/2017\/07\/9-768x1233.jpg 768w, https:\/\/cpl14.fr\/wp-content\/uploads\/2017\/07\/9.jpg 1000w\" sizes=\"auto, (max-width: 700px) 100vw, 700px\" \/><\/div>\n<div dir=\"auto\"><\/div>\n<div dir=\"auto\"><img loading=\"lazy\" decoding=\"async\" class=\"aligncenter wp-image-2397\" src=\"http:\/\/cpl14.fr\/wp-content\/uploads\/2017\/07\/10-621x1024.jpg\" alt=\"\" width=\"700\" height=\"1154\" srcset=\"https:\/\/cpl14.fr\/wp-content\/uploads\/2017\/07\/10-621x1024.jpg 621w, https:\/\/cpl14.fr\/wp-content\/uploads\/2017\/07\/10-182x300.jpg 182w, https:\/\/cpl14.fr\/wp-content\/uploads\/2017\/07\/10-768x1267.jpg 768w, https:\/\/cpl14.fr\/wp-content\/uploads\/2017\/07\/10.jpg 1000w\" sizes=\"auto, (max-width: 700px) 100vw, 700px\" \/><\/div>\n<div dir=\"auto\"><\/div>\n<div dir=\"auto\"><img loading=\"lazy\" decoding=\"async\" class=\"aligncenter wp-image-2398\" src=\"http:\/\/cpl14.fr\/wp-content\/uploads\/2017\/07\/11-647x1024.jpg\" alt=\"\" width=\"700\" height=\"1108\" srcset=\"https:\/\/cpl14.fr\/wp-content\/uploads\/2017\/07\/11-647x1024.jpg 647w, https:\/\/cpl14.fr\/wp-content\/uploads\/2017\/07\/11-190x300.jpg 190w, https:\/\/cpl14.fr\/wp-content\/uploads\/2017\/07\/11-768x1216.jpg 768w, https:\/\/cpl14.fr\/wp-content\/uploads\/2017\/07\/11.jpg 1000w\" sizes=\"auto, (max-width: 700px) 100vw, 700px\" \/><\/div>\n<div dir=\"auto\"><\/div>\n<div dir=\"auto\"><img loading=\"lazy\" decoding=\"async\" class=\"aligncenter wp-image-2399\" src=\"http:\/\/cpl14.fr\/wp-content\/uploads\/2017\/07\/12-633x1024.jpg\" alt=\"\" width=\"700\" height=\"1132\" srcset=\"https:\/\/cpl14.fr\/wp-content\/uploads\/2017\/07\/12-633x1024.jpg 633w, https:\/\/cpl14.fr\/wp-content\/uploads\/2017\/07\/12-185x300.jpg 185w, https:\/\/cpl14.fr\/wp-content\/uploads\/2017\/07\/12-768x1243.jpg 768w, https:\/\/cpl14.fr\/wp-content\/uploads\/2017\/07\/12.jpg 1000w\" sizes=\"auto, (max-width: 700px) 100vw, 700px\" \/><\/div>\n<div dir=\"auto\"><\/div>\n<div dir=\"auto\"><img loading=\"lazy\" decoding=\"async\" class=\"aligncenter wp-image-2400\" src=\"http:\/\/cpl14.fr\/wp-content\/uploads\/2017\/07\/13-644x1024.jpg\" alt=\"\" width=\"700\" height=\"1113\" srcset=\"https:\/\/cpl14.fr\/wp-content\/uploads\/2017\/07\/13-644x1024.jpg 644w, https:\/\/cpl14.fr\/wp-content\/uploads\/2017\/07\/13-189x300.jpg 189w, https:\/\/cpl14.fr\/wp-content\/uploads\/2017\/07\/13-768x1220.jpg 768w, https:\/\/cpl14.fr\/wp-content\/uploads\/2017\/07\/13.jpg 1000w\" sizes=\"auto, (max-width: 700px) 100vw, 700px\" \/><\/div>\n<div dir=\"auto\"><\/div>\n<div dir=\"auto\"><img loading=\"lazy\" decoding=\"async\" class=\"aligncenter wp-image-2401\" src=\"http:\/\/cpl14.fr\/wp-content\/uploads\/2017\/07\/14-637x1024.jpg\" alt=\"\" width=\"700\" height=\"1125\" srcset=\"https:\/\/cpl14.fr\/wp-content\/uploads\/2017\/07\/14-637x1024.jpg 637w, https:\/\/cpl14.fr\/wp-content\/uploads\/2017\/07\/14-187x300.jpg 187w, https:\/\/cpl14.fr\/wp-content\/uploads\/2017\/07\/14-768x1234.jpg 768w, https:\/\/cpl14.fr\/wp-content\/uploads\/2017\/07\/14.jpg 1000w\" sizes=\"auto, (max-width: 700px) 100vw, 700px\" \/><\/div>\n<div dir=\"auto\"><\/div>\n<div dir=\"auto\"><img loading=\"lazy\" decoding=\"async\" class=\"aligncenter wp-image-2402\" src=\"http:\/\/cpl14.fr\/wp-content\/uploads\/2017\/07\/15-674x1024.jpg\" alt=\"\" width=\"700\" height=\"1064\" srcset=\"https:\/\/cpl14.fr\/wp-content\/uploads\/2017\/07\/15-674x1024.jpg 674w, https:\/\/cpl14.fr\/wp-content\/uploads\/2017\/07\/15-197x300.jpg 197w, https:\/\/cpl14.fr\/wp-content\/uploads\/2017\/07\/15-768x1167.jpg 768w, https:\/\/cpl14.fr\/wp-content\/uploads\/2017\/07\/15.jpg 1000w\" sizes=\"auto, (max-width: 700px) 100vw, 700px\" \/><\/div>\n<div dir=\"auto\"><\/div>\n<div dir=\"auto\"><img loading=\"lazy\" decoding=\"async\" class=\"aligncenter wp-image-2403\" src=\"http:\/\/cpl14.fr\/wp-content\/uploads\/2017\/07\/16-654x1024.jpg\" alt=\"\" width=\"700\" height=\"1096\" srcset=\"https:\/\/cpl14.fr\/wp-content\/uploads\/2017\/07\/16-654x1024.jpg 654w, https:\/\/cpl14.fr\/wp-content\/uploads\/2017\/07\/16-192x300.jpg 192w, https:\/\/cpl14.fr\/wp-content\/uploads\/2017\/07\/16-768x1202.jpg 768w, https:\/\/cpl14.fr\/wp-content\/uploads\/2017\/07\/16.jpg 1000w\" sizes=\"auto, (max-width: 700px) 100vw, 700px\" \/><\/div>\n<div dir=\"auto\"><\/div>\n<div dir=\"auto\"><img loading=\"lazy\" decoding=\"async\" class=\"aligncenter wp-image-2404\" src=\"http:\/\/cpl14.fr\/wp-content\/uploads\/2017\/07\/17-663x1024.jpg\" alt=\"\" width=\"700\" height=\"1081\" srcset=\"https:\/\/cpl14.fr\/wp-content\/uploads\/2017\/07\/17-663x1024.jpg 663w, https:\/\/cpl14.fr\/wp-content\/uploads\/2017\/07\/17-194x300.jpg 194w, https:\/\/cpl14.fr\/wp-content\/uploads\/2017\/07\/17-768x1187.jpg 768w, https:\/\/cpl14.fr\/wp-content\/uploads\/2017\/07\/17.jpg 1000w\" sizes=\"auto, (max-width: 700px) 100vw, 700px\" \/><\/div>\n<div dir=\"auto\"><\/div>\n<div dir=\"auto\"><img loading=\"lazy\" decoding=\"async\" class=\"aligncenter wp-image-2405\" src=\"http:\/\/cpl14.fr\/wp-content\/uploads\/2017\/07\/18-606x1024.jpg\" alt=\"\" width=\"699\" height=\"1182\" srcset=\"https:\/\/cpl14.fr\/wp-content\/uploads\/2017\/07\/18-606x1024.jpg 606w, https:\/\/cpl14.fr\/wp-content\/uploads\/2017\/07\/18-178x300.jpg 178w, https:\/\/cpl14.fr\/wp-content\/uploads\/2017\/07\/18.jpg 1000w\" sizes=\"auto, (max-width: 699px) 100vw, 699px\" \/><\/div>\n<div dir=\"auto\"><\/div>\n<div dir=\"auto\"><img loading=\"lazy\" decoding=\"async\" class=\"aligncenter wp-image-2406\" src=\"http:\/\/cpl14.fr\/wp-content\/uploads\/2017\/07\/19-637x1024.jpg\" alt=\"\" width=\"700\" height=\"1125\" srcset=\"https:\/\/cpl14.fr\/wp-content\/uploads\/2017\/07\/19-637x1024.jpg 637w, https:\/\/cpl14.fr\/wp-content\/uploads\/2017\/07\/19-187x300.jpg 187w, https:\/\/cpl14.fr\/wp-content\/uploads\/2017\/07\/19-768x1235.jpg 768w, https:\/\/cpl14.fr\/wp-content\/uploads\/2017\/07\/19.jpg 1000w\" sizes=\"auto, (max-width: 700px) 100vw, 700px\" \/><\/div>\n<div dir=\"auto\"><\/div>\n<div dir=\"auto\"><img loading=\"lazy\" decoding=\"async\" class=\"aligncenter wp-image-2407\" src=\"http:\/\/cpl14.fr\/wp-content\/uploads\/2017\/07\/20-685x1024.jpg\" alt=\"\" width=\"700\" height=\"1046\" srcset=\"https:\/\/cpl14.fr\/wp-content\/uploads\/2017\/07\/20-685x1024.jpg 685w, https:\/\/cpl14.fr\/wp-content\/uploads\/2017\/07\/20-201x300.jpg 201w, https:\/\/cpl14.fr\/wp-content\/uploads\/2017\/07\/20-768x1147.jpg 768w, https:\/\/cpl14.fr\/wp-content\/uploads\/2017\/07\/20.jpg 1000w\" sizes=\"auto, (max-width: 700px) 100vw, 700px\" \/><\/div>\n<div dir=\"auto\"><\/div>\n<div dir=\"auto\"><img loading=\"lazy\" decoding=\"async\" class=\"aligncenter wp-image-2408\" src=\"http:\/\/cpl14.fr\/wp-content\/uploads\/2017\/07\/21-824x1024.jpg\" alt=\"\" width=\"649\" height=\"807\" srcset=\"https:\/\/cpl14.fr\/wp-content\/uploads\/2017\/07\/21-824x1024.jpg 824w, https:\/\/cpl14.fr\/wp-content\/uploads\/2017\/07\/21-241x300.jpg 241w, https:\/\/cpl14.fr\/wp-content\/uploads\/2017\/07\/21-768x955.jpg 768w, https:\/\/cpl14.fr\/wp-content\/uploads\/2017\/07\/21.jpg 1000w\" sizes=\"auto, (max-width: 649px) 100vw, 649px\" \/><\/div>\n<div dir=\"auto\"><\/div>\n<div dir=\"auto\"><img loading=\"lazy\" decoding=\"async\" class=\"aligncenter wp-image-2409\" src=\"http:\/\/cpl14.fr\/wp-content\/uploads\/2017\/07\/22-790x1024.jpg\" alt=\"\" width=\"651\" height=\"844\" srcset=\"https:\/\/cpl14.fr\/wp-content\/uploads\/2017\/07\/22-790x1024.jpg 790w, https:\/\/cpl14.fr\/wp-content\/uploads\/2017\/07\/22-231x300.jpg 231w, https:\/\/cpl14.fr\/wp-content\/uploads\/2017\/07\/22-768x995.jpg 768w, https:\/\/cpl14.fr\/wp-content\/uploads\/2017\/07\/22.jpg 1000w\" sizes=\"auto, (max-width: 651px) 100vw, 651px\" \/><\/div>\n<div dir=\"auto\"><\/div>\n<div dir=\"auto\">Collection S.&amp; M.C Lisieux<\/div>\n<div dir=\"auto\"><\/div>\n<div dir=\"auto\" style=\"text-align: right;\"><a href=\"http:\/\/cpl14.fr\/?p=343\">retour \u00e0 l&rsquo;article Chemin de Fer<\/a><\/div>\n","protected":false},"excerpt":{"rendered":"<div class=\"mh-excerpt\"><p>En 1878 un grand projet est mis en discussion par les Maires de l&rsquo;arrondissement de Pont-Audemer . L&rsquo;id\u00e9e \u00e9tant de mettre en oeuvre un grand <a class=\"mh-excerpt-more\" href=\"https:\/\/cpl14.fr\/?page_id=2387\" title=\"Les Tramways de l&rsquo;Eure\">[&#8230;]<\/a><\/p>\n<\/div>","protected":false},"author":1,"featured_media":0,"parent":0,"menu_order":0,"comment_status":"closed","ping_status":"closed","template":"","meta":{"footnotes":""},"class_list":["post-2387","page","type-page","status-publish","hentry"],"_links":{"self":[{"href":"https:\/\/cpl14.fr\/index.php?rest_route=\/wp\/v2\/pages\/2387","targetHints":{"allow":["GET"]}}],"collection":[{"href":"https:\/\/cpl14.fr\/index.php?rest_route=\/wp\/v2\/pages"}],"about":[{"href":"https:\/\/cpl14.fr\/index.php?rest_route=\/wp\/v2\/types\/page"}],"author":[{"embeddable":true,"href":"https:\/\/cpl14.fr\/index.php?rest_route=\/wp\/v2\/users\/1"}],"replies":[{"embeddable":true,"href":"https:\/\/cpl14.fr\/index.php?rest_route=%2Fwp%2Fv2%2Fcomments&post=2387"}],"version-history":[{"count":2,"href":"https:\/\/cpl14.fr\/index.php?rest_route=\/wp\/v2\/pages\/2387\/revisions"}],"predecessor-version":[{"id":6377,"href":"https:\/\/cpl14.fr\/index.php?rest_route=\/wp\/v2\/pages\/2387\/revisions\/6377"}],"wp:attachment":[{"href":"https:\/\/cpl14.fr\/index.php?rest_route=%2Fwp%2Fv2%2Fmedia&parent=2387"}],"curies":[{"name":"wp","href":"https:\/\/api.w.org\/{rel}","templated":true}]}}