{"id":2429,"date":"2017-08-31T13:34:44","date_gmt":"2017-08-31T11:34:44","guid":{"rendered":"http:\/\/cpl14.fr\/?page_id=2429"},"modified":"2018-01-25T08:13:09","modified_gmt":"2018-01-25T07:13:09","slug":"1806-1","status":"publish","type":"page","link":"https:\/\/cpl14.fr\/?page_id=2429","title":{"rendered":"1806.1"},"content":{"rendered":"<p><img loading=\"lazy\" decoding=\"async\" class=\"aligncenter size-large wp-image-2431\" src=\"http:\/\/cpl14.fr\/wp-content\/uploads\/2017\/08\/20170829_062449-1024x897.jpg\" alt=\"\" width=\"1024\" height=\"897\" srcset=\"https:\/\/cpl14.fr\/wp-content\/uploads\/2017\/08\/20170829_062449-1024x897.jpg 1024w, https:\/\/cpl14.fr\/wp-content\/uploads\/2017\/08\/20170829_062449-300x263.jpg 300w, https:\/\/cpl14.fr\/wp-content\/uploads\/2017\/08\/20170829_062449-768x673.jpg 768w, https:\/\/cpl14.fr\/wp-content\/uploads\/2017\/08\/20170829_062449.jpg 1200w\" sizes=\"auto, (max-width: 1024px) 100vw, 1024px\" \/><\/p>\n<p>Il s&rsquo;agit ici d&rsquo;un document postal:<\/p>\n<p>B.au DES POSTES d. e Lisieux\u00a0(Bureau des Postes de Lisieux)<\/p>\n<p>Re\u00e7u imprim\u00e9 pour un ARTICLE D&rsquo;ARGENT du bureau de Lisieux, pour cent vingt cinq francs 71 cts.<\/p>\n<p>1 f\u00e9vrier 1806<\/p>\n<p>pour\u00a0Mr Christine (ou Christian) \u00e0\u00a0Rouen (lecture du nom \u00e0 confirmer)<\/p>\n<p>Au verso un d\u00e9compte non postal \u00e9tablit le d\u00e9tail des sommes dues, sans en indiquer le motif. Voir notre article sur ce d\u00e9tail\u00a0<a href=\"http:\/\/cpl14.fr\/?p=3176\">Article d&rsquo;argent, retour sur le dossier 1806.1<\/a><\/p>\n<p>Le format au cadre de l&rsquo;imprim\u00e9 est 91&#215;65 mm.<\/p>\n<p>Bibliographie: voyez au sujet des articles d&rsquo;argent, et des Mandats, les nombreuses interventions document\u00e9es de Raymond Sen\u00e9 (Acad\u00e9mie de Philat\u00e9lie) dans les \u00a0Feuilles Marcophiles et bulletin des Amis du Mus\u00e9e Postal.<\/p>\n<p>(Collection H.M. Deauville)<\/p>\n","protected":false},"excerpt":{"rendered":"<div class=\"mh-excerpt\"><p>Il s&rsquo;agit ici d&rsquo;un document postal: B.au DES POSTES d. e Lisieux\u00a0(Bureau des Postes de Lisieux) Re\u00e7u imprim\u00e9 pour un ARTICLE D&rsquo;ARGENT du bureau de <a class=\"mh-excerpt-more\" href=\"https:\/\/cpl14.fr\/?page_id=2429\" title=\"1806.1\">[&#8230;]<\/a><\/p>\n<\/div>","protected":false},"author":1,"featured_media":0,"parent":0,"menu_order":0,"comment_status":"closed","ping_status":"closed","template":"","meta":{"footnotes":""},"class_list":["post-2429","page","type-page","status-publish","hentry"],"_links":{"self":[{"href":"https:\/\/cpl14.fr\/index.php?rest_route=\/wp\/v2\/pages\/2429","targetHints":{"allow":["GET"]}}],"collection":[{"href":"https:\/\/cpl14.fr\/index.php?rest_route=\/wp\/v2\/pages"}],"about":[{"href":"https:\/\/cpl14.fr\/index.php?rest_route=\/wp\/v2\/types\/page"}],"author":[{"embeddable":true,"href":"https:\/\/cpl14.fr\/index.php?rest_route=\/wp\/v2\/users\/1"}],"replies":[{"embeddable":true,"href":"https:\/\/cpl14.fr\/index.php?rest_route=%2Fwp%2Fv2%2Fcomments&post=2429"}],"version-history":[{"count":3,"href":"https:\/\/cpl14.fr\/index.php?rest_route=\/wp\/v2\/pages\/2429\/revisions"}],"predecessor-version":[{"id":3192,"href":"https:\/\/cpl14.fr\/index.php?rest_route=\/wp\/v2\/pages\/2429\/revisions\/3192"}],"wp:attachment":[{"href":"https:\/\/cpl14.fr\/index.php?rest_route=%2Fwp%2Fv2%2Fmedia&parent=2429"}],"curies":[{"name":"wp","href":"https:\/\/api.w.org\/{rel}","templated":true}]}}