{"id":2872,"date":"2017-10-31T05:37:09","date_gmt":"2017-10-31T04:37:09","guid":{"rendered":"http:\/\/cpl14.fr\/?page_id=2872"},"modified":"2017-10-31T05:37:09","modified_gmt":"2017-10-31T04:37:09","slug":"1852-2","status":"publish","type":"page","link":"https:\/\/cpl14.fr\/?page_id=2872","title":{"rendered":"1852.2"},"content":{"rendered":"<p><img loading=\"lazy\" decoding=\"async\" class=\"aligncenter size-full wp-image-2873\" src=\"http:\/\/cpl14.fr\/wp-content\/uploads\/2017\/10\/20171024_182742.jpg\" alt=\"\" width=\"900\" height=\"427\" srcset=\"https:\/\/cpl14.fr\/wp-content\/uploads\/2017\/10\/20171024_182742.jpg 900w, https:\/\/cpl14.fr\/wp-content\/uploads\/2017\/10\/20171024_182742-300x142.jpg 300w, https:\/\/cpl14.fr\/wp-content\/uploads\/2017\/10\/20171024_182742-768x364.jpg 768w\" sizes=\"auto, (max-width: 900px) 100vw, 900px\" \/><\/p>\n<p>Lettre (sans texte), de Lisieux, \u00a0affranchie du 1 franc carmin de la 1e \u00e9mission \u00a0(n\u00b06) oblit\u00e9r\u00e9 du losange petit chiffre 1738.<\/p>\n<div dir=\"auto\">Timbre \u00e0 date type 15 date erron\u00e9e du 27 janv 1852, annul\u00e9 et remplac\u00e9 par 28 janv. au-dessus.<\/div>\n<div dir=\"auto\">Ce timbre fut \u00e9mis en d\u00e9cembre 1849. Les nuances en sont nombreuses et difficiles \u00e0 rendre exactement par l&rsquo;image. Pour les pr\u00e9cisions de tirages et de nuances reportez-vous \u00e0 vos catalogues habituels.<\/div>\n<div dir=\"auto\"><img loading=\"lazy\" decoding=\"async\" class=\"aligncenter size-full wp-image-2874\" src=\"http:\/\/cpl14.fr\/wp-content\/uploads\/2017\/10\/20171026_181919.jpg\" alt=\"\" width=\"500\" height=\"596\" srcset=\"https:\/\/cpl14.fr\/wp-content\/uploads\/2017\/10\/20171026_181919.jpg 500w, https:\/\/cpl14.fr\/wp-content\/uploads\/2017\/10\/20171026_181919-252x300.jpg 252w\" sizes=\"auto, (max-width: 500px) 100vw, 500px\" \/><\/div>\n<div dir=\"auto\">Le tarif: Lettre du 3e \u00e9chelon de poids, soit + de 15g jusqu&rsquo;\u00e0 100g. Pour une autre ville \u00ab\u00a0bureau \u00e0 bureau\u00a0\u00bb<\/div>\n<div dir=\"auto\"><\/div>\n<div dir=\"auto\">Collection H.M. Deauville<\/div>\n","protected":false},"excerpt":{"rendered":"<div class=\"mh-excerpt\"><p>Lettre (sans texte), de Lisieux, \u00a0affranchie du 1 franc carmin de la 1e \u00e9mission \u00a0(n\u00b06) oblit\u00e9r\u00e9 du losange petit chiffre 1738. Timbre \u00e0 date type <a class=\"mh-excerpt-more\" href=\"https:\/\/cpl14.fr\/?page_id=2872\" title=\"1852.2\">[&#8230;]<\/a><\/p>\n<\/div>","protected":false},"author":1,"featured_media":0,"parent":0,"menu_order":0,"comment_status":"closed","ping_status":"closed","template":"","meta":{"footnotes":""},"class_list":["post-2872","page","type-page","status-publish","hentry"],"_links":{"self":[{"href":"https:\/\/cpl14.fr\/index.php?rest_route=\/wp\/v2\/pages\/2872","targetHints":{"allow":["GET"]}}],"collection":[{"href":"https:\/\/cpl14.fr\/index.php?rest_route=\/wp\/v2\/pages"}],"about":[{"href":"https:\/\/cpl14.fr\/index.php?rest_route=\/wp\/v2\/types\/page"}],"author":[{"embeddable":true,"href":"https:\/\/cpl14.fr\/index.php?rest_route=\/wp\/v2\/users\/1"}],"replies":[{"embeddable":true,"href":"https:\/\/cpl14.fr\/index.php?rest_route=%2Fwp%2Fv2%2Fcomments&post=2872"}],"version-history":[{"count":1,"href":"https:\/\/cpl14.fr\/index.php?rest_route=\/wp\/v2\/pages\/2872\/revisions"}],"predecessor-version":[{"id":2875,"href":"https:\/\/cpl14.fr\/index.php?rest_route=\/wp\/v2\/pages\/2872\/revisions\/2875"}],"wp:attachment":[{"href":"https:\/\/cpl14.fr\/index.php?rest_route=%2Fwp%2Fv2%2Fmedia&parent=2872"}],"curies":[{"name":"wp","href":"https:\/\/api.w.org\/{rel}","templated":true}]}}