{"id":2986,"date":"2017-11-30T14:19:59","date_gmt":"2017-11-30T13:19:59","guid":{"rendered":"http:\/\/cpl14.fr\/?page_id=2986"},"modified":"2020-03-24T19:29:17","modified_gmt":"2020-03-24T18:29:17","slug":"les-semeuses-camees-40c","status":"publish","type":"page","link":"https:\/\/cpl14.fr\/?page_id=2986","title":{"rendered":"Les Semeuse cam\u00e9es 40c"},"content":{"rendered":"<h5>Les Versions des Semeuse 40c:<\/h5>\n<p>Les Semeuse 40c existent en<strong>\u00a04 couleurs: <\/strong>brun-olive, vermillon, violet et outremer.<\/p>\n<p><img loading=\"lazy\" decoding=\"async\" class=\"aligncenter size-full wp-image-2988\" src=\"http:\/\/cpl14.fr\/wp-content\/uploads\/2017\/11\/009-1.jpg\" alt=\"\" width=\"800\" height=\"229\" srcset=\"https:\/\/cpl14.fr\/wp-content\/uploads\/2017\/11\/009-1.jpg 800w, https:\/\/cpl14.fr\/wp-content\/uploads\/2017\/11\/009-1-300x86.jpg 300w, https:\/\/cpl14.fr\/wp-content\/uploads\/2017\/11\/009-1-768x220.jpg 768w\" sizes=\"auto, (max-width: 800px) 100vw, 800px\" \/><\/p>\n<h5>Les Types des Semeuse 40c:<\/h5>\n<p>Seules les brun-olive et vermillon existent en 2 types, les violette et outremer sont au type II.<\/p>\n<p>-I grav\u00e9 par Guillemain sur copie du 25c type III de 1923, il concerne les timbres imprim\u00e9es \u00e0 plat des feuilles et carnets n\u00b0193 brun-olive de 1925, et carnets et roulettes n\u00b0194 vermillon de 1926<\/p>\n<p>-II grav\u00e9 par Guillemain sur copie du poin\u00e7on sans valeur faciale de 1926,\u00a0il concerne les timbres de feuilles imprim\u00e9es sur rotative, n\u00b0193 brun-olive de 1926, n\u00b0194 vermillon de 1926 et feuilles et roulettes des n\u00b0236 violet de 1927 et n\u00b0237 outremer de 1928<\/p>\n<p>&nbsp;<\/p>\n<h4>Le Type I:<\/h4>\n<p>La diff\u00e9rence entre les 2 types porte principalement sur les formes du 4 et du c de centimes<\/p>\n<p>Dans le type I, le 4 est courbe et la barre basse de c remonte<\/p>\n<p><img loading=\"lazy\" decoding=\"async\" class=\"aligncenter size-full wp-image-2989\" src=\"http:\/\/cpl14.fr\/wp-content\/uploads\/2017\/11\/type.jpg\" alt=\"\" width=\"800\" height=\"301\" srcset=\"https:\/\/cpl14.fr\/wp-content\/uploads\/2017\/11\/type.jpg 800w, https:\/\/cpl14.fr\/wp-content\/uploads\/2017\/11\/type-300x113.jpg 300w, https:\/\/cpl14.fr\/wp-content\/uploads\/2017\/11\/type-768x289.jpg 768w\" sizes=\"auto, (max-width: 800px) 100vw, 800px\" \/><\/p>\n<p style=\"text-align: center;\">Type I\u00a0 \u00a0 \u00a0 \u00a0 \u00a0 \u00a0 \u00a0 \u00a0 \u00a0 \u00a0 \u00a0 \u00a0 \u00a0 \u00a0 \u00a0 \u00a0 \u00a0 \u00a0 \u00a0 \u00a0 \u00a0 \u00a0 \u00a0 \u00a0 \u00a0 \u00a0 \u00a0 \u00a0 \u00a0 \u00a0 \u00a0 \u00a0 \u00a0 \u00a0 \u00a0 \u00a0 \u00a0 \u00a0 \u00a0 \u00a0 \u00a0 \u00a0 \u00a0 \u00a0 \u00a0 \u00a0 \u00a0Type II<\/p>\n<h4>Le Type II:<\/h4>\n<p>Dans le type II, le 4 est plat et\u00a0la barre basse de c est droite (voir ci-dessus)<\/p>\n<p>Autre diff\u00e9rence facilement identifiable, le pan de la ceinture:<\/p>\n<p><img loading=\"lazy\" decoding=\"async\" class=\"aligncenter size-full wp-image-2990\" src=\"http:\/\/cpl14.fr\/wp-content\/uploads\/2017\/11\/type-2.jpg\" alt=\"\" width=\"501\" height=\"304\" srcset=\"https:\/\/cpl14.fr\/wp-content\/uploads\/2017\/11\/type-2.jpg 501w, https:\/\/cpl14.fr\/wp-content\/uploads\/2017\/11\/type-2-300x182.jpg 300w\" sizes=\"auto, (max-width: 501px) 100vw, 501px\" \/><\/p>\n<p style=\"text-align: center;\">Type I\u00a0 \u00a0 \u00a0 \u00a0 \u00a0 \u00a0 \u00a0 \u00a0 \u00a0 \u00a0 \u00a0 \u00a0 \u00a0 \u00a0 \u00a0 \u00a0 \u00a0 \u00a0 \u00a0 \u00a0 \u00a0 \u00a0 \u00a0 \u00a0 \u00a0 \u00a0 \u00a0 \u00a0 \u00a0 \u00a0 \u00a0 \u00a0 \u00a0Type II<\/p>\n<p>Collection BB Lisieux<\/p>\n<p>&nbsp;<\/p>\n<p style=\"text-align: right;\"><a href=\"http:\/\/cpl14.fr\/?page_id=6309\">retour au chapitre Semeuse<\/a><\/p>\n","protected":false},"excerpt":{"rendered":"<div class=\"mh-excerpt\"><p>Les Versions des Semeuse 40c: Les Semeuse 40c existent en\u00a04 couleurs: brun-olive, vermillon, violet et outremer. Les Types des Semeuse 40c: Seules les brun-olive et <a class=\"mh-excerpt-more\" href=\"https:\/\/cpl14.fr\/?page_id=2986\" title=\"Les Semeuse cam\u00e9es 40c\">[&#8230;]<\/a><\/p>\n<\/div>","protected":false},"author":1,"featured_media":0,"parent":0,"menu_order":0,"comment_status":"closed","ping_status":"closed","template":"","meta":{"footnotes":""},"class_list":["post-2986","page","type-page","status-publish","hentry"],"_links":{"self":[{"href":"https:\/\/cpl14.fr\/index.php?rest_route=\/wp\/v2\/pages\/2986","targetHints":{"allow":["GET"]}}],"collection":[{"href":"https:\/\/cpl14.fr\/index.php?rest_route=\/wp\/v2\/pages"}],"about":[{"href":"https:\/\/cpl14.fr\/index.php?rest_route=\/wp\/v2\/types\/page"}],"author":[{"embeddable":true,"href":"https:\/\/cpl14.fr\/index.php?rest_route=\/wp\/v2\/users\/1"}],"replies":[{"embeddable":true,"href":"https:\/\/cpl14.fr\/index.php?rest_route=%2Fwp%2Fv2%2Fcomments&post=2986"}],"version-history":[{"count":4,"href":"https:\/\/cpl14.fr\/index.php?rest_route=\/wp\/v2\/pages\/2986\/revisions"}],"predecessor-version":[{"id":6330,"href":"https:\/\/cpl14.fr\/index.php?rest_route=\/wp\/v2\/pages\/2986\/revisions\/6330"}],"wp:attachment":[{"href":"https:\/\/cpl14.fr\/index.php?rest_route=%2Fwp%2Fv2%2Fmedia&parent=2986"}],"curies":[{"name":"wp","href":"https:\/\/api.w.org\/{rel}","templated":true}]}}