{"id":3149,"date":"2018-01-14T09:37:52","date_gmt":"2018-01-14T08:37:52","guid":{"rendered":"http:\/\/cpl14.fr\/?page_id=3149"},"modified":"2018-01-14T09:43:38","modified_gmt":"2018-01-14T08:43:38","slug":"1945-1","status":"publish","type":"page","link":"https:\/\/cpl14.fr\/?page_id=3149","title":{"rendered":"1945.1"},"content":{"rendered":"<p>Nous pr\u00e9sentons ici un cas de Taxe particulier:<\/p>\n<div dir=\"auto\"><img loading=\"lazy\" decoding=\"async\" class=\"aligncenter size-full wp-image-3150\" src=\"http:\/\/cpl14.fr\/wp-content\/uploads\/2018\/01\/20180110_190023.jpg\" alt=\"\" width=\"900\" height=\"571\" srcset=\"https:\/\/cpl14.fr\/wp-content\/uploads\/2018\/01\/20180110_190023.jpg 900w, https:\/\/cpl14.fr\/wp-content\/uploads\/2018\/01\/20180110_190023-300x190.jpg 300w, https:\/\/cpl14.fr\/wp-content\/uploads\/2018\/01\/20180110_190023-768x487.jpg 768w\" sizes=\"auto, (max-width: 900px) 100vw, 900px\" \/><\/div>\n<div dir=\"auto\">\n<div dir=\"auto\">Une lettre affranchie au tarif du 1.3.45 d&rsquo;un 2F vert P\u00e9tain de 1941, oblit\u00e9r\u00e9 de Champsecret\/ Orne le 13.4.45, \u00a0pour Lisieux.<\/div>\n<div dir=\"auto\">Le timbre, \u00e9mis le 27 d\u00e9cembre 1941 a \u00e9t\u00e9 retir\u00e9 de la vente le 31 octobre 1944.<\/div>\n<div dir=\"auto\">Surtout, \u00a0il est interdit d&rsquo;usage depuis le 1 novembre 1944 * (note).<\/div>\n<div dir=\"auto\">La taxe est justifi\u00e9e, la lettre est consid\u00e9r\u00e9e comme non affranchie et donc tax\u00e9e au double, soit 4F de deux timbres type Gerbes de bl\u00e9 \u00ab\u00a0Chiffre-Taxe\u00a0\u00bb \u00e0 1F et 3F. Ils sont oblit\u00e9r\u00e9s du Tad de Lisieux du 13.4.45.<\/div>\n<div dir=\"auto\">Ceci n&rsquo;est pas une raret\u00e9 de la philat\u00e9lie, mais la probabilit\u00e9 de tomber sur une pi\u00e8ce de notre ville est assez faible, et l&rsquo;histoire est int\u00e9ressante sur le plan de l&rsquo;histoire postale.<\/div>\n<div dir=\"auto\"><\/div>\n<div dir=\"auto\">* Quand des timbres sont \u00ab\u00a0retir\u00e9s de la vente\u00a0\u00bb ils peuvent continuer d&rsquo;\u00eatre utilis\u00e9s sur du courrier, pourvu que leur affranchissement soit conforme aux tarifs du moment (C&rsquo;est le cas par exemple des timbres en francs, utilis\u00e9s de nos jours!).<\/div>\n<div dir=\"auto\"><\/div>\n<div dir=\"auto\">Le cas de la \u00ab\u00a0d\u00e9mon\u00e9tisation\u00a0\u00bb des P\u00e9tain est bien diff\u00e9rent: \u00a0Le d\u00e9cret du 7 Ao\u00fbt 1944, publi\u00e9 au BO n\u00b026 du 10 octobre, pr\u00e9cise \u00ab\u00a0leur utilisation est interdite&#8230; m\u00eame au titre de figurine non postale\u00a0\u00bb. (Ce qui signifie bien que m\u00eame l&rsquo; image est proscrite).<\/div>\n<div dir=\"auto\">De plus l&rsquo;article 2 pr\u00e9cise \u00ab\u00a0Les lettres sont selon les cas retourn\u00e9es ou vers\u00e9es aux rebuts apr\u00e8s avoir \u00e9t\u00e9 rev\u00eatues de la mention NON ADMIS\u00a0\u00bb.<\/div>\n<div dir=\"auto\">Exp\u00e9diteur connu, retour, non connu, Rebuts ! Beaucoup de travail \u00e0 faible rendement pour la Poste?<\/div>\n<div dir=\"auto\">C&rsquo;est plus tard (ici en 1945) que la d\u00e9cision de taxer (date \u00e0 pr\u00e9ciser ?) fut prise, afin de faciliter le service postal et de faire payer les r\u00e9fractaires.<\/div>\n<div dir=\"auto\">On notera aussi que les particuliers ont eu la possibilit\u00e9 d&rsquo;\u00e9changer leurs timbres P\u00e9tain \u00e0 la Poste, ainsi que les autres d\u00e9monetis\u00e9s de cette p\u00e9riode.<\/div>\n<div dir=\"auto\">Voyez sur ce sujet, la reproduction du BO tr\u00e8s d\u00e9taill\u00e9e, avec la liste pr\u00e9cise des timbres, sur l&rsquo;excellent site de Jean Goanvic :<\/div>\n<div dir=\"auto\">http.\/\/<a href=\"http:\/\/www.histoire-et-philatelie.fr\/\" target=\"_blank\" rel=\"noopener\">www.histoire-et-<wbr \/>philatelie.fr<\/a><\/div>\n<div dir=\"auto\"><\/div>\n<div dir=\"auto\">Merci \u00e0 Jacques Routoure, g\u00e9n\u00e9reux donateur, et Francis Martin, heureux nouveau \u00ab\u00a0propri\u00e9taire\u00a0\u00bb de cette lettre : une preuve de plus de la belle amiti\u00e9 qui r\u00e8gne entre les plus actifs membres du groupe Cpl14.<\/div>\n<\/div>\n","protected":false},"excerpt":{"rendered":"<div class=\"mh-excerpt\"><p>Nous pr\u00e9sentons ici un cas de Taxe particulier: Une lettre affranchie au tarif du 1.3.45 d&rsquo;un 2F vert P\u00e9tain de 1941, oblit\u00e9r\u00e9 de Champsecret\/ Orne <a class=\"mh-excerpt-more\" href=\"https:\/\/cpl14.fr\/?page_id=3149\" title=\"1945.1\">[&#8230;]<\/a><\/p>\n<\/div>","protected":false},"author":1,"featured_media":0,"parent":0,"menu_order":0,"comment_status":"closed","ping_status":"closed","template":"","meta":{"footnotes":""},"class_list":["post-3149","page","type-page","status-publish","hentry"],"_links":{"self":[{"href":"https:\/\/cpl14.fr\/index.php?rest_route=\/wp\/v2\/pages\/3149","targetHints":{"allow":["GET"]}}],"collection":[{"href":"https:\/\/cpl14.fr\/index.php?rest_route=\/wp\/v2\/pages"}],"about":[{"href":"https:\/\/cpl14.fr\/index.php?rest_route=\/wp\/v2\/types\/page"}],"author":[{"embeddable":true,"href":"https:\/\/cpl14.fr\/index.php?rest_route=\/wp\/v2\/users\/1"}],"replies":[{"embeddable":true,"href":"https:\/\/cpl14.fr\/index.php?rest_route=%2Fwp%2Fv2%2Fcomments&post=3149"}],"version-history":[{"count":1,"href":"https:\/\/cpl14.fr\/index.php?rest_route=\/wp\/v2\/pages\/3149\/revisions"}],"predecessor-version":[{"id":3151,"href":"https:\/\/cpl14.fr\/index.php?rest_route=\/wp\/v2\/pages\/3149\/revisions\/3151"}],"wp:attachment":[{"href":"https:\/\/cpl14.fr\/index.php?rest_route=%2Fwp%2Fv2%2Fmedia&parent=3149"}],"curies":[{"name":"wp","href":"https:\/\/api.w.org\/{rel}","templated":true}]}}