{"id":3703,"date":"2018-06-14T18:09:55","date_gmt":"2018-06-14T16:09:55","guid":{"rendered":"http:\/\/cpl14.fr\/?page_id=3703"},"modified":"2020-10-24T12:35:16","modified_gmt":"2020-10-24T10:35:16","slug":"souvenirs-philateliques","status":"publish","type":"page","link":"https:\/\/cpl14.fr\/?page_id=3703","title":{"rendered":"Souvenirs Philat\u00e9liques"},"content":{"rendered":"<p>A la demande de plusieurs lecteurs, nous ajoutons cette nouvelle rubrique \u00e0 notre site.\u00a0Vous pourrez ainsi nous commander nos souvenirs philat\u00e9lique.<\/p>\n<p>Nous ajouterons prochainement les bons de commande pour les souvenirs plus anciens.<\/p>\n<h4>Bons de commande:<\/h4>\n<p>ils se pr\u00e9sentent sous forme de documents PDF \u00e0 imprimer et \u00e0 nous retourner par courrier avec votre r\u00e8glement.<\/p>\n<p><a href=\"http:\/\/cpl14.fr\/wp-content\/uploads\/2018\/06\/Souvenirs-80ans-du-CPL-2018.pdf\">Souvenirs 80ans du CPL-2018.PDF<\/a><\/p>\n<p>(pour commander, cliquez sur le lien en rouge ci-dessus, et imprimez ou recopier le bon de commande)<\/p>\n<p><img loading=\"lazy\" decoding=\"async\" class=\"aligncenter wp-image-3709\" src=\"http:\/\/cpl14.fr\/wp-content\/uploads\/2018\/06\/timbre.jpg\" alt=\"\" width=\"191\" height=\"159\" srcset=\"https:\/\/cpl14.fr\/wp-content\/uploads\/2018\/06\/timbre.jpg 400w, https:\/\/cpl14.fr\/wp-content\/uploads\/2018\/06\/timbre-300x250.jpg 300w\" sizes=\"auto, (max-width: 191px) 100vw, 191px\" \/><\/p>\n<p style=\"text-align: center;\">le Timbre \u00e0 Moi (\u00e9puis\u00e9)<\/p>\n<p style=\"text-align: center;\"><img loading=\"lazy\" decoding=\"async\" class=\"aligncenter wp-image-3714\" src=\"http:\/\/cpl14.fr\/wp-content\/uploads\/2018\/06\/carte.jpg\" alt=\"\" width=\"379\" height=\"269\" srcset=\"https:\/\/cpl14.fr\/wp-content\/uploads\/2018\/06\/carte.jpg 600w, https:\/\/cpl14.fr\/wp-content\/uploads\/2018\/06\/carte-300x213.jpg 300w\" sizes=\"auto, (max-width: 379px) 100vw, 379px\" \/>La carte postale souvenir<\/p>\n<p style=\"text-align: center;\"><img loading=\"lazy\" decoding=\"async\" class=\"aligncenter wp-image-3708\" src=\"http:\/\/cpl14.fr\/wp-content\/uploads\/2018\/06\/collector-4t.jpg\" alt=\"\" width=\"566\" height=\"270\" srcset=\"https:\/\/cpl14.fr\/wp-content\/uploads\/2018\/06\/collector-4t.jpg 1000w, https:\/\/cpl14.fr\/wp-content\/uploads\/2018\/06\/collector-4t-300x143.jpg 300w, https:\/\/cpl14.fr\/wp-content\/uploads\/2018\/06\/collector-4t-768x366.jpg 768w\" sizes=\"auto, (max-width: 566px) 100vw, 566px\" \/>le Bloc Collector 4 Timbres \u00e0 Moi (\u00e9puis\u00e9)<\/p>\n<p>&nbsp;<\/p>\n<p>&nbsp;<\/p>\n","protected":false},"excerpt":{"rendered":"<div class=\"mh-excerpt\"><p>A la demande de plusieurs lecteurs, nous ajoutons cette nouvelle rubrique \u00e0 notre site.\u00a0Vous pourrez ainsi nous commander nos souvenirs philat\u00e9lique. Nous ajouterons prochainement les <a class=\"mh-excerpt-more\" href=\"https:\/\/cpl14.fr\/?page_id=3703\" title=\"Souvenirs Philat\u00e9liques\">[&#8230;]<\/a><\/p>\n<\/div>","protected":false},"author":1,"featured_media":0,"parent":0,"menu_order":0,"comment_status":"closed","ping_status":"closed","template":"","meta":{"footnotes":""},"class_list":["post-3703","page","type-page","status-publish","hentry"],"_links":{"self":[{"href":"https:\/\/cpl14.fr\/index.php?rest_route=\/wp\/v2\/pages\/3703","targetHints":{"allow":["GET"]}}],"collection":[{"href":"https:\/\/cpl14.fr\/index.php?rest_route=\/wp\/v2\/pages"}],"about":[{"href":"https:\/\/cpl14.fr\/index.php?rest_route=\/wp\/v2\/types\/page"}],"author":[{"embeddable":true,"href":"https:\/\/cpl14.fr\/index.php?rest_route=\/wp\/v2\/users\/1"}],"replies":[{"embeddable":true,"href":"https:\/\/cpl14.fr\/index.php?rest_route=%2Fwp%2Fv2%2Fcomments&post=3703"}],"version-history":[{"count":9,"href":"https:\/\/cpl14.fr\/index.php?rest_route=\/wp\/v2\/pages\/3703\/revisions"}],"predecessor-version":[{"id":7866,"href":"https:\/\/cpl14.fr\/index.php?rest_route=\/wp\/v2\/pages\/3703\/revisions\/7866"}],"wp:attachment":[{"href":"https:\/\/cpl14.fr\/index.php?rest_route=%2Fwp%2Fv2%2Fmedia&parent=3703"}],"curies":[{"name":"wp","href":"https:\/\/api.w.org\/{rel}","templated":true}]}}