{"id":4414,"date":"2018-11-20T18:49:22","date_gmt":"2018-11-20T17:49:22","guid":{"rendered":"http:\/\/cpl14.fr\/?page_id=4414"},"modified":"2020-03-25T05:32:53","modified_gmt":"2020-03-25T04:32:53","slug":"k-hgm","status":"publish","type":"page","link":"https:\/\/cpl14.fr\/?page_id=4414","title":{"rendered":"K.HGM"},"content":{"rendered":"<h4>\u00a0Ligne de Honfleur \u00e0 Glos-Montfort<\/h4>\n<p style=\"text-align: left;\">Pour cette ligne, nous repartons de Honfleur que nous avons \u00e9tudi\u00e9 dans l&rsquo;article\u00a0<a href=\"http:\/\/cpl14.fr\/?page_id=2290\">G.PLH\u00a0Ligne de Pont l&rsquo;Ev\u00eaque \u00e0 Honfleur.<\/a><\/p>\n<p><img loading=\"lazy\" decoding=\"async\" class=\"alignnone size-full wp-image-4416 aligncenter\" src=\"http:\/\/cpl14.fr\/wp-content\/uploads\/2018\/11\/1-1.jpg\" alt=\"\" width=\"800\" height=\"525\" srcset=\"https:\/\/cpl14.fr\/wp-content\/uploads\/2018\/11\/1-1.jpg 800w, https:\/\/cpl14.fr\/wp-content\/uploads\/2018\/11\/1-1-300x197.jpg 300w, https:\/\/cpl14.fr\/wp-content\/uploads\/2018\/11\/1-1-768x504.jpg 768w\" sizes=\"auto, (max-width: 800px) 100vw, 800px\" \/><\/p>\n<p>&nbsp;<\/p>\n<p style=\"text-align: left;\">Voici le profil de la ligne, qui comporte 11 stations:<\/p>\n<p><img loading=\"lazy\" decoding=\"async\" class=\"alignnone size-full wp-image-4415 aligncenter\" src=\"http:\/\/cpl14.fr\/wp-content\/uploads\/2018\/11\/20161003_154924.jpg\" alt=\"\" width=\"359\" height=\"900\" srcset=\"https:\/\/cpl14.fr\/wp-content\/uploads\/2018\/11\/20161003_154924.jpg 359w, https:\/\/cpl14.fr\/wp-content\/uploads\/2018\/11\/20161003_154924-120x300.jpg 120w\" sizes=\"auto, (max-width: 359px) 100vw, 359px\" \/><\/p>\n<p>La premi\u00e8re partie de la ligne de Honfleur \u00e0 Glos-Montfort est commune avec le final de la ligne de Pont-l&rsquo;Ev\u00eaque \u00e0 Honfleur avec les gares de La Rivi\u00e8re St Sauveur et Quetteville. Comme nous l&rsquo;avons expliqu\u00e9 dans l&rsquo;article G.PLH, la double gare de Quetteville a \u00e9t\u00e9 la cons\u00e9quence de la construction de cette nouvelle ligne servant \u00e0 relier le port de Honfleur avec la ligne Evreux-Rouen.<\/p>\n<h5><a href=\"http:\/\/cpl14.fr\/?page_id=2290\">K.HGM 01 Honfleur<\/a>\u00a0 (G.PLH)<\/h5>\n<p>Voici une nouvelle s\u00e9rie de carte que nous n&rsquo;avions pas montr\u00e9e dans le chapitre pr\u00e9c\u00e9dent<\/p>\n<p style=\"text-align: center;\"><img loading=\"lazy\" decoding=\"async\" class=\"alignnone size-full wp-image-4417\" src=\"http:\/\/cpl14.fr\/wp-content\/uploads\/2018\/11\/JHGM-1-honfleur.jpg\" alt=\"\" width=\"900\" height=\"583\" srcset=\"https:\/\/cpl14.fr\/wp-content\/uploads\/2018\/11\/JHGM-1-honfleur.jpg 900w, https:\/\/cpl14.fr\/wp-content\/uploads\/2018\/11\/JHGM-1-honfleur-300x194.jpg 300w, https:\/\/cpl14.fr\/wp-content\/uploads\/2018\/11\/JHGM-1-honfleur-768x497.jpg 768w\" sizes=\"auto, (max-width: 900px) 100vw, 900px\" \/><\/p>\n<h5 style=\"text-align: center;\"><img loading=\"lazy\" decoding=\"async\" class=\"alignnone size-full wp-image-4418\" src=\"http:\/\/cpl14.fr\/wp-content\/uploads\/2018\/11\/JHGM-1-1-Honfleur.jpg\" alt=\"\" width=\"900\" height=\"542\" srcset=\"https:\/\/cpl14.fr\/wp-content\/uploads\/2018\/11\/JHGM-1-1-Honfleur.jpg 900w, https:\/\/cpl14.fr\/wp-content\/uploads\/2018\/11\/JHGM-1-1-Honfleur-300x181.jpg 300w, https:\/\/cpl14.fr\/wp-content\/uploads\/2018\/11\/JHGM-1-1-Honfleur-768x463.jpg 768w\" sizes=\"auto, (max-width: 900px) 100vw, 900px\" \/><\/h5>\n<p><img loading=\"lazy\" decoding=\"async\" class=\"alignnone size-full wp-image-4419 aligncenter\" src=\"http:\/\/cpl14.fr\/wp-content\/uploads\/2018\/11\/JHGM-1-2-honfleur.jpg\" alt=\"\" width=\"900\" height=\"543\" srcset=\"https:\/\/cpl14.fr\/wp-content\/uploads\/2018\/11\/JHGM-1-2-honfleur.jpg 900w, https:\/\/cpl14.fr\/wp-content\/uploads\/2018\/11\/JHGM-1-2-honfleur-300x181.jpg 300w, https:\/\/cpl14.fr\/wp-content\/uploads\/2018\/11\/JHGM-1-2-honfleur-768x463.jpg 768w\" sizes=\"auto, (max-width: 900px) 100vw, 900px\" \/><br \/>\n<img loading=\"lazy\" decoding=\"async\" class=\"alignnone size-full wp-image-4420 aligncenter\" src=\"http:\/\/cpl14.fr\/wp-content\/uploads\/2018\/11\/JHGM-1-3-honfleur.jpg\" alt=\"\" width=\"900\" height=\"577\" srcset=\"https:\/\/cpl14.fr\/wp-content\/uploads\/2018\/11\/JHGM-1-3-honfleur.jpg 900w, https:\/\/cpl14.fr\/wp-content\/uploads\/2018\/11\/JHGM-1-3-honfleur-300x192.jpg 300w, https:\/\/cpl14.fr\/wp-content\/uploads\/2018\/11\/JHGM-1-3-honfleur-768x492.jpg 768w\" sizes=\"auto, (max-width: 900px) 100vw, 900px\" \/><\/p>\n<h5 style=\"text-align: center;\"><img loading=\"lazy\" decoding=\"async\" class=\"alignnone size-full wp-image-4421\" src=\"http:\/\/cpl14.fr\/wp-content\/uploads\/2018\/11\/JHGM-1-7-honfleur.jpg\" alt=\"\" width=\"900\" height=\"565\" srcset=\"https:\/\/cpl14.fr\/wp-content\/uploads\/2018\/11\/JHGM-1-7-honfleur.jpg 900w, https:\/\/cpl14.fr\/wp-content\/uploads\/2018\/11\/JHGM-1-7-honfleur-300x188.jpg 300w, https:\/\/cpl14.fr\/wp-content\/uploads\/2018\/11\/JHGM-1-7-honfleur-768x482.jpg 768w\" sizes=\"auto, (max-width: 900px) 100vw, 900px\" \/><\/h5>\n<h5><\/h5>\n<h5><a href=\"http:\/\/cpl14.fr\/?page_id=2290\">K.HGM 02 La Rivi\u00e8re St Sauveur<\/a> (G.PLH)<\/h5>\n<p>3,5km vers l&rsquo;Est, la station de La Rivi\u00e8re St Sauveur, d\u00e9j\u00e0 vue&#8230;<\/p>\n<p>&nbsp;<\/p>\n<h5><a href=\"http:\/\/cpl14.fr\/?page_id=2290\">K.HGM 03 Quetteville<\/a> (G.PLH)<\/h5>\n<p style=\"text-align: left;\">Comme nous l&rsquo;avons expliqu\u00e9 dans l&rsquo;article G.PLH, la double gare de Quetteville a \u00e9t\u00e9 la cons\u00e9quence de la construction de cette nouvelle ligne servant \u00e0 relier le port de Honfleur avec la ligne Evreux-Rouen. Sur la vue ci-dessous, c&rsquo;est bien un train arrivant de Honfleur et allant vers Glos-Montfort qui est en gare.<\/p>\n<h5><img loading=\"lazy\" decoding=\"async\" class=\"alignnone size-full wp-image-4422 aligncenter\" src=\"http:\/\/cpl14.fr\/wp-content\/uploads\/2018\/11\/JHGM-3-3-quetteville-1.jpg\" alt=\"\" width=\"900\" height=\"587\" srcset=\"https:\/\/cpl14.fr\/wp-content\/uploads\/2018\/11\/JHGM-3-3-quetteville-1.jpg 900w, https:\/\/cpl14.fr\/wp-content\/uploads\/2018\/11\/JHGM-3-3-quetteville-1-300x196.jpg 300w, https:\/\/cpl14.fr\/wp-content\/uploads\/2018\/11\/JHGM-3-3-quetteville-1-768x501.jpg 768w\" sizes=\"auto, (max-width: 900px) 100vw, 900px\" \/><\/h5>\n<p>la partie commune aux lignes de Pont-L&rsquo;Ev\u00eaque et Glos-Montfort, vers Honfleur, fermera le 26 septembre 1971.<\/p>\n<h5><\/h5>\n<h5>K.HGM 04 Beuzeville<\/h5>\n<p style=\"text-align: left;\">3km plus loin, nous arrivons \u00e0 Beuzeville. Nous sommes maintenant dans le d\u00e9partement de l&rsquo;Eure.<\/p>\n<p><img loading=\"lazy\" decoding=\"async\" class=\"alignnone size-full wp-image-4423 aligncenter\" src=\"http:\/\/cpl14.fr\/wp-content\/uploads\/2018\/11\/JHGM-4-beuzeville.jpg\" alt=\"\" width=\"900\" height=\"581\" srcset=\"https:\/\/cpl14.fr\/wp-content\/uploads\/2018\/11\/JHGM-4-beuzeville.jpg 900w, https:\/\/cpl14.fr\/wp-content\/uploads\/2018\/11\/JHGM-4-beuzeville-300x194.jpg 300w, https:\/\/cpl14.fr\/wp-content\/uploads\/2018\/11\/JHGM-4-beuzeville-768x496.jpg 768w\" sizes=\"auto, (max-width: 900px) 100vw, 900px\" \/><\/p>\n<p>En Juin 1892:\u00a0 &#8211; <strong>Tentative de d\u00e9raillement<\/strong>. &#8211; La garde-barri\u00e8re de Beuzeville, sur la ligne de Honfleur, ayant aper\u00e7u un homme sur la voie, s&rsquo;est approch\u00e9e de lui, l&rsquo;individu lui donna un coup de poing sur l\u2019\u0153il qui la fit tomber, s&rsquo;\u00e9tant relev\u00e9e, elle donna quatre coups de corne. Le sieur Lecomte, pr\u00e9pos\u00e9 \u00e0 la gare de Beuzeville, accourut voir ce qu&rsquo;il y avait d&rsquo;anormal. La femme Le P\u00eane lui raconta ce qui venait de se passer et indiqua la direction qu&rsquo;avait prise son agresseur. Le sieur Lecomte se mit \u00e0 sa poursuite, mais ne put le rejoindre. La femme Le P\u00eane, remise de son \u00e9motion, d\u00e9couvrit alors une pierre qui \u00e9tait plac\u00e9e contre le rail et qui, bien certainement, avait \u00e9t\u00e9 mise l\u00e0 avec l&rsquo;intention de faire d\u00e9railler le train qui passe vers minuit.<\/p>\n<p>Puisque nous avons \u00e9chapp\u00e9 \u00e0 cet attentat, poursuivons vers&#8230;<\/p>\n<p>&nbsp;<\/p>\n<h5 style=\"text-align: left;\">K.HGM 05 St Maclou<\/h5>\n<p>5km et nous arrivons \u00e0 cette station en pleine campagne, le village est \u00e0 500m!<\/p>\n<p><img loading=\"lazy\" decoding=\"async\" class=\"alignnone size-full wp-image-4424 aligncenter\" src=\"http:\/\/cpl14.fr\/wp-content\/uploads\/2018\/11\/JHGM-5-st-maclou.jpg\" alt=\"\" width=\"900\" height=\"574\" srcset=\"https:\/\/cpl14.fr\/wp-content\/uploads\/2018\/11\/JHGM-5-st-maclou.jpg 900w, https:\/\/cpl14.fr\/wp-content\/uploads\/2018\/11\/JHGM-5-st-maclou-300x191.jpg 300w, https:\/\/cpl14.fr\/wp-content\/uploads\/2018\/11\/JHGM-5-st-maclou-768x490.jpg 768w\" sizes=\"auto, (max-width: 900px) 100vw, 900px\" \/><\/p>\n<p>&nbsp;<\/p>\n<p>\u2026avec son H\u00f4tel de la Gare!<br \/>\n<img loading=\"lazy\" decoding=\"async\" class=\"alignnone size-full wp-image-4425 aligncenter\" src=\"http:\/\/cpl14.fr\/wp-content\/uploads\/2018\/11\/JHGM-5-1-st-maclou.jpg\" alt=\"\" width=\"900\" height=\"569\" srcset=\"https:\/\/cpl14.fr\/wp-content\/uploads\/2018\/11\/JHGM-5-1-st-maclou.jpg 900w, https:\/\/cpl14.fr\/wp-content\/uploads\/2018\/11\/JHGM-5-1-st-maclou-300x190.jpg 300w, https:\/\/cpl14.fr\/wp-content\/uploads\/2018\/11\/JHGM-5-1-st-maclou-768x486.jpg 768w\" sizes=\"auto, (max-width: 900px) 100vw, 900px\" \/><\/p>\n<p style=\"text-align: left;\">Notez la carotte \u00ab\u00a0d\u00e9bit de tabac\u00a0\u00bb. Tenu par Mr Crout\u2026 faisait-il d\u00e9p\u00f4t de pain? En tous cas, Mercerie et Epicerie, c&rsquo;est assur\u00e9! Sur la fa\u00e7ade, belle publicit\u00e9 pour le chocolat Menier, par Firmin Bouisset.<\/p>\n<p><img loading=\"lazy\" decoding=\"async\" class=\"alignnone size-full wp-image-4473 aligncenter\" src=\"http:\/\/cpl14.fr\/wp-content\/uploads\/2018\/11\/20181121_114112.jpg\" alt=\"\" width=\"900\" height=\"1224\" srcset=\"https:\/\/cpl14.fr\/wp-content\/uploads\/2018\/11\/20181121_114112.jpg 900w, https:\/\/cpl14.fr\/wp-content\/uploads\/2018\/11\/20181121_114112-221x300.jpg 221w, https:\/\/cpl14.fr\/wp-content\/uploads\/2018\/11\/20181121_114112-768x1044.jpg 768w, https:\/\/cpl14.fr\/wp-content\/uploads\/2018\/11\/20181121_114112-753x1024.jpg 753w\" sizes=\"auto, (max-width: 900px) 100vw, 900px\" \/><\/p>\n<p>&nbsp;<\/p>\n<h5>K.HGM 06 Toutainville<\/h5>\n<p style=\"text-align: left;\">et 5km de mieux pour arriver cette fois-ci \u00e0 proximit\u00e9 du village, ou du moins du quartier de la gare, car le village est tr\u00e8s \u00e9tal\u00e9. Nous entrons dans la vall\u00e9e de la Risle.<\/p>\n<p><img loading=\"lazy\" decoding=\"async\" class=\"alignnone size-full wp-image-4426 aligncenter\" src=\"http:\/\/cpl14.fr\/wp-content\/uploads\/2018\/11\/JHGM-6-toutainville.jpg\" alt=\"\" width=\"900\" height=\"563\" srcset=\"https:\/\/cpl14.fr\/wp-content\/uploads\/2018\/11\/JHGM-6-toutainville.jpg 900w, https:\/\/cpl14.fr\/wp-content\/uploads\/2018\/11\/JHGM-6-toutainville-300x188.jpg 300w, https:\/\/cpl14.fr\/wp-content\/uploads\/2018\/11\/JHGM-6-toutainville-768x480.jpg 768w\" sizes=\"auto, (max-width: 900px) 100vw, 900px\" \/><\/p>\n<p>au bout de la ligne droite, on aper\u00e7oit la prochaine \u00e9tape \u00e0 4,5km&#8230;<\/p>\n<p>&nbsp;<\/p>\n<h5>K.HGM 07 Pont-Audemer<\/h5>\n<p style=\"text-align: left;\">La Venise Normande nous accueille avec l&rsquo;affluence des jours de march\u00e9.<\/p>\n<p><img loading=\"lazy\" decoding=\"async\" class=\"alignnone size-full wp-image-4427 aligncenter\" src=\"http:\/\/cpl14.fr\/wp-content\/uploads\/2018\/11\/JHGM-7-pont-audemer.jpg\" alt=\"\" width=\"900\" height=\"551\" srcset=\"https:\/\/cpl14.fr\/wp-content\/uploads\/2018\/11\/JHGM-7-pont-audemer.jpg 900w, https:\/\/cpl14.fr\/wp-content\/uploads\/2018\/11\/JHGM-7-pont-audemer-300x184.jpg 300w, https:\/\/cpl14.fr\/wp-content\/uploads\/2018\/11\/JHGM-7-pont-audemer-768x470.jpg 768w\" sizes=\"auto, (max-width: 900px) 100vw, 900px\" \/><\/p>\n<p><img loading=\"lazy\" decoding=\"async\" class=\"alignnone size-full wp-image-4428 aligncenter\" src=\"http:\/\/cpl14.fr\/wp-content\/uploads\/2018\/11\/JHGM-7-1-pont-audemer.jpg\" alt=\"\" width=\"900\" height=\"571\" srcset=\"https:\/\/cpl14.fr\/wp-content\/uploads\/2018\/11\/JHGM-7-1-pont-audemer.jpg 900w, https:\/\/cpl14.fr\/wp-content\/uploads\/2018\/11\/JHGM-7-1-pont-audemer-300x190.jpg 300w, https:\/\/cpl14.fr\/wp-content\/uploads\/2018\/11\/JHGM-7-1-pont-audemer-768x487.jpg 768w\" sizes=\"auto, (max-width: 900px) 100vw, 900px\" \/><\/p>\n<p>et nous repartons pour 5km dans la vall\u00e9e de la Risle, vers&#8230;<\/p>\n<p>&nbsp;<\/p>\n<h5>K.HGM 08 Corneville St Paul<\/h5>\n<p style=\"text-align: left;\">Une petite gare dans la vall\u00e9e, au bord de la rivi\u00e8re, \u00e0 l&rsquo;\u00e9cart du village<\/p>\n<p><img loading=\"lazy\" decoding=\"async\" class=\"alignnone size-full wp-image-4458 aligncenter\" src=\"http:\/\/cpl14.fr\/wp-content\/uploads\/2018\/11\/JHGM-8-corneville.jpg\" alt=\"\" width=\"900\" height=\"568\" srcset=\"https:\/\/cpl14.fr\/wp-content\/uploads\/2018\/11\/JHGM-8-corneville.jpg 900w, https:\/\/cpl14.fr\/wp-content\/uploads\/2018\/11\/JHGM-8-corneville-300x189.jpg 300w, https:\/\/cpl14.fr\/wp-content\/uploads\/2018\/11\/JHGM-8-corneville-768x485.jpg 768w\" sizes=\"auto, (max-width: 900px) 100vw, 900px\" \/><\/p>\n<h5><\/h5>\n<h5>K.HGM 09 Cond\u00e9 sur Risle<\/h5>\n<p style=\"text-align: left;\">La station suivante est encore \u00e0 5km<\/p>\n<p><img loading=\"lazy\" decoding=\"async\" class=\"alignnone size-full wp-image-4459 aligncenter\" src=\"http:\/\/cpl14.fr\/wp-content\/uploads\/2018\/11\/JHGM-9-conde-sur-risle.jpg\" alt=\"\" width=\"900\" height=\"560\" srcset=\"https:\/\/cpl14.fr\/wp-content\/uploads\/2018\/11\/JHGM-9-conde-sur-risle.jpg 900w, https:\/\/cpl14.fr\/wp-content\/uploads\/2018\/11\/JHGM-9-conde-sur-risle-300x187.jpg 300w, https:\/\/cpl14.fr\/wp-content\/uploads\/2018\/11\/JHGM-9-conde-sur-risle-768x478.jpg 768w\" sizes=\"auto, (max-width: 900px) 100vw, 900px\" \/><\/p>\n<p>&nbsp;<\/p>\n<h5>K.HGM 10 Appeville<\/h5>\n<p>D\u00e9sol\u00e9, aucune information sur cette simple halte \u00e0 3km de Cond\u00e9 et 3km de Montfort.<\/p>\n<p>6km apr\u00e8s Cond\u00e9-sur-Risle, nous arrivons \u00e0 &#8230;<\/p>\n<p>&nbsp;<\/p>\n<h5 style=\"text-align: left;\">K.HGM 11 Montfort St Philbert<\/h5>\n<p><img loading=\"lazy\" decoding=\"async\" class=\"alignnone size-full wp-image-4460 aligncenter\" src=\"http:\/\/cpl14.fr\/wp-content\/uploads\/2018\/11\/JHGM-11-montfort-st-philbert.jpg\" alt=\"\" width=\"900\" height=\"585\" srcset=\"https:\/\/cpl14.fr\/wp-content\/uploads\/2018\/11\/JHGM-11-montfort-st-philbert.jpg 900w, https:\/\/cpl14.fr\/wp-content\/uploads\/2018\/11\/JHGM-11-montfort-st-philbert-300x195.jpg 300w, https:\/\/cpl14.fr\/wp-content\/uploads\/2018\/11\/JHGM-11-montfort-st-philbert-768x499.jpg 768w\" sizes=\"auto, (max-width: 900px) 100vw, 900px\" \/><\/p>\n<p>C&rsquo;est la gare qui dessert Montfort-sur-Risle, et le d\u00e9but de la gare de triage entre les interconnexions de Serquigny \u00e0 Rouen, et de Evreux \u00e0 Honfleur.<\/p>\n<p>&nbsp;<\/p>\n<h5>K.HGM 12 Glos-Montfort<\/h5>\n<p>Encore 3km et nous arrivons \u00e0 Glos-sur-Risle.<\/p>\n<p style=\"text-align: left;\">Ce noeud ferroviaire assure la liaison entre les 3 d\u00e9partements: Calvados depuis Honfleur, Eure depuis Serquigny, et Seine-Maritime depuis Rouen.<\/p>\n<p><img loading=\"lazy\" decoding=\"async\" class=\"alignnone size-full wp-image-4461 aligncenter\" src=\"http:\/\/cpl14.fr\/wp-content\/uploads\/2018\/11\/KGME-1-1glos-montfort.jpg\" alt=\"\" width=\"900\" height=\"568\" srcset=\"https:\/\/cpl14.fr\/wp-content\/uploads\/2018\/11\/KGME-1-1glos-montfort.jpg 900w, https:\/\/cpl14.fr\/wp-content\/uploads\/2018\/11\/KGME-1-1glos-montfort-300x189.jpg 300w, https:\/\/cpl14.fr\/wp-content\/uploads\/2018\/11\/KGME-1-1glos-montfort-768x485.jpg 768w\" sizes=\"auto, (max-width: 900px) 100vw, 900px\" \/><\/p>\n<p><img loading=\"lazy\" decoding=\"async\" class=\"alignnone size-full wp-image-4462 aligncenter\" src=\"http:\/\/cpl14.fr\/wp-content\/uploads\/2018\/11\/KGME-1-2-glos-montfort.jpg\" alt=\"\" width=\"900\" height=\"565\" srcset=\"https:\/\/cpl14.fr\/wp-content\/uploads\/2018\/11\/KGME-1-2-glos-montfort.jpg 900w, https:\/\/cpl14.fr\/wp-content\/uploads\/2018\/11\/KGME-1-2-glos-montfort-300x188.jpg 300w, https:\/\/cpl14.fr\/wp-content\/uploads\/2018\/11\/KGME-1-2-glos-montfort-768x482.jpg 768w\" sizes=\"auto, (max-width: 900px) 100vw, 900px\" \/><\/p>\n<p><img loading=\"lazy\" decoding=\"async\" class=\"alignnone size-full wp-image-4463 aligncenter\" src=\"http:\/\/cpl14.fr\/wp-content\/uploads\/2018\/11\/KGME-1-3-glos-montfort.jpg\" alt=\"\" width=\"900\" height=\"580\" srcset=\"https:\/\/cpl14.fr\/wp-content\/uploads\/2018\/11\/KGME-1-3-glos-montfort.jpg 900w, https:\/\/cpl14.fr\/wp-content\/uploads\/2018\/11\/KGME-1-3-glos-montfort-300x193.jpg 300w, https:\/\/cpl14.fr\/wp-content\/uploads\/2018\/11\/KGME-1-3-glos-montfort-768x495.jpg 768w\" sizes=\"auto, (max-width: 900px) 100vw, 900px\" \/><\/p>\n<p><img loading=\"lazy\" decoding=\"async\" class=\"alignnone size-full wp-image-4464 aligncenter\" src=\"http:\/\/cpl14.fr\/wp-content\/uploads\/2018\/11\/KGME-1-4-glos-montfort.jpg\" alt=\"\" width=\"900\" height=\"571\" srcset=\"https:\/\/cpl14.fr\/wp-content\/uploads\/2018\/11\/KGME-1-4-glos-montfort.jpg 900w, https:\/\/cpl14.fr\/wp-content\/uploads\/2018\/11\/KGME-1-4-glos-montfort-300x190.jpg 300w, https:\/\/cpl14.fr\/wp-content\/uploads\/2018\/11\/KGME-1-4-glos-montfort-768x487.jpg 768w\" sizes=\"auto, (max-width: 900px) 100vw, 900px\" \/><\/p>\n<p>&nbsp;<\/p>\n<p style=\"text-align: right;\"><a href=\"http:\/\/cpl14.fr\/?p=343\">retour \u00e0 l&rsquo;article Chemin de Fer<\/a><\/p>\n<p>&nbsp;<\/p>\n","protected":false},"excerpt":{"rendered":"<div class=\"mh-excerpt\"><p>\u00a0Ligne de Honfleur \u00e0 Glos-Montfort Pour cette ligne, nous repartons de Honfleur que nous avons \u00e9tudi\u00e9 dans l&rsquo;article\u00a0G.PLH\u00a0Ligne de Pont l&rsquo;Ev\u00eaque \u00e0 Honfleur. &nbsp; Voici <a class=\"mh-excerpt-more\" href=\"https:\/\/cpl14.fr\/?page_id=4414\" title=\"K.HGM\">[&#8230;]<\/a><\/p>\n<\/div>","protected":false},"author":1,"featured_media":0,"parent":0,"menu_order":0,"comment_status":"closed","ping_status":"closed","template":"","meta":{"footnotes":""},"class_list":["post-4414","page","type-page","status-publish","hentry"],"_links":{"self":[{"href":"https:\/\/cpl14.fr\/index.php?rest_route=\/wp\/v2\/pages\/4414","targetHints":{"allow":["GET"]}}],"collection":[{"href":"https:\/\/cpl14.fr\/index.php?rest_route=\/wp\/v2\/pages"}],"about":[{"href":"https:\/\/cpl14.fr\/index.php?rest_route=\/wp\/v2\/types\/page"}],"author":[{"embeddable":true,"href":"https:\/\/cpl14.fr\/index.php?rest_route=\/wp\/v2\/users\/1"}],"replies":[{"embeddable":true,"href":"https:\/\/cpl14.fr\/index.php?rest_route=%2Fwp%2Fv2%2Fcomments&post=4414"}],"version-history":[{"count":6,"href":"https:\/\/cpl14.fr\/index.php?rest_route=\/wp\/v2\/pages\/4414\/revisions"}],"predecessor-version":[{"id":6382,"href":"https:\/\/cpl14.fr\/index.php?rest_route=\/wp\/v2\/pages\/4414\/revisions\/6382"}],"wp:attachment":[{"href":"https:\/\/cpl14.fr\/index.php?rest_route=%2Fwp%2Fv2%2Fmedia&parent=4414"}],"curies":[{"name":"wp","href":"https:\/\/api.w.org\/{rel}","templated":true}]}}