{"id":4584,"date":"2018-12-15T09:40:42","date_gmt":"2018-12-15T08:40:42","guid":{"rendered":"http:\/\/cpl14.fr\/?page_id=4584"},"modified":"2018-12-18T12:38:35","modified_gmt":"2018-12-18T11:38:35","slug":"1889-c1","status":"publish","type":"page","link":"https:\/\/cpl14.fr\/?page_id=4584","title":{"rendered":"1889.c1"},"content":{"rendered":"<p>LE BILLET DE LOGEMENT<br \/>\nGrand calendrier mural 430 x 310mm en couleur de Berger-Levrault et Cie (Paris et Nancy) sign\u00e9 de GILLOT et mention (\u00e0 droite) grav\u00e9 et imprim\u00e9 par GILLOT.<\/p>\n<p style=\"text-align: left;\">Gillot a invent\u00e9 un syst\u00e8me de gravure de type \u00ab\u00a0pantotographe\u00a0\u00bb qui permettait d&rsquo;agrandir ou r\u00e9duire un sujet d\u00e9ja existant (gravure ou peinture). Ce proc\u00e9d\u00e9 fort utile fut largement utilis\u00e9 par la Presse illustr\u00e9e au XIXe si\u00e8cle, et vous le trouverez souvent nomm\u00e9 du nom de son\u00a0 inventeur sous la forme usuelle de \u00ab\u00a0gillotage\u00a0\u00bb ou conjugu\u00e9e \u00ab\u00a0gilloter\u00a0\u00bb ( \u00e9, \u00e9e).<br \/>\nGillot a ensuite invent\u00e9 le \u00ab\u00a0clich\u00e9 typographique\u00a0\u00bb qui a r\u00e9volutionn\u00e9 l&rsquo;imagerie imprim\u00e9e.<\/p>\n<p><img loading=\"lazy\" decoding=\"async\" class=\"alignnone size-full wp-image-4585 aligncenter\" src=\"http:\/\/cpl14.fr\/wp-content\/uploads\/2018\/12\/20181209_111158.jpg\" alt=\"\" width=\"1000\" height=\"727\" srcset=\"https:\/\/cpl14.fr\/wp-content\/uploads\/2018\/12\/20181209_111158.jpg 1000w, https:\/\/cpl14.fr\/wp-content\/uploads\/2018\/12\/20181209_111158-300x218.jpg 300w, https:\/\/cpl14.fr\/wp-content\/uploads\/2018\/12\/20181209_111158-768x558.jpg 768w\" sizes=\"auto, (max-width: 1000px) 100vw, 1000px\" \/><\/p>\n<p style=\"text-align: left;\">Nous ajoutons ci-dessous en compl\u00e9ment, de nos collections, une jolie m\u00e9daille repr\u00e9sentant Firmin Gillot Ma\u00eetre graveur 1820-1872.<br \/>\nM\u00e9daille en bronze par Jean VERNON<br \/>\n90 x 65mm , poids 245gr.<br \/>\nRevers : Offert par les clich\u00e9s Union \/ Gillot-Rousset-Ruckert \u00e0 l&rsquo; occasion du centenaire de la d\u00e9couverte du clich\u00e9 typographique par Firmin Gillot.<\/p>\n<p><img loading=\"lazy\" decoding=\"async\" class=\"alignnone size-full wp-image-4586 aligncenter\" src=\"http:\/\/cpl14.fr\/wp-content\/uploads\/2018\/12\/20181209_113431.jpg\" alt=\"\" width=\"400\" height=\"563\" srcset=\"https:\/\/cpl14.fr\/wp-content\/uploads\/2018\/12\/20181209_113431.jpg 400w, https:\/\/cpl14.fr\/wp-content\/uploads\/2018\/12\/20181209_113431-213x300.jpg 213w\" sizes=\"auto, (max-width: 400px) 100vw, 400px\" \/><\/p>\n","protected":false},"excerpt":{"rendered":"<div class=\"mh-excerpt\"><p>LE BILLET DE LOGEMENT Grand calendrier mural 430 x 310mm en couleur de Berger-Levrault et Cie (Paris et Nancy) sign\u00e9 de GILLOT et mention (\u00e0 <a class=\"mh-excerpt-more\" href=\"https:\/\/cpl14.fr\/?page_id=4584\" title=\"1889.c1\">[&#8230;]<\/a><\/p>\n<\/div>","protected":false},"author":1,"featured_media":0,"parent":0,"menu_order":0,"comment_status":"closed","ping_status":"closed","template":"","meta":{"footnotes":""},"class_list":["post-4584","page","type-page","status-publish","hentry"],"_links":{"self":[{"href":"https:\/\/cpl14.fr\/index.php?rest_route=\/wp\/v2\/pages\/4584","targetHints":{"allow":["GET"]}}],"collection":[{"href":"https:\/\/cpl14.fr\/index.php?rest_route=\/wp\/v2\/pages"}],"about":[{"href":"https:\/\/cpl14.fr\/index.php?rest_route=\/wp\/v2\/types\/page"}],"author":[{"embeddable":true,"href":"https:\/\/cpl14.fr\/index.php?rest_route=\/wp\/v2\/users\/1"}],"replies":[{"embeddable":true,"href":"https:\/\/cpl14.fr\/index.php?rest_route=%2Fwp%2Fv2%2Fcomments&post=4584"}],"version-history":[{"count":3,"href":"https:\/\/cpl14.fr\/index.php?rest_route=\/wp\/v2\/pages\/4584\/revisions"}],"predecessor-version":[{"id":4598,"href":"https:\/\/cpl14.fr\/index.php?rest_route=\/wp\/v2\/pages\/4584\/revisions\/4598"}],"wp:attachment":[{"href":"https:\/\/cpl14.fr\/index.php?rest_route=%2Fwp%2Fv2%2Fmedia&parent=4584"}],"curies":[{"name":"wp","href":"https:\/\/api.w.org\/{rel}","templated":true}]}}