{"id":4683,"date":"2019-01-04T14:44:46","date_gmt":"2019-01-04T13:44:46","guid":{"rendered":"http:\/\/cpl14.fr\/?page_id=4683"},"modified":"2019-01-04T15:29:28","modified_gmt":"2019-01-04T14:29:28","slug":"1885-2","status":"publish","type":"page","link":"https:\/\/cpl14.fr\/?page_id=4683","title":{"rendered":"1885.c2"},"content":{"rendered":"<div>Cet almanach est fran\u00e7ais. Son texte exceptionnel de couverture s&rsquo;inscrit parfaitement dans la th\u00e9matique autrichienne des autres almanach.<\/div>\n<div>\u00ab\u00a0MEFIEZ-VOUS DES M\u00c9DICAMENTS VENANT D&rsquo;ALLEMAGNE\u00a0\u00bb Etc.\u00a0(115\u00d7155mm. 24 pages. Couverture bleu p\u00e2le. Imprimerie litho de Oberthur \u00e0 Rennes).<\/div>\n<div>Almanach de Artige &amp; Lascombe \u00e0 Aubenas (Ard\u00e8che) fabricant, il est offert par les pharmaciens d\u00e9taillants.<\/div>\n<div>Son int\u00e9rieur est tellement d\u00e9taill\u00e9, illustr\u00e9 et riche en informations pharmaceutiques que nous avons choisi de vous le montrer en entier:<\/div>\n<div><\/div>\n<div><img loading=\"lazy\" decoding=\"async\" class=\"alignnone size-full wp-image-4685 aligncenter\" src=\"http:\/\/cpl14.fr\/wp-content\/uploads\/2019\/01\/1-3.jpg\" alt=\"\" width=\"946\" height=\"700\" srcset=\"https:\/\/cpl14.fr\/wp-content\/uploads\/2019\/01\/1-3.jpg 946w, https:\/\/cpl14.fr\/wp-content\/uploads\/2019\/01\/1-3-300x222.jpg 300w, https:\/\/cpl14.fr\/wp-content\/uploads\/2019\/01\/1-3-768x568.jpg 768w, https:\/\/cpl14.fr\/wp-content\/uploads\/2019\/01\/1-3-80x60.jpg 80w\" sizes=\"auto, (max-width: 946px) 100vw, 946px\" \/><\/div>\n<div style=\"text-align: center;\"><\/div>\n<div><img loading=\"lazy\" decoding=\"async\" class=\"alignnone size-full wp-image-4686 aligncenter\" src=\"http:\/\/cpl14.fr\/wp-content\/uploads\/2019\/01\/2-2.jpg\" alt=\"\" width=\"447\" height=\"700\" srcset=\"https:\/\/cpl14.fr\/wp-content\/uploads\/2019\/01\/2-2.jpg 447w, https:\/\/cpl14.fr\/wp-content\/uploads\/2019\/01\/2-2-192x300.jpg 192w\" sizes=\"auto, (max-width: 447px) 100vw, 447px\" \/><\/div>\n<div style=\"text-align: center;\"><\/div>\n<div><img loading=\"lazy\" decoding=\"async\" class=\"alignnone size-full wp-image-4691 aligncenter\" src=\"http:\/\/cpl14.fr\/wp-content\/uploads\/2019\/01\/3-1.jpg\" alt=\"\" width=\"894\" height=\"700\" srcset=\"https:\/\/cpl14.fr\/wp-content\/uploads\/2019\/01\/3-1.jpg 894w, https:\/\/cpl14.fr\/wp-content\/uploads\/2019\/01\/3-1-300x235.jpg 300w, https:\/\/cpl14.fr\/wp-content\/uploads\/2019\/01\/3-1-768x601.jpg 768w\" sizes=\"auto, (max-width: 894px) 100vw, 894px\" \/><\/div>\n<div><\/div>\n<div><img loading=\"lazy\" decoding=\"async\" class=\"alignnone size-full wp-image-4692 aligncenter\" src=\"http:\/\/cpl14.fr\/wp-content\/uploads\/2019\/01\/4-2.jpg\" alt=\"\" width=\"924\" height=\"700\" srcset=\"https:\/\/cpl14.fr\/wp-content\/uploads\/2019\/01\/4-2.jpg 924w, https:\/\/cpl14.fr\/wp-content\/uploads\/2019\/01\/4-2-300x227.jpg 300w, https:\/\/cpl14.fr\/wp-content\/uploads\/2019\/01\/4-2-768x582.jpg 768w, https:\/\/cpl14.fr\/wp-content\/uploads\/2019\/01\/4-2-80x60.jpg 80w\" sizes=\"auto, (max-width: 924px) 100vw, 924px\" \/><\/div>\n<div><\/div>\n<div><img loading=\"lazy\" decoding=\"async\" class=\"alignnone size-full wp-image-4693 aligncenter\" src=\"http:\/\/cpl14.fr\/wp-content\/uploads\/2019\/01\/5.jpg\" alt=\"\" width=\"919\" height=\"700\" srcset=\"https:\/\/cpl14.fr\/wp-content\/uploads\/2019\/01\/5.jpg 919w, https:\/\/cpl14.fr\/wp-content\/uploads\/2019\/01\/5-300x229.jpg 300w, https:\/\/cpl14.fr\/wp-content\/uploads\/2019\/01\/5-768x585.jpg 768w, https:\/\/cpl14.fr\/wp-content\/uploads\/2019\/01\/5-80x60.jpg 80w\" sizes=\"auto, (max-width: 919px) 100vw, 919px\" \/><\/div>\n<div><\/div>\n<div><img loading=\"lazy\" decoding=\"async\" class=\"alignnone size-full wp-image-4694 aligncenter\" src=\"http:\/\/cpl14.fr\/wp-content\/uploads\/2019\/01\/6.jpg\" alt=\"\" width=\"924\" height=\"700\" srcset=\"https:\/\/cpl14.fr\/wp-content\/uploads\/2019\/01\/6.jpg 924w, https:\/\/cpl14.fr\/wp-content\/uploads\/2019\/01\/6-300x227.jpg 300w, https:\/\/cpl14.fr\/wp-content\/uploads\/2019\/01\/6-768x582.jpg 768w, https:\/\/cpl14.fr\/wp-content\/uploads\/2019\/01\/6-80x60.jpg 80w\" sizes=\"auto, (max-width: 924px) 100vw, 924px\" \/><\/div>\n<div><\/div>\n<div><\/div>\n<div><img loading=\"lazy\" decoding=\"async\" class=\"alignnone size-full wp-image-4695 aligncenter\" src=\"http:\/\/cpl14.fr\/wp-content\/uploads\/2019\/01\/7.jpg\" alt=\"\" width=\"933\" height=\"700\" srcset=\"https:\/\/cpl14.fr\/wp-content\/uploads\/2019\/01\/7.jpg 933w, https:\/\/cpl14.fr\/wp-content\/uploads\/2019\/01\/7-300x225.jpg 300w, https:\/\/cpl14.fr\/wp-content\/uploads\/2019\/01\/7-768x576.jpg 768w, https:\/\/cpl14.fr\/wp-content\/uploads\/2019\/01\/7-678x509.jpg 678w, https:\/\/cpl14.fr\/wp-content\/uploads\/2019\/01\/7-326x245.jpg 326w, https:\/\/cpl14.fr\/wp-content\/uploads\/2019\/01\/7-80x60.jpg 80w\" sizes=\"auto, (max-width: 933px) 100vw, 933px\" \/><\/div>\n<div><\/div>\n<div><img loading=\"lazy\" decoding=\"async\" class=\"alignnone size-full wp-image-4696 aligncenter\" src=\"http:\/\/cpl14.fr\/wp-content\/uploads\/2019\/01\/8.jpg\" alt=\"\" width=\"940\" height=\"700\" srcset=\"https:\/\/cpl14.fr\/wp-content\/uploads\/2019\/01\/8.jpg 940w, https:\/\/cpl14.fr\/wp-content\/uploads\/2019\/01\/8-300x223.jpg 300w, https:\/\/cpl14.fr\/wp-content\/uploads\/2019\/01\/8-768x572.jpg 768w, https:\/\/cpl14.fr\/wp-content\/uploads\/2019\/01\/8-80x60.jpg 80w\" sizes=\"auto, (max-width: 940px) 100vw, 940px\" \/><\/div>\n<div><\/div>\n<div><\/div>\n<div><img loading=\"lazy\" decoding=\"async\" class=\"alignnone size-full wp-image-4697 aligncenter\" src=\"http:\/\/cpl14.fr\/wp-content\/uploads\/2019\/01\/9.jpg\" alt=\"\" width=\"903\" height=\"700\" srcset=\"https:\/\/cpl14.fr\/wp-content\/uploads\/2019\/01\/9.jpg 903w, https:\/\/cpl14.fr\/wp-content\/uploads\/2019\/01\/9-300x233.jpg 300w, https:\/\/cpl14.fr\/wp-content\/uploads\/2019\/01\/9-768x595.jpg 768w\" sizes=\"auto, (max-width: 903px) 100vw, 903px\" \/><\/div>\n<div><\/div>\n<div><img loading=\"lazy\" decoding=\"async\" class=\"alignnone size-full wp-image-4698 aligncenter\" src=\"http:\/\/cpl14.fr\/wp-content\/uploads\/2019\/01\/10.jpg\" alt=\"\" width=\"914\" height=\"700\" srcset=\"https:\/\/cpl14.fr\/wp-content\/uploads\/2019\/01\/10.jpg 914w, https:\/\/cpl14.fr\/wp-content\/uploads\/2019\/01\/10-300x230.jpg 300w, https:\/\/cpl14.fr\/wp-content\/uploads\/2019\/01\/10-768x588.jpg 768w, https:\/\/cpl14.fr\/wp-content\/uploads\/2019\/01\/10-80x60.jpg 80w\" sizes=\"auto, (max-width: 914px) 100vw, 914px\" \/><\/div>\n<div><\/div>\n<div><img loading=\"lazy\" decoding=\"async\" class=\"alignnone size-full wp-image-4699 aligncenter\" src=\"http:\/\/cpl14.fr\/wp-content\/uploads\/2019\/01\/11.jpg\" alt=\"\" width=\"936\" height=\"700\" srcset=\"https:\/\/cpl14.fr\/wp-content\/uploads\/2019\/01\/11.jpg 936w, https:\/\/cpl14.fr\/wp-content\/uploads\/2019\/01\/11-300x224.jpg 300w, https:\/\/cpl14.fr\/wp-content\/uploads\/2019\/01\/11-768x574.jpg 768w, https:\/\/cpl14.fr\/wp-content\/uploads\/2019\/01\/11-326x245.jpg 326w, https:\/\/cpl14.fr\/wp-content\/uploads\/2019\/01\/11-80x60.jpg 80w\" sizes=\"auto, (max-width: 936px) 100vw, 936px\" \/><\/div>\n<div><\/div>\n<div><img loading=\"lazy\" decoding=\"async\" class=\"alignnone size-full wp-image-4700 aligncenter\" src=\"http:\/\/cpl14.fr\/wp-content\/uploads\/2019\/01\/12.jpg\" alt=\"\" width=\"923\" height=\"700\" srcset=\"https:\/\/cpl14.fr\/wp-content\/uploads\/2019\/01\/12.jpg 923w, https:\/\/cpl14.fr\/wp-content\/uploads\/2019\/01\/12-300x228.jpg 300w, https:\/\/cpl14.fr\/wp-content\/uploads\/2019\/01\/12-768x582.jpg 768w, https:\/\/cpl14.fr\/wp-content\/uploads\/2019\/01\/12-80x60.jpg 80w\" sizes=\"auto, (max-width: 923px) 100vw, 923px\" \/><\/div>\n<div><\/div>\n<div><img loading=\"lazy\" decoding=\"async\" class=\"alignnone size-full wp-image-4701 aligncenter\" src=\"http:\/\/cpl14.fr\/wp-content\/uploads\/2019\/01\/13.jpg\" alt=\"\" width=\"904\" height=\"700\" srcset=\"https:\/\/cpl14.fr\/wp-content\/uploads\/2019\/01\/13.jpg 904w, https:\/\/cpl14.fr\/wp-content\/uploads\/2019\/01\/13-300x232.jpg 300w, https:\/\/cpl14.fr\/wp-content\/uploads\/2019\/01\/13-768x595.jpg 768w\" sizes=\"auto, (max-width: 904px) 100vw, 904px\" \/><\/div>\n<div><\/div>\n<div><img loading=\"lazy\" decoding=\"async\" class=\"alignnone size-full wp-image-4702 aligncenter\" src=\"http:\/\/cpl14.fr\/wp-content\/uploads\/2019\/01\/14.jpg\" alt=\"\" width=\"938\" height=\"700\" srcset=\"https:\/\/cpl14.fr\/wp-content\/uploads\/2019\/01\/14.jpg 938w, https:\/\/cpl14.fr\/wp-content\/uploads\/2019\/01\/14-300x224.jpg 300w, https:\/\/cpl14.fr\/wp-content\/uploads\/2019\/01\/14-768x573.jpg 768w, https:\/\/cpl14.fr\/wp-content\/uploads\/2019\/01\/14-80x60.jpg 80w\" sizes=\"auto, (max-width: 938px) 100vw, 938px\" \/><\/div>\n<div><\/div>\n<div><img loading=\"lazy\" decoding=\"async\" class=\"alignnone size-full wp-image-4703 aligncenter\" src=\"http:\/\/cpl14.fr\/wp-content\/uploads\/2019\/01\/15.jpg\" alt=\"\" width=\"926\" height=\"700\" srcset=\"https:\/\/cpl14.fr\/wp-content\/uploads\/2019\/01\/15.jpg 926w, https:\/\/cpl14.fr\/wp-content\/uploads\/2019\/01\/15-300x227.jpg 300w, https:\/\/cpl14.fr\/wp-content\/uploads\/2019\/01\/15-768x581.jpg 768w, https:\/\/cpl14.fr\/wp-content\/uploads\/2019\/01\/15-326x245.jpg 326w, https:\/\/cpl14.fr\/wp-content\/uploads\/2019\/01\/15-80x60.jpg 80w\" sizes=\"auto, (max-width: 926px) 100vw, 926px\" \/><\/div>\n","protected":false},"excerpt":{"rendered":"<div class=\"mh-excerpt\"><p>Cet almanach est fran\u00e7ais. Son texte exceptionnel de couverture s&rsquo;inscrit parfaitement dans la th\u00e9matique autrichienne des autres almanach. \u00ab\u00a0MEFIEZ-VOUS DES M\u00c9DICAMENTS VENANT D&rsquo;ALLEMAGNE\u00a0\u00bb Etc.\u00a0(115\u00d7155mm. 24 <a class=\"mh-excerpt-more\" href=\"https:\/\/cpl14.fr\/?page_id=4683\" title=\"1885.c2\">[&#8230;]<\/a><\/p>\n<\/div>","protected":false},"author":1,"featured_media":0,"parent":0,"menu_order":0,"comment_status":"closed","ping_status":"closed","template":"","meta":{"footnotes":""},"class_list":["post-4683","page","type-page","status-publish","hentry"],"_links":{"self":[{"href":"https:\/\/cpl14.fr\/index.php?rest_route=\/wp\/v2\/pages\/4683","targetHints":{"allow":["GET"]}}],"collection":[{"href":"https:\/\/cpl14.fr\/index.php?rest_route=\/wp\/v2\/pages"}],"about":[{"href":"https:\/\/cpl14.fr\/index.php?rest_route=\/wp\/v2\/types\/page"}],"author":[{"embeddable":true,"href":"https:\/\/cpl14.fr\/index.php?rest_route=\/wp\/v2\/users\/1"}],"replies":[{"embeddable":true,"href":"https:\/\/cpl14.fr\/index.php?rest_route=%2Fwp%2Fv2%2Fcomments&post=4683"}],"version-history":[{"count":4,"href":"https:\/\/cpl14.fr\/index.php?rest_route=\/wp\/v2\/pages\/4683\/revisions"}],"predecessor-version":[{"id":4705,"href":"https:\/\/cpl14.fr\/index.php?rest_route=\/wp\/v2\/pages\/4683\/revisions\/4705"}],"wp:attachment":[{"href":"https:\/\/cpl14.fr\/index.php?rest_route=%2Fwp%2Fv2%2Fmedia&parent=4683"}],"curies":[{"name":"wp","href":"https:\/\/api.w.org\/{rel}","templated":true}]}}