{"id":47,"date":"2017-12-23T08:10:42","date_gmt":"2017-12-23T07:10:42","guid":{"rendered":"http:\/\/cpl14.fr\/?page_id=47"},"modified":"2025-10-30T10:10:50","modified_gmt":"2025-10-30T09:10:50","slug":"actualites","status":"publish","type":"page","link":"https:\/\/cpl14.fr\/?page_id=47","title":{"rendered":"Actualit\u00e9s"},"content":{"rendered":"<h4>Le Cercle:<\/h4>\n<p>le club dispose d&rsquo;une imprimante-scanner A3 couleur pour scanner vos collections, imprimer vos feuilles personnalis\u00e9es, etc. Renseignements et tarifs aupr\u00e8s de Bruno BONNET<\/p>\n<h4>\u00a0<\/h4>\n<h4>Notre Site:<\/h4>\n<p>Merci \u00e0 l'\u00a0\u00bbEcho de la Timbrologie\u00a0\u00bb de juin 2020 qui nous a fait un bel article.<\/p>\n<p><img loading=\"lazy\" decoding=\"async\" class=\"wp-image-7673 aligncenter\" src=\"http:\/\/cpl14.fr\/wp-content\/uploads\/2020\/06\/echo-juin-2020.jpg\" alt=\"\" width=\"472\" height=\"630\" \/><\/p>\n<p>&nbsp;<\/p>\n<h4><strong>Prochaines R\u00e9unions:<\/strong><\/h4>\n<p>tous les derniers dimanche du mois de septembre \u00e0 juin, salle Mozart, 2e centre commercial de Lisieux-Hauteville, de 9h \u00e0 12h<\/p>\n<p>&nbsp;<\/p>\n<h4>Prochaine Permanence:<\/h4>\n<p>tous les mercredi de septembre \u00e0 juin, de 16h00 \u00e0 17h30h, \u00e0 la Salle Multi-activit\u00e9, rue Victorine Magne.<\/p>\n<p>&nbsp;<\/p>\n<h4>Prochaines Expositions:<\/h4>\n<p>samedi 10 et dimanche 11 octobre 2026, Macophilex 50, Halle St Jacques, \u00e0 Lisieux<\/p>\n<p style=\"text-align: center;\">.<\/p>\n<h4>Prochains Salons:<\/h4>\n<p>samedi 10 et dimanche 11 octobre 2026, Macophilex 50, Halle St Jacques, \u00e0 Lisieux<\/p>\n<p style=\"text-align: center;\">.<\/p>\n<h4>Autres rendez-vous:<\/h4>\n<p>samedi 10 et dimanche 11 octobre 2026, Macophilex 50, Halle St Jacques, \u00e0 Lisieux<\/p>\n<p style=\"text-align: center;\">\u00a0<\/p>\n\n\n<p><\/p>\n","protected":false},"excerpt":{"rendered":"<div class=\"mh-excerpt\"><p>Le Cercle: le club dispose d&rsquo;une imprimante-scanner A3 couleur pour scanner vos collections, imprimer vos feuilles personnalis\u00e9es, etc. Renseignements et tarifs aupr\u00e8s de Bruno BONNET <a class=\"mh-excerpt-more\" href=\"https:\/\/cpl14.fr\/?page_id=47\" title=\"Actualit\u00e9s\">[&#8230;]<\/a><\/p>\n<\/div>","protected":false},"author":1,"featured_media":0,"parent":0,"menu_order":0,"comment_status":"closed","ping_status":"closed","template":"","meta":{"footnotes":""},"class_list":["post-47","page","type-page","status-publish","hentry"],"_links":{"self":[{"href":"https:\/\/cpl14.fr\/index.php?rest_route=\/wp\/v2\/pages\/47","targetHints":{"allow":["GET"]}}],"collection":[{"href":"https:\/\/cpl14.fr\/index.php?rest_route=\/wp\/v2\/pages"}],"about":[{"href":"https:\/\/cpl14.fr\/index.php?rest_route=\/wp\/v2\/types\/page"}],"author":[{"embeddable":true,"href":"https:\/\/cpl14.fr\/index.php?rest_route=\/wp\/v2\/users\/1"}],"replies":[{"embeddable":true,"href":"https:\/\/cpl14.fr\/index.php?rest_route=%2Fwp%2Fv2%2Fcomments&post=47"}],"version-history":[{"count":171,"href":"https:\/\/cpl14.fr\/index.php?rest_route=\/wp\/v2\/pages\/47\/revisions"}],"predecessor-version":[{"id":8684,"href":"https:\/\/cpl14.fr\/index.php?rest_route=\/wp\/v2\/pages\/47\/revisions\/8684"}],"wp:attachment":[{"href":"https:\/\/cpl14.fr\/index.php?rest_route=%2Fwp%2Fv2%2Fmedia&parent=47"}],"curies":[{"name":"wp","href":"https:\/\/api.w.org\/{rel}","templated":true}]}}