{"id":4706,"date":"2019-01-04T15:38:08","date_gmt":"2019-01-04T14:38:08","guid":{"rendered":"http:\/\/cpl14.fr\/?page_id=4706"},"modified":"2019-01-04T15:38:08","modified_gmt":"2019-01-04T14:38:08","slug":"1887-c1","status":"publish","type":"page","link":"https:\/\/cpl14.fr\/?page_id=4706","title":{"rendered":"1887.c1"},"content":{"rendered":"<div>De m\u00eame configuration que le POST-BUCHEL 1884, et format (115\u00d7170mm. 24 pages)\u00a0 un almanach imprim\u00e9 \u00e0 Wien.<\/div>\n<div>Publicit\u00e9s dont biscuits, et tarifs postaux d\u00e9taill\u00e9s<\/div>\n<div style=\"text-align: left;\">6 grandes gravures.<\/div>\n<div><img loading=\"lazy\" decoding=\"async\" class=\"alignnone size-full wp-image-4707 aligncenter\" src=\"http:\/\/cpl14.fr\/wp-content\/uploads\/2019\/01\/1-4.jpg\" alt=\"\" width=\"915\" height=\"700\" srcset=\"https:\/\/cpl14.fr\/wp-content\/uploads\/2019\/01\/1-4.jpg 915w, https:\/\/cpl14.fr\/wp-content\/uploads\/2019\/01\/1-4-300x230.jpg 300w, https:\/\/cpl14.fr\/wp-content\/uploads\/2019\/01\/1-4-768x588.jpg 768w, https:\/\/cpl14.fr\/wp-content\/uploads\/2019\/01\/1-4-80x60.jpg 80w\" sizes=\"auto, (max-width: 915px) 100vw, 915px\" \/><\/div>\n<div><\/div>\n<div><img loading=\"lazy\" decoding=\"async\" class=\"alignnone size-full wp-image-4708 aligncenter\" src=\"http:\/\/cpl14.fr\/wp-content\/uploads\/2019\/01\/2-3.jpg\" alt=\"\" width=\"816\" height=\"700\" srcset=\"https:\/\/cpl14.fr\/wp-content\/uploads\/2019\/01\/2-3.jpg 816w, https:\/\/cpl14.fr\/wp-content\/uploads\/2019\/01\/2-3-300x257.jpg 300w, https:\/\/cpl14.fr\/wp-content\/uploads\/2019\/01\/2-3-768x659.jpg 768w\" sizes=\"auto, (max-width: 816px) 100vw, 816px\" \/><\/div>\n<div><\/div>\n<div><img loading=\"lazy\" decoding=\"async\" class=\"alignnone size-full wp-image-4709 aligncenter\" src=\"http:\/\/cpl14.fr\/wp-content\/uploads\/2019\/01\/3-2.jpg\" alt=\"\" width=\"420\" height=\"700\" srcset=\"https:\/\/cpl14.fr\/wp-content\/uploads\/2019\/01\/3-2.jpg 420w, https:\/\/cpl14.fr\/wp-content\/uploads\/2019\/01\/3-2-180x300.jpg 180w\" sizes=\"auto, (max-width: 420px) 100vw, 420px\" \/><\/div>\n<div><\/div>\n<div><img loading=\"lazy\" decoding=\"async\" class=\"alignnone size-full wp-image-4710 aligncenter\" src=\"http:\/\/cpl14.fr\/wp-content\/uploads\/2019\/01\/4-3.jpg\" alt=\"\" width=\"878\" height=\"700\" srcset=\"https:\/\/cpl14.fr\/wp-content\/uploads\/2019\/01\/4-3.jpg 878w, https:\/\/cpl14.fr\/wp-content\/uploads\/2019\/01\/4-3-300x239.jpg 300w, https:\/\/cpl14.fr\/wp-content\/uploads\/2019\/01\/4-3-768x612.jpg 768w\" sizes=\"auto, (max-width: 878px) 100vw, 878px\" \/><\/div>\n<div><\/div>\n<div><img loading=\"lazy\" decoding=\"async\" class=\"alignnone size-full wp-image-4711 aligncenter\" src=\"http:\/\/cpl14.fr\/wp-content\/uploads\/2019\/01\/5-1.jpg\" alt=\"\" width=\"856\" height=\"700\" srcset=\"https:\/\/cpl14.fr\/wp-content\/uploads\/2019\/01\/5-1.jpg 856w, https:\/\/cpl14.fr\/wp-content\/uploads\/2019\/01\/5-1-300x245.jpg 300w, https:\/\/cpl14.fr\/wp-content\/uploads\/2019\/01\/5-1-768x628.jpg 768w\" sizes=\"auto, (max-width: 856px) 100vw, 856px\" \/><\/div>\n<div><\/div>\n","protected":false},"excerpt":{"rendered":"<div class=\"mh-excerpt\"><p>De m\u00eame configuration que le POST-BUCHEL 1884, et format (115\u00d7170mm. 24 pages)\u00a0 un almanach imprim\u00e9 \u00e0 Wien. Publicit\u00e9s dont biscuits, et tarifs postaux d\u00e9taill\u00e9s 6 <a class=\"mh-excerpt-more\" href=\"https:\/\/cpl14.fr\/?page_id=4706\" title=\"1887.c1\">[&#8230;]<\/a><\/p>\n<\/div>","protected":false},"author":1,"featured_media":0,"parent":0,"menu_order":0,"comment_status":"closed","ping_status":"closed","template":"","meta":{"footnotes":""},"class_list":["post-4706","page","type-page","status-publish","hentry"],"_links":{"self":[{"href":"https:\/\/cpl14.fr\/index.php?rest_route=\/wp\/v2\/pages\/4706","targetHints":{"allow":["GET"]}}],"collection":[{"href":"https:\/\/cpl14.fr\/index.php?rest_route=\/wp\/v2\/pages"}],"about":[{"href":"https:\/\/cpl14.fr\/index.php?rest_route=\/wp\/v2\/types\/page"}],"author":[{"embeddable":true,"href":"https:\/\/cpl14.fr\/index.php?rest_route=\/wp\/v2\/users\/1"}],"replies":[{"embeddable":true,"href":"https:\/\/cpl14.fr\/index.php?rest_route=%2Fwp%2Fv2%2Fcomments&post=4706"}],"version-history":[{"count":1,"href":"https:\/\/cpl14.fr\/index.php?rest_route=\/wp\/v2\/pages\/4706\/revisions"}],"predecessor-version":[{"id":4712,"href":"https:\/\/cpl14.fr\/index.php?rest_route=\/wp\/v2\/pages\/4706\/revisions\/4712"}],"wp:attachment":[{"href":"https:\/\/cpl14.fr\/index.php?rest_route=%2Fwp%2Fv2%2Fmedia&parent=4706"}],"curies":[{"name":"wp","href":"https:\/\/api.w.org\/{rel}","templated":true}]}}