{"id":4738,"date":"2019-01-04T18:41:57","date_gmt":"2019-01-04T17:41:57","guid":{"rendered":"http:\/\/cpl14.fr\/?page_id=4738"},"modified":"2019-01-04T18:42:48","modified_gmt":"2019-01-04T17:42:48","slug":"1903-c1","status":"publish","type":"page","link":"https:\/\/cpl14.fr\/?page_id=4738","title":{"rendered":"1903.c1"},"content":{"rendered":"<div>De m\u00eames caract\u00e9ristiques que le Post-Buchel de 1899, belle illustration postale en chromolithographie, int\u00e9rieur de 24 pages avec calendrier au centre et publicit\u00e9s en couvertures.<\/div>\n<div>(M\u00eame format. Imprim\u00e9 \u00e0 Wien).<\/div>\n<div style=\"text-align: center;\"><\/div>\n<div><img loading=\"lazy\" decoding=\"async\" class=\"alignnone size-full wp-image-4739 aligncenter\" src=\"http:\/\/cpl14.fr\/wp-content\/uploads\/2019\/01\/1-8.jpg\" alt=\"\" width=\"795\" height=\"700\" srcset=\"https:\/\/cpl14.fr\/wp-content\/uploads\/2019\/01\/1-8.jpg 795w, https:\/\/cpl14.fr\/wp-content\/uploads\/2019\/01\/1-8-300x264.jpg 300w, https:\/\/cpl14.fr\/wp-content\/uploads\/2019\/01\/1-8-768x676.jpg 768w\" sizes=\"auto, (max-width: 795px) 100vw, 795px\" \/><\/div>\n<div><\/div>\n<div><\/div>\n<div><\/div>\n","protected":false},"excerpt":{"rendered":"<div class=\"mh-excerpt\"><p>De m\u00eames caract\u00e9ristiques que le Post-Buchel de 1899, belle illustration postale en chromolithographie, int\u00e9rieur de 24 pages avec calendrier au centre et publicit\u00e9s en couvertures. <a class=\"mh-excerpt-more\" href=\"https:\/\/cpl14.fr\/?page_id=4738\" title=\"1903.c1\">[&#8230;]<\/a><\/p>\n<\/div>","protected":false},"author":1,"featured_media":0,"parent":0,"menu_order":0,"comment_status":"closed","ping_status":"closed","template":"","meta":{"footnotes":""},"class_list":["post-4738","page","type-page","status-publish","hentry"],"_links":{"self":[{"href":"https:\/\/cpl14.fr\/index.php?rest_route=\/wp\/v2\/pages\/4738","targetHints":{"allow":["GET"]}}],"collection":[{"href":"https:\/\/cpl14.fr\/index.php?rest_route=\/wp\/v2\/pages"}],"about":[{"href":"https:\/\/cpl14.fr\/index.php?rest_route=\/wp\/v2\/types\/page"}],"author":[{"embeddable":true,"href":"https:\/\/cpl14.fr\/index.php?rest_route=\/wp\/v2\/users\/1"}],"replies":[{"embeddable":true,"href":"https:\/\/cpl14.fr\/index.php?rest_route=%2Fwp%2Fv2%2Fcomments&post=4738"}],"version-history":[{"count":1,"href":"https:\/\/cpl14.fr\/index.php?rest_route=\/wp\/v2\/pages\/4738\/revisions"}],"predecessor-version":[{"id":4740,"href":"https:\/\/cpl14.fr\/index.php?rest_route=\/wp\/v2\/pages\/4738\/revisions\/4740"}],"wp:attachment":[{"href":"https:\/\/cpl14.fr\/index.php?rest_route=%2Fwp%2Fv2%2Fmedia&parent=4738"}],"curies":[{"name":"wp","href":"https:\/\/api.w.org\/{rel}","templated":true}]}}