{"id":5050,"date":"2019-04-06T17:21:52","date_gmt":"2019-04-06T15:21:52","guid":{"rendered":"http:\/\/cpl14.fr\/?page_id=5050"},"modified":"2020-03-25T05:25:31","modified_gmt":"2020-03-25T04:25:31","slug":"le-decauville-de-la-plage-de-deauville","status":"publish","type":"page","link":"https:\/\/cpl14.fr\/?page_id=5050","title":{"rendered":"Le Decauville de la plage de Deauville"},"content":{"rendered":"<div><img loading=\"lazy\" decoding=\"async\" class=\"size-full wp-image-5053 aligncenter\" src=\"http:\/\/cpl14.fr\/wp-content\/uploads\/2019\/04\/20190405_103436.jpg\" alt=\"\" width=\"600\" height=\"315\" srcset=\"https:\/\/cpl14.fr\/wp-content\/uploads\/2019\/04\/20190405_103436.jpg 600w, https:\/\/cpl14.fr\/wp-content\/uploads\/2019\/04\/20190405_103436-300x158.jpg 300w\" sizes=\"auto, (max-width: 600px) 100vw, 600px\" \/><\/div>\n<div>Au sujet du tramway de la plage, il convient de distinguer deux \u00e9v\u00e9nements bien distincts dont le lieu de passage est si proche qu&rsquo;il pourrait pr\u00eater \u00e0 confusion.<\/div>\n<div><\/div>\n<div>A l&rsquo;occasion de l&rsquo;inauguration de la ligne de Pont L&rsquo;\u00e9v\u00eaque \u00e0 Trouville-Deauville, en pr\u00e9sence du Duc de Morny \u00ab\u00a0et sa suite\u00a0\u00bb une importante c\u00e9r\u00e9monie fut organis\u00e9e. Cette f\u00eate m\u00e9morable bien connue fut reprise et souvent cit\u00e9e; en voici la version la plus courante qui est celle de nos historiens locaux, le Dr Deliencourt et Jean Chennebenoist:<\/div>\n<div><\/div>\n<div><img loading=\"lazy\" decoding=\"async\" class=\"size-full wp-image-5054 aligncenter\" src=\"http:\/\/cpl14.fr\/wp-content\/uploads\/2019\/04\/20190405_093443.jpg\" alt=\"\" width=\"900\" height=\"1110\" srcset=\"https:\/\/cpl14.fr\/wp-content\/uploads\/2019\/04\/20190405_093443.jpg 900w, https:\/\/cpl14.fr\/wp-content\/uploads\/2019\/04\/20190405_093443-243x300.jpg 243w, https:\/\/cpl14.fr\/wp-content\/uploads\/2019\/04\/20190405_093443-768x947.jpg 768w, https:\/\/cpl14.fr\/wp-content\/uploads\/2019\/04\/20190405_093443-830x1024.jpg 830w\" sizes=\"auto, (max-width: 900px) 100vw, 900px\" \/><\/div>\n<div><\/div>\n<div>\u00ab\u00a0A la grande stup\u00e9faction des voyageurs&#8230; \u00a0\u00bb donc, une ligne provisoire de chemin de fer (voie de 144cm) fut construite, permettant \u00e0 ce train, <strong>cette seule et extraordinaire fois<\/strong>, de rejoindre les villas du front de mer (actuel Boulevard Cornuch\u00e9).<\/div>\n<div><em>retrouvez cette ligne provisoire dans notre article <a href=\"http:\/\/cpl14.fr\/?page_id=927\">F.LTD Ligne de Lisieux \u00e0 Trouville-Deauville<\/a><\/em><\/div>\n<div><\/div>\n<div>Les premi\u00e8res ann\u00e9es de Deauville furent une d\u00e9couverte chaque fois renouvel\u00e9e pour les visiteurs, tant les travaux avan\u00e7aient vite.<\/div>\n<div>Rapidement, d\u00e8s la guerre de 1870.71 o\u00f9 de nombreuses familles trouv\u00e8rent refuge sur nos c\u00f4tes, chacun prit ses habitudes de s\u00e9jours fr\u00e9quents et de vacances d&rsquo;\u00e9t\u00e9. Les plus riches construisaient des villas, d&rsquo;autres adopt\u00e8rent les palaces.<\/div>\n<div>Les dames \u00e9taient attir\u00e9es par l&rsquo;immense march\u00e9 de Trouville, la poissonnerie,\u00a0 le soir les restaurants et les nombreuses festivit\u00e9s du Casino et des Planches.<\/div>\n<div>C&rsquo;est cette raison \u00ab\u00a0utile\u00a0\u00bb qui a amen\u00e9 \u00e0 la cr\u00e9ation du bac reliant Deauville et Trouville.<\/div>\n<div><\/div>\n<div><img loading=\"lazy\" decoding=\"async\" class=\"size-full wp-image-5057 aligncenter\" src=\"http:\/\/cpl14.fr\/wp-content\/uploads\/2019\/04\/20190405_095825.jpg\" alt=\"\" width=\"670\" height=\"800\" srcset=\"https:\/\/cpl14.fr\/wp-content\/uploads\/2019\/04\/20190405_095825.jpg 670w, https:\/\/cpl14.fr\/wp-content\/uploads\/2019\/04\/20190405_095825-251x300.jpg 251w\" sizes=\"auto, (max-width: 670px) 100vw, 670px\" \/><\/div>\n<div style=\"text-align: center;\">\n<div style=\"text-align: center;\">\n<div>LES ELEGANTES<\/div>\n<div>Ce terme g\u00e9n\u00e9rique qui vient de la mode d\u00e9signe dans la deuxi\u00e8me moiti\u00e9 du XIXe si\u00e8cle les femmes \u00e9l\u00e9gamment habill\u00e9es, de la haute soci\u00e9t\u00e9.<\/div>\n<div>Ici une superbe lithographie d&rsquo;\u00e9poque nous pr\u00e9sente la robe \u00ab\u00a0Trouville\u00a0\u00bb&#8230; rien \u00e0 ajouter, c&rsquo;est \u00ab\u00a0Top mod\u00e8le\u00a0\u00bb !<\/div>\n<div>Collection Sylvie et Michel CATHERINE<\/div>\n<\/div>\n<div><\/div>\n<\/div>\n<div><img loading=\"lazy\" decoding=\"async\" class=\"size-full wp-image-5058 aligncenter\" src=\"http:\/\/cpl14.fr\/wp-content\/uploads\/2019\/04\/20190405_095420.jpg\" alt=\"\" width=\"800\" height=\"527\" srcset=\"https:\/\/cpl14.fr\/wp-content\/uploads\/2019\/04\/20190405_095420.jpg 800w, https:\/\/cpl14.fr\/wp-content\/uploads\/2019\/04\/20190405_095420-300x198.jpg 300w, https:\/\/cpl14.fr\/wp-content\/uploads\/2019\/04\/20190405_095420-768x506.jpg 768w\" sizes=\"auto, (max-width: 800px) 100vw, 800px\" \/><\/div>\n<div style=\"text-align: center;\">\n<div>A mar\u00e9e basse le passage du bac se fait \u00e0 pied \u00e0 l&rsquo;aide d&rsquo;une passerelle mobile. Quoique modernis\u00e9e, il en est encore de m\u00eame de nos jours.<\/div>\n<div><\/div>\n<\/div>\n<div><img loading=\"lazy\" decoding=\"async\" class=\"size-full wp-image-5059 aligncenter\" src=\"http:\/\/cpl14.fr\/wp-content\/uploads\/2019\/04\/20190405_095220.jpg\" alt=\"\" width=\"800\" height=\"520\" srcset=\"https:\/\/cpl14.fr\/wp-content\/uploads\/2019\/04\/20190405_095220.jpg 800w, https:\/\/cpl14.fr\/wp-content\/uploads\/2019\/04\/20190405_095220-300x195.jpg 300w, https:\/\/cpl14.fr\/wp-content\/uploads\/2019\/04\/20190405_095220-768x499.jpg 768w\" sizes=\"auto, (max-width: 800px) 100vw, 800px\" \/><\/div>\n<div style=\"text-align: center;\">\n<div>A mar\u00e9e haute une barque transporte nos voyageurs au long cours (court) .<\/div>\n<div>Derri\u00e8re on distingue l&#8217;embarcad\u00e8re du bateau du Havre.<\/div>\n<\/div>\n<div><\/div>\n<div><img loading=\"lazy\" decoding=\"async\" class=\"size-full wp-image-5060 aligncenter\" src=\"http:\/\/cpl14.fr\/wp-content\/uploads\/2019\/04\/20190405_095308.jpg\" alt=\"\" width=\"800\" height=\"512\" srcset=\"https:\/\/cpl14.fr\/wp-content\/uploads\/2019\/04\/20190405_095308.jpg 800w, https:\/\/cpl14.fr\/wp-content\/uploads\/2019\/04\/20190405_095308-300x192.jpg 300w, https:\/\/cpl14.fr\/wp-content\/uploads\/2019\/04\/20190405_095308-768x492.jpg 768w\" sizes=\"auto, (max-width: 800px) 100vw, 800px\" \/><\/div>\n<div style=\"text-align: center;\">\n<div>Sur cette deuxi\u00e8me vue, \u00e0 gauche, l&#8217;emplacement du march\u00e9 (de nos jours il est sur les quais entre la poissonnerie et le pont).<\/div>\n<div><\/div>\n<\/div>\n<div>\n<div>Une bonne vue g\u00e9n\u00e9rale \u00ab\u00a0Trouville-Deauville\u00a0\u00bb nous permet de situer les \u00e9l\u00e9ments de notre histoire: il ne faut pas oublier dans les d\u00e9tails qui peuvent sembler basiques, nos visiteurs lointains qui ne connaissent pas nos cit\u00e9s soeurs.<\/div>\n<div>1. Embarcad\u00e8re des bateaux du Havre<\/div>\n<div>2. Bac<\/div>\n<div>3. Le march\u00e9<\/div>\n<div>4. Au fond Deauville avec le virage arrivant \u00e0 l&rsquo;angle du bassin.<img loading=\"lazy\" decoding=\"async\" class=\"alignnone size-full wp-image-5061 aligncenter\" src=\"http:\/\/cpl14.fr\/wp-content\/uploads\/2019\/04\/20190405_102912.jpg\" alt=\"\" width=\"920\" height=\"610\" srcset=\"https:\/\/cpl14.fr\/wp-content\/uploads\/2019\/04\/20190405_102912.jpg 920w, https:\/\/cpl14.fr\/wp-content\/uploads\/2019\/04\/20190405_102912-300x199.jpg 300w, https:\/\/cpl14.fr\/wp-content\/uploads\/2019\/04\/20190405_102912-768x509.jpg 768w\" sizes=\"auto, (max-width: 920px) 100vw, 920px\" \/><\/div>\n<\/div>\n<div><\/div>\n<div>\n<div>Voyez aussi un joli plan d\u00e9j\u00e0 repr\u00e9sent\u00e9 dans le sujet sur la gare de Deauville:<\/div>\n<div>Nous le reproduisons ici \u00e0 nouveau pour une belle compr\u00e9hension de l&rsquo;ensemble.<\/div>\n<div>le rep\u00e8re 1 correspond \u00e0 la ligne provisoire<\/div>\n<div>le rep\u00e8re 2 est notre Decauville<\/div>\n<div>(le bac figure en pointill\u00e9 \u00e0 droite du rep\u00e8re 2)<\/div>\n<div><\/div>\n<div><img loading=\"lazy\" decoding=\"async\" class=\"size-full wp-image-5062 aligncenter\" src=\"http:\/\/cpl14.fr\/wp-content\/uploads\/2019\/04\/morny-3.jpg\" alt=\"\" width=\"900\" height=\"1342\" srcset=\"https:\/\/cpl14.fr\/wp-content\/uploads\/2019\/04\/morny-3.jpg 900w, https:\/\/cpl14.fr\/wp-content\/uploads\/2019\/04\/morny-3-201x300.jpg 201w, https:\/\/cpl14.fr\/wp-content\/uploads\/2019\/04\/morny-3-768x1145.jpg 768w, https:\/\/cpl14.fr\/wp-content\/uploads\/2019\/04\/morny-3-687x1024.jpg 687w\" sizes=\"auto, (max-width: 900px) 100vw, 900px\" \/><\/div>\n<\/div>\n<div style=\"text-align: center;\">\n<div><\/div>\n<\/div>\n<div>Ici un choix de 4 jolies cartes montre les attraits de Trouville d\u00e9j\u00e0 cit\u00e9s: le march\u00e9, la grande animation des jet\u00e9es \u00e0 mar\u00e9e haute, les planches et le Casino. On pourrait y ajouter la poissonnerie, les quais et les p\u00eacheurs &#8230; (c&rsquo;est une autre histoire).<\/div>\n<div><\/div>\n<div><img loading=\"lazy\" decoding=\"async\" class=\"size-full wp-image-5066 aligncenter\" src=\"http:\/\/cpl14.fr\/wp-content\/uploads\/2019\/04\/20190405_102816.jpg\" alt=\"\" width=\"800\" height=\"515\" srcset=\"https:\/\/cpl14.fr\/wp-content\/uploads\/2019\/04\/20190405_102816.jpg 800w, https:\/\/cpl14.fr\/wp-content\/uploads\/2019\/04\/20190405_102816-300x193.jpg 300w, https:\/\/cpl14.fr\/wp-content\/uploads\/2019\/04\/20190405_102816-768x494.jpg 768w\" sizes=\"auto, (max-width: 800px) 100vw, 800px\" \/><\/div>\n<div><\/div>\n<div style=\"text-align: center;\"><img loading=\"lazy\" decoding=\"async\" class=\"alignnone size-full wp-image-5063\" src=\"http:\/\/cpl14.fr\/wp-content\/uploads\/2019\/04\/20190405_102534.jpg\" alt=\"\" width=\"800\" height=\"495\" srcset=\"https:\/\/cpl14.fr\/wp-content\/uploads\/2019\/04\/20190405_102534.jpg 800w, https:\/\/cpl14.fr\/wp-content\/uploads\/2019\/04\/20190405_102534-300x186.jpg 300w, https:\/\/cpl14.fr\/wp-content\/uploads\/2019\/04\/20190405_102534-768x475.jpg 768w\" sizes=\"auto, (max-width: 800px) 100vw, 800px\" \/><\/div>\n<div><\/div>\n<div><img loading=\"lazy\" decoding=\"async\" class=\"size-full wp-image-5065 aligncenter\" src=\"http:\/\/cpl14.fr\/wp-content\/uploads\/2019\/04\/20190405_102715.jpg\" alt=\"\" width=\"800\" height=\"502\" srcset=\"https:\/\/cpl14.fr\/wp-content\/uploads\/2019\/04\/20190405_102715.jpg 800w, https:\/\/cpl14.fr\/wp-content\/uploads\/2019\/04\/20190405_102715-300x188.jpg 300w, https:\/\/cpl14.fr\/wp-content\/uploads\/2019\/04\/20190405_102715-768x482.jpg 768w\" sizes=\"auto, (max-width: 800px) 100vw, 800px\" \/><\/div>\n<div><img loading=\"lazy\" decoding=\"async\" class=\"size-full wp-image-5064 aligncenter\" src=\"http:\/\/cpl14.fr\/wp-content\/uploads\/2019\/04\/20190405_102612.jpg\" alt=\"\" width=\"800\" height=\"528\" srcset=\"https:\/\/cpl14.fr\/wp-content\/uploads\/2019\/04\/20190405_102612.jpg 800w, https:\/\/cpl14.fr\/wp-content\/uploads\/2019\/04\/20190405_102612-300x198.jpg 300w, https:\/\/cpl14.fr\/wp-content\/uploads\/2019\/04\/20190405_102612-768x507.jpg 768w\" sizes=\"auto, (max-width: 800px) 100vw, 800px\" \/><\/div>\n<div><\/div>\n<div>Encore fallait-il venir des villas de la plage, dont le Boulevard s&rsquo;\u00e9tend sur plus d&rsquo;un kilom\u00e8tre, jusqu&rsquo;\u00e0 l&#8217;embarcad\u00e8re se situant avant l&rsquo;angle du bassin.<\/div>\n<div>C&rsquo;est ainsi que fut cr\u00e9\u00e9 le tramway de la plage: un wagonnet genre Decauville, tir\u00e9 par un \u00e2ne, ou plus tard (sur les cartes postales) par un cheval.\u00a0 La voie dite \u00e9troite est de 60 cm, le wagonnet ouvert est \u00e9l\u00e9gamment garni de rideaux, permettant de se prot\u00e9ger du sable, du soleil ou de la pluie (Il ne pleut jamais \u00e0 Deauville!). Le trajet parcourt donc toute la \u00ab\u00a0Terrasse\u00a0\u00bb depuis l&rsquo;angle du bassin jusqu&rsquo;au d\u00e9but de B\u00e9nerville.<\/div>\n<div><\/div>\n<div>En voici quelques images:<\/div>\n<div><\/div>\n<div><img loading=\"lazy\" decoding=\"async\" class=\"size-full wp-image-5067 aligncenter\" src=\"http:\/\/cpl14.fr\/wp-content\/uploads\/2019\/04\/20190405_103232.jpg\" alt=\"\" width=\"800\" height=\"526\" srcset=\"https:\/\/cpl14.fr\/wp-content\/uploads\/2019\/04\/20190405_103232.jpg 800w, https:\/\/cpl14.fr\/wp-content\/uploads\/2019\/04\/20190405_103232-300x197.jpg 300w, https:\/\/cpl14.fr\/wp-content\/uploads\/2019\/04\/20190405_103232-768x505.jpg 768w\" sizes=\"auto, (max-width: 800px) 100vw, 800px\" \/><\/div>\n<div style=\"text-align: center;\">\n<div>Cette jolie carte represente un dessin d&rsquo;\u00e9poque (F.A.2005). Son texte nous int\u00e9resse:<\/div>\n<div>\u00a0\u00bb cette vue me rappelle la promenade que j&rsquo;ai faite avec ton grand-p\u00e8re en 1899. Nous avons voyag\u00e9 dans ce petit tramway, Je suis heureuse de te l&rsquo;offrir&#8230; \u00a0\u00bb (1902).<\/div>\n<\/div>\n<div><\/div>\n<div>3 vues, la premi\u00e8re \u00e9tant la plus ancienne (clich\u00e9 avant 1900) nous situent bien l&#8217;emplacement de la voie<\/div>\n<div><\/div>\n<div><img loading=\"lazy\" decoding=\"async\" class=\"size-full wp-image-5069 aligncenter\" src=\"http:\/\/cpl14.fr\/wp-content\/uploads\/2019\/04\/20190405_103112.jpg\" alt=\"\" width=\"800\" height=\"398\" srcset=\"https:\/\/cpl14.fr\/wp-content\/uploads\/2019\/04\/20190405_103112.jpg 800w, https:\/\/cpl14.fr\/wp-content\/uploads\/2019\/04\/20190405_103112-300x149.jpg 300w, https:\/\/cpl14.fr\/wp-content\/uploads\/2019\/04\/20190405_103112-768x382.jpg 768w\" sizes=\"auto, (max-width: 800px) 100vw, 800px\" \/><\/div>\n<div><\/div>\n<div><img loading=\"lazy\" decoding=\"async\" class=\"size-full wp-image-5068 aligncenter\" src=\"http:\/\/cpl14.fr\/wp-content\/uploads\/2019\/04\/20190405_103015.jpg\" alt=\"\" width=\"800\" height=\"504\" srcset=\"https:\/\/cpl14.fr\/wp-content\/uploads\/2019\/04\/20190405_103015.jpg 800w, https:\/\/cpl14.fr\/wp-content\/uploads\/2019\/04\/20190405_103015-300x189.jpg 300w, https:\/\/cpl14.fr\/wp-content\/uploads\/2019\/04\/20190405_103015-768x484.jpg 768w\" sizes=\"auto, (max-width: 800px) 100vw, 800px\" \/><\/div>\n<div><\/div>\n<div>\u00a0<img loading=\"lazy\" decoding=\"async\" class=\"size-full wp-image-5070 aligncenter\" src=\"http:\/\/cpl14.fr\/wp-content\/uploads\/2019\/04\/20190405_103335.jpg\" alt=\"\" width=\"800\" height=\"500\" srcset=\"https:\/\/cpl14.fr\/wp-content\/uploads\/2019\/04\/20190405_103335.jpg 800w, https:\/\/cpl14.fr\/wp-content\/uploads\/2019\/04\/20190405_103335-300x188.jpg 300w, https:\/\/cpl14.fr\/wp-content\/uploads\/2019\/04\/20190405_103335-768x480.jpg 768w\" sizes=\"auto, (max-width: 800px) 100vw, 800px\" \/><\/div>\n<div><\/div>\n<div><img loading=\"lazy\" decoding=\"async\" class=\"size-full wp-image-5071 aligncenter\" src=\"http:\/\/cpl14.fr\/wp-content\/uploads\/2019\/04\/20190405_103311.jpg\" alt=\"\" width=\"800\" height=\"515\" srcset=\"https:\/\/cpl14.fr\/wp-content\/uploads\/2019\/04\/20190405_103311.jpg 800w, https:\/\/cpl14.fr\/wp-content\/uploads\/2019\/04\/20190405_103311-300x193.jpg 300w, https:\/\/cpl14.fr\/wp-content\/uploads\/2019\/04\/20190405_103311-768x494.jpg 768w\" sizes=\"auto, (max-width: 800px) 100vw, 800px\" \/><\/div>\n<div style=\"text-align: center;\">Cette vue au bout de la Terrasse montre le virage qui rapproche de la mer jusqu&rsquo;au d\u00e9but de B\u00e9nerville.<\/div>\n<div><\/div>\n<div><img loading=\"lazy\" decoding=\"async\" class=\"size-full wp-image-5073 aligncenter\" src=\"http:\/\/cpl14.fr\/wp-content\/uploads\/2019\/04\/20190405_102948.jpg\" alt=\"\" width=\"800\" height=\"510\" srcset=\"https:\/\/cpl14.fr\/wp-content\/uploads\/2019\/04\/20190405_102948.jpg 800w, https:\/\/cpl14.fr\/wp-content\/uploads\/2019\/04\/20190405_102948-300x191.jpg 300w, https:\/\/cpl14.fr\/wp-content\/uploads\/2019\/04\/20190405_102948-768x490.jpg 768w\" sizes=\"auto, (max-width: 800px) 100vw, 800px\" \/><\/div>\n<div><\/div>\n<div>\n<div style=\"text-align: center;\">Cette vue du tramway, avec agrandissement, montre devant les villas Elisabeth et Victoria , une bifurcation permettant un croisement des wagons: ceci suppose en \u00ab\u00a0haute saison\u00a0\u00bb comme on dirait maintenant, la circulation de plusieurs engins ? L&rsquo;un partant pendant que l&rsquo;autre attend les prochains voyageurs semble des plus logique&#8230; ainsi que le m\u00eame type de croisement \u00e0 l&rsquo;autre bout de la ligne.<\/div>\n<div style=\"text-align: center;\">(Pas d&rsquo;image pour l&rsquo;instant permettant de confirmer).<\/div>\n<div><img loading=\"lazy\" decoding=\"async\" class=\"size-full wp-image-5072 aligncenter\" src=\"http:\/\/cpl14.fr\/wp-content\/uploads\/2019\/04\/20190405_112911.jpg\" alt=\"\" width=\"599\" height=\"800\" srcset=\"https:\/\/cpl14.fr\/wp-content\/uploads\/2019\/04\/20190405_112911.jpg 599w, https:\/\/cpl14.fr\/wp-content\/uploads\/2019\/04\/20190405_112911-225x300.jpg 225w\" sizes=\"auto, (max-width: 599px) 100vw, 599px\" \/><\/div>\n<div><\/div>\n<\/div>\n<div><img loading=\"lazy\" decoding=\"async\" class=\"size-full wp-image-5151 aligncenter\" src=\"http:\/\/cpl14.fr\/wp-content\/uploads\/2019\/06\/20190614_095038.jpg\" alt=\"\" width=\"800\" height=\"655\" srcset=\"https:\/\/cpl14.fr\/wp-content\/uploads\/2019\/06\/20190614_095038.jpg 800w, https:\/\/cpl14.fr\/wp-content\/uploads\/2019\/06\/20190614_095038-300x246.jpg 300w, https:\/\/cpl14.fr\/wp-content\/uploads\/2019\/06\/20190614_095038-768x629.jpg 768w\" sizes=\"auto, (max-width: 800px) 100vw, 800px\" \/><\/div>\n<div>\n<div style=\"text-align: center;\">Photographie, anim\u00e9e, vers 1900<\/div>\n<div style=\"text-align: center;\">(Collection Hubert Moisy)<\/div>\n<\/div>\n<div><\/div>\n<div><img loading=\"lazy\" decoding=\"async\" class=\"size-full wp-image-5075 aligncenter\" src=\"http:\/\/cpl14.fr\/wp-content\/uploads\/2019\/04\/20190405_103410.jpg\" alt=\"\" width=\"900\" height=\"730\" srcset=\"https:\/\/cpl14.fr\/wp-content\/uploads\/2019\/04\/20190405_103410.jpg 900w, https:\/\/cpl14.fr\/wp-content\/uploads\/2019\/04\/20190405_103410-300x243.jpg 300w, https:\/\/cpl14.fr\/wp-content\/uploads\/2019\/04\/20190405_103410-768x623.jpg 768w\" sizes=\"auto, (max-width: 900px) 100vw, 900px\" \/><\/div>\n<div>\n<div style=\"text-align: center;\">La plus belle image pour la fin:<\/div>\n<div style=\"text-align: center;\">Une grande et superbe photo authentique dat\u00e9e de 1895 nous montre un gros plan o\u00f9 le tramway transporte de chaque c\u00f4t\u00e9 arrim\u00e9es 4 grandes portes-fen\u00eatres: les villas sont encore en pleine construction !<\/div>\n<div style=\"text-align: center;\">( Collection Hubert MOISY )<\/div>\n<\/div>\n<div><\/div>\n<div>Nous remercions nos amis Deauvillais, Hubert Moisy et Gilbert Hamel pour leur contribution \u00e0 ces diff\u00e9rents sujets locaux&#8230; nous les retrouverons dans les \u00e9pisodes suivants.<\/div>\n<div>Les contributions \u00a0\u00bb images \u00a0\u00bb sont de Hubert Moisy, compl\u00e9t\u00e9es en partie par Sylvie et Michel CATHERINE pour les cartes postales (les cartes postales n&rsquo;ont pas de titre d&rsquo;exclusivit\u00e9, tous les collectionneurs peuvent avoir les m\u00eames).<\/div>\n<div><\/div>\n<div style=\"text-align: right;\"><a href=\"http:\/\/cpl14.fr\/?p=343\">retour \u00e0 l&rsquo;article Chemin de Fer<\/a><\/div>\n","protected":false},"excerpt":{"rendered":"<div class=\"mh-excerpt\"><p>Au sujet du tramway de la plage, il convient de distinguer deux \u00e9v\u00e9nements bien distincts dont le lieu de passage est si proche qu&rsquo;il pourrait <a class=\"mh-excerpt-more\" href=\"https:\/\/cpl14.fr\/?page_id=5050\" title=\"Le Decauville de la plage de Deauville\">[&#8230;]<\/a><\/p>\n<\/div>","protected":false},"author":1,"featured_media":0,"parent":0,"menu_order":0,"comment_status":"closed","ping_status":"closed","template":"","meta":{"footnotes":""},"class_list":["post-5050","page","type-page","status-publish","hentry"],"_links":{"self":[{"href":"https:\/\/cpl14.fr\/index.php?rest_route=\/wp\/v2\/pages\/5050","targetHints":{"allow":["GET"]}}],"collection":[{"href":"https:\/\/cpl14.fr\/index.php?rest_route=\/wp\/v2\/pages"}],"about":[{"href":"https:\/\/cpl14.fr\/index.php?rest_route=\/wp\/v2\/types\/page"}],"author":[{"embeddable":true,"href":"https:\/\/cpl14.fr\/index.php?rest_route=\/wp\/v2\/users\/1"}],"replies":[{"embeddable":true,"href":"https:\/\/cpl14.fr\/index.php?rest_route=%2Fwp%2Fv2%2Fcomments&post=5050"}],"version-history":[{"count":6,"href":"https:\/\/cpl14.fr\/index.php?rest_route=\/wp\/v2\/pages\/5050\/revisions"}],"predecessor-version":[{"id":6375,"href":"https:\/\/cpl14.fr\/index.php?rest_route=\/wp\/v2\/pages\/5050\/revisions\/6375"}],"wp:attachment":[{"href":"https:\/\/cpl14.fr\/index.php?rest_route=%2Fwp%2Fv2%2Fmedia&parent=5050"}],"curies":[{"name":"wp","href":"https:\/\/api.w.org\/{rel}","templated":true}]}}