{"id":5489,"date":"2019-09-29T17:21:09","date_gmt":"2019-09-29T15:21:09","guid":{"rendered":"http:\/\/cpl14.fr\/?page_id=5489"},"modified":"2020-03-27T12:58:52","modified_gmt":"2020-03-27T11:58:52","slug":"1ere-serie-touristique-port-de-la-rochelle","status":"publish","type":"page","link":"https:\/\/cpl14.fr\/?page_id=5489","title":{"rendered":"1\u00e8re s\u00e9rie touristique: Port de La Rochelle"},"content":{"rendered":"<p><img loading=\"lazy\" decoding=\"async\" class=\"size-full wp-image-6662 aligncenter\" src=\"http:\/\/cpl14.fr\/wp-content\/uploads\/2020\/03\/port-de-la-rochelle-261.jpg\" alt=\"\" width=\"450\" height=\"294\" srcset=\"https:\/\/cpl14.fr\/wp-content\/uploads\/2020\/03\/port-de-la-rochelle-261.jpg 450w, https:\/\/cpl14.fr\/wp-content\/uploads\/2020\/03\/port-de-la-rochelle-261-300x196.jpg 300w\" sizes=\"auto, (max-width: 450px) 100vw, 450px\" \/><\/p>\n<p><strong>C&rsquo;est le premier timbre de France imprim\u00e9 en Taille-douce sur rotative.<\/strong><\/p>\n<p>Le timbre est \u00e9mis le 18 juillet 1929. Il y a 2 poin\u00e7ons, qui vont donner 3 types cons\u00e9cutifs suivant les catalogues&#8230; le 3e type \u00e9tant un \u00e9tat du 2e poin\u00e7on. Nous allons d\u00e9velopper ce sujet complexe<\/p>\n<p>Le premier poin\u00e7on (type I) sert \u00e0 confectionner un cylindre plein en acier qui imprime 3 feuilles de 25 timbres par tour, de mars \u00e0 juin 1929. Retrait du timbre en d\u00e9cembre 1930.<\/p>\n<p>Le second poin\u00e7on donnera plusieurs cylindres constitu\u00e9s de 3 coquilles en bronze :<\/p>\n<p>-Le premier cylindre donnant toujours 3 feuilles de 25 par tour. Impression de septembre 1930 \u00e0 mai 1931. Emission en octobre 1930 et retrait en d\u00e9cembre 1931. Il est d\u00e9nomm\u00e9 type II par les catalogues, <strong>on devrait le qualifier de Type II \u00e9tat 1<\/strong>. Ce type comporte 4 vari\u00e9t\u00e9s constantes! (voir en fin d&rsquo;article). Seul l&rsquo;\u00e9tat 1 montre le filet ext\u00e9rieur du 0 de 10f cass\u00e9 dans le bas.<\/p>\n<p>-le second cylindre donne \u00e9galement 3 feuilles de 25 timbres par tour. Impression de juin 1931 \u00e0 mai 1936. Il est d\u00e9nomm\u00e9 type III par les catalogues, <strong>mais c&rsquo;est un \u00e9tat 2 du Type II<\/strong>. Ce timbre comporte \u00e9galement 4 vari\u00e9t\u00e9s constantes.<\/p>\n<p>-En 1937, un troisi\u00e8me cylindre permettra l&rsquo;impression de 3 feuilles de 50 timbres par tour. Les timbres sont proches de ceux imprim\u00e9s sur le cylindre 2, et donc nomm\u00e9s \u00e9galement type III par les catalogues. Il comporte 3 vari\u00e9t\u00e9s constantes; dans son \u00e9tat sans vari\u00e9t\u00e9, c&rsquo;est le seul \u00e0 pr\u00e9senter une gravure totalement intacte! il peut donc \u00eatre identifi\u00e9 et <strong>devrait donc porter le nom de Type II \u00e9tat 3<\/strong>! Retrait mars 1939.<\/p>\n<p>En r\u00e9sum\u00e9, ce timbre ne comporte que 2 types, et le type II comporte 3 \u00e9tats et 11 vari\u00e9t\u00e9s constantes!<\/p>\n<p><img loading=\"lazy\" decoding=\"async\" class=\"size-full wp-image-5528 aligncenter\" src=\"http:\/\/cpl14.fr\/wp-content\/uploads\/2019\/09\/20190926_1647350_resized.jpg\" alt=\"\" width=\"900\" height=\"1192\" srcset=\"https:\/\/cpl14.fr\/wp-content\/uploads\/2019\/09\/20190926_1647350_resized.jpg 900w, https:\/\/cpl14.fr\/wp-content\/uploads\/2019\/09\/20190926_1647350_resized-227x300.jpg 227w, https:\/\/cpl14.fr\/wp-content\/uploads\/2019\/09\/20190926_1647350_resized-768x1017.jpg 768w, https:\/\/cpl14.fr\/wp-content\/uploads\/2019\/09\/20190926_1647350_resized-773x1024.jpg 773w\" sizes=\"auto, (max-width: 900px) 100vw, 900px\" \/><\/p>\n<p>&nbsp;<\/p>\n<h4>Le type I:<\/h4>\n<p>C&rsquo;est le plus facile \u00e0 identifier. Le E de POSTES est caract\u00e9ristique, et le filet bas du 0 de 10f est int\u00e9gre.<\/p>\n<p><img loading=\"lazy\" decoding=\"async\" class=\"size-full wp-image-5491 aligncenter\" src=\"http:\/\/cpl14.fr\/wp-content\/uploads\/2019\/09\/port-de-la-rochelle-1.jpg\" alt=\"\" width=\"487\" height=\"363\" srcset=\"https:\/\/cpl14.fr\/wp-content\/uploads\/2019\/09\/port-de-la-rochelle-1.jpg 487w, https:\/\/cpl14.fr\/wp-content\/uploads\/2019\/09\/port-de-la-rochelle-1-300x224.jpg 300w, https:\/\/cpl14.fr\/wp-content\/uploads\/2019\/09\/port-de-la-rochelle-1-80x60.jpg 80w\" sizes=\"auto, (max-width: 487px) 100vw, 487px\" \/><\/p>\n<p><img loading=\"lazy\" decoding=\"async\" class=\"size-full wp-image-5516 aligncenter\" src=\"http:\/\/cpl14.fr\/wp-content\/uploads\/2019\/09\/port-de-la-rochelle-type-1.jpg\" alt=\"\" width=\"744\" height=\"290\" srcset=\"https:\/\/cpl14.fr\/wp-content\/uploads\/2019\/09\/port-de-la-rochelle-type-1.jpg 744w, https:\/\/cpl14.fr\/wp-content\/uploads\/2019\/09\/port-de-la-rochelle-type-1-300x117.jpg 300w\" sizes=\"auto, (max-width: 744px) 100vw, 744px\" \/><\/p>\n<p>&nbsp;<\/p>\n<h4>Le type II (types II et III des catalogues):<\/h4>\n<p>Pour diff\u00e9rencier\u00a0 le type II du type I, la principale diff\u00e9rence porte sur le E de POSTES. Pour le reste, filet ext\u00e9rieur du bas du 0 de 10f et autres \u00e9tats, ce ne ne sont que des \u00e9tats&#8230;<\/p>\n<p><img loading=\"lazy\" decoding=\"async\" class=\"size-full wp-image-5524 aligncenter\" src=\"http:\/\/cpl14.fr\/wp-content\/uploads\/2019\/09\/port-de-la-rochelle-t-II-e2-et-3.jpg\" alt=\"\" width=\"500\" height=\"370\" srcset=\"https:\/\/cpl14.fr\/wp-content\/uploads\/2019\/09\/port-de-la-rochelle-t-II-e2-et-3.jpg 500w, https:\/\/cpl14.fr\/wp-content\/uploads\/2019\/09\/port-de-la-rochelle-t-II-e2-et-3-300x222.jpg 300w, https:\/\/cpl14.fr\/wp-content\/uploads\/2019\/09\/port-de-la-rochelle-t-II-e2-et-3-80x60.jpg 80w\" sizes=\"auto, (max-width: 500px) 100vw, 500px\" \/><\/p>\n<p><img loading=\"lazy\" decoding=\"async\" class=\"size-full wp-image-5522 aligncenter\" src=\"http:\/\/cpl14.fr\/wp-content\/uploads\/2019\/09\/port-de-la-rochelle-type-2.jpg\" alt=\"\" width=\"740\" height=\"291\" srcset=\"https:\/\/cpl14.fr\/wp-content\/uploads\/2019\/09\/port-de-la-rochelle-type-2.jpg 740w, https:\/\/cpl14.fr\/wp-content\/uploads\/2019\/09\/port-de-la-rochelle-type-2-300x118.jpg 300w\" sizes=\"auto, (max-width: 740px) 100vw, 740px\" \/><\/p>\n<p>&nbsp;<\/p>\n<h5>Les \u00e9tats et vari\u00e9t\u00e9s constantes du type II:<\/h5>\n<p>C&rsquo;est le timbre des feuilles de 25 pour ses \u00e9tats 1 et 2.<\/p>\n<h5>Etat 1:<\/h5>\n<p>Nous pr\u00e9sentons ici la vari\u00e9t\u00e9 n\u00b03 de l&rsquo;\u00e9tat 1 du type II.<\/p>\n<p><em>Note: dans ce chapitre, nous appelons vari\u00e9t\u00e9s constantes des particularit\u00e9s qui se cumulent. Ce sont en r\u00e9alit\u00e9 des sous-\u00e9tats&#8230; puisque la vari\u00e9t\u00e9 n\u00b03 contient la n\u00b01 et la n\u00b02, la n\u00b04 contient les 3 pr\u00e9c\u00e9dentes, etc.<\/em><\/p>\n<p>Le timbre sans vari\u00e9t\u00e9 de l&rsquo;\u00e9tat 1 pr\u00e9sente le bas du filet ext\u00e9rieur du 0 de 10f est cass\u00e9 au niveau de la derni\u00e8re ligne horizontale du cartouche.<\/p>\n<p><img loading=\"lazy\" decoding=\"async\" class=\"size-full wp-image-5526 aligncenter\" src=\"http:\/\/cpl14.fr\/wp-content\/uploads\/2019\/09\/port-de-la-rochelle-t-II-etat-1.jpg\" alt=\"\" width=\"500\" height=\"328\" srcset=\"https:\/\/cpl14.fr\/wp-content\/uploads\/2019\/09\/port-de-la-rochelle-t-II-etat-1.jpg 500w, https:\/\/cpl14.fr\/wp-content\/uploads\/2019\/09\/port-de-la-rochelle-t-II-etat-1-300x197.jpg 300w\" sizes=\"auto, (max-width: 500px) 100vw, 500px\" \/><\/p>\n<p>dans cette version, la cassure du filet ext\u00e9rieur du 0 de 10f remonte du c\u00f4t\u00e9 gauche (constante n\u00b02), le filet int\u00e9rieur du bas du 0 est cass\u00e9 (constante n\u00b01), le filet du bas du 1 de 10f est cass\u00e9 \u00e9galement (constante n\u00b03).<\/p>\n<p><img loading=\"lazy\" decoding=\"async\" class=\"size-full wp-image-5527 aligncenter\" src=\"http:\/\/cpl14.fr\/wp-content\/uploads\/2019\/09\/port-de-la-rochelle-type-II-etat-1-ss-etat-3.jpg\" alt=\"\" width=\"500\" height=\"439\" srcset=\"https:\/\/cpl14.fr\/wp-content\/uploads\/2019\/09\/port-de-la-rochelle-type-II-etat-1-ss-etat-3.jpg 500w, https:\/\/cpl14.fr\/wp-content\/uploads\/2019\/09\/port-de-la-rochelle-type-II-etat-1-ss-etat-3-300x263.jpg 300w\" sizes=\"auto, (max-width: 500px) 100vw, 500px\" \/><\/p>\n<p>il existe aussi la vari\u00e9t\u00e9 n\u00b04, o\u00f9 en plus de ces \u00e9l\u00e9ments, les 2 derni\u00e8res lignes horizontales entre le 1 et le 0 sont cass\u00e9es, formant une tache blanche.<\/p>\n<p>&nbsp;<\/p>\n<h5>Etat 2:<\/h5>\n<p>Dans le timbre sans vari\u00e9t\u00e9 de l&rsquo;\u00e9tat 2, le 1 et le 0 de 10f sont cass\u00e9s sur le c\u00f4t\u00e9 droit en bas de leur filet ext\u00e9rieur. L&rsquo;angle de la tour est intacte.<\/p>\n<p><img loading=\"lazy\" decoding=\"async\" class=\"size-full wp-image-5529 aligncenter\" src=\"http:\/\/cpl14.fr\/wp-content\/uploads\/2019\/09\/port-de-la-rochelle-type-II-etat-2-ss-etat-1.jpg\" alt=\"\" width=\"495\" height=\"533\" srcset=\"https:\/\/cpl14.fr\/wp-content\/uploads\/2019\/09\/port-de-la-rochelle-type-II-etat-2-ss-etat-1.jpg 495w, https:\/\/cpl14.fr\/wp-content\/uploads\/2019\/09\/port-de-la-rochelle-type-II-etat-2-ss-etat-1-279x300.jpg 279w\" sizes=\"auto, (max-width: 495px) 100vw, 495px\" \/><\/p>\n<p>&nbsp;<\/p>\n<p>dans la vari\u00e9t\u00e9 n\u00b01, l&rsquo;angle de la tour est l\u00e9g\u00e8rement cass\u00e9, juste au dessus de la drisse oblique:<\/p>\n<p><img loading=\"lazy\" decoding=\"async\" class=\"size-full wp-image-5530 aligncenter\" src=\"http:\/\/cpl14.fr\/wp-content\/uploads\/2019\/09\/port-de-la-rochelle-type-II-etat-2-ss-etat-2bis.jpg\" alt=\"\" width=\"500\" height=\"541\" srcset=\"https:\/\/cpl14.fr\/wp-content\/uploads\/2019\/09\/port-de-la-rochelle-type-II-etat-2-ss-etat-2bis.jpg 500w, https:\/\/cpl14.fr\/wp-content\/uploads\/2019\/09\/port-de-la-rochelle-type-II-etat-2-ss-etat-2bis-277x300.jpg 277w\" sizes=\"auto, (max-width: 500px) 100vw, 500px\" \/><\/p>\n<p>&nbsp;<\/p>\n<p>et dans la vari\u00e9t\u00e9 n\u00b02, la cassure de la tour s&rsquo;accentue pour former une petite tache blanche:<\/p>\n<p><img loading=\"lazy\" decoding=\"async\" class=\"size-full wp-image-5531 aligncenter\" src=\"http:\/\/cpl14.fr\/wp-content\/uploads\/2019\/09\/port-de-la-rochelle-type-II-etat-2-ss-etat-3.jpg\" alt=\"\" width=\"500\" height=\"536\" srcset=\"https:\/\/cpl14.fr\/wp-content\/uploads\/2019\/09\/port-de-la-rochelle-type-II-etat-2-ss-etat-3.jpg 500w, https:\/\/cpl14.fr\/wp-content\/uploads\/2019\/09\/port-de-la-rochelle-type-II-etat-2-ss-etat-3-280x300.jpg 280w\" sizes=\"auto, (max-width: 500px) 100vw, 500px\" \/><\/p>\n<p>&nbsp;<\/p>\n<p>pour la vari\u00e9t\u00e9 n\u00b03, la tache blanche s&rsquo;aggrave formant une large tache blanche.<\/p>\n<p>et pour la n\u00b04, en plus de ces \u00e9l\u00e9ments, les 2 derni\u00e8res lignes horizontales entre le 1 et le 0 sont cass\u00e9es, formant une tache blanche (comme pour la vari\u00e9t\u00e9 n\u00b05 de l&rsquo;\u00e9tat 1).<\/p>\n<p>&nbsp;<\/p>\n<h5>Etat 3:<\/h5>\n<p>C&rsquo;est le timbre des feuilles de 50.<\/p>\n<p>Cet \u00e9tat est le seul \u00e0 pr\u00e9senter une gravure intacte dans son \u00e9tat sans vari\u00e9t\u00e9:<\/p>\n<p><img loading=\"lazy\" decoding=\"async\" class=\"size-full wp-image-5532 aligncenter\" src=\"http:\/\/cpl14.fr\/wp-content\/uploads\/2019\/09\/port-de-la-rochelle-type-II-etat-3-ss-etat-1.jpg\" alt=\"\" width=\"500\" height=\"546\" srcset=\"https:\/\/cpl14.fr\/wp-content\/uploads\/2019\/09\/port-de-la-rochelle-type-II-etat-3-ss-etat-1.jpg 500w, https:\/\/cpl14.fr\/wp-content\/uploads\/2019\/09\/port-de-la-rochelle-type-II-etat-3-ss-etat-1-275x300.jpg 275w\" sizes=\"auto, (max-width: 500px) 100vw, 500px\" \/><\/p>\n<p>&nbsp;<\/p>\n<p>dans la vari\u00e9t\u00e9 n\u00b01 de l&rsquo;\u00e9tat 3, une l\u00e9g\u00e8re cassure appara\u00eet \u00e0 l&rsquo;angle de la tour, juste au dessus de la drisse oblique (comme pour la vari\u00e9t\u00e9 n\u00b01 de l&rsquo;\u00e9tat 2),<\/p>\n<p>et pour la vari\u00e9t\u00e9 n\u00b02, le 0 de 10f pr\u00e9sente une cassure sur le c\u00f4t\u00e9 droit en bas du filet ext\u00e9rieur (comme pour le timbre sans vari\u00e9t\u00e9 de l&rsquo;\u00e9tat 2):<\/p>\n<p><img loading=\"lazy\" decoding=\"async\" class=\" wp-image-5533 aligncenter\" src=\"http:\/\/cpl14.fr\/wp-content\/uploads\/2019\/09\/port-de-la-rochelle-type-II-etat-3-ss-etat-3.jpg\" alt=\"\" width=\"503\" height=\"537\" srcset=\"https:\/\/cpl14.fr\/wp-content\/uploads\/2019\/09\/port-de-la-rochelle-type-II-etat-3-ss-etat-3.jpg 951w, https:\/\/cpl14.fr\/wp-content\/uploads\/2019\/09\/port-de-la-rochelle-type-II-etat-3-ss-etat-3-281x300.jpg 281w, https:\/\/cpl14.fr\/wp-content\/uploads\/2019\/09\/port-de-la-rochelle-type-II-etat-3-ss-etat-3-768x820.jpg 768w\" sizes=\"auto, (max-width: 503px) 100vw, 503px\" \/><\/p>\n<p>La vari\u00e9t\u00e9 n\u00b03 est une aggravation de la vari\u00e9t\u00e9 n\u00b01, formant une tache blanche (comme vari\u00e9t\u00e9 n\u00b02 de l&rsquo;\u00e9tat 2).<\/p>\n<p>&nbsp;<\/p>\n<p>Tout cela doit vous para\u00eetre aussi ardu \u00e0 comprendre que \u00e7a l&rsquo;a \u00e9t\u00e9 pour nous \u00e0 le r\u00e9diger!!! aussi il est compr\u00e9hensible que les catalogues aient r\u00e9sum\u00e9 en 3 types, m\u00eame si ce n&rsquo;est pas la r\u00e9alit\u00e9.<\/p>\n<p><strong>Retenez simplement:<\/strong><\/p>\n<p>-Type I: outremer p\u00e2le, E de POSTES avec un crochet sur la barre haute (nomm\u00e9 type I des catalogues)<\/p>\n<p>-Type II: bleu, E de POSTES sans crochet (nomm\u00e9 type III des catalogues)<\/p>\n<p>-Etat 1 du Type II, 0 de 10f cass\u00e9 dans le bas (nomm\u00e9 type II des catalogue)<\/p>\n<p>Le reste est une affaire de \u00ab\u00a0dingo\u00a0\u00bb des vari\u00e9t\u00e9s, dont nous faisons partie!<\/p>\n<p>&nbsp;<\/p>\n<p>collections Bruno Bonnet et Michel Catherine<\/p>\n<p>&nbsp;<\/p>\n<p style=\"text-align: right;\"><a href=\"http:\/\/cpl14.fr\/?p=1150\">retour \u00e0 l&rsquo;article Types et Etats<\/a><\/p>\n","protected":false},"excerpt":{"rendered":"<div class=\"mh-excerpt\"><p>C&rsquo;est le premier timbre de France imprim\u00e9 en Taille-douce sur rotative. Le timbre est \u00e9mis le 18 juillet 1929. Il y a 2 poin\u00e7ons, qui <a class=\"mh-excerpt-more\" href=\"https:\/\/cpl14.fr\/?page_id=5489\" title=\"1\u00e8re s\u00e9rie touristique: Port de La Rochelle\">[&#8230;]<\/a><\/p>\n<\/div>","protected":false},"author":1,"featured_media":0,"parent":0,"menu_order":0,"comment_status":"closed","ping_status":"closed","template":"","meta":{"footnotes":""},"class_list":["post-5489","page","type-page","status-publish","hentry"],"_links":{"self":[{"href":"https:\/\/cpl14.fr\/index.php?rest_route=\/wp\/v2\/pages\/5489","targetHints":{"allow":["GET"]}}],"collection":[{"href":"https:\/\/cpl14.fr\/index.php?rest_route=\/wp\/v2\/pages"}],"about":[{"href":"https:\/\/cpl14.fr\/index.php?rest_route=\/wp\/v2\/types\/page"}],"author":[{"embeddable":true,"href":"https:\/\/cpl14.fr\/index.php?rest_route=\/wp\/v2\/users\/1"}],"replies":[{"embeddable":true,"href":"https:\/\/cpl14.fr\/index.php?rest_route=%2Fwp%2Fv2%2Fcomments&post=5489"}],"version-history":[{"count":13,"href":"https:\/\/cpl14.fr\/index.php?rest_route=\/wp\/v2\/pages\/5489\/revisions"}],"predecessor-version":[{"id":6663,"href":"https:\/\/cpl14.fr\/index.php?rest_route=\/wp\/v2\/pages\/5489\/revisions\/6663"}],"wp:attachment":[{"href":"https:\/\/cpl14.fr\/index.php?rest_route=%2Fwp%2Fv2%2Fmedia&parent=5489"}],"curies":[{"name":"wp","href":"https:\/\/api.w.org\/{rel}","templated":true}]}}