{"id":5789,"date":"2019-11-19T13:35:25","date_gmt":"2019-11-19T12:35:25","guid":{"rendered":"http:\/\/cpl14.fr\/?page_id=5789"},"modified":"2020-03-27T12:09:29","modified_gmt":"2020-03-27T11:09:29","slug":"les-sage","status":"publish","type":"page","link":"https:\/\/cpl14.fr\/?page_id=5789","title":{"rendered":"Les Sage"},"content":{"rendered":"<p><img loading=\"lazy\" decoding=\"async\" class=\"size-full wp-image-6623 aligncenter\" src=\"http:\/\/cpl14.fr\/wp-content\/uploads\/2020\/03\/sage.jpg\" alt=\"\" width=\"300\" height=\"359\" srcset=\"https:\/\/cpl14.fr\/wp-content\/uploads\/2020\/03\/sage.jpg 300w, https:\/\/cpl14.fr\/wp-content\/uploads\/2020\/03\/sage-251x300.jpg 251w\" sizes=\"auto, (max-width: 300px) 100vw, 300px\" \/><\/p>\n<p>Ces timbres sont aussi nomm\u00e9s \u00ab\u00a0Paix et Commerce\u00a0\u00bb, car ce sont les all\u00e9gories figurant sur l&rsquo;image (Paix \u00e0 gauche, tenant un rameau d&rsquo;olivier, et Commerce \u00e0 droite repr\u00e9sent\u00e9 par Mercure)<\/p>\n<p>Le genre Sage a connu 3 p\u00e9riodes, identifi\u00e9es chacune par un poin\u00e7on diff\u00e9rent. Pour la petite histoire, le type I ne correspond pas au premier poin\u00e7on, car ce dernier avait cass\u00e9 lors de la trempe.<\/p>\n<p style=\"text-align: center;\"><img loading=\"lazy\" decoding=\"async\" class=\"size-full wp-image-5792 aligncenter\" src=\"http:\/\/cpl14.fr\/wp-content\/uploads\/2019\/11\/fracture.jpg\" alt=\"\" width=\"298\" height=\"370\" srcset=\"https:\/\/cpl14.fr\/wp-content\/uploads\/2019\/11\/fracture.jpg 298w, https:\/\/cpl14.fr\/wp-content\/uploads\/2019\/11\/fracture-242x300.jpg 242w\" sizes=\"auto, (max-width: 298px) 100vw, 298px\" \/>cassure du 1er poin\u00e7on<\/p>\n<h4>Les types des poin\u00e7ons:<\/h4>\n<p>Mouchon grave un nouveau poin\u00e7on qui est nomm\u00e9 type I et qui sert aux premiers tirages. Sur ce nouveau poin\u00e7on, le N de la signature de SAGE INV (en bas \u00e0 gauche) se trouve sous le B de REPUBLIQUE.<\/p>\n<p><img loading=\"lazy\" decoding=\"async\" class=\"size-full wp-image-5794 aligncenter\" src=\"http:\/\/cpl14.fr\/wp-content\/uploads\/2019\/11\/N-sous-B.jpg\" alt=\"\" width=\"688\" height=\"282\" srcset=\"https:\/\/cpl14.fr\/wp-content\/uploads\/2019\/11\/N-sous-B.jpg 688w, https:\/\/cpl14.fr\/wp-content\/uploads\/2019\/11\/N-sous-B-300x123.jpg 300w\" sizes=\"auto, (max-width: 688px) 100vw, 688px\" \/><\/p>\n<p>Mais Mouchon n&rsquo;est pas satisfait du r\u00e9sultat et en utilisant une copie qui avait \u00e9t\u00e9 faite du premier poin\u00e7on, il r\u00e9pare le poin\u00e7on original donnant naissance au type II, le N de SAGE INV se trouvant maintenant sous le U de REPUBLIQUE.<\/p>\n<p><img loading=\"lazy\" decoding=\"async\" class=\"size-full wp-image-5795 aligncenter\" src=\"http:\/\/cpl14.fr\/wp-content\/uploads\/2019\/11\/N-sous-U.jpg\" alt=\"\" width=\"689\" height=\"264\" srcset=\"https:\/\/cpl14.fr\/wp-content\/uploads\/2019\/11\/N-sous-U.jpg 689w, https:\/\/cpl14.fr\/wp-content\/uploads\/2019\/11\/N-sous-U-300x115.jpg 300w\" sizes=\"auto, (max-width: 689px) 100vw, 689px\" \/><\/p>\n<p>Entre temps, suite \u00e0 des critiques trouvant le fond lign\u00e9 du type I trop clair, il est demand\u00e9 \u00e0 Mouchon de le rectifier. C&rsquo;est le type III, copie retouch\u00e9e du type I (N ous B) mais qui ne sera pas utilis\u00e9, le type II ayant \u00e9t\u00e9 mis en service. Il faudra attendre 1898 pour que ce dernier poin\u00e7on soit mis en service (pour les n\u00b0102, 103, 104 et 105 des catalogues).<\/p>\n<p><img loading=\"lazy\" decoding=\"async\" class=\"size-full wp-image-5796 aligncenter\" src=\"http:\/\/cpl14.fr\/wp-content\/uploads\/2019\/11\/N-sous-B2.jpg\" alt=\"\" width=\"694\" height=\"269\" srcset=\"https:\/\/cpl14.fr\/wp-content\/uploads\/2019\/11\/N-sous-B2.jpg 694w, https:\/\/cpl14.fr\/wp-content\/uploads\/2019\/11\/N-sous-B2-300x116.jpg 300w\" sizes=\"auto, (max-width: 694px) 100vw, 694px\" \/><\/p>\n<p>&nbsp;<\/p>\n<p>Mais cela est valable si la signature est lisible&#8230; sinon?<\/p>\n<p>La solution est dans le personnage de gauche (La Paix) et dans le globe terrestre:<\/p>\n<p><img loading=\"lazy\" decoding=\"async\" class=\"size-full wp-image-5800 aligncenter\" src=\"http:\/\/cpl14.fr\/wp-content\/uploads\/2019\/11\/type-I-et-II.jpg\" alt=\"\" width=\"752\" height=\"356\" srcset=\"https:\/\/cpl14.fr\/wp-content\/uploads\/2019\/11\/type-I-et-II.jpg 752w, https:\/\/cpl14.fr\/wp-content\/uploads\/2019\/11\/type-I-et-II-300x142.jpg 300w\" sizes=\"auto, (max-width: 752px) 100vw, 752px\" \/><\/p>\n<p><strong>Dans les types I et III:<\/strong><\/p>\n<p>-le Mexique est s\u00e9par\u00e9 du cartouche.\u00a0-le cartouche est faiblement ombr\u00e9, on voit Panama.\u00a0-il y a 2 points sur la cuisse de la Paix.\u00a0\u00a0-les 3 courbes du genoux de la Paix sont li\u00e9es.<\/p>\n<p style=\"text-align: right;\"><strong>Dans le type II:<\/strong><\/p>\n<p style=\"text-align: left;\">-le Mexique touche le cartouche.\u00a0-l&rsquo;ombre du cartouche cache Panama.\u00a0-il y a 2 traits sur la cuisse de la Paix.\u00a0-les 3 courbes du genoux de la Paix ne sont pas li\u00e9es.<\/p>\n<p>&nbsp;<\/p>\n<p>Et pour diff\u00e9rencier les types I et III: les lignes du fond sont plus fine sur le type I et plus \u00e9paisses sur le type III&#8230; mais en plus les valeurs et les couleurs ne sont pas les m\u00eames, donc impossible de les confondre!<\/p>\n<p><img loading=\"lazy\" decoding=\"async\" class=\"size-full wp-image-5803 aligncenter\" src=\"http:\/\/cpl14.fr\/wp-content\/uploads\/2019\/11\/type-I-et-III.jpg\" alt=\"\" width=\"600\" height=\"522\" srcset=\"https:\/\/cpl14.fr\/wp-content\/uploads\/2019\/11\/type-I-et-III.jpg 600w, https:\/\/cpl14.fr\/wp-content\/uploads\/2019\/11\/type-I-et-III-300x261.jpg 300w\" sizes=\"auto, (max-width: 600px) 100vw, 600px\" \/><\/p>\n<p>&nbsp;<\/p>\n<p>Voici un tableau r\u00e9capitulatif des types:<\/p>\n<p><img loading=\"lazy\" decoding=\"async\" class=\"size-full wp-image-5807 aligncenter\" src=\"http:\/\/cpl14.fr\/wp-content\/uploads\/2019\/11\/tableau.jpg\" alt=\"\" width=\"750\" height=\"780\" srcset=\"https:\/\/cpl14.fr\/wp-content\/uploads\/2019\/11\/tableau.jpg 750w, https:\/\/cpl14.fr\/wp-content\/uploads\/2019\/11\/tableau-288x300.jpg 288w\" sizes=\"auto, (max-width: 750px) 100vw, 750px\" \/><\/p>\n<p><em>Note: le n\u00b070, 40c rouge-orange a bien \u00e9t\u00e9 imprim\u00e9 en 1876, mais non \u00e9mis en attendant l&rsquo;\u00e9puisement des 40c C\u00e9r\u00e9s. Il n&rsquo;est \u00e9mis qu&rsquo;en 1878.<\/em><\/p>\n<p>&nbsp;<\/p>\n<h4>Les types d&rsquo;impression<\/h4>\n<p>Pour ajouter un peu de complexit\u00e9, il existe 2 syst\u00e8mes d&rsquo;impression pour les timbres au type I:<\/p>\n<p>Lors du d\u00e9but de l&rsquo;impression des Sage en 1876, la technique est celle des planches \u00ab\u00a0mosa\u00efque\u00a0\u00bb. Chaque case est ind\u00e9pendante, le tout assembl\u00e9 dans un cadre. Si une vignette est d\u00e9fectueuse, il suffit de la retirer et de la remplacer par une vignette en bon \u00e9tat (c&rsquo;est le syst\u00e8me des C\u00e9r\u00e9s, il explique la possibilit\u00e9 des \u00ab\u00a0t\u00eate-b\u00eaches\u00a0\u00bb).<\/p>\n<p>Mais au cours de l&rsquo;ann\u00e9e 1876, Mouchon n&rsquo;\u00e9tant pas satisfait des tirages, on adopte la technique des galvanos. La planche d&rsquo;impression est d&rsquo;un seul tenant.<\/p>\n<p>Ces 2 m\u00e9thodes se traduisent par 2 sous-types pour le type I:<\/p>\n<p>-le type IA pour les planches mosa\u00efque<\/p>\n<p>-le type IB pour les planches galvanoplastiques<\/p>\n<p>On peut les diff\u00e9rencier \u00e0 la qualit\u00e9 d&rsquo;impression<\/p>\n<p><img loading=\"lazy\" decoding=\"async\" class=\"size-full wp-image-5808 aligncenter\" src=\"http:\/\/cpl14.fr\/wp-content\/uploads\/2019\/11\/Ia-et-Ib.jpg\" alt=\"\" width=\"800\" height=\"296\" srcset=\"https:\/\/cpl14.fr\/wp-content\/uploads\/2019\/11\/Ia-et-Ib.jpg 800w, https:\/\/cpl14.fr\/wp-content\/uploads\/2019\/11\/Ia-et-Ib-300x111.jpg 300w, https:\/\/cpl14.fr\/wp-content\/uploads\/2019\/11\/Ia-et-Ib-768x284.jpg 768w\" sizes=\"auto, (max-width: 800px) 100vw, 800px\" \/><\/p>\n<p style=\"text-align: center;\">Le type IA est emp\u00e2t\u00e9, irr\u00e9gulier, le type IB est plus net, plus r\u00e9gulier<\/p>\n<p style=\"text-align: center;\">Ont \u00e9t\u00e9 tir\u00e9s avec les 2 techniques: 5c n\u00b064, 20c n\u00b067, 30c n\u00b069, 40c n\u00b070, 75c n\u00b071, et 1F n\u00b072<\/p>\n<p>Pour le type II, un seul timbre sera tir\u00e9 avec ces 2 techniques: le 25c outremer n\u00b078 type IIA et IIB<\/p>\n<p>&nbsp;<\/p>\n<h4>Les sous-types du type II<\/h4>\n<p>La fabrication du poin\u00e7on au type II a \u00e9t\u00e9 possible gr\u00e2ce \u00e0 des moulages en gutta-percha (sorte de mati\u00e8re plastique) qui avaient \u00e9t\u00e9 fait du poin\u00e7on original avant qu&rsquo;il ne se brise. Lors de la confection des poin\u00e7ons de service avec valeur faciale puis des galvanos, des petites anomalies apparaissent sur le mot POSTE. Elles sont rectifi\u00e9es au cours des ann\u00e9es permettant ainsi de diff\u00e9rencier des sous-types.<\/p>\n<h5>le 1c type II n\u00b083<\/h5>\n<p>le type IIA est \u00e9mis entre 1877 et 1885, sans trait d&rsquo;ombre sur le S, angle sud-ouest abim\u00e9, \u00a0cartouche intact<\/p>\n<p>le type IIB entre 1888 et 1900, avec trait d&rsquo;ombre obturant la boucle du S, angle sud-ouest intact, cartouche intact<\/p>\n<p>le type IIC entre 1900 et 1901, sans trait d&rsquo;ombre sur le S, angle sud-ouest intact, cartouche cass\u00e9<\/p>\n<p><img loading=\"lazy\" decoding=\"async\" class=\" wp-image-5813 aligncenter\" src=\"http:\/\/cpl14.fr\/wp-content\/uploads\/2019\/11\/1c-83-angle.jpg\" alt=\"\" width=\"353\" height=\"363\" srcset=\"https:\/\/cpl14.fr\/wp-content\/uploads\/2019\/11\/1c-83-angle.jpg 440w, https:\/\/cpl14.fr\/wp-content\/uploads\/2019\/11\/1c-83-angle-292x300.jpg 292w\" sizes=\"auto, (max-width: 353px) 100vw, 353px\" \/><\/p>\n<p><img loading=\"lazy\" decoding=\"async\" class=\" wp-image-5814 aligncenter\" src=\"http:\/\/cpl14.fr\/wp-content\/uploads\/2019\/11\/1c-83-cartouche.jpg\" alt=\"\" width=\"509\" height=\"310\" srcset=\"https:\/\/cpl14.fr\/wp-content\/uploads\/2019\/11\/1c-83-cartouche.jpg 731w, https:\/\/cpl14.fr\/wp-content\/uploads\/2019\/11\/1c-83-cartouche-300x183.jpg 300w\" sizes=\"auto, (max-width: 509px) 100vw, 509px\" \/><\/p>\n<p><img loading=\"lazy\" decoding=\"async\" class=\" wp-image-5815 aligncenter\" src=\"http:\/\/cpl14.fr\/wp-content\/uploads\/2019\/11\/1c-83-poste.jpg\" alt=\"\" width=\"400\" height=\"390\" srcset=\"https:\/\/cpl14.fr\/wp-content\/uploads\/2019\/11\/1c-83-poste.jpg 500w, https:\/\/cpl14.fr\/wp-content\/uploads\/2019\/11\/1c-83-poste-300x292.jpg 300w\" sizes=\"auto, (max-width: 400px) 100vw, 400px\" \/><\/p>\n<p>&nbsp;<\/p>\n<h5>2c type II n\u00b085<\/h5>\n<p>le type IIA est \u00e9mis entre 1877 et 1884, avec un trait d&rsquo;ombre dans le T<\/p>\n<p>le type IIB entre 1884 et 1890, avec des traits d&rsquo;ombre dans le T et dans le E<\/p>\n<p>le type IIC entre 1890 et 1900, sans traits d&rsquo;ombre<\/p>\n<p><img loading=\"lazy\" decoding=\"async\" class=\" wp-image-5816 aligncenter\" src=\"http:\/\/cpl14.fr\/wp-content\/uploads\/2019\/11\/2c-poste.jpg\" alt=\"\" width=\"400\" height=\"649\" srcset=\"https:\/\/cpl14.fr\/wp-content\/uploads\/2019\/11\/2c-poste.jpg 500w, https:\/\/cpl14.fr\/wp-content\/uploads\/2019\/11\/2c-poste-185x300.jpg 185w\" sizes=\"auto, (max-width: 400px) 100vw, 400px\" \/><\/p>\n<p>&nbsp;<\/p>\n<h5>5c type II n\u00b075<\/h5>\n<p>le type IIA est \u00e9mis entre 1876 et 1878, avec un trait d&rsquo;ombre obturant la boucle du S<\/p>\n<p>le type IIB entre 1877 et 1899 sans trait d&rsquo;ombre<\/p>\n<p><img loading=\"lazy\" decoding=\"async\" class=\" wp-image-5810 aligncenter\" src=\"http:\/\/cpl14.fr\/wp-content\/uploads\/2019\/11\/5c-75.jpg\" alt=\"\" width=\"598\" height=\"344\" srcset=\"https:\/\/cpl14.fr\/wp-content\/uploads\/2019\/11\/5c-75.jpg 600w, https:\/\/cpl14.fr\/wp-content\/uploads\/2019\/11\/5c-75-300x173.jpg 300w\" sizes=\"auto, (max-width: 598px) 100vw, 598px\" \/><\/p>\n<p>&nbsp;<\/p>\n<h5>15c type II n\u00b077<\/h5>\n<p>le type IIA est \u00e9mis entre 1876 et 1878, sans ombre et signature SAGE illisible<\/p>\n<p>le type IIB est \u00e9mis en 1878, avec un trait d&rsquo;ombre obturant la boucle du S et signature SAGE lisible<\/p>\n<p><img loading=\"lazy\" decoding=\"async\" class=\" wp-image-5811 aligncenter\" src=\"http:\/\/cpl14.fr\/wp-content\/uploads\/2019\/11\/15c-77-1.jpg\" alt=\"\" width=\"599\" height=\"295\" srcset=\"https:\/\/cpl14.fr\/wp-content\/uploads\/2019\/11\/15c-77-1.jpg 597w, https:\/\/cpl14.fr\/wp-content\/uploads\/2019\/11\/15c-77-1-300x148.jpg 300w\" sizes=\"auto, (max-width: 599px) 100vw, 599px\" \/><\/p>\n<p><img loading=\"lazy\" decoding=\"async\" class=\" wp-image-5812 aligncenter\" src=\"http:\/\/cpl14.fr\/wp-content\/uploads\/2019\/11\/15c-77-2.jpg\" alt=\"\" width=\"400\" height=\"283\" srcset=\"https:\/\/cpl14.fr\/wp-content\/uploads\/2019\/11\/15c-77-2.jpg 507w, https:\/\/cpl14.fr\/wp-content\/uploads\/2019\/11\/15c-77-2-300x212.jpg 300w\" sizes=\"auto, (max-width: 400px) 100vw, 400px\" \/><\/p>\n<p>&nbsp;<\/p>\n<h5>15c type II n\u00b090<\/h5>\n<p>le type IIB est \u00e9mis entre 1878 et 1881, identique au type IIB du 15c n\u00b077<\/p>\n<p>le type IIC \u00e9mis entre 1881 et 1892, il comporte 4 \u00e9tats sur une m\u00eame feuille dont seul l&rsquo;\u00e9tat 1 est sans ombres dans POSTE<\/p>\n<p><img loading=\"lazy\" decoding=\"async\" class=\"size-full wp-image-5820 aligncenter\" src=\"http:\/\/cpl14.fr\/wp-content\/uploads\/2019\/11\/15c-90-B-et-C.jpg\" alt=\"\" width=\"600\" height=\"385\" srcset=\"https:\/\/cpl14.fr\/wp-content\/uploads\/2019\/11\/15c-90-B-et-C.jpg 600w, https:\/\/cpl14.fr\/wp-content\/uploads\/2019\/11\/15c-90-B-et-C-300x193.jpg 300w\" sizes=\"auto, (max-width: 600px) 100vw, 600px\" \/><\/p>\n<p>&nbsp;<\/p>\n<p>Pour les autres \u00e9tats du type IIC, nous allons les d\u00e9tailler car certains peuvent \u00eatre confondus avec le 90 IIB :<\/p>\n<p>IIC Etat 1: pas d&rsquo;ombre (voir image ci-dessus)<\/p>\n<p>IIC Etat 2: une ombre obturant le S (comme le type IIB) mais en plus 2 ombres sous les branches du E<\/p>\n<p><img loading=\"lazy\" decoding=\"async\" class=\"size-full wp-image-5821 aligncenter\" src=\"http:\/\/cpl14.fr\/wp-content\/uploads\/2019\/11\/15c-90-C2.jpg\" alt=\"\" width=\"600\" height=\"142\" srcset=\"https:\/\/cpl14.fr\/wp-content\/uploads\/2019\/11\/15c-90-C2.jpg 600w, https:\/\/cpl14.fr\/wp-content\/uploads\/2019\/11\/15c-90-C2-300x71.jpg 300w\" sizes=\"auto, (max-width: 600px) 100vw, 600px\" \/><\/p>\n<p>IIC Etat 3: une ombre obturant le S (comme le type IIB) mais beaucoup plus \u00e9paisse<\/p>\n<p><img loading=\"lazy\" decoding=\"async\" class=\"size-full wp-image-5822 aligncenter\" src=\"http:\/\/cpl14.fr\/wp-content\/uploads\/2019\/11\/15c-90-C3.jpg\" alt=\"\" width=\"600\" height=\"142\" srcset=\"https:\/\/cpl14.fr\/wp-content\/uploads\/2019\/11\/15c-90-C3.jpg 600w, https:\/\/cpl14.fr\/wp-content\/uploads\/2019\/11\/15c-90-C3-300x71.jpg 300w\" sizes=\"auto, (max-width: 600px) 100vw, 600px\" \/><\/p>\n<p>IIC Etat 4: une ombre obturant le S (comme le type IIB) mais en plus 1 ombre sous la branche centrale du E<\/p>\n<p><img loading=\"lazy\" decoding=\"async\" class=\"wp-image-5823 aligncenter\" src=\"http:\/\/cpl14.fr\/wp-content\/uploads\/2019\/11\/15c-90-C4.jpg\" alt=\"\" width=\"599\" height=\"146\" srcset=\"https:\/\/cpl14.fr\/wp-content\/uploads\/2019\/11\/15c-90-C4.jpg 1092w, https:\/\/cpl14.fr\/wp-content\/uploads\/2019\/11\/15c-90-C4-300x73.jpg 300w, https:\/\/cpl14.fr\/wp-content\/uploads\/2019\/11\/15c-90-C4-768x187.jpg 768w, https:\/\/cpl14.fr\/wp-content\/uploads\/2019\/11\/15c-90-C4-1024x249.jpg 1024w\" sizes=\"auto, (max-width: 599px) 100vw, 599px\" \/><\/p>\n<p>&nbsp;<\/p>\n<h5>15c type II n\u00b0101 sur papier quadrill\u00e9<\/h5>\n<p>Suite \u00e0 la multiplication des faux pour tromper la poste pour ce timbre, l&rsquo;administration d\u00e9cide de l&rsquo;imprimer sur papier quadrill\u00e9. Ce quadrillage est visible au dos du timbre, mais il est parfois tr\u00e8s faible (surtout sur timbre oblit\u00e9r\u00e9), il faut bien observer le timbre sous lumi\u00e8re rasante (\u00e0 45\u00b0) pour n&rsquo;apercevoir parfois que 2 ou 3 lignes se croisant!<\/p>\n<p><img loading=\"lazy\" decoding=\"async\" class=\"size-full wp-image-5825 aligncenter\" src=\"http:\/\/cpl14.fr\/wp-content\/uploads\/2019\/11\/15c-101-dos.jpg\" alt=\"\" width=\"523\" height=\"264\" srcset=\"https:\/\/cpl14.fr\/wp-content\/uploads\/2019\/11\/15c-101-dos.jpg 523w, https:\/\/cpl14.fr\/wp-content\/uploads\/2019\/11\/15c-101-dos-300x151.jpg 300w\" sizes=\"auto, (max-width: 523px) 100vw, 523px\" \/><\/p>\n<p>&nbsp;<\/p>\n<p>le type IIC \u00e9mis entre 1892 et 1894 est identique au type IIC du n\u00b090 d\u00e9crit ci-dessus \u00e0 l&rsquo;exception du papier quadrill\u00e9. Il comporte donc \u00e9galement ses 4 \u00e9tats.<\/p>\n<p>le type IID est \u00e9mis entre 1894 et 1899, il provient d&rsquo;un retouche du galvano-type du type IIC, il comporte donc \u00e9galement les 4 \u00e9tats du type IIC, aux m\u00eames cases. Pour le diff\u00e9rencier du type IIC, il faut regarder l&rsquo;ombre du cartouche et la cuisse de Mercure<\/p>\n<p>le type E est \u00e9mis entre 1899 et 1900, il se pr\u00e9sente comme le type IIC (ombre du cartouche et cuisse de Mercure) \u00e9tat 1, mais avec un cadre ext\u00e9rieur fin<\/p>\n<p><img loading=\"lazy\" decoding=\"async\" class=\"size-full wp-image-5826 aligncenter\" src=\"http:\/\/cpl14.fr\/wp-content\/uploads\/2019\/11\/15c-101-C-D-E.jpg\" alt=\"\" width=\"900\" height=\"206\" srcset=\"https:\/\/cpl14.fr\/wp-content\/uploads\/2019\/11\/15c-101-C-D-E.jpg 900w, https:\/\/cpl14.fr\/wp-content\/uploads\/2019\/11\/15c-101-C-D-E-300x69.jpg 300w, https:\/\/cpl14.fr\/wp-content\/uploads\/2019\/11\/15c-101-C-D-E-768x176.jpg 768w\" sizes=\"auto, (max-width: 900px) 100vw, 900px\" \/><\/p>\n<p style=\"text-align: center;\">sur le type IID, l&rsquo;ombre \u00e0 droite du cartouche est lign\u00e9e, idem pour le pli du tissus sur la cuisse,<\/p>\n<p style=\"text-align: center;\">alors que les ombres sont presque unies sur les types IIC et IIE<\/p>\n<p>&nbsp;<\/p>\n<p><img loading=\"lazy\" decoding=\"async\" class=\" wp-image-5828 aligncenter\" src=\"http:\/\/cpl14.fr\/wp-content\/uploads\/2019\/11\/15c-101-D-E.jpg\" alt=\"\" width=\"703\" height=\"326\" srcset=\"https:\/\/cpl14.fr\/wp-content\/uploads\/2019\/11\/15c-101-D-E.jpg 800w, https:\/\/cpl14.fr\/wp-content\/uploads\/2019\/11\/15c-101-D-E-300x139.jpg 300w, https:\/\/cpl14.fr\/wp-content\/uploads\/2019\/11\/15c-101-D-E-768x356.jpg 768w\" sizes=\"auto, (max-width: 703px) 100vw, 703px\" \/><\/p>\n<p style=\"text-align: center;\">cadre du haut \u00e9pais sur type C et D, fin sur type E<\/p>\n<p>&nbsp;<\/p>\n<p>collection Bruno Bonnet<\/p>\n<p>&nbsp;<\/p>\n<p style=\"text-align: right;\"><a href=\"http:\/\/cpl14.fr\/?p=1150\">Retour \u00e0 l&rsquo;article Types et Etats<\/a><\/p>\n","protected":false},"excerpt":{"rendered":"<div class=\"mh-excerpt\"><p>Ces timbres sont aussi nomm\u00e9s \u00ab\u00a0Paix et Commerce\u00a0\u00bb, car ce sont les all\u00e9gories figurant sur l&rsquo;image (Paix \u00e0 gauche, tenant un rameau d&rsquo;olivier, et Commerce <a class=\"mh-excerpt-more\" href=\"https:\/\/cpl14.fr\/?page_id=5789\" title=\"Les Sage\">[&#8230;]<\/a><\/p>\n<\/div>","protected":false},"author":1,"featured_media":0,"parent":0,"menu_order":0,"comment_status":"closed","ping_status":"closed","template":"","meta":{"footnotes":""},"class_list":["post-5789","page","type-page","status-publish","hentry"],"_links":{"self":[{"href":"https:\/\/cpl14.fr\/index.php?rest_route=\/wp\/v2\/pages\/5789","targetHints":{"allow":["GET"]}}],"collection":[{"href":"https:\/\/cpl14.fr\/index.php?rest_route=\/wp\/v2\/pages"}],"about":[{"href":"https:\/\/cpl14.fr\/index.php?rest_route=\/wp\/v2\/types\/page"}],"author":[{"embeddable":true,"href":"https:\/\/cpl14.fr\/index.php?rest_route=\/wp\/v2\/users\/1"}],"replies":[{"embeddable":true,"href":"https:\/\/cpl14.fr\/index.php?rest_route=%2Fwp%2Fv2%2Fcomments&post=5789"}],"version-history":[{"count":19,"href":"https:\/\/cpl14.fr\/index.php?rest_route=\/wp\/v2\/pages\/5789\/revisions"}],"predecessor-version":[{"id":6624,"href":"https:\/\/cpl14.fr\/index.php?rest_route=\/wp\/v2\/pages\/5789\/revisions\/6624"}],"wp:attachment":[{"href":"https:\/\/cpl14.fr\/index.php?rest_route=%2Fwp%2Fv2%2Fmedia&parent=5789"}],"curies":[{"name":"wp","href":"https:\/\/api.w.org\/{rel}","templated":true}]}}