{"id":5976,"date":"2020-02-08T17:16:20","date_gmt":"2020-02-08T16:16:20","guid":{"rendered":"http:\/\/cpl14.fr\/?page_id=5976"},"modified":"2020-03-30T14:22:20","modified_gmt":"2020-03-30T12:22:20","slug":"mystere-20-200f-n-pa42","status":"publish","type":"page","link":"https:\/\/cpl14.fr\/?page_id=5976","title":{"rendered":"Myst\u00e8re 20 2,00f"},"content":{"rendered":"<p><img loading=\"lazy\" decoding=\"async\" class=\"size-full wp-image-6681 aligncenter\" src=\"http:\/\/cpl14.fr\/wp-content\/uploads\/2020\/03\/pa42.jpg\" alt=\"\" width=\"450\" height=\"299\" srcset=\"https:\/\/cpl14.fr\/wp-content\/uploads\/2020\/03\/pa42.jpg 450w, https:\/\/cpl14.fr\/wp-content\/uploads\/2020\/03\/pa42-300x199.jpg 300w\" sizes=\"auto, (max-width: 450px) 100vw, 450px\" \/><\/p>\n<p>Dans son Dictionnaire des Types en Typographie et Taille-Douce (pr\u00e9fac\u00e9 par Pierre de Lizeray), Pierre Marion couvre la p\u00e9riode 1926-1966&#8230; alors c&rsquo;est dans Le Monde des Philat\u00e9listes qu&rsquo;il publiera ensuite ces d\u00e9couvertes.<\/p>\n<p>Dans le n\u00b0309 de mai 1978, il publie un article sur \u00ab\u00a0les deux molettes du 2F Myst\u00e8re 20&Prime;&#8230; et, d\u00e9monstration et preuves \u00e0 l&rsquo;appui, il nous explique les diff\u00e9rences entre le timbre imprim\u00e9 sur presse TD3 et le timbre imprim\u00e9 sur presse TD6.\u00a0 (note: le journal a juste invers\u00e9 les sch\u00e9mas et les l\u00e9gendes! pour nous compliquer l&rsquo;existence&#8230;)<\/p>\n<p>Ces diff\u00e9rences sont \u00e9videntes pour les collectionneurs de coins dat\u00e9s (P. Marion \u00e9tait adh\u00e9rent de la SOCOCODAMI), mais pour les philat\u00e9listes qui collectionnent les timbres d\u00e9tach\u00e9s&#8230; la t\u00e2che devient plus complexe. Les catalogues ont d&rsquo;ailleurs omis de pr\u00e9ciser que ce timbre avait 2 \u00e9tats.<\/p>\n<p>Pourtant, si on a les bonnes informations (celles du \u00ab\u00a0Monde\u00a0\u00bb de mai 1978), le travail devient beaucoup plus facile:<\/p>\n<p>Le timbre est \u00e9mis le 14 juin 1965, il n&rsquo;a pas d&rsquo;usage pr\u00e9cis \u00e0 cette \u00e9poque, c&rsquo;est un compl\u00e9ment d&rsquo;affranchissement. A partir du 1er aout 1966, il correspond \u00e0 la taxe de recommandation, puis le 13 janvier 1969 c&rsquo;est la lettre au 3e \u00e9chelon de poids. La 4 janvier 1971, il redevient valeur compl\u00e9mentaire. Il est retir\u00e9 le 6 avril 1973.<\/p>\n<p>&nbsp;<\/p>\n<h5>L&rsquo;Etat 1<\/h5>\n<p>c&rsquo;est l&rsquo;\u00e9tat du timbre le plus courant. il provient des tirages de mai 1965 \u00e0 mars 1971 sur les presses TD3. Les feuilles pr\u00e9sentent les timbres \u00ab\u00a0debout\u00a0\u00bb, c&rsquo;est \u00e0 dire que le timbre est imprim\u00e9 de petit c\u00f4t\u00e9 \u00e0 petit c\u00f4t\u00e9:<\/p>\n<p><img loading=\"lazy\" decoding=\"async\" class=\" wp-image-5980 aligncenter\" src=\"http:\/\/cpl14.fr\/wp-content\/uploads\/2020\/02\/Copie-de-type-1a.jpg\" alt=\"\" width=\"201\" height=\"299\" srcset=\"https:\/\/cpl14.fr\/wp-content\/uploads\/2020\/02\/Copie-de-type-1a.jpg 399w, https:\/\/cpl14.fr\/wp-content\/uploads\/2020\/02\/Copie-de-type-1a-202x300.jpg 202w\" sizes=\"auto, (max-width: 201px) 100vw, 201px\" \/><\/p>\n<p>Les feuilles ont un guillochis dans les marges haute et basse, et pour les marges tenant au grand c\u00f4t\u00e9, elles ne sont pas perfor\u00e9es.<\/p>\n<p>La gravure du timbre mesure 35,9 \u00e0 36mm<\/p>\n<p><img loading=\"lazy\" decoding=\"async\" class=\"size-full wp-image-5983 aligncenter\" src=\"http:\/\/cpl14.fr\/wp-content\/uploads\/2020\/02\/type-1.jpg\" alt=\"\" width=\"531\" height=\"343\" srcset=\"https:\/\/cpl14.fr\/wp-content\/uploads\/2020\/02\/type-1.jpg 531w, https:\/\/cpl14.fr\/wp-content\/uploads\/2020\/02\/type-1-300x194.jpg 300w\" sizes=\"auto, (max-width: 531px) 100vw, 531px\" \/><\/p>\n<p>&nbsp;<\/p>\n<p>et la valeur faciale est exempte de signes particuliers<\/p>\n<p><img loading=\"lazy\" decoding=\"async\" class=\"size-full wp-image-5981 aligncenter\" src=\"http:\/\/cpl14.fr\/wp-content\/uploads\/2020\/02\/type-1.2.jpg\" alt=\"\" width=\"640\" height=\"480\" srcset=\"https:\/\/cpl14.fr\/wp-content\/uploads\/2020\/02\/type-1.2.jpg 640w, https:\/\/cpl14.fr\/wp-content\/uploads\/2020\/02\/type-1.2-300x225.jpg 300w, https:\/\/cpl14.fr\/wp-content\/uploads\/2020\/02\/type-1.2-326x245.jpg 326w, https:\/\/cpl14.fr\/wp-content\/uploads\/2020\/02\/type-1.2-80x60.jpg 80w\" sizes=\"auto, (max-width: 640px) 100vw, 640px\" \/><\/p>\n<p>&nbsp;<\/p>\n<h5>L&rsquo;Etat 2<\/h5>\n<p>Fin 1971, les stocks s&rsquo;\u00e9puisent, mais le timbre est toujours fortement demand\u00e9 pour l&rsquo;affranchissement des lettres recommand\u00e9es (avec un compl\u00e9ment en Marianne de B\u00e9quet 50c, pour les 3F50 de la LR ou les 4F50 de la LRAR). Alors de nouveaux tirages sont programm\u00e9s, mais cette fois sur presse TD6.<\/p>\n<p>Et comme les presse TD6 imprimeront le timbre \u00ab\u00a0couch\u00e9\u00a0\u00bb, de grand c\u00f4t\u00e9 \u00e0 grand c\u00f4t\u00e9&#8230;<\/p>\n<p><img loading=\"lazy\" decoding=\"async\" class=\"wp-image-5984 aligncenter\" src=\"http:\/\/cpl14.fr\/wp-content\/uploads\/2020\/02\/type-2.jpg\" alt=\"\" width=\"299\" height=\"194\" srcset=\"https:\/\/cpl14.fr\/wp-content\/uploads\/2020\/02\/type-2.jpg 525w, https:\/\/cpl14.fr\/wp-content\/uploads\/2020\/02\/type-2-300x195.jpg 300w\" sizes=\"auto, (max-width: 299px) 100vw, 299px\" \/><\/p>\n<p>&#8230; il faut refaire une molette dans le bon sens!<\/p>\n<p>les feuilles sont sans guillochis, les marges tenant \u00e0 grand c\u00f4t\u00e9 sont perfor\u00e9es.<\/p>\n<p>La gravure du timbre mesure 36,2 \u00e0 36,5mm<\/p>\n<p><img loading=\"lazy\" decoding=\"async\" class=\"size-full wp-image-5985 aligncenter\" src=\"http:\/\/cpl14.fr\/wp-content\/uploads\/2020\/02\/Copie-de-type-2.jpg\" alt=\"\" width=\"525\" height=\"341\" srcset=\"https:\/\/cpl14.fr\/wp-content\/uploads\/2020\/02\/Copie-de-type-2.jpg 525w, https:\/\/cpl14.fr\/wp-content\/uploads\/2020\/02\/Copie-de-type-2-300x195.jpg 300w\" sizes=\"auto, (max-width: 525px) 100vw, 525px\" \/><\/p>\n<p>Alors l\u00e0, vous vous dites&#8230; \u00ab\u00a0<em>Il me prends pour un c.., il a dit que ce serait simple, mais c&rsquo;est horriblement compliqu\u00e9 de mesurer des 1\/10e de millim\u00e8tre.\u00a0\u00bb<\/em><\/p>\n<p>Alors on oublie tout ce qu&rsquo;on a dit, vous retenez juste qu&rsquo;il y a 2 \u00e9tats, et la raison de ces 2 \u00e9tats. Vous prenez une loupe et&#8230;<\/p>\n<p><img loading=\"lazy\" decoding=\"async\" class=\"size-full wp-image-5986 aligncenter\" src=\"http:\/\/cpl14.fr\/wp-content\/uploads\/2020\/02\/type-2.2.jpg\" alt=\"\" width=\"640\" height=\"480\" srcset=\"https:\/\/cpl14.fr\/wp-content\/uploads\/2020\/02\/type-2.2.jpg 640w, https:\/\/cpl14.fr\/wp-content\/uploads\/2020\/02\/type-2.2-300x225.jpg 300w, https:\/\/cpl14.fr\/wp-content\/uploads\/2020\/02\/type-2.2-326x245.jpg 326w, https:\/\/cpl14.fr\/wp-content\/uploads\/2020\/02\/type-2.2-80x60.jpg 80w\" sizes=\"auto, (max-width: 640px) 100vw, 640px\" \/><\/p>\n<p>vous cherchez les points et traits entour\u00e9s et not\u00e9s d&rsquo;une fl\u00e8che rouge. SEUL l&rsquo;ETAT 2 POSSEDE CES POINTS ET TRAITS!<\/p>\n<p>Si vous les cherchez sur lettre, inutile de chercher avant 1972.<\/p>\n<p>Les timbres \u00e0 l&rsquo;\u00e9tat 2 repr\u00e9sentent environ 10% de l&rsquo;ensemble des tirages du Myst\u00e8re 20, donc pas tr\u00e8s courants.<\/p>\n<p>A noter pour les amateurs de vari\u00e9t\u00e9s, l&rsquo;\u00e9tat 1 existe sur papier normal et papier azur\u00e9, l&rsquo;\u00e9tat 2 semble n&rsquo;exister que sur papier normal&#8230; \u00e0 v\u00e9rifier par les sp\u00e9cialistes du coin dat\u00e9 (n&rsquo;h\u00e9sitez pas \u00e0 me contacter \u00e0 ce sujet).<\/p>\n<p>&nbsp;<\/p>\n<p style=\"text-align: right;\"><a href=\"http:\/\/cpl14.fr\/?p=1150\">retour \u00e0 l&rsquo;article Types et Etats<\/a><\/p>\n","protected":false},"excerpt":{"rendered":"<div class=\"mh-excerpt\"><p>Dans son Dictionnaire des Types en Typographie et Taille-Douce (pr\u00e9fac\u00e9 par Pierre de Lizeray), Pierre Marion couvre la p\u00e9riode 1926-1966&#8230; alors c&rsquo;est dans Le Monde <a class=\"mh-excerpt-more\" href=\"https:\/\/cpl14.fr\/?page_id=5976\" title=\"Myst\u00e8re 20 2,00f\">[&#8230;]<\/a><\/p>\n<\/div>","protected":false},"author":1,"featured_media":0,"parent":0,"menu_order":0,"comment_status":"closed","ping_status":"closed","template":"","meta":{"footnotes":""},"class_list":["post-5976","page","type-page","status-publish","hentry"],"_links":{"self":[{"href":"https:\/\/cpl14.fr\/index.php?rest_route=\/wp\/v2\/pages\/5976","targetHints":{"allow":["GET"]}}],"collection":[{"href":"https:\/\/cpl14.fr\/index.php?rest_route=\/wp\/v2\/pages"}],"about":[{"href":"https:\/\/cpl14.fr\/index.php?rest_route=\/wp\/v2\/types\/page"}],"author":[{"embeddable":true,"href":"https:\/\/cpl14.fr\/index.php?rest_route=\/wp\/v2\/users\/1"}],"replies":[{"embeddable":true,"href":"https:\/\/cpl14.fr\/index.php?rest_route=%2Fwp%2Fv2%2Fcomments&post=5976"}],"version-history":[{"count":5,"href":"https:\/\/cpl14.fr\/index.php?rest_route=\/wp\/v2\/pages\/5976\/revisions"}],"predecessor-version":[{"id":6726,"href":"https:\/\/cpl14.fr\/index.php?rest_route=\/wp\/v2\/pages\/5976\/revisions\/6726"}],"wp:attachment":[{"href":"https:\/\/cpl14.fr\/index.php?rest_route=%2Fwp%2Fv2%2Fmedia&parent=5976"}],"curies":[{"name":"wp","href":"https:\/\/api.w.org\/{rel}","templated":true}]}}