{"id":6103,"date":"2020-03-20T08:31:35","date_gmt":"2020-03-20T07:31:35","guid":{"rendered":"http:\/\/cpl14.fr\/?page_id=6103"},"modified":"2020-03-25T05:14:59","modified_gmt":"2020-03-25T04:14:59","slug":"ceci-nest-pas-un-porte-plume","status":"publish","type":"page","link":"https:\/\/cpl14.fr\/?page_id=6103","title":{"rendered":"Ceci n&rsquo;est pas un porte-plume"},"content":{"rendered":"<p>Boutade du titre, s\u00e9rieux du propos. En plagiant un peu l&rsquo;id\u00e9e de la pipe du peintre belge Ren\u00e9 Magritte, nous vous proposons ici, un objet simple et curieux, bien connu des collectionneurs tr\u00e8s sp\u00e9cialis\u00e9s, beaucoup moins des \u00ab\u00a0n\u00e9ophytes\u00a0\u00bb.<\/p>\n<p style=\"text-align: center;\"><img loading=\"lazy\" decoding=\"async\" class=\"size-full wp-image-6104 aligncenter\" src=\"http:\/\/cpl14.fr\/wp-content\/uploads\/2020\/03\/20200318_112832.jpg\" alt=\"\" width=\"346\" height=\"260\" srcset=\"https:\/\/cpl14.fr\/wp-content\/uploads\/2020\/03\/20200318_112832.jpg 346w, https:\/\/cpl14.fr\/wp-content\/uploads\/2020\/03\/20200318_112832-300x225.jpg 300w, https:\/\/cpl14.fr\/wp-content\/uploads\/2020\/03\/20200318_112832-326x245.jpg 326w, https:\/\/cpl14.fr\/wp-content\/uploads\/2020\/03\/20200318_112832-80x60.jpg 80w\" sizes=\"auto, (max-width: 346px) 100vw, 346px\" \/><br \/>\n\u00ab\u00a0Ceci n&rsquo;est pas une pipe\u00a0\u00bb<br \/>\nTimbre \u00e9mis en Belgique, feuillet de 10 timbres diff\u00e9rents, 2017.<\/p>\n<p>L&rsquo;objet que nous pr\u00e9sentons aujourd&rsquo;hui :<\/p>\n<p><img loading=\"lazy\" decoding=\"async\" class=\"size-full wp-image-6105 aligncenter\" src=\"http:\/\/cpl14.fr\/wp-content\/uploads\/2020\/03\/20200318_105745_resized.jpg\" alt=\"\" width=\"900\" height=\"163\" srcset=\"https:\/\/cpl14.fr\/wp-content\/uploads\/2020\/03\/20200318_105745_resized.jpg 900w, https:\/\/cpl14.fr\/wp-content\/uploads\/2020\/03\/20200318_105745_resized-300x54.jpg 300w, https:\/\/cpl14.fr\/wp-content\/uploads\/2020\/03\/20200318_105745_resized-768x139.jpg 768w\" sizes=\"auto, (max-width: 900px) 100vw, 900px\" \/><\/p>\n<p>Est bien un porte-plume?<br \/>\nIl est fabriqu\u00e9 en os, et fer, au d\u00e9but du XXe si\u00e8cle.<br \/>\nSa dimension de 18cm, son poids de 9g52 .<br \/>\nLa plume est une Sergent Major \u00e9galement en fer, marqu\u00e9e \u00ab\u00a0SERMAJOR\u00a0\u00bb, elle est certainement d&rsquo;origine.<br \/>\nEn haut, en creux, un espace devait contenir une petite m\u00e9daille ou une image portrait de Th\u00e9r\u00e8se ?<\/p>\n<p>Si vous ne connaissez pas d\u00e9j\u00e0 ce type d&rsquo;objet, vous pouvez ne pas voir au centre, au dessus de la partie torsad\u00e9e du manche , un point de verre. Pour la luminosit\u00e9 n\u00e9cessaire, il est traversant.<\/p>\n<p><img loading=\"lazy\" decoding=\"async\" class=\"size-full wp-image-6107 aligncenter\" src=\"http:\/\/cpl14.fr\/wp-content\/uploads\/2020\/03\/20200318_105818_resized.jpg\" alt=\"\" width=\"400\" height=\"311\" srcset=\"https:\/\/cpl14.fr\/wp-content\/uploads\/2020\/03\/20200318_105818_resized.jpg 400w, https:\/\/cpl14.fr\/wp-content\/uploads\/2020\/03\/20200318_105818_resized-300x233.jpg 300w\" sizes=\"auto, (max-width: 400px) 100vw, 400px\" \/><br \/>\nEn y portant votre oeil, vous pouvez d\u00e9couvrir, comme une microscopique projection, une s\u00e9rie de vues. Elles sont le plus souvent touristiques, et ces objets vendus autrefois dans les magasins de souvenirs.<br \/>\nLe nom de cet objet est donc :<\/p>\n<p>PORTE &#8211; PLUME AVEC VUE (S)<\/p>\n<p>A titre d&rsquo;exemple, nous avons consult\u00e9 internet, et vu diff\u00e9rents mod\u00e8les \u00e0 vendre: de Paris, Versailles, Royan, St Anne d&rsquo;Auray, Monaco, et m\u00eame Basilique de Lisieux, plus moderne, dont le manche est en plastique ! H\u00e9las vous n&rsquo;en voyez pas les images !<\/p>\n<p>Ce type de vues, se trouve aussi dans des objets de fantaisie tels que bijoux, bagues, pendentifs, porte-aiguilles, manches de parapluies ou ombrelles etc. Tous ces objets sont peu communs.<\/p>\n<p>Celui que nous montrons ici, chin\u00e9 l&rsquo;an pass\u00e9 (2019) , nous appartient : nous avons pu, malgr\u00e9 la difficult\u00e9 et la qualit\u00e9 assez moyenne, photographier ces images avec notre smartphone :<\/p>\n<p><img loading=\"lazy\" decoding=\"async\" class=\" wp-image-6108 aligncenter\" src=\"http:\/\/cpl14.fr\/wp-content\/uploads\/2020\/03\/20190805_153939.jpg\" alt=\"\" width=\"751\" height=\"706\" srcset=\"https:\/\/cpl14.fr\/wp-content\/uploads\/2020\/03\/20190805_153939.jpg 896w, https:\/\/cpl14.fr\/wp-content\/uploads\/2020\/03\/20190805_153939-300x282.jpg 300w, https:\/\/cpl14.fr\/wp-content\/uploads\/2020\/03\/20190805_153939-768x722.jpg 768w\" sizes=\"auto, (max-width: 751px) 100vw, 751px\" \/><\/p>\n<p>Les 5 vues, en noir et blanc, sont tr\u00e8s anciennes et avant la construction de la Basilique 1929.1937 (sinon elle y serait). C&rsquo;est \u00e0 notre connaissance la premi\u00e8re fois que ce syst\u00e8me est montr\u00e9 ainsi&#8230;<br \/>\nVoici la l\u00e9gende des 5 images (un peu floues, du fait de la difficult\u00e9 de la prise de vue), telles qu&rsquo;on les d\u00e9couvre<\/p>\n<p style=\"text-align: center;\">Le Carmel\u00a0\u00a0\u00a0\u00a0\u00a0\u00a0\u00a0\u00a0\u00a0\u00a0\u00a0\u00a0\u00a0\u00a0\u00a0\u00a0 Ste Th\u00e9r\u00e8se\u00a0\u00a0\u00a0\u00a0\u00a0\u00a0\u00a0\u00a0\u00a0\u00a0\u00a0\u00a0\u00a0\u00a0\u00a0\u00a0\u00a0\u00a0\u00a0 La vierge au sourire<br \/>\nLa Chasse\u00a0\u00a0\u00a0\u00a0\u00a0\u00a0\u00a0\u00a0\u00a0\u00a0\u00a0\u00a0\u00a0\u00a0\u00a0\u00a0\u00a0\u00a0\u00a0\u00a0\u00a0\u00a0\u00a0\u00a0\u00a0\u00a0 Petite chasse du Carmel<\/p>\n<h5>COMMENT \u00c7A MARCHE ?<\/h5>\n<p>Ce que vous allez d\u00e9couvrir est peu connu. Restons modestes, nous ne le savions pas non plus avant cette recherche.<\/p>\n<p>LE VERRE<\/p>\n<p>Il s&rsquo;agit d&rsquo;un syst\u00e8me dit \u00e0 micro-vue Stanhope, ce nom \u00e9tant celui d&rsquo;un mod\u00e8le de loupe bien connu, ayant la forme d&rsquo;un cylindre, plat d&rsquo;un c\u00f4t\u00e9 et convexe c\u00f4t\u00e9 de l&rsquo;oeil, le c\u00f4t\u00e9 plat \u00e9tant directement pos\u00e9 sur l&rsquo;objet \u00e0 agrandir.<br \/>\nVoyez le lien <a href=\"http:\/\/www.lecompendium.com\/dossier_optique_187_loupe_de_stanhope\/loupe_de_stanhope.htm\">www.lecompendium.com<\/a> pour plus d&rsquo;images de cette loupe.<\/p>\n<p>Au niveau du trou optique, le diam\u00e8tre est de 7mm.\u00a0 Notre estimation est donc d&rsquo;une mini lentille verre, maxi 1 mm d&rsquo;\u00e9paisseur, sur laquelle est pos\u00e9 le micro-film de 5 images dont la dimension s&rsquo;inclut dans le cercle, soit environ un rectangle de 0.6 \u00d7 0.4.<br \/>\nEncastr\u00e9e de l&rsquo;autre c\u00f4t\u00e9 la loupe Stanhole mesure donc + ou &#8211; 6mm, le bomb\u00e9 est en affleurement du diam\u00e8tre.<\/p>\n<p>Voici un croquis simple de ce montage<\/p>\n<p><img loading=\"lazy\" decoding=\"async\" class=\"size-full wp-image-6116 aligncenter\" src=\"http:\/\/cpl14.fr\/wp-content\/uploads\/2020\/03\/20200319_052051_resized.jpg\" alt=\"\" width=\"900\" height=\"447\" srcset=\"https:\/\/cpl14.fr\/wp-content\/uploads\/2020\/03\/20200319_052051_resized.jpg 900w, https:\/\/cpl14.fr\/wp-content\/uploads\/2020\/03\/20200319_052051_resized-300x149.jpg 300w, https:\/\/cpl14.fr\/wp-content\/uploads\/2020\/03\/20200319_052051_resized-768x381.jpg 768w\" sizes=\"auto, (max-width: 900px) 100vw, 900px\" \/><\/p>\n<p>La cerise sur le g\u00e2teau est que nous avons r\u00e9ussi, c\u00f4t\u00e9 vues, \u00e0 photographier le micro-film en situation exacte! On peut constater que les 5 vues sont dans une seule image.<br \/>\n\u00c7a n&rsquo;est pas un exploit, mais comme disait Fernand Raynaud, \u00e7a a demand\u00e9 \u00ab\u00a0un certain temps\u00a0\u00bb .<\/p>\n<p><img loading=\"lazy\" decoding=\"async\" class=\"size-full wp-image-6117 aligncenter\" src=\"http:\/\/cpl14.fr\/wp-content\/uploads\/2020\/03\/20200319_052021.jpg\" alt=\"\" width=\"540\" height=\"536\" srcset=\"https:\/\/cpl14.fr\/wp-content\/uploads\/2020\/03\/20200319_052021.jpg 540w, https:\/\/cpl14.fr\/wp-content\/uploads\/2020\/03\/20200319_052021-150x150.jpg 150w, https:\/\/cpl14.fr\/wp-content\/uploads\/2020\/03\/20200319_052021-300x298.jpg 300w\" sizes=\"auto, (max-width: 540px) 100vw, 540px\" \/><\/p>\n<p>Ces travaux de pr\u00e9cision, ainsi que le travail de l&rsquo;os \u00e9taient r\u00e9alis\u00e9s par des artisans sp\u00e9cialis\u00e9s, dont le nom exact est \u00ab\u00a0tablettiers\u00a0\u00bb .<br \/>\nEnfin, sur le plan technique, on ajoutera que des mod\u00e8les moins anciens existent en plastique, et que les photos, plus modernes, peuvent se trouver en couleur.<\/p>\n<p>LES IMAGES<\/p>\n<p>Les images sont du type dit micro-film qui fut brevet\u00e9 la premi\u00e8re fois par Ren\u00e9 DAGRON le 21 juillet 1859.<br \/>\nIl fallait bien s&rsquo;y attendre, m\u00eame si la surprise fut enti\u00e8re, ce dernier point qui n&rsquo;est pas un d\u00e9tail, nous ram\u00e8ne \u00e0 l&rsquo;histoire postale :<br \/>\nPar son invention g\u00e9niale, DAGRON fut \u00e0 l&rsquo;origine des messages en micro-photos, utilis\u00e9es pendant le Si\u00e8ge de Paris en 1870.1871, et transport\u00e9s par pigeons voyageurs : on les nomme PIGEONGRAMMES .<\/p>\n<p>Cet objet, \u00e9tant typiquement \u00ab\u00a0th\u00e9r\u00e9sien\u00a0\u00bb il va trouver sa place dans notre article<a href=\"http:\/\/cpl14.fr\/?p=259\"> Sainte Th\u00e9r\u00e8se<\/a>, avec les encriers&#8230; bien entendu, les amateurs d&rsquo;histoire postale ne manqueront pas \u00e0 cette occasion de r\u00e9viser leur DAGRON (sur internet, ou leur biblioth\u00e8que: tous les ouvrages sur la Guerre de 1870.71 abordent ce sujet tr\u00e8s classique)<\/p>\n<p>Pour illustrer les PIGEONGRAMMES derni\u00e8res images de notre biblioth\u00e8que (ref. Louis Paulian, La Poste aux lettres, Hachette \/ Paris 1898) .<\/p>\n<p><img loading=\"lazy\" decoding=\"async\" class=\"size-full wp-image-6110 aligncenter\" src=\"http:\/\/cpl14.fr\/wp-content\/uploads\/2020\/03\/20200318_183939_resized.jpg\" alt=\"\" width=\"450\" height=\"800\" srcset=\"https:\/\/cpl14.fr\/wp-content\/uploads\/2020\/03\/20200318_183939_resized.jpg 450w, https:\/\/cpl14.fr\/wp-content\/uploads\/2020\/03\/20200318_183939_resized-169x300.jpg 169w\" sizes=\"auto, (max-width: 450px) 100vw, 450px\" \/><\/p>\n<p style=\"text-align: right;\"><img loading=\"lazy\" decoding=\"async\" class=\"size-full wp-image-6111 aligncenter\" src=\"http:\/\/cpl14.fr\/wp-content\/uploads\/2020\/03\/20200318_184002_resized.jpg\" alt=\"\" width=\"600\" height=\"330\" srcset=\"https:\/\/cpl14.fr\/wp-content\/uploads\/2020\/03\/20200318_184002_resized.jpg 600w, https:\/\/cpl14.fr\/wp-content\/uploads\/2020\/03\/20200318_184002_resized-300x165.jpg 300w\" sizes=\"auto, (max-width: 600px) 100vw, 600px\" \/><\/p>\n<p style=\"text-align: right;\"><img loading=\"lazy\" decoding=\"async\" class=\"size-full wp-image-6109 aligncenter\" src=\"http:\/\/cpl14.fr\/wp-content\/uploads\/2020\/03\/20200318_184027_resized.jpg\" alt=\"\" width=\"800\" height=\"541\" srcset=\"https:\/\/cpl14.fr\/wp-content\/uploads\/2020\/03\/20200318_184027_resized.jpg 800w, https:\/\/cpl14.fr\/wp-content\/uploads\/2020\/03\/20200318_184027_resized-300x203.jpg 300w, https:\/\/cpl14.fr\/wp-content\/uploads\/2020\/03\/20200318_184027_resized-768x519.jpg 768w\" sizes=\"auto, (max-width: 800px) 100vw, 800px\" \/><\/p>\n<p style=\"text-align: left;\">Collection Sylvie et Michel CATHERINE<\/p>\n<p>&nbsp;<\/p>\n<p style=\"text-align: right;\"><a href=\"http:\/\/cpl14.fr\/?p=259\">retour \u00e0 l&rsquo;article Ste Th\u00e9r\u00e9se<\/a><\/p>\n","protected":false},"excerpt":{"rendered":"<div class=\"mh-excerpt\"><p>Boutade du titre, s\u00e9rieux du propos. En plagiant un peu l&rsquo;id\u00e9e de la pipe du peintre belge Ren\u00e9 Magritte, nous vous proposons ici, un objet <a class=\"mh-excerpt-more\" href=\"https:\/\/cpl14.fr\/?page_id=6103\" title=\"Ceci n&rsquo;est pas un porte-plume\">[&#8230;]<\/a><\/p>\n<\/div>","protected":false},"author":1,"featured_media":0,"parent":0,"menu_order":0,"comment_status":"closed","ping_status":"closed","template":"","meta":{"footnotes":""},"class_list":["post-6103","page","type-page","status-publish","hentry"],"_links":{"self":[{"href":"https:\/\/cpl14.fr\/index.php?rest_route=\/wp\/v2\/pages\/6103","targetHints":{"allow":["GET"]}}],"collection":[{"href":"https:\/\/cpl14.fr\/index.php?rest_route=\/wp\/v2\/pages"}],"about":[{"href":"https:\/\/cpl14.fr\/index.php?rest_route=\/wp\/v2\/types\/page"}],"author":[{"embeddable":true,"href":"https:\/\/cpl14.fr\/index.php?rest_route=\/wp\/v2\/users\/1"}],"replies":[{"embeddable":true,"href":"https:\/\/cpl14.fr\/index.php?rest_route=%2Fwp%2Fv2%2Fcomments&post=6103"}],"version-history":[{"count":5,"href":"https:\/\/cpl14.fr\/index.php?rest_route=\/wp\/v2\/pages\/6103\/revisions"}],"predecessor-version":[{"id":6366,"href":"https:\/\/cpl14.fr\/index.php?rest_route=\/wp\/v2\/pages\/6103\/revisions\/6366"}],"wp:attachment":[{"href":"https:\/\/cpl14.fr\/index.php?rest_route=%2Fwp%2Fv2%2Fmedia&parent=6103"}],"curies":[{"name":"wp","href":"https:\/\/api.w.org\/{rel}","templated":true}]}}