{"id":6261,"date":"2020-03-24T17:14:47","date_gmt":"2020-03-24T16:14:47","guid":{"rendered":"http:\/\/cpl14.fr\/?page_id=6261"},"modified":"2020-03-25T05:10:20","modified_gmt":"2020-03-25T04:10:20","slug":"cartes-postales","status":"publish","type":"page","link":"https:\/\/cpl14.fr\/?page_id=6261","title":{"rendered":"Cartes postales"},"content":{"rendered":"<h4>Images de Th\u00e9r\u00e9se<\/h4>\n<p>L&rsquo;IMAGE la plus repr\u00e9sent\u00e9e et connue de Th\u00e9r\u00e8se, est le portrait peint par sa soeur. Il en existe un grand nombre de variantes, et traduites dans de nombreuses langues.<br \/>\nLa troisi\u00e8me ici repr\u00e9sent\u00e9e ne manque pas de curiosit\u00e9, travail d&rsquo;amateur avec fleurs (pens\u00e9es) en voile et tissus.<\/p>\n<p><img loading=\"lazy\" decoding=\"async\" class=\"size-full wp-image-6262 aligncenter\" src=\"http:\/\/cpl14.fr\/wp-content\/uploads\/2020\/03\/1-2.jpg\" alt=\"\" width=\"515\" height=\"800\" srcset=\"https:\/\/cpl14.fr\/wp-content\/uploads\/2020\/03\/1-2.jpg 515w, https:\/\/cpl14.fr\/wp-content\/uploads\/2020\/03\/1-2-193x300.jpg 193w\" sizes=\"auto, (max-width: 515px) 100vw, 515px\" \/><\/p>\n<p><img loading=\"lazy\" decoding=\"async\" class=\"size-full wp-image-6263 aligncenter\" src=\"http:\/\/cpl14.fr\/wp-content\/uploads\/2020\/03\/2-1.jpg\" alt=\"\" width=\"517\" height=\"800\" srcset=\"https:\/\/cpl14.fr\/wp-content\/uploads\/2020\/03\/2-1.jpg 517w, https:\/\/cpl14.fr\/wp-content\/uploads\/2020\/03\/2-1-194x300.jpg 194w\" sizes=\"auto, (max-width: 517px) 100vw, 517px\" \/><\/p>\n<p><img loading=\"lazy\" decoding=\"async\" class=\"size-full wp-image-6264 aligncenter\" src=\"http:\/\/cpl14.fr\/wp-content\/uploads\/2020\/03\/3.jpg\" alt=\"\" width=\"752\" height=\"1200\" srcset=\"https:\/\/cpl14.fr\/wp-content\/uploads\/2020\/03\/3.jpg 752w, https:\/\/cpl14.fr\/wp-content\/uploads\/2020\/03\/3-188x300.jpg 188w, https:\/\/cpl14.fr\/wp-content\/uploads\/2020\/03\/3-642x1024.jpg 642w\" sizes=\"auto, (max-width: 752px) 100vw, 752px\" \/><\/p>\n<p>&nbsp;<\/p>\n<p>D\u00e8s sa canonisation, des photos vont appara\u00eetre. (assez peu nombreuses en fait: on ne photographiait pas les religieuses du Carmel, ces images \u00e9taient dans les archives)<br \/>\nCes photos, bien connues d\u00e9sormais, reproduites dans tous les livres, vont faire l&rsquo;objet de tirages \u00e9normes vendus dans le monde entier.<br \/>\nVoici un exemple de quelques cartes, la premi\u00e8re pour son regard magnifique, a toujours eu notre pr\u00e9f\u00e9rence !<\/p>\n<p><img loading=\"lazy\" decoding=\"async\" class=\"size-full wp-image-6265 aligncenter\" src=\"http:\/\/cpl14.fr\/wp-content\/uploads\/2020\/03\/4.jpg\" alt=\"\" width=\"513\" height=\"800\" srcset=\"https:\/\/cpl14.fr\/wp-content\/uploads\/2020\/03\/4.jpg 513w, https:\/\/cpl14.fr\/wp-content\/uploads\/2020\/03\/4-192x300.jpg 192w\" sizes=\"auto, (max-width: 513px) 100vw, 513px\" \/><\/p>\n<p><img loading=\"lazy\" decoding=\"async\" class=\"size-full wp-image-6266 aligncenter\" src=\"http:\/\/cpl14.fr\/wp-content\/uploads\/2020\/03\/5.jpg\" alt=\"\" width=\"1000\" height=\"700\" srcset=\"https:\/\/cpl14.fr\/wp-content\/uploads\/2020\/03\/5.jpg 1000w, https:\/\/cpl14.fr\/wp-content\/uploads\/2020\/03\/5-300x210.jpg 300w, https:\/\/cpl14.fr\/wp-content\/uploads\/2020\/03\/5-768x538.jpg 768w\" sizes=\"auto, (max-width: 1000px) 100vw, 1000px\" \/><\/p>\n<p>&nbsp;<\/p>\n<p>Cette carte est une reproduction de gravure sur bois, peut-\u00eatre assez peu commune: nous n&rsquo;avons pas encore vu la gravure originale.<br \/>\nElle sort vraiment des standards pour son autre particularit\u00e9, voyez le verso.<\/p>\n<p><img loading=\"lazy\" decoding=\"async\" class=\"size-full wp-image-6269 aligncenter\" src=\"http:\/\/cpl14.fr\/wp-content\/uploads\/2020\/03\/6.jpg\" alt=\"\" width=\"530\" height=\"800\" srcset=\"https:\/\/cpl14.fr\/wp-content\/uploads\/2020\/03\/6.jpg 530w, https:\/\/cpl14.fr\/wp-content\/uploads\/2020\/03\/6-199x300.jpg 199w\" sizes=\"auto, (max-width: 530px) 100vw, 530px\" \/><\/p>\n<p><img loading=\"lazy\" decoding=\"async\" class=\"size-full wp-image-6270 aligncenter\" src=\"http:\/\/cpl14.fr\/wp-content\/uploads\/2020\/03\/7-1.jpg\" alt=\"\" width=\"800\" height=\"526\" srcset=\"https:\/\/cpl14.fr\/wp-content\/uploads\/2020\/03\/7-1.jpg 800w, https:\/\/cpl14.fr\/wp-content\/uploads\/2020\/03\/7-1-300x197.jpg 300w, https:\/\/cpl14.fr\/wp-content\/uploads\/2020\/03\/7-1-768x505.jpg 768w\" sizes=\"auto, (max-width: 800px) 100vw, 800px\" \/><\/p>\n<p>Bien qu&rsquo;ayant \u00e9t\u00e9 imprim\u00e9e \u00e0 Lisieux :<br \/>\nImprimerie l&rsquo;Etoile d&rsquo;Or (Oeuvre familiale) Lisieux, elle a \u00e9t\u00e9 vendue et post\u00e9e \u00e0 Lourdes en 1943, cachet priv\u00e9 de l&rsquo;oeuvre familiale de Lourdes .<\/p>\n<p>Cette carte particuli\u00e8re est une photo montrant Th\u00e9r\u00e8se avec une repr\u00e9sentation de la Sainte-Face. Nous reparlerons plus loin de ce sujet important pour Th\u00e9r\u00e8se.<\/p>\n<p><img loading=\"lazy\" decoding=\"async\" class=\"size-full wp-image-6271 aligncenter\" src=\"http:\/\/cpl14.fr\/wp-content\/uploads\/2020\/03\/8-1.jpg\" alt=\"\" width=\"526\" height=\"800\" srcset=\"https:\/\/cpl14.fr\/wp-content\/uploads\/2020\/03\/8-1.jpg 526w, https:\/\/cpl14.fr\/wp-content\/uploads\/2020\/03\/8-1-197x300.jpg 197w\" sizes=\"auto, (max-width: 526px) 100vw, 526px\" \/><\/p>\n<p>&nbsp;<\/p>\n<p>Enfin, il faut signaler quelques fantaisies de cartophilie: Des grands studios photographiques se sont empar\u00e9s du sujet pour cr\u00e9er des compositions, fictives, mais qui peuvent \u00eatre charmantes comme les deux montr\u00e9es ici.<\/p>\n<p><img loading=\"lazy\" decoding=\"async\" class=\"size-full wp-image-6272 aligncenter\" src=\"http:\/\/cpl14.fr\/wp-content\/uploads\/2020\/03\/9-1.jpg\" alt=\"\" width=\"504\" height=\"800\" srcset=\"https:\/\/cpl14.fr\/wp-content\/uploads\/2020\/03\/9-1.jpg 504w, https:\/\/cpl14.fr\/wp-content\/uploads\/2020\/03\/9-1-189x300.jpg 189w\" sizes=\"auto, (max-width: 504px) 100vw, 504px\" \/><\/p>\n<p><img loading=\"lazy\" decoding=\"async\" class=\"size-full wp-image-6273 aligncenter\" src=\"http:\/\/cpl14.fr\/wp-content\/uploads\/2020\/03\/10-1.jpg\" alt=\"\" width=\"503\" height=\"800\" srcset=\"https:\/\/cpl14.fr\/wp-content\/uploads\/2020\/03\/10-1.jpg 503w, https:\/\/cpl14.fr\/wp-content\/uploads\/2020\/03\/10-1-189x300.jpg 189w\" sizes=\"auto, (max-width: 503px) 100vw, 503px\" \/><\/p>\n<p>&nbsp;<\/p>\n<p style=\"text-align: right;\"><a href=\"http:\/\/cpl14.fr\/?p=259\">retour \u00e0 l&rsquo;article Ste Th\u00e9r\u00e9se<\/a><\/p>\n<p>&nbsp;<\/p>\n<p>&nbsp;<\/p>\n","protected":false},"excerpt":{"rendered":"<div class=\"mh-excerpt\"><p>Images de Th\u00e9r\u00e9se L&rsquo;IMAGE la plus repr\u00e9sent\u00e9e et connue de Th\u00e9r\u00e8se, est le portrait peint par sa soeur. Il en existe un grand nombre de <a class=\"mh-excerpt-more\" href=\"https:\/\/cpl14.fr\/?page_id=6261\" title=\"Cartes postales\">[&#8230;]<\/a><\/p>\n<\/div>","protected":false},"author":1,"featured_media":0,"parent":0,"menu_order":0,"comment_status":"closed","ping_status":"closed","template":"","meta":{"footnotes":""},"class_list":["post-6261","page","type-page","status-publish","hentry"],"_links":{"self":[{"href":"https:\/\/cpl14.fr\/index.php?rest_route=\/wp\/v2\/pages\/6261","targetHints":{"allow":["GET"]}}],"collection":[{"href":"https:\/\/cpl14.fr\/index.php?rest_route=\/wp\/v2\/pages"}],"about":[{"href":"https:\/\/cpl14.fr\/index.php?rest_route=\/wp\/v2\/types\/page"}],"author":[{"embeddable":true,"href":"https:\/\/cpl14.fr\/index.php?rest_route=\/wp\/v2\/users\/1"}],"replies":[{"embeddable":true,"href":"https:\/\/cpl14.fr\/index.php?rest_route=%2Fwp%2Fv2%2Fcomments&post=6261"}],"version-history":[{"count":4,"href":"https:\/\/cpl14.fr\/index.php?rest_route=\/wp\/v2\/pages\/6261\/revisions"}],"predecessor-version":[{"id":6360,"href":"https:\/\/cpl14.fr\/index.php?rest_route=\/wp\/v2\/pages\/6261\/revisions\/6360"}],"wp:attachment":[{"href":"https:\/\/cpl14.fr\/index.php?rest_route=%2Fwp%2Fv2%2Fmedia&parent=6261"}],"curies":[{"name":"wp","href":"https:\/\/api.w.org\/{rel}","templated":true}]}}