{"id":6280,"date":"2020-03-24T18:42:24","date_gmt":"2020-03-24T17:42:24","guid":{"rendered":"http:\/\/cpl14.fr\/?page_id=6280"},"modified":"2020-03-25T11:19:28","modified_gmt":"2020-03-25T10:19:28","slug":"marianne-de-muller-20f-bleu","status":"publish","type":"page","link":"https:\/\/cpl14.fr\/?page_id=6280","title":{"rendered":"Marianne de Muller 20F bleu"},"content":{"rendered":"<p>Ce timbre est \u00e9mis en 1957 (2e \u00e9mission). Il existe en feuilles de 100, carnets de 20 et roulettes.<\/p>\n<p><img loading=\"lazy\" decoding=\"async\" class=\"size-full wp-image-6453 aligncenter\" src=\"http:\/\/cpl14.fr\/wp-content\/uploads\/2020\/03\/1er-jour.jpg\" alt=\"\" width=\"800\" height=\"621\" srcset=\"https:\/\/cpl14.fr\/wp-content\/uploads\/2020\/03\/1er-jour.jpg 800w, https:\/\/cpl14.fr\/wp-content\/uploads\/2020\/03\/1er-jour-300x233.jpg 300w, https:\/\/cpl14.fr\/wp-content\/uploads\/2020\/03\/1er-jour-768x596.jpg 768w\" sizes=\"auto, (max-width: 800px) 100vw, 800px\" \/><\/p>\n<p style=\"text-align: center;\">1er jour du 20F Muller sur lettre recommand\u00e9e pour l&rsquo;Alg\u00e9rie<\/p>\n<p style=\"text-align: center;\">collection SetMC<\/p>\n<p>&nbsp;<\/p>\n<p>Les carnets de 20 existent avec 2 types, et les timbres (feuille, carnet type I et carnet type II) existent sur papier normal (jaun\u00e2tre aux UV) ou azur\u00e9 (blanc aux UV).<\/p>\n<h4>Type I (feuille, carnet, roulette):<\/h4>\n<p><img loading=\"lazy\" decoding=\"async\" class=\"size-full wp-image-6285 aligncenter\" src=\"http:\/\/cpl14.fr\/wp-content\/uploads\/2020\/03\/20F-TI.jpg\" alt=\"\" width=\"338\" height=\"243\" srcset=\"https:\/\/cpl14.fr\/wp-content\/uploads\/2020\/03\/20F-TI.jpg 338w, https:\/\/cpl14.fr\/wp-content\/uploads\/2020\/03\/20F-TI-300x216.jpg 300w\" sizes=\"auto, (max-width: 338px) 100vw, 338px\" \/><\/p>\n<p>le F de Franc est petit avec une barre m\u00e9diane plus courte et plus fine que la barre du haut.<\/p>\n<p>La queue du 2 est r\u00e9guli\u00e8re et remonte peu \u00e0 son extr\u00e9mit\u00e9.<\/p>\n<h4>Type II (uniquement carnet):<\/h4>\n<p><img loading=\"lazy\" decoding=\"async\" class=\"size-full wp-image-6284 aligncenter\" src=\"http:\/\/cpl14.fr\/wp-content\/uploads\/2020\/03\/20F-TII.jpg\" alt=\"\" width=\"356\" height=\"244\" srcset=\"https:\/\/cpl14.fr\/wp-content\/uploads\/2020\/03\/20F-TII.jpg 356w, https:\/\/cpl14.fr\/wp-content\/uploads\/2020\/03\/20F-TII-300x206.jpg 300w\" sizes=\"auto, (max-width: 356px) 100vw, 356px\" \/><\/p>\n<p>le F de Franc est plus grand avec une barre m\u00e9diane \u00e9quivalente \u00e0 la barre du haut.<\/p>\n<p>La queue du 2 va en s&rsquo;\u00e9vasant et remonte nettement \u00e0 son extr\u00e9mit\u00e9.<\/p>\n<p>&nbsp;<\/p>\n<p>collection B. Bonnet<\/p>\n<p style=\"text-align: right;\"><a href=\"http:\/\/cpl14.fr\/?page_id=6344\">retour au chapitre Muller<\/a><\/p>\n","protected":false},"excerpt":{"rendered":"<div class=\"mh-excerpt\"><p>Ce timbre est \u00e9mis en 1957 (2e \u00e9mission). Il existe en feuilles de 100, carnets de 20 et roulettes. 1er jour du 20F Muller sur <a class=\"mh-excerpt-more\" href=\"https:\/\/cpl14.fr\/?page_id=6280\" title=\"Marianne de Muller 20F bleu\">[&#8230;]<\/a><\/p>\n<\/div>","protected":false},"author":1,"featured_media":0,"parent":0,"menu_order":0,"comment_status":"closed","ping_status":"closed","template":"","meta":{"footnotes":""},"class_list":["post-6280","page","type-page","status-publish","hentry"],"_links":{"self":[{"href":"https:\/\/cpl14.fr\/index.php?rest_route=\/wp\/v2\/pages\/6280","targetHints":{"allow":["GET"]}}],"collection":[{"href":"https:\/\/cpl14.fr\/index.php?rest_route=\/wp\/v2\/pages"}],"about":[{"href":"https:\/\/cpl14.fr\/index.php?rest_route=\/wp\/v2\/types\/page"}],"author":[{"embeddable":true,"href":"https:\/\/cpl14.fr\/index.php?rest_route=\/wp\/v2\/users\/1"}],"replies":[{"embeddable":true,"href":"https:\/\/cpl14.fr\/index.php?rest_route=%2Fwp%2Fv2%2Fcomments&post=6280"}],"version-history":[{"count":8,"href":"https:\/\/cpl14.fr\/index.php?rest_route=\/wp\/v2\/pages\/6280\/revisions"}],"predecessor-version":[{"id":6467,"href":"https:\/\/cpl14.fr\/index.php?rest_route=\/wp\/v2\/pages\/6280\/revisions\/6467"}],"wp:attachment":[{"href":"https:\/\/cpl14.fr\/index.php?rest_route=%2Fwp%2Fv2%2Fmedia&parent=6280"}],"curies":[{"name":"wp","href":"https:\/\/api.w.org\/{rel}","templated":true}]}}