{"id":6291,"date":"2020-03-24T18:53:07","date_gmt":"2020-03-24T17:53:07","guid":{"rendered":"http:\/\/cpl14.fr\/?page_id=6291"},"modified":"2020-03-24T19:00:58","modified_gmt":"2020-03-24T18:00:58","slug":"introduction","status":"publish","type":"page","link":"https:\/\/cpl14.fr\/?page_id=6291","title":{"rendered":"Introduction:"},"content":{"rendered":"<p>Les d\u00e9finitions de ces 2 termes ont besoin d&rsquo;\u00eatre clarifi\u00e9es dans l&rsquo;esprit de nos membres, nous nous lan\u00e7ons donc:<\/p>\n<p>Le terme \u00ab\u00a0type\u00a0\u00bb est souvent employ\u00e9 \u00e0 tort et \u00e0 travers, aussi bien par les philat\u00e9listes que par les catalogues qui leur servent de r\u00e9f\u00e9rence&#8230;<\/p>\n<p>A l&rsquo;instar des naturalistes, le 1er terme que nous devrions utiliser est \u00ab\u00a0Genre\u00a0\u00bb \u00a0(du latin genus, <b>genre<\/b>, sorte, esp\u00e8ce, race, famille, origine) pour d\u00e9finir la famille d&rsquo;un timbre:<\/p>\n<p>exemple: le <strong>Genre<\/strong> Semeuse, le <strong>Genre<\/strong> Blanc, le <strong>Genre<\/strong> Merson&#8230;.etc<\/p>\n<p>Le terme <strong>Type<\/strong> doit \u00eatre r\u00e9serv\u00e9 \u00e0\u00a0diff\u00e9rencier le travail du graveur. En effet ce dernier ne r\u00e9alise qu&rsquo;un seul et unique poin\u00e7on pour chaque timbre, et c&rsquo;est ce poin\u00e7on original qui sert ensuite \u00e0 la confection du galvano-type qui ne sert jamais \u00e0 l&rsquo;impression, c&rsquo;est la feuille de r\u00e9f\u00e9rence.<\/p>\n<p>Ce galvano type (GT) sert ensuite \u00e0 la confection des galvanos de service (GS), qui seront mont\u00e9s sur les machines d&rsquo;impression.<\/p>\n<p>Vient ensuite le travail de l&rsquo;imprimeur, avec toutes ses contraintes techniques, et avec les modifications \u00e9ventuelles amen\u00e9es pour am\u00e9liorer le rendu de cette impression. C&rsquo;est \u00e0 ce moment qu&rsquo;apparaissent les <strong>Etats<\/strong>.<\/p>\n<p>Il y a un 4e terme \u00e0 utiliser: <strong>Vari\u00e9t\u00e9 Constante <\/strong>ou<strong> Vari\u00e9t\u00e9 de Case<\/strong>.<strong>\u00a0<\/strong>Ce terme d\u00e9signe une particularit\u00e9 apparaissant sur 1 timbre dans la feuille, toujours au m\u00eame emplacement sur toutes les\u00a0feuilles. Cette vari\u00e9t\u00e9 constante a plusieurs origines: un d\u00e9faut au moment du report du poin\u00e7on sur le galvano type (constante du GT), un d\u00e9faut au moment de la copie du GT pour obtenir les galvanos de service (constante du GS), une retouche du GT ou du GS par le graveur suite \u00e0 un accident d&rsquo;atelier.<\/p>\n<p>&nbsp;<\/p>\n<p style=\"text-align: right;\"><a href=\"http:\/\/cpl14.fr\/?p=1150\">Retour \u00e0 l&rsquo;article Types et Etats<\/a><\/p>\n<h3><\/h3>\n","protected":false},"excerpt":{"rendered":"<div class=\"mh-excerpt\"><p>Les d\u00e9finitions de ces 2 termes ont besoin d&rsquo;\u00eatre clarifi\u00e9es dans l&rsquo;esprit de nos membres, nous nous lan\u00e7ons donc: Le terme \u00ab\u00a0type\u00a0\u00bb est souvent employ\u00e9 <a class=\"mh-excerpt-more\" href=\"https:\/\/cpl14.fr\/?page_id=6291\" title=\"Introduction:\">[&#8230;]<\/a><\/p>\n<\/div>","protected":false},"author":1,"featured_media":0,"parent":0,"menu_order":0,"comment_status":"closed","ping_status":"closed","template":"","meta":{"footnotes":""},"class_list":["post-6291","page","type-page","status-publish","hentry"],"_links":{"self":[{"href":"https:\/\/cpl14.fr\/index.php?rest_route=\/wp\/v2\/pages\/6291","targetHints":{"allow":["GET"]}}],"collection":[{"href":"https:\/\/cpl14.fr\/index.php?rest_route=\/wp\/v2\/pages"}],"about":[{"href":"https:\/\/cpl14.fr\/index.php?rest_route=\/wp\/v2\/types\/page"}],"author":[{"embeddable":true,"href":"https:\/\/cpl14.fr\/index.php?rest_route=\/wp\/v2\/users\/1"}],"replies":[{"embeddable":true,"href":"https:\/\/cpl14.fr\/index.php?rest_route=%2Fwp%2Fv2%2Fcomments&post=6291"}],"version-history":[{"count":3,"href":"https:\/\/cpl14.fr\/index.php?rest_route=\/wp\/v2\/pages\/6291\/revisions"}],"predecessor-version":[{"id":6303,"href":"https:\/\/cpl14.fr\/index.php?rest_route=\/wp\/v2\/pages\/6291\/revisions\/6303"}],"wp:attachment":[{"href":"https:\/\/cpl14.fr\/index.php?rest_route=%2Fwp%2Fv2%2Fmedia&parent=6291"}],"curies":[{"name":"wp","href":"https:\/\/api.w.org\/{rel}","templated":true}]}}