{"id":6293,"date":"2020-03-24T18:54:39","date_gmt":"2020-03-24T17:54:39","guid":{"rendered":"http:\/\/cpl14.fr\/?page_id=6293"},"modified":"2020-04-20T07:21:30","modified_gmt":"2020-04-20T05:21:30","slug":"type-ou-etat","status":"publish","type":"page","link":"https:\/\/cpl14.fr\/?page_id=6293","title":{"rendered":"Type ou Etat:"},"content":{"rendered":"<h4>-Type:<\/h4>\n<p>Dans un genre donn\u00e9, le graveur peut \u00eatre amen\u00e9 \u00e0 modifier son poin\u00e7on d&rsquo;origine ou a graver un nouveau poin\u00e7on.<\/p>\n<p>Les raisons sont multiples: changement de valeur faciale, rendu de l&rsquo;impression ne plaisant pas \u00e0 un dignitaire de l&rsquo;\u00e9tat, casse du poin\u00e7on d&rsquo;origine (lors du report sur le galvano type), adaptation \u00e0 une nouvelle technique d&rsquo;impression&#8230;<\/p>\n<p>Chaque nouveau poin\u00e7on donnera naissance \u00e0 un nouveau type car m\u00eame le meilleur graveur est incapable de reproduire \u00e0 l&rsquo;identique son travail pr\u00e9c\u00e9dent.<\/p>\n<p>Pierre de Lizeray d\u00e9finit 5 cas pour les types (voir <a href=\"http:\/\/cpl14.fr\/?page_id=5735\">notre article \u00ab\u00a0Exposition Coloniale n\u00b0272\u00a0\u00bb<\/a> ):<\/p>\n<p>Cas 1: poin\u00e7on sans valeur faciale sur lequel on ajoute ult\u00e9rieurement la valeur sur un poin\u00e7on secondaire (exemple: semeuse 20c n\u00b0190 types III et V)<\/p>\n<p>Cas 2: d\u00e9faut de copie ou retouche sur un poin\u00e7on secondaire copi\u00e9 m\u00e9caniquement \u00e0 partir d&rsquo;un original (exemple: semeuse 10c n\u00b0138 types IA et IC, ou n\u00b0140 types III A, B et C)<\/p>\n<p>Cas 3: retouche directe du poin\u00e7on original (semeuse 10c n\u00b0159 types IA et IB)<\/p>\n<p>Cas 4: copie (ou retouche) du GT original en vue d&rsquo;obtenir un nouveau GT (exemple: semeuse 25c n\u00b0140 types IA et IB)<\/p>\n<p>Cas 5: retouche d&rsquo;un galvano de service, case par case (exemple: mercure 70c n\u00b0416 types I et II)<\/p>\n<p>&nbsp;<\/p>\n<h4>-Etat:<\/h4>\n<p>L&rsquo;apparition d&rsquo;un \u00e9tat peut avoir diff\u00e9rentes causes, mais se produit toujours au stade de l&rsquo;impression:<\/p>\n<h5><strong>-Les Coussinets: <\/strong><\/h5>\n<p>Lors de la \u00ab\u00a0mise en train\u00a0\u00bb pour l&rsquo;impression du timbre, l&rsquo;imprimeur est amen\u00e9 \u00e0\u00a0effectuer certains r\u00e9glages, et notamment la mise en place de \u00ab\u00a0coussinets\u00a0\u00bb, morceaux de papier plus ou moins \u00e9pais\u00a0plac\u00e9s entre l&rsquo;\u00e9l\u00e9ment de pression et la feuille \u00e0 imprimer pour faire ressortir certains d\u00e9tails. Ces coussinets peuvent \u00eatre en creux (d\u00e9coupe) ou en relief (hausse) suivant que l&rsquo;on souhaite \u00e9claircir ou foncer une zone.<\/p>\n<p>Voir \u00e0 ce sujet l&rsquo;excellent article du\u00a0<a href=\"http:\/\/blog-impressions-timbrees.blogspot.fr\/2013\/\">Blog de Papy24<\/a>\u00a0en octobre 2013.<\/p>\n<p><img loading=\"lazy\" decoding=\"async\" class=\"aligncenter size-full wp-image-1163\" src=\"http:\/\/cpl14.fr\/wp-content\/uploads\/2017\/06\/Coussinet.jpg\" alt=\"\" width=\"273\" height=\"320\" srcset=\"https:\/\/cpl14.fr\/wp-content\/uploads\/2017\/06\/Coussinet.jpg 273w, https:\/\/cpl14.fr\/wp-content\/uploads\/2017\/06\/Coussinet-256x300.jpg 256w\" sizes=\"auto, (max-width: 273px) 100vw, 273px\" \/><\/p>\n<p style=\"text-align: center;\">coussinet (image Papy24)<\/p>\n<p>Cette op\u00e9ration r\u00e9alis\u00e9e manuellement, et \u00e0 chaque mise en train, entra\u00eene des diff\u00e9rences d&rsquo;apparence suivant les tirages, sans aucun lien avec le travail du graveur.<\/p>\n<h5><strong>-L&rsquo;alt\u00e9ration d&rsquo;une case ou plusieurs cases d&rsquo;un galvano de service:<\/strong><\/h5>\n<p>Lors du report du poin\u00e7on sur le GT, ou de la copie du GT (ou de la molette en taille douce) pour obtenir les GS, il peut arriver des accidents sur la gravure. Cet accident va se reproduire et parfois s&rsquo;accentuer au fil des copies (exemple: Le Travail n\u00b0252).<\/p>\n<p>&nbsp;<\/p>\n<p style=\"text-align: right;\"><a href=\"http:\/\/cpl14.fr\/?p=1150\">Retour <\/a><a href=\"http:\/\/cpl14.fr\/?p=1150\">\u00e0 l&rsquo;article Types et Etats<\/a><\/p>\n<p>&nbsp;<\/p>\n","protected":false},"excerpt":{"rendered":"<div class=\"mh-excerpt\"><p>-Type: Dans un genre donn\u00e9, le graveur peut \u00eatre amen\u00e9 \u00e0 modifier son poin\u00e7on d&rsquo;origine ou a graver un nouveau poin\u00e7on. Les raisons sont multiples: <a class=\"mh-excerpt-more\" href=\"https:\/\/cpl14.fr\/?page_id=6293\" title=\"Type ou Etat:\">[&#8230;]<\/a><\/p>\n<\/div>","protected":false},"author":1,"featured_media":0,"parent":0,"menu_order":0,"comment_status":"closed","ping_status":"closed","template":"","meta":{"footnotes":""},"class_list":["post-6293","page","type-page","status-publish","hentry"],"_links":{"self":[{"href":"https:\/\/cpl14.fr\/index.php?rest_route=\/wp\/v2\/pages\/6293","targetHints":{"allow":["GET"]}}],"collection":[{"href":"https:\/\/cpl14.fr\/index.php?rest_route=\/wp\/v2\/pages"}],"about":[{"href":"https:\/\/cpl14.fr\/index.php?rest_route=\/wp\/v2\/types\/page"}],"author":[{"embeddable":true,"href":"https:\/\/cpl14.fr\/index.php?rest_route=\/wp\/v2\/users\/1"}],"replies":[{"embeddable":true,"href":"https:\/\/cpl14.fr\/index.php?rest_route=%2Fwp%2Fv2%2Fcomments&post=6293"}],"version-history":[{"count":6,"href":"https:\/\/cpl14.fr\/index.php?rest_route=\/wp\/v2\/pages\/6293\/revisions"}],"predecessor-version":[{"id":7092,"href":"https:\/\/cpl14.fr\/index.php?rest_route=\/wp\/v2\/pages\/6293\/revisions\/7092"}],"wp:attachment":[{"href":"https:\/\/cpl14.fr\/index.php?rest_route=%2Fwp%2Fv2%2Fmedia&parent=6293"}],"curies":[{"name":"wp","href":"https:\/\/api.w.org\/{rel}","templated":true}]}}