{"id":6344,"date":"2020-03-24T20:17:21","date_gmt":"2020-03-24T19:17:21","guid":{"rendered":"http:\/\/cpl14.fr\/?page_id=6344"},"modified":"2020-03-27T13:07:33","modified_gmt":"2020-03-27T12:07:33","slug":"les-marianne-de-muller","status":"publish","type":"page","link":"https:\/\/cpl14.fr\/?page_id=6344","title":{"rendered":"Les Marianne de Muller"},"content":{"rendered":"<p><img loading=\"lazy\" decoding=\"async\" class=\"size-full wp-image-6669 aligncenter\" src=\"http:\/\/cpl14.fr\/wp-content\/uploads\/2020\/03\/muller.jpg\" alt=\"\" width=\"900\" height=\"178\" srcset=\"https:\/\/cpl14.fr\/wp-content\/uploads\/2020\/03\/muller.jpg 900w, https:\/\/cpl14.fr\/wp-content\/uploads\/2020\/03\/muller-300x59.jpg 300w, https:\/\/cpl14.fr\/wp-content\/uploads\/2020\/03\/muller-768x152.jpg 768w\" sizes=\"auto, (max-width: 900px) 100vw, 900px\" \/><\/p>\n<p>Typographi\u00e9s, ces timbres ont \u00e9t\u00e9 \u00e9mis en feuilles, carnets et roulettes.<\/p>\n<p>L\u2019\u00e9mission de 1955 comprend 2 timbres \u00ab\u00a0sp\u00e9ciaux\u00a0\u00bb, le 6F rouge-orange <a href=\"http:\/\/cpl14.fr\/?page_id=6441\">(aller \u00e0 la page) <\/a>et\u00a0 le 12F vert-jaune <a href=\"http:\/\/cpl14.fr\/?page_id=6485\">(aller \u00e0 la page)<\/a>, et le 15F rose qui a \u00e9t\u00e9 \u00e9mis en feuilles de 100, carnets de 20 et roulettes (dents verticales massicot\u00e9es). Pas de types pour diff\u00e9rencier les 15F, mais les timbres de carnet existent avec bande publicitaire (dessus ou dessous), et avec bande \u00e0 3 barres sur le dessus (carnet priv\u00e9 Provins). Le 15F de feuille existe en papier normal et azur\u00e9 <a href=\"http:\/\/cpl14.fr\/?p=3421\">(aller \u00e0 l&rsquo;article sur les papiers azur\u00e9s)<\/a><\/p>\n<p>Il y aura ensuite 3 \u00e9missions dont chacune comporte des types ou des \u00e9tats:<\/p>\n<h4><a href=\"http:\/\/cpl14.fr\/?page_id=6350\">18F vert fonc\u00e9<\/a><\/h4>\n<h4><a href=\"http:\/\/cpl14.fr\/?page_id=6280\">20F bleu<\/a><\/h4>\n<h4><a href=\"http:\/\/cpl14.fr\/?page_id=6357\">25F rouge<\/a><\/h4>\n<p>&nbsp;<\/p>\n<p style=\"text-align: right;\"><a href=\"http:\/\/cpl14.fr\/?p=1150\">retour \u00e0 l&rsquo;article Types et Etats<\/a><\/p>\n","protected":false},"excerpt":{"rendered":"<div class=\"mh-excerpt\"><p>Typographi\u00e9s, ces timbres ont \u00e9t\u00e9 \u00e9mis en feuilles, carnets et roulettes. L\u2019\u00e9mission de 1955 comprend 2 timbres \u00ab\u00a0sp\u00e9ciaux\u00a0\u00bb, le 6F rouge-orange (aller \u00e0 la page) <a class=\"mh-excerpt-more\" href=\"https:\/\/cpl14.fr\/?page_id=6344\" title=\"Les Marianne de Muller\">[&#8230;]<\/a><\/p>\n<\/div>","protected":false},"author":1,"featured_media":0,"parent":0,"menu_order":0,"comment_status":"closed","ping_status":"closed","template":"","meta":{"footnotes":""},"class_list":["post-6344","page","type-page","status-publish","hentry"],"_links":{"self":[{"href":"https:\/\/cpl14.fr\/index.php?rest_route=\/wp\/v2\/pages\/6344","targetHints":{"allow":["GET"]}}],"collection":[{"href":"https:\/\/cpl14.fr\/index.php?rest_route=\/wp\/v2\/pages"}],"about":[{"href":"https:\/\/cpl14.fr\/index.php?rest_route=\/wp\/v2\/types\/page"}],"author":[{"embeddable":true,"href":"https:\/\/cpl14.fr\/index.php?rest_route=\/wp\/v2\/users\/1"}],"replies":[{"embeddable":true,"href":"https:\/\/cpl14.fr\/index.php?rest_route=%2Fwp%2Fv2%2Fcomments&post=6344"}],"version-history":[{"count":13,"href":"https:\/\/cpl14.fr\/index.php?rest_route=\/wp\/v2\/pages\/6344\/revisions"}],"predecessor-version":[{"id":6670,"href":"https:\/\/cpl14.fr\/index.php?rest_route=\/wp\/v2\/pages\/6344\/revisions\/6670"}],"wp:attachment":[{"href":"https:\/\/cpl14.fr\/index.php?rest_route=%2Fwp%2Fv2%2Fmedia&parent=6344"}],"curies":[{"name":"wp","href":"https:\/\/api.w.org\/{rel}","templated":true}]}}