{"id":6357,"date":"2020-03-24T20:49:34","date_gmt":"2020-03-24T19:49:34","guid":{"rendered":"http:\/\/cpl14.fr\/?page_id=6357"},"modified":"2020-03-25T11:19:53","modified_gmt":"2020-03-25T10:19:53","slug":"marianne-de-muller-25f-rouge","status":"publish","type":"page","link":"https:\/\/cpl14.fr\/?page_id=6357","title":{"rendered":"Marianne de Muller 25F rouge"},"content":{"rendered":"<p>Emis en 1959 (4e \u00e9mission),ce timbre existe en feuilles de 100, carnets de 8 ou de 20, et roulettes, et sur papier normal (jaun\u00e2tre aux UV) ou azur\u00e9 (blanc aux UV).<\/p>\n<p>C&rsquo;est le premier timbre depuis l&rsquo;\u00e9poque des Semeuses a \u00eatre vendu en carnet de moins de 20. Jusqu&rsquo;\u00e0 ce timbre, la distinction entre timbre de feuille et timbre de carnet n&rsquo;\u00e9tait pas possible \u00e0 moins d&rsquo;avoir une bande pub ou d&rsquo;\u00eatre d&rsquo;un type diff\u00e9rent. Mais \u00e0 partir de ce timbre, la confection des carnets par massicotage au ras des dents va permettre dans certains cas de les identifier.<\/p>\n<p style=\"text-align: left;\">1: timbre de feuille ou du carnet de 20, toutes les dents sont \u00e9gren\u00e9es manuellement<\/p>\n<p><img loading=\"lazy\" decoding=\"async\" class=\"size-full wp-image-6386 aligncenter\" src=\"http:\/\/cpl14.fr\/wp-content\/uploads\/2020\/03\/feuille.jpg\" alt=\"\" width=\"534\" height=\"228\" srcset=\"https:\/\/cpl14.fr\/wp-content\/uploads\/2020\/03\/feuille.jpg 534w, https:\/\/cpl14.fr\/wp-content\/uploads\/2020\/03\/feuille-300x128.jpg 300w\" sizes=\"auto, (max-width: 534px) 100vw, 534px\" \/><\/p>\n<p>Les timbres provenant du carnet de 20 sont toutefois identifiables en paire verticale avec les bandes \u00e0 barre:<\/p>\n<p><img loading=\"lazy\" decoding=\"async\" class=\"size-full wp-image-6390 aligncenter\" src=\"http:\/\/cpl14.fr\/wp-content\/uploads\/2020\/03\/carnet-20.jpg\" alt=\"\" width=\"126\" height=\"422\" srcset=\"https:\/\/cpl14.fr\/wp-content\/uploads\/2020\/03\/carnet-20.jpg 126w, https:\/\/cpl14.fr\/wp-content\/uploads\/2020\/03\/carnet-20-90x300.jpg 90w\" sizes=\"auto, (max-width: 126px) 100vw, 126px\" \/><\/p>\n<p>&nbsp;<\/p>\n<p>2: timbre du carnet de 8, les dents verticales sont massicot\u00e9es d&rsquo;un seul cot\u00e9 (\u00e0 gauche ou \u00e0 droite), car ils \u00e9taient vendus en bloc de 8 de 40mm x 75mm, soit 2 timbres par rang\u00e9e sur 4 timbres par colonne, avec bande en haut et en bas.\u00a0 Cette confection sp\u00e9ciale a n\u00e9cessit\u00e9 un galvano sp\u00e9cifique, les catalogues les identifient suivant un type diff\u00e9rent des timbres de feuille ou de carnet de 20, mais il n&rsquo;y a pas de diff\u00e9rence de poin\u00e7on, juste une tr\u00e8s l\u00e9g\u00e8re diff\u00e9rence d&rsquo;impression tr\u00e8s difficile \u00e0 identifier. C&rsquo;est donc un \u00e9tat plut\u00f4t qu&rsquo;un type.<\/p>\n<p><img loading=\"lazy\" decoding=\"async\" class=\"size-full wp-image-6387 aligncenter\" src=\"http:\/\/cpl14.fr\/wp-content\/uploads\/2020\/03\/carnet-8.jpg\" alt=\"\" width=\"555\" height=\"176\" srcset=\"https:\/\/cpl14.fr\/wp-content\/uploads\/2020\/03\/carnet-8.jpg 555w, https:\/\/cpl14.fr\/wp-content\/uploads\/2020\/03\/carnet-8-300x95.jpg 300w\" sizes=\"auto, (max-width: 555px) 100vw, 555px\" \/><\/p>\n<p>&nbsp;<\/p>\n<p>3: timbre de roulette, les dents verticales sont massicot\u00e9es des 2 cot\u00e9s. Et comme il y avait des distributeurs de timbre dans les bureaux de poste, on peut aussi avoir les dents horizontales massicot\u00e9es (ici en haut)<\/p>\n<p><img loading=\"lazy\" decoding=\"async\" class=\"size-full wp-image-6388 aligncenter\" src=\"http:\/\/cpl14.fr\/wp-content\/uploads\/2020\/03\/roulette.jpg\" alt=\"\" width=\"524\" height=\"248\" srcset=\"https:\/\/cpl14.fr\/wp-content\/uploads\/2020\/03\/roulette.jpg 524w, https:\/\/cpl14.fr\/wp-content\/uploads\/2020\/03\/roulette-300x142.jpg 300w\" sizes=\"auto, (max-width: 524px) 100vw, 524px\" \/><\/p>\n<p>&nbsp;<\/p>\n<p>collection B. Bonnet<\/p>\n<p style=\"text-align: right;\"><a href=\"http:\/\/cpl14.fr\/?page_id=6344\">retour au chapitre Muller<\/a><\/p>\n","protected":false},"excerpt":{"rendered":"<div class=\"mh-excerpt\"><p>Emis en 1959 (4e \u00e9mission),ce timbre existe en feuilles de 100, carnets de 8 ou de 20, et roulettes, et sur papier normal (jaun\u00e2tre aux <a class=\"mh-excerpt-more\" href=\"https:\/\/cpl14.fr\/?page_id=6357\" title=\"Marianne de Muller 25F rouge\">[&#8230;]<\/a><\/p>\n<\/div>","protected":false},"author":1,"featured_media":0,"parent":0,"menu_order":0,"comment_status":"closed","ping_status":"closed","template":"","meta":{"footnotes":""},"class_list":["post-6357","page","type-page","status-publish","hentry"],"_links":{"self":[{"href":"https:\/\/cpl14.fr\/index.php?rest_route=\/wp\/v2\/pages\/6357","targetHints":{"allow":["GET"]}}],"collection":[{"href":"https:\/\/cpl14.fr\/index.php?rest_route=\/wp\/v2\/pages"}],"about":[{"href":"https:\/\/cpl14.fr\/index.php?rest_route=\/wp\/v2\/types\/page"}],"author":[{"embeddable":true,"href":"https:\/\/cpl14.fr\/index.php?rest_route=\/wp\/v2\/users\/1"}],"replies":[{"embeddable":true,"href":"https:\/\/cpl14.fr\/index.php?rest_route=%2Fwp%2Fv2%2Fcomments&post=6357"}],"version-history":[{"count":5,"href":"https:\/\/cpl14.fr\/index.php?rest_route=\/wp\/v2\/pages\/6357\/revisions"}],"predecessor-version":[{"id":6468,"href":"https:\/\/cpl14.fr\/index.php?rest_route=\/wp\/v2\/pages\/6357\/revisions\/6468"}],"wp:attachment":[{"href":"https:\/\/cpl14.fr\/index.php?rest_route=%2Fwp%2Fv2%2Fmedia&parent=6357"}],"curies":[{"name":"wp","href":"https:\/\/api.w.org\/{rel}","templated":true}]}}