{"id":6393,"date":"2020-03-25T07:14:38","date_gmt":"2020-03-25T06:14:38","guid":{"rendered":"http:\/\/cpl14.fr\/?page_id=6393"},"modified":"2022-07-05T07:48:53","modified_gmt":"2022-07-05T05:48:53","slug":"marianne-a-la-nef","status":"publish","type":"page","link":"https:\/\/cpl14.fr\/?page_id=6393","title":{"rendered":"Marianne \u00e0 la nef"},"content":{"rendered":"<p><img loading=\"lazy\" decoding=\"async\" class=\"size-full wp-image-6673 aligncenter\" src=\"http:\/\/cpl14.fr\/wp-content\/uploads\/2020\/03\/1234.jpg\" alt=\"\" width=\"300\" height=\"367\" srcset=\"https:\/\/cpl14.fr\/wp-content\/uploads\/2020\/03\/1234.jpg 300w, https:\/\/cpl14.fr\/wp-content\/uploads\/2020\/03\/1234-245x300.jpg 245w\" sizes=\"auto, (max-width: 300px) 100vw, 300px\" \/><\/p>\n<p>Elle est \u00e9mise le 2 janvier 1960, avec la Semeuse de Piel 0,20f, les blasons de Lille 0,05f et Alger 0,15f, et la Moissonneuse 0,10f, elle inaugure les nouveau francs.<\/p>\n<p>La Marianne \u00e0 la nef 0,25f est \u00e9mise en feuilles de 100, carnet de 8, carnet de 20 et roulette. Comme pour la Semeuse de Piel, il n&rsquo;y a qu&rsquo;un type et 2 \u00e9tats d&rsquo;impression. Elle existe sur papier normal (jaun\u00e2tre aux UV) et azur\u00e9 (blanc aux UV).<\/p>\n<p>1: feuille et carnet de 20, toutes les dents sont \u00e9gren\u00e9es manuellement<\/p>\n<p><img loading=\"lazy\" decoding=\"async\" class=\"size-full wp-image-6395 aligncenter\" src=\"http:\/\/cpl14.fr\/wp-content\/uploads\/2020\/03\/feuille-1.jpg\" alt=\"\" width=\"549\" height=\"190\" srcset=\"https:\/\/cpl14.fr\/wp-content\/uploads\/2020\/03\/feuille-1.jpg 549w, https:\/\/cpl14.fr\/wp-content\/uploads\/2020\/03\/feuille-1-300x104.jpg 300w\" sizes=\"auto, (max-width: 549px) 100vw, 549px\" \/><\/p>\n<p>le carnet de 20 poss\u00e8de des bandes \u00e0 barres au dessus et en dessous<\/p>\n<p><img loading=\"lazy\" decoding=\"async\" class=\"size-full wp-image-6396 aligncenter\" src=\"http:\/\/cpl14.fr\/wp-content\/uploads\/2020\/03\/carnet-20-1.jpg\" alt=\"\" width=\"534\" height=\"234\" srcset=\"https:\/\/cpl14.fr\/wp-content\/uploads\/2020\/03\/carnet-20-1.jpg 534w, https:\/\/cpl14.fr\/wp-content\/uploads\/2020\/03\/carnet-20-1-300x131.jpg 300w\" sizes=\"auto, (max-width: 534px) 100vw, 534px\" \/><\/p>\n<p><img loading=\"lazy\" decoding=\"async\" class=\" wp-image-8301 aligncenter\" src=\"http:\/\/cpl14.fr\/wp-content\/uploads\/2022\/07\/2.jpg\" alt=\"\" width=\"477\" height=\"362\" srcset=\"https:\/\/cpl14.fr\/wp-content\/uploads\/2022\/07\/2.jpg 595w, https:\/\/cpl14.fr\/wp-content\/uploads\/2022\/07\/2-300x228.jpg 300w, https:\/\/cpl14.fr\/wp-content\/uploads\/2022\/07\/2-80x60.jpg 80w\" sizes=\"auto, (max-width: 477px) 100vw, 477px\" \/><\/p>\n<p>&nbsp;<\/p>\n<p>2: carnet de 8, les dents verticales sont massicot\u00e9es d\u2019un seul cot\u00e9 (\u00e0 gauche ou \u00e0 droite, car le carnet est compos\u00e9 de 2 timbres sur 4 rangs de hauteur)<\/p>\n<p><img loading=\"lazy\" decoding=\"async\" class=\"size-full wp-image-6397 aligncenter\" src=\"http:\/\/cpl14.fr\/wp-content\/uploads\/2020\/03\/carnet-8-1.jpg\" alt=\"\" width=\"580\" height=\"228\" srcset=\"https:\/\/cpl14.fr\/wp-content\/uploads\/2020\/03\/carnet-8-1.jpg 580w, https:\/\/cpl14.fr\/wp-content\/uploads\/2020\/03\/carnet-8-1-300x118.jpg 300w\" sizes=\"auto, (max-width: 580px) 100vw, 580px\" \/><\/p>\n<p><img loading=\"lazy\" decoding=\"async\" class=\" wp-image-8302 aligncenter\" src=\"http:\/\/cpl14.fr\/wp-content\/uploads\/2022\/07\/001.jpg\" alt=\"\" width=\"399\" height=\"588\" srcset=\"https:\/\/cpl14.fr\/wp-content\/uploads\/2022\/07\/001.jpg 490w, https:\/\/cpl14.fr\/wp-content\/uploads\/2022\/07\/001-204x300.jpg 204w\" sizes=\"auto, (max-width: 399px) 100vw, 399px\" \/><\/p>\n<p>&nbsp;<\/p>\n<p>3 : roulette, les dents sont massicot\u00e9es \u00e0 gauche et \u00e0 droite<\/p>\n<p>comme le timbre est vendu en distributeurs dans les bureaux de poste, il existe des paires verticales avec les dents massicot\u00e9es en haut sur le timbre du haut et en bas sur le timbre du bas<\/p>\n<p><img loading=\"lazy\" decoding=\"async\" class=\" wp-image-8303 aligncenter\" src=\"http:\/\/cpl14.fr\/wp-content\/uploads\/2022\/07\/3.jpg\" alt=\"\" width=\"203\" height=\"485\" srcset=\"https:\/\/cpl14.fr\/wp-content\/uploads\/2022\/07\/3.jpg 244w, https:\/\/cpl14.fr\/wp-content\/uploads\/2022\/07\/3-126x300.jpg 126w\" sizes=\"auto, (max-width: 203px) 100vw, 203px\" \/><\/p>\n<p>&nbsp;<\/p>\n<p>collection B. Bonnet<\/p>\n<p>&nbsp;<\/p>\n<p style=\"text-align: right;\"><a href=\"http:\/\/cpl14.fr\/?p=1150\">retour \u00e0 l&rsquo;article Types et Etats<\/a><\/p>\n","protected":false},"excerpt":{"rendered":"<div class=\"mh-excerpt\"><p>Elle est \u00e9mise le 2 janvier 1960, avec la Semeuse de Piel 0,20f, les blasons de Lille 0,05f et Alger 0,15f, et la Moissonneuse 0,10f, <a class=\"mh-excerpt-more\" href=\"https:\/\/cpl14.fr\/?page_id=6393\" title=\"Marianne \u00e0 la nef\">[&#8230;]<\/a><\/p>\n<\/div>","protected":false},"author":1,"featured_media":0,"parent":0,"menu_order":0,"comment_status":"closed","ping_status":"closed","template":"","meta":{"footnotes":""},"class_list":["post-6393","page","type-page","status-publish","hentry"],"_links":{"self":[{"href":"https:\/\/cpl14.fr\/index.php?rest_route=\/wp\/v2\/pages\/6393","targetHints":{"allow":["GET"]}}],"collection":[{"href":"https:\/\/cpl14.fr\/index.php?rest_route=\/wp\/v2\/pages"}],"about":[{"href":"https:\/\/cpl14.fr\/index.php?rest_route=\/wp\/v2\/types\/page"}],"author":[{"embeddable":true,"href":"https:\/\/cpl14.fr\/index.php?rest_route=\/wp\/v2\/users\/1"}],"replies":[{"embeddable":true,"href":"https:\/\/cpl14.fr\/index.php?rest_route=%2Fwp%2Fv2%2Fcomments&post=6393"}],"version-history":[{"count":7,"href":"https:\/\/cpl14.fr\/index.php?rest_route=\/wp\/v2\/pages\/6393\/revisions"}],"predecessor-version":[{"id":8304,"href":"https:\/\/cpl14.fr\/index.php?rest_route=\/wp\/v2\/pages\/6393\/revisions\/8304"}],"wp:attachment":[{"href":"https:\/\/cpl14.fr\/index.php?rest_route=%2Fwp%2Fv2%2Fmedia&parent=6393"}],"curies":[{"name":"wp","href":"https:\/\/api.w.org\/{rel}","templated":true}]}}