{"id":6401,"date":"2020-03-25T07:17:15","date_gmt":"2020-03-25T06:17:15","guid":{"rendered":"http:\/\/cpl14.fr\/?page_id=6401"},"modified":"2020-03-27T13:09:06","modified_gmt":"2020-03-27T12:09:06","slug":"semeuse-de-piel-020f","status":"publish","type":"page","link":"https:\/\/cpl14.fr\/?page_id=6401","title":{"rendered":"Semeuse de Piel 0,20f"},"content":{"rendered":"<p><img loading=\"lazy\" decoding=\"async\" class=\"size-full wp-image-6671 aligncenter\" src=\"http:\/\/cpl14.fr\/wp-content\/uploads\/2020\/03\/semeuse-1233.jpg\" alt=\"\" width=\"300\" height=\"350\" srcset=\"https:\/\/cpl14.fr\/wp-content\/uploads\/2020\/03\/semeuse-1233.jpg 300w, https:\/\/cpl14.fr\/wp-content\/uploads\/2020\/03\/semeuse-1233-257x300.jpg 257w\" sizes=\"auto, (max-width: 300px) 100vw, 300px\" \/><\/p>\n<p>Elle est \u00e9mise le 2 janvier 1960, avec les blasons de Lille 0,05f, Alger 0,15f, ,la Moissonneuse 0,10f , et la Marianne \u00e0 la nef 0,25f, elle inaugure les nouveau francs.<\/p>\n<p>La Semeuse de Piel est \u00e9mise en feuilles de 100 et roulette. Et comme pour elle, il n\u2019y a qu\u2019un type et 2 \u00e9tats d\u2019impression. Elle existe sur papier normal et papier azur\u00e9.<\/p>\n<p>Les catalogues d\u00e9finissent 2 types, mais l\u00e0 encore, il s&rsquo;agit de 2 \u00e9tats.<\/p>\n<h4>L&rsquo;\u00e9tat 1 correspond aux timbres de feuille:<\/h4>\n<p>pr\u00e9sence d&rsquo;un point entre 0 et 2 de la valeur faciale<\/p>\n<p><img loading=\"lazy\" decoding=\"async\" class=\"size-full wp-image-6409 aligncenter\" src=\"http:\/\/cpl14.fr\/wp-content\/uploads\/2020\/03\/TI.jpg\" alt=\"\" width=\"411\" height=\"421\" srcset=\"https:\/\/cpl14.fr\/wp-content\/uploads\/2020\/03\/TI.jpg 411w, https:\/\/cpl14.fr\/wp-content\/uploads\/2020\/03\/TI-293x300.jpg 293w\" sizes=\"auto, (max-width: 411px) 100vw, 411px\" \/><\/p>\n<p>mais cette particularit\u00e9 n&rsquo;est pas constante! sur le timbre ci-dessous, pas de point, et les dents ne sont pas massicot\u00e9es:<\/p>\n<p><img loading=\"lazy\" decoding=\"async\" class=\"size-full wp-image-6410 aligncenter\" src=\"http:\/\/cpl14.fr\/wp-content\/uploads\/2020\/03\/TIa.jpg\" alt=\"\" width=\"452\" height=\"421\" srcset=\"https:\/\/cpl14.fr\/wp-content\/uploads\/2020\/03\/TIa.jpg 452w, https:\/\/cpl14.fr\/wp-content\/uploads\/2020\/03\/TIa-300x279.jpg 300w\" sizes=\"auto, (max-width: 452px) 100vw, 452px\" \/><\/p>\n<p>&nbsp;<\/p>\n<h4>L&rsquo;\u00e9tat 2 correspond aux timbres de roulette:<\/h4>\n<p>absence du point entre 0 et 2,<\/p>\n<p><img loading=\"lazy\" decoding=\"async\" class=\"size-full wp-image-6408 aligncenter\" src=\"http:\/\/cpl14.fr\/wp-content\/uploads\/2020\/03\/TII.jpg\" alt=\"\" width=\"586\" height=\"418\" srcset=\"https:\/\/cpl14.fr\/wp-content\/uploads\/2020\/03\/TII.jpg 586w, https:\/\/cpl14.fr\/wp-content\/uploads\/2020\/03\/TII-300x214.jpg 300w\" sizes=\"auto, (max-width: 586px) 100vw, 586px\" \/><\/p>\n<p>mais surtout dents verticales massicot\u00e9es des 2 c\u00f4t\u00e9s<\/p>\n<p><img loading=\"lazy\" decoding=\"async\" class=\"size-full wp-image-6407 aligncenter\" src=\"http:\/\/cpl14.fr\/wp-content\/uploads\/2020\/03\/roulette-1.jpg\" alt=\"\" width=\"555\" height=\"180\" srcset=\"https:\/\/cpl14.fr\/wp-content\/uploads\/2020\/03\/roulette-1.jpg 555w, https:\/\/cpl14.fr\/wp-content\/uploads\/2020\/03\/roulette-1-300x97.jpg 300w\" sizes=\"auto, (max-width: 555px) 100vw, 555px\" \/><\/p>\n<p>&nbsp;<\/p>\n<p>collection B. Bonnet<\/p>\n<p style=\"text-align: right;\"><a href=\"http:\/\/cpl14.fr\/?p=1150\">retour \u00e0 l&rsquo;article Types et Etats<\/a><\/p>\n","protected":false},"excerpt":{"rendered":"<div class=\"mh-excerpt\"><p>Elle est \u00e9mise le 2 janvier 1960, avec les blasons de Lille 0,05f, Alger 0,15f, ,la Moissonneuse 0,10f , et la Marianne \u00e0 la nef <a class=\"mh-excerpt-more\" href=\"https:\/\/cpl14.fr\/?page_id=6401\" title=\"Semeuse de Piel 0,20f\">[&#8230;]<\/a><\/p>\n<\/div>","protected":false},"author":1,"featured_media":0,"parent":0,"menu_order":0,"comment_status":"closed","ping_status":"closed","template":"","meta":{"footnotes":""},"class_list":["post-6401","page","type-page","status-publish","hentry"],"_links":{"self":[{"href":"https:\/\/cpl14.fr\/index.php?rest_route=\/wp\/v2\/pages\/6401","targetHints":{"allow":["GET"]}}],"collection":[{"href":"https:\/\/cpl14.fr\/index.php?rest_route=\/wp\/v2\/pages"}],"about":[{"href":"https:\/\/cpl14.fr\/index.php?rest_route=\/wp\/v2\/types\/page"}],"author":[{"embeddable":true,"href":"https:\/\/cpl14.fr\/index.php?rest_route=\/wp\/v2\/users\/1"}],"replies":[{"embeddable":true,"href":"https:\/\/cpl14.fr\/index.php?rest_route=%2Fwp%2Fv2%2Fcomments&post=6401"}],"version-history":[{"count":6,"href":"https:\/\/cpl14.fr\/index.php?rest_route=\/wp\/v2\/pages\/6401\/revisions"}],"predecessor-version":[{"id":6672,"href":"https:\/\/cpl14.fr\/index.php?rest_route=\/wp\/v2\/pages\/6401\/revisions\/6672"}],"wp:attachment":[{"href":"https:\/\/cpl14.fr\/index.php?rest_route=%2Fwp%2Fv2%2Fmedia&parent=6401"}],"curies":[{"name":"wp","href":"https:\/\/api.w.org\/{rel}","templated":true}]}}