{"id":6412,"date":"2020-03-25T07:57:24","date_gmt":"2020-03-25T06:57:24","guid":{"rendered":"http:\/\/cpl14.fr\/?page_id=6412"},"modified":"2020-03-27T13:12:31","modified_gmt":"2020-03-27T12:12:31","slug":"marianne-de-decaris","status":"publish","type":"page","link":"https:\/\/cpl14.fr\/?page_id=6412","title":{"rendered":"Marianne de Decaris"},"content":{"rendered":"<p><img loading=\"lazy\" decoding=\"async\" class=\"size-full wp-image-6675 aligncenter\" src=\"http:\/\/cpl14.fr\/wp-content\/uploads\/2020\/03\/marianne-de-decaris-1263.jpg\" alt=\"\" width=\"300\" height=\"353\" srcset=\"https:\/\/cpl14.fr\/wp-content\/uploads\/2020\/03\/marianne-de-decaris-1263.jpg 300w, https:\/\/cpl14.fr\/wp-content\/uploads\/2020\/03\/marianne-de-decaris-1263-255x300.jpg 255w\" sizes=\"auto, (max-width: 300px) 100vw, 300px\" \/><\/p>\n<p>Emise en juin 1960, cette nouvelle Marianne pr\u00e9sente les m\u00eames particularit\u00e9s que la Marianne de Muller 25F, la Semeuse de Piel et la Marianne \u00e0 la nef 0,25f.<\/p>\n<p>Emission en feuille de 100, carnet de 8 et carnet de 20, et roulette, impression sur papier normal et papier azur\u00e9.<\/p>\n<p>2 \u00e9tats (et non des types, comme indiqu\u00e9 dans les catalogues)<\/p>\n<h4>Etat 1, des feuilles, carnets de 20 et roulette<\/h4>\n<p>la distinction des \u00e9tats 1 et 2 par le trait du menton comme indiqu\u00e9 dans les catalogues est tr\u00e8s al\u00e9atoire&#8230; cela d\u00e9pend uniquement du r\u00e9glage des coussinets<\/p>\n<p><img loading=\"lazy\" decoding=\"async\" class=\"size-full wp-image-6422 aligncenter\" src=\"http:\/\/cpl14.fr\/wp-content\/uploads\/2020\/03\/ti-et-ii.jpg\" alt=\"\" width=\"792\" height=\"264\" srcset=\"https:\/\/cpl14.fr\/wp-content\/uploads\/2020\/03\/ti-et-ii.jpg 792w, https:\/\/cpl14.fr\/wp-content\/uploads\/2020\/03\/ti-et-ii-300x100.jpg 300w, https:\/\/cpl14.fr\/wp-content\/uploads\/2020\/03\/ti-et-ii-768x256.jpg 768w\" sizes=\"auto, (max-width: 792px) 100vw, 792px\" \/><\/p>\n<p style=\"text-align: center;\">Etat I\u00a0\u00a0\u00a0\u00a0\u00a0\u00a0\u00a0\u00a0\u00a0\u00a0\u00a0\u00a0\u00a0\u00a0\u00a0\u00a0\u00a0\u00a0\u00a0\u00a0\u00a0\u00a0\u00a0\u00a0\u00a0\u00a0\u00a0\u00a0\u00a0\u00a0\u00a0\u00a0\u00a0\u00a0\u00a0\u00a0\u00a0\u00a0\u00a0\u00a0\u00a0\u00a0\u00a0\u00a0\u00a0\u00a0\u00a0\u00a0\u00a0\u00a0\u00a0\u00a0\u00a0\u00a0\u00a0\u00a0\u00a0\u00a0\u00a0\u00a0\u00a0\u00a0\u00a0\u00a0\u00a0\u00a0\u00a0\u00a0\u00a0\u00a0\u00a0\u00a0\u00a0\u00a0\u00a0\u00a0\u00a0\u00a0\u00a0\u00a0\u00a0\u00a0\u00a0\u00a0\u00a0\u00a0\u00a0\u00a0\u00a0\u00a0\u00a0\u00a0\u00a0\u00a0\u00a0\u00a0\u00a0\u00a0\u00a0\u00a0\u00a0\u00a0\u00a0\u00a0\u00a0\u00a0\u00a0 Etat 2<\/p>\n<p>&nbsp;<\/p>\n<p>le carnet de 20 poss\u00e8de des bandes \u00e0 barres (en haut ou en bas)<\/p>\n<p><img loading=\"lazy\" decoding=\"async\" class=\"size-full wp-image-6417 aligncenter\" src=\"http:\/\/cpl14.fr\/wp-content\/uploads\/2020\/03\/carnet-20-TI.jpg\" alt=\"\" width=\"552\" height=\"208\" srcset=\"https:\/\/cpl14.fr\/wp-content\/uploads\/2020\/03\/carnet-20-TI.jpg 552w, https:\/\/cpl14.fr\/wp-content\/uploads\/2020\/03\/carnet-20-TI-300x113.jpg 300w\" sizes=\"auto, (max-width: 552px) 100vw, 552px\" \/><\/p>\n<p>&nbsp;<\/p>\n<p>la roulette a les dents verticales massicot\u00e9es des 2 c\u00f4t\u00e9s:<\/p>\n<p><img loading=\"lazy\" decoding=\"async\" class=\"size-full wp-image-6418 aligncenter\" src=\"http:\/\/cpl14.fr\/wp-content\/uploads\/2020\/03\/roulette-2.jpg\" alt=\"\" width=\"500\" height=\"173\" srcset=\"https:\/\/cpl14.fr\/wp-content\/uploads\/2020\/03\/roulette-2.jpg 500w, https:\/\/cpl14.fr\/wp-content\/uploads\/2020\/03\/roulette-2-300x104.jpg 300w\" sizes=\"auto, (max-width: 500px) 100vw, 500px\" \/><\/p>\n<p>&nbsp;<\/p>\n<h4>Etat 2, des carnets de 8<\/h4>\n<p>les dents verticales sont massicot\u00e9es d&rsquo;un seul c\u00f4t\u00e9,\u00a0 \u00e0 droite ou \u00e0 gauche<\/p>\n<p><img loading=\"lazy\" decoding=\"async\" class=\"size-full wp-image-6419 aligncenter\" src=\"http:\/\/cpl14.fr\/wp-content\/uploads\/2020\/03\/carnet-8-TII.jpg\" alt=\"\" width=\"507\" height=\"176\" srcset=\"https:\/\/cpl14.fr\/wp-content\/uploads\/2020\/03\/carnet-8-TII.jpg 507w, https:\/\/cpl14.fr\/wp-content\/uploads\/2020\/03\/carnet-8-TII-300x104.jpg 300w\" sizes=\"auto, (max-width: 507px) 100vw, 507px\" \/><\/p>\n<p>et lorsqu&rsquo;il s&rsquo;agit des timbres du haut du carnet, le massicotage des dents du haut est \u00e9galement possible comme ci-dessus.<\/p>\n<p>&nbsp;<\/p>\n<p>collection B. Bonnet<\/p>\n<p style=\"text-align: right;\"><a href=\"http:\/\/cpl14.fr\/?p=1150\">retour \u00e0 l&rsquo;article Types et Etats<\/a><\/p>\n","protected":false},"excerpt":{"rendered":"<div class=\"mh-excerpt\"><p>Emise en juin 1960, cette nouvelle Marianne pr\u00e9sente les m\u00eames particularit\u00e9s que la Marianne de Muller 25F, la Semeuse de Piel et la Marianne \u00e0 <a class=\"mh-excerpt-more\" href=\"https:\/\/cpl14.fr\/?page_id=6412\" title=\"Marianne de Decaris\">[&#8230;]<\/a><\/p>\n<\/div>","protected":false},"author":1,"featured_media":0,"parent":0,"menu_order":0,"comment_status":"closed","ping_status":"closed","template":"","meta":{"footnotes":""},"class_list":["post-6412","page","type-page","status-publish","hentry"],"_links":{"self":[{"href":"https:\/\/cpl14.fr\/index.php?rest_route=\/wp\/v2\/pages\/6412","targetHints":{"allow":["GET"]}}],"collection":[{"href":"https:\/\/cpl14.fr\/index.php?rest_route=\/wp\/v2\/pages"}],"about":[{"href":"https:\/\/cpl14.fr\/index.php?rest_route=\/wp\/v2\/types\/page"}],"author":[{"embeddable":true,"href":"https:\/\/cpl14.fr\/index.php?rest_route=\/wp\/v2\/users\/1"}],"replies":[{"embeddable":true,"href":"https:\/\/cpl14.fr\/index.php?rest_route=%2Fwp%2Fv2%2Fcomments&post=6412"}],"version-history":[{"count":8,"href":"https:\/\/cpl14.fr\/index.php?rest_route=\/wp\/v2\/pages\/6412\/revisions"}],"predecessor-version":[{"id":6676,"href":"https:\/\/cpl14.fr\/index.php?rest_route=\/wp\/v2\/pages\/6412\/revisions\/6676"}],"wp:attachment":[{"href":"https:\/\/cpl14.fr\/index.php?rest_route=%2Fwp%2Fv2%2Fmedia&parent=6412"}],"curies":[{"name":"wp","href":"https:\/\/api.w.org\/{rel}","templated":true}]}}